{"id":1998,"date":"2021-09-24T17:15:54","date_gmt":"2021-09-24T17:15:54","guid":{"rendered":"http:\/\/www.rula.disabilityrightsca.org\/es\/?page_id=1998"},"modified":"2023-12-05T00:01:59","modified_gmt":"2023-12-05T00:01:59","slug":"5-14-que-debo-saber-para-ser-un-buen-defensor","status":"publish","type":"page","link":"https:\/\/rula.disabilityrightsca.org\/es\/rula-book\/capitulo-5-defenderse-a-si-mismo\/5-14-que-debo-saber-para-ser-un-buen-defensor\/","title":{"rendered":"(5.14) \u00bfQu\u00e9 debo saber para ser un buen defensor?"},"content":{"rendered":"\n<p><strong>Recopile los hechos.<\/strong>\u00a0Piense en lo que le gustar\u00eda saber sobre la situaci\u00f3n si se enterara de ella por primera vez.\u00a0Mire todos los documentos sobre la situaci\u00f3n en su expediente en la agencia o el centro regional. Puede revisar su propio archivo en cualquier agencia y hacer copias. Por ley, no puede costar m\u00e1s de 10 centavos por p\u00e1gina copiar sus documentos a menos que una ley diferente establezca una cantidad diferente. <span class=\"footnote_referrer\"><a role=\"button\" tabindex=\"0\" onclick=\"footnote_moveToReference_1998_1('footnote_plugin_reference_1998_1_1');\" onkeypress=\"footnote_moveToReference_1998_1('footnote_plugin_reference_1998_1_1');\" ><sup id=\"footnote_plugin_tooltip_1998_1_1\" class=\"footnote_plugin_tooltip_text\">[1]<\/sup><\/a><span id=\"footnote_plugin_tooltip_text_1998_1_1\" class=\"footnote_tooltip\">Secci\u00f3n 1798.33 del C\u00f3digo Civil de California<\/span><\/span><script type=\"text\/javascript\"> jQuery('#footnote_plugin_tooltip_1998_1_1').tooltip({ tip: '#footnote_plugin_tooltip_text_1998_1_1', tipClass: 'footnote_tooltip', effect: 'fade', predelay: 0, fadeInSpeed: 200, delay: 400, fadeOutSpeed: 200, position: 'top center', relative: true, offset: [-7, 0], });<\/script><sup> <\/sup>No tiene que pagar por el tiempo que lleva hacer las copias.\u00a0Guarde una copia en su archivo personal de cada documento que el centro regional (o cualquier otra agencia) tenga en su archivo para usted.<\/p>\n\n\n\n<p><strong>Lleve un diario.<\/strong>&nbsp;Si tiene una reuni\u00f3n o una llamada telef\u00f3nica, escriba todo lo que dijeron las personas. Anote qui\u00e9n estuvo en la reuni\u00f3n y qui\u00e9n dijo qu\u00e9. Le ayudar\u00e1 a recordar m\u00e1s tarde lo que sucedi\u00f3. Mantenga todos los documentos sobre la situaci\u00f3n juntos en su archivo.<\/p>\n\n\n\n<p><strong>Si no comprende, haga preguntas.<\/strong>&nbsp;Tiene derecho a obtener informaci\u00f3n de todas las agencias de una manera que pueda comprender y en un idioma que comprenda. Si no entiende lo que alguien le dice, p\u00eddale que se lo explique. Haga todas las preguntas que necesite para comprender.<\/p>\n\n\n\n<p><strong>Sea un buen oyente.<\/strong>&nbsp;Despu\u00e9s de solicitar un servicio o hacer una pregunta, escuche su respuesta y escriba lo que dicen. Preg\u00fantese si la respuesta responde a la pregunta que hizo. Si no es as\u00ed, haga una nueva pregunta.&nbsp;No pase a discutir algo nuevo hasta que comprenda lo que dijeron sobre la solicitud o situaci\u00f3n que acaba de discutir. &nbsp;<\/p>\n\n\n\n<p><strong>Aseg\u00farese de que usted y el centro regional est\u00e9n hablando de lo mismo.&nbsp;<\/strong>Si tiene que discutir con el centro regional sobre algo importante para usted, primero aseg\u00farese de que todos comprendan y est\u00e9n de acuerdo en los hechos b\u00e1sicos.&nbsp;Cada parte puede tener su propia opini\u00f3n sobre los hechos, pero ninguna de las partes debe tener sus propios hechos.&nbsp;Br\u00edndeles informaci\u00f3n que solo usted conozca o que est\u00e9 en sus informes de evaluaci\u00f3n.&nbsp;Br\u00edndeles informaci\u00f3n proporcionada por alguien que lo conozca bien o por uno de sus proveedores de servicios. Una vez que usted y el centro regional est\u00e9n de acuerdo sobre los hechos b\u00e1sicos de su solicitud o su situaci\u00f3n, puede hablar sobre los servicios u otras soluciones.&nbsp;<\/p>\n\n\n\n<p>A veces, no puede ponerse de acuerdo con el centro regional sobre los hechos o sus necesidades.&nbsp;Si eso sucede, es posible que tenga que ir a una audiencia y pedirle a un juez de derecho administrativo que decida los hechos.&nbsp;Audiencias como estas son para averiguar cu\u00e1les son los hechos y luego aplicar la ley y decidir.<\/p>\n\n\n\n<p><strong>Prep\u00e1rese.<\/strong>&nbsp;Antes de ir a una reuni\u00f3n, revise su archivo. Sepa lo que quiere y por qu\u00e9 lo quiere. Haga una lista de preguntas que desea que se respondan.&nbsp;Traiga toda su informaci\u00f3n sobre lo que necesita y quiere y por qu\u00e9. Averig\u00fce antes de la reuni\u00f3n lo que podr\u00eda decir el centro regional o qu\u00e9 informaci\u00f3n en sus registros puede se\u00f1alar el centro regional sobre los problemas. Dibuje una l\u00ednea en el medio de una hoja de papel y enumere los hechos y la evidencia que tiene en un lado de la p\u00e1gina.&nbsp;Escriba los hechos o las pruebas que tenga el centro regional u otra agencia en el otro lado.&nbsp;Esto muestra d\u00f3nde puede necesitar m\u00e1s evidencia.&nbsp;Tal vez necesite un nuevo informe de evaluaci\u00f3n o informaci\u00f3n de uno de sus proveedores para abordar lo que podr\u00eda decir el centro regional.<\/p>\n\n\n\n<p><strong>Comparta informaci\u00f3n.<\/strong> Sus opiniones son valiosas. Conoce sus necesidades as\u00ed como los profesionales que lo evaluaron. No tenga miedo de decir lo que piensa.<\/p>\n\n\n\n<p><strong>Sea asertivo.<\/strong> Tiene derecho a recibir servicios. La agencia est\u00e1 ah\u00ed para ayudarlo a obtener servicios. No necesita estar enojado, pero necesita hablar por usted mismo.<\/p>\n\n\n\n<p><strong>Obtenga ayuda cuando la necesite.<\/strong>&nbsp;Si no se siente c\u00f3modo yendo a una reuni\u00f3n solo, p\u00eddale a alguien que lo acompa\u00f1e. Lleve a un amigo, familiar o alguien de una organizaci\u00f3n de defensa. Siempre puede llevar a alguien con usted. Pueden ayudarlo a mantenerse concentrado y tomar notas en la reuni\u00f3n. El simple hecho de contar con alguien que le brinde apoyo emocional oral puede ayudar.<\/p>\n\n\n\n<p>Consulte otras publicaciones de DRC sobre habilidades y estrategias de autodefensa haciendo clic\u00a0<a href=\"https:\/\/www.disabilityrightsca.org\/es\/publications\/auto-defensa-entre-pares\">aqu\u00ed<\/a>.<\/p>\n<div class=\"speaker-mute footnotes_reference_container\"> <div class=\"footnote_container_prepare\"><p><span role=\"button\" tabindex=\"0\" class=\"footnote_reference_container_label pointer\" onclick=\"footnote_expand_collapse_reference_container_1998_1();\">&#x202F;<\/span><span role=\"button\" tabindex=\"0\" class=\"footnote_reference_container_collapse_button\" style=\"display: none;\" onclick=\"footnote_expand_collapse_reference_container_1998_1();\">[<a id=\"footnote_reference_container_collapse_button_1998_1\">+<\/a>]<\/span><\/p><\/div> <div id=\"footnote_references_container_1998_1\" style=\"\"><table class=\"footnotes_table footnote-reference-container\"><caption class=\"accessibility\">References<\/caption> <tbody> \r\n\r\n<tr class=\"footnotes_plugin_reference_row\"> <th scope=\"row\" class=\"footnote_plugin_index_combi pointer\"  onclick=\"footnote_moveToAnchor_1998_1('footnote_plugin_tooltip_1998_1_1');\"><a id=\"footnote_plugin_reference_1998_1_1\" class=\"footnote_backlink\"><span class=\"footnote_index_arrow\">&#8593;<\/span>1<\/a><\/th> <td class=\"footnote_plugin_text\">Secci\u00f3n 1798.33 del C\u00f3digo Civil de California<\/td><\/tr>\r\n\r\n <\/tbody> <\/table> <\/div><\/div><script type=\"text\/javascript\"> function footnote_expand_reference_container_1998_1() { jQuery('#footnote_references_container_1998_1').show(); jQuery('#footnote_reference_container_collapse_button_1998_1').text('\u2212'); } function footnote_collapse_reference_container_1998_1() { jQuery('#footnote_references_container_1998_1').hide(); jQuery('#footnote_reference_container_collapse_button_1998_1').text('+'); } function footnote_expand_collapse_reference_container_1998_1() { if (jQuery('#footnote_references_container_1998_1').is(':hidden')) { footnote_expand_reference_container_1998_1(); } else { footnote_collapse_reference_container_1998_1(); } } function footnote_moveToReference_1998_1(p_str_TargetID) { footnote_expand_reference_container_1998_1(); var l_obj_Target = jQuery('#' + p_str_TargetID); if (l_obj_Target.length) { jQuery( 'html, body' ).delay( 0 ); jQuery('html, body').animate({ scrollTop: l_obj_Target.offset().top - window.innerHeight * 0.2 }, 380); } } function footnote_moveToAnchor_1998_1(p_str_TargetID) { footnote_expand_reference_container_1998_1(); var l_obj_Target = jQuery('#' + p_str_TargetID); if (l_obj_Target.length) { jQuery( 'html, body' ).delay( 0 ); jQuery('html, body').animate({ scrollTop: l_obj_Target.offset().top - window.innerHeight * 0.2 }, 380); } }<\/script>","protected":false},"excerpt":{"rendered":"<p>Recopile los hechos.\u00a0Piense en lo que le gustar\u00eda saber sobre la situaci\u00f3n si se enterara de ella por primera vez.\u00a0Mire todos los documentos sobre la&hellip;<\/p>\n","protected":false},"author":1,"featured_media":0,"parent":1957,"menu_order":14,"comment_status":"closed","ping_status":"closed","template":"","meta":{"footnotes":""},"class_list":["post-1998","page","type-page","status-publish","hentry"],"_links":{"self":[{"href":"https:\/\/rula.disabilityrightsca.org\/es\/wp-json\/wp\/v2\/pages\/1998","targetHints":{"allow":["GET"]}}],"collection":[{"href":"https:\/\/rula.disabilityrightsca.org\/es\/wp-json\/wp\/v2\/pages"}],"about":[{"href":"https:\/\/rula.disabilityrightsca.org\/es\/wp-json\/wp\/v2\/types\/page"}],"author":[{"embeddable":true,"href":"https:\/\/rula.disabilityrightsca.org\/es\/wp-json\/wp\/v2\/users\/1"}],"replies":[{"embeddable":true,"href":"https:\/\/rula.disabilityrightsca.org\/es\/wp-json\/wp\/v2\/comments?post=1998"}],"version-history":[{"count":3,"href":"https:\/\/rula.disabilityrightsca.org\/es\/wp-json\/wp\/v2\/pages\/1998\/revisions"}],"predecessor-version":[{"id":3753,"href":"https:\/\/rula.disabilityrightsca.org\/es\/wp-json\/wp\/v2\/pages\/1998\/revisions\/3753"}],"up":[{"embeddable":true,"href":"https:\/\/rula.disabilityrightsca.org\/es\/wp-json\/wp\/v2\/pages\/1957"}],"wp:attachment":[{"href":"https:\/\/rula.disabilityrightsca.org\/es\/wp-json\/wp\/v2\/media?parent=1998"}],"curies":[{"name":"wp","href":"https:\/\/api.w.org\/{rel}","templated":true}]}}