{"id":1982,"date":"2021-09-24T17:03:35","date_gmt":"2021-09-24T17:03:35","guid":{"rendered":"http:\/\/www.rula.disabilityrightsca.org\/es\/?page_id=1982"},"modified":"2025-08-28T18:20:11","modified_gmt":"2025-08-28T18:20:11","slug":"5-10-que-es-people-first-y-como-me-adhiero","status":"publish","type":"page","link":"https:\/\/rula.disabilityrightsca.org\/es\/rula-book\/capitulo-5-defenderse-a-si-mismo\/5-10-que-es-people-first-y-como-me-adhiero\/","title":{"rendered":"(5.10) \u00bfQu\u00e9 es &#8220;People First&#8221; y c\u00f3mo me adhiero?"},"content":{"rendered":"\n<p><em>People First of California<\/em> es una organizaci\u00f3n de autodefensa formada por personas con discapacidades del desarrollo. Existe una organizaci\u00f3n estatal People First y un cap\u00edtulo local en la mayor\u00eda de las \u00e1reas. People First ayuda a las personas con discapacidad a<\/p>\n\n\n\n<ul class=\"wp-block-list\">\n<li>hablar por ellos mismos,<\/li>\n\n\n\n<li>conocer sus derechos y responsabilidades, y<\/li>\n\n\n\n<li>resolver sus propios problemas.<\/li>\n<\/ul>\n\n\n\n<p>Los grupos People First son l\u00edderes en la defensa de los derechos de los clientes de los centros regionales. Tambi\u00e9n brindan informaci\u00f3n y materiales para ayudarlo a tomar sus propias decisiones en la vida. Realizan eventos en todo el estado. Para encontrar su People First local, comun\u00edquese con:<\/p>\n\n\n\n<p><strong>People First of California<\/strong><br>PO Box 493886<br>Redding, CA 96049<br>Phone: 530-223-7771<br>Fax: 530-223-7773<br>Email:\u00a0<a href=\"mailto:jdubois@peoplefirstca.org\">jdubois@peoplefirstca.org<\/a><\/p>\n\n\n\n<p>Tambi\u00e9n puede llamar al programa de autodefensa de pares de Disability Rights California al (213) 213-8134.\u00a0<\/p>\n","protected":false},"excerpt":{"rendered":"<p>People First of California es una organizaci\u00f3n de autodefensa formada por personas con discapacidades del desarrollo. Existe una organizaci\u00f3n estatal People First y un cap\u00edtulo&hellip;<\/p>\n","protected":false},"author":1,"featured_media":0,"parent":1957,"menu_order":10,"comment_status":"closed","ping_status":"closed","template":"","meta":{"footnotes":""},"class_list":["post-1982","page","type-page","status-publish","hentry"],"_links":{"self":[{"href":"https:\/\/rula.disabilityrightsca.org\/es\/wp-json\/wp\/v2\/pages\/1982","targetHints":{"allow":["GET"]}}],"collection":[{"href":"https:\/\/rula.disabilityrightsca.org\/es\/wp-json\/wp\/v2\/pages"}],"about":[{"href":"https:\/\/rula.disabilityrightsca.org\/es\/wp-json\/wp\/v2\/types\/page"}],"author":[{"embeddable":true,"href":"https:\/\/rula.disabilityrightsca.org\/es\/wp-json\/wp\/v2\/users\/1"}],"replies":[{"embeddable":true,"href":"https:\/\/rula.disabilityrightsca.org\/es\/wp-json\/wp\/v2\/comments?post=1982"}],"version-history":[{"count":3,"href":"https:\/\/rula.disabilityrightsca.org\/es\/wp-json\/wp\/v2\/pages\/1982\/revisions"}],"predecessor-version":[{"id":4106,"href":"https:\/\/rula.disabilityrightsca.org\/es\/wp-json\/wp\/v2\/pages\/1982\/revisions\/4106"}],"up":[{"embeddable":true,"href":"https:\/\/rula.disabilityrightsca.org\/es\/wp-json\/wp\/v2\/pages\/1957"}],"wp:attachment":[{"href":"https:\/\/rula.disabilityrightsca.org\/es\/wp-json\/wp\/v2\/media?parent=1982"}],"curies":[{"name":"wp","href":"https:\/\/api.w.org\/{rel}","templated":true}]}}