{"id":1980,"date":"2021-09-24T17:02:05","date_gmt":"2021-09-24T17:02:05","guid":{"rendered":"http:\/\/www.rula.disabilityrightsca.org\/es\/?page_id=1980"},"modified":"2023-12-04T23:58:29","modified_gmt":"2023-12-04T23:58:29","slug":"5-9-que-es-el-programa-de-asistencia-al-cliente-cap","status":"publish","type":"page","link":"https:\/\/rula.disabilityrightsca.org\/es\/rula-book\/capitulo-5-defenderse-a-si-mismo\/5-9-que-es-el-programa-de-asistencia-al-cliente-cap\/","title":{"rendered":"(5.9) \u00bfQu\u00e9 es el Programa de Asistencia al Cliente (CAP)?"},"content":{"rendered":"\n<p>El CAP puede ayudarlo a comprender sus derechos y responsabilidades relacionados con los servicios del Departamento de Rehabilitaci\u00f3n (DOR). Los defensores del CAP pueden ayudarlo a comprender si califica para los servicios de empleo del DOR y c\u00f3mo desarrollar un plan de empleo (que puede incluir un plan de trabajo por cuenta propia). Los defensores del CAP pueden brindarle informaci\u00f3n sobre qu\u00e9 servicios provee el DOR y qu\u00e9 servicios est\u00e1n disponibles en los Centros de Vida Independiente. Los defensores del CAP pueden ayudarlo a obtener los servicios adecuados para usted seg\u00fan las leyes federales de rehabilitaci\u00f3n.<span class=\"footnote_referrer\"><a role=\"button\" tabindex=\"0\" onclick=\"footnote_moveToReference_1980_1('footnote_plugin_reference_1980_1_1');\" onkeypress=\"footnote_moveToReference_1980_1('footnote_plugin_reference_1980_1_1');\" ><sup id=\"footnote_plugin_tooltip_1980_1_1\" class=\"footnote_plugin_tooltip_text\">[1]<\/sup><\/a><span id=\"footnote_plugin_tooltip_text_1980_1_1\" class=\"footnote_tooltip\">T\u00edtulo 29 del C\u00f3digo de los Estados Unidos, Secci\u00f3n 732<\/span><\/span><script type=\"text\/javascript\"> jQuery('#footnote_plugin_tooltip_1980_1_1').tooltip({ tip: '#footnote_plugin_tooltip_text_1980_1_1', tipClass: 'footnote_tooltip', effect: 'fade', predelay: 0, fadeInSpeed: 200, delay: 400, fadeOutSpeed: 200, position: 'top center', relative: true, offset: [-7, 0], });<\/script><\/p>\n\n\n\n<p>Para comunicarse con el Programa de Asistencia al Cliente (CAP), llame al: 800-776-5746, 800-719-5798 (L\u00ednea gratuita) de Disability Rights California.<\/p>\n<div class=\"speaker-mute footnotes_reference_container\"> <div class=\"footnote_container_prepare\"><p><span role=\"button\" tabindex=\"0\" class=\"footnote_reference_container_label pointer\" onclick=\"footnote_expand_collapse_reference_container_1980_1();\">&#x202F;<\/span><span role=\"button\" tabindex=\"0\" class=\"footnote_reference_container_collapse_button\" style=\"display: none;\" onclick=\"footnote_expand_collapse_reference_container_1980_1();\">[<a id=\"footnote_reference_container_collapse_button_1980_1\">+<\/a>]<\/span><\/p><\/div> <div id=\"footnote_references_container_1980_1\" style=\"\"><table class=\"footnotes_table footnote-reference-container\"><caption class=\"accessibility\">References<\/caption> <tbody> \r\n\r\n<tr class=\"footnotes_plugin_reference_row\"> <th scope=\"row\" class=\"footnote_plugin_index_combi pointer\"  onclick=\"footnote_moveToAnchor_1980_1('footnote_plugin_tooltip_1980_1_1');\"><a id=\"footnote_plugin_reference_1980_1_1\" class=\"footnote_backlink\"><span class=\"footnote_index_arrow\">&#8593;<\/span>1<\/a><\/th> <td class=\"footnote_plugin_text\">T\u00edtulo 29 del C\u00f3digo de los Estados Unidos, Secci\u00f3n 732<\/td><\/tr>\r\n\r\n <\/tbody> <\/table> <\/div><\/div><script type=\"text\/javascript\"> function footnote_expand_reference_container_1980_1() { jQuery('#footnote_references_container_1980_1').show(); jQuery('#footnote_reference_container_collapse_button_1980_1').text('\u2212'); } function footnote_collapse_reference_container_1980_1() { jQuery('#footnote_references_container_1980_1').hide(); jQuery('#footnote_reference_container_collapse_button_1980_1').text('+'); } function footnote_expand_collapse_reference_container_1980_1() { if (jQuery('#footnote_references_container_1980_1').is(':hidden')) { footnote_expand_reference_container_1980_1(); } else { footnote_collapse_reference_container_1980_1(); } } function footnote_moveToReference_1980_1(p_str_TargetID) { footnote_expand_reference_container_1980_1(); var l_obj_Target = jQuery('#' + p_str_TargetID); if (l_obj_Target.length) { jQuery( 'html, body' ).delay( 0 ); jQuery('html, body').animate({ scrollTop: l_obj_Target.offset().top - window.innerHeight * 0.2 }, 380); } } function footnote_moveToAnchor_1980_1(p_str_TargetID) { footnote_expand_reference_container_1980_1(); var l_obj_Target = jQuery('#' + p_str_TargetID); if (l_obj_Target.length) { jQuery( 'html, body' ).delay( 0 ); jQuery('html, body').animate({ scrollTop: l_obj_Target.offset().top - window.innerHeight * 0.2 }, 380); } }<\/script>","protected":false},"excerpt":{"rendered":"<p>El CAP puede ayudarlo a comprender sus derechos y responsabilidades relacionados con los servicios del Departamento de Rehabilitaci\u00f3n (DOR). Los defensores del CAP pueden ayudarlo&hellip;<\/p>\n","protected":false},"author":1,"featured_media":0,"parent":1957,"menu_order":9,"comment_status":"closed","ping_status":"closed","template":"","meta":{"footnotes":""},"class_list":["post-1980","page","type-page","status-publish","hentry"],"_links":{"self":[{"href":"https:\/\/rula.disabilityrightsca.org\/es\/wp-json\/wp\/v2\/pages\/1980","targetHints":{"allow":["GET"]}}],"collection":[{"href":"https:\/\/rula.disabilityrightsca.org\/es\/wp-json\/wp\/v2\/pages"}],"about":[{"href":"https:\/\/rula.disabilityrightsca.org\/es\/wp-json\/wp\/v2\/types\/page"}],"author":[{"embeddable":true,"href":"https:\/\/rula.disabilityrightsca.org\/es\/wp-json\/wp\/v2\/users\/1"}],"replies":[{"embeddable":true,"href":"https:\/\/rula.disabilityrightsca.org\/es\/wp-json\/wp\/v2\/comments?post=1980"}],"version-history":[{"count":4,"href":"https:\/\/rula.disabilityrightsca.org\/es\/wp-json\/wp\/v2\/pages\/1980\/revisions"}],"predecessor-version":[{"id":3750,"href":"https:\/\/rula.disabilityrightsca.org\/es\/wp-json\/wp\/v2\/pages\/1980\/revisions\/3750"}],"up":[{"embeddable":true,"href":"https:\/\/rula.disabilityrightsca.org\/es\/wp-json\/wp\/v2\/pages\/1957"}],"wp:attachment":[{"href":"https:\/\/rula.disabilityrightsca.org\/es\/wp-json\/wp\/v2\/media?parent=1980"}],"curies":[{"name":"wp","href":"https:\/\/api.w.org\/{rel}","templated":true}]}}