{"id":1978,"date":"2021-09-24T17:00:42","date_gmt":"2021-09-24T17:00:42","guid":{"rendered":"http:\/\/www.rula.disabilityrightsca.org\/es\/?page_id=1978"},"modified":"2023-12-04T23:57:59","modified_gmt":"2023-12-04T23:57:59","slug":"5-8-quienes-son-los-defensores-de-los-derechos-de-los-clientes-y-los-coordinadores-voluntarios-de-servicios-de-defensa-en-las-instalaciones","status":"publish","type":"page","link":"https:\/\/rula.disabilityrightsca.org\/es\/rula-book\/capitulo-5-defenderse-a-si-mismo\/5-8-quienes-son-los-defensores-de-los-derechos-de-los-clientes-y-los-coordinadores-voluntarios-de-servicios-de-defensa-en-las-instalaciones\/","title":{"rendered":"(5.8) \u00bfQui\u00e9nes son los defensores de los derechos de los clientes y los coordinadores voluntarios de servicios de defensa en las instalaciones?"},"content":{"rendered":"\n<p>El DDS tiene un contrato con el SCDD para proporcionar servicios de defensa de los derechos de los clientes a las personas en el centro para el desarrollo Porterville y en Canyon Springs.<span class=\"footnote_referrer\"><a role=\"button\" tabindex=\"0\" onclick=\"footnote_moveToReference_1978_1('footnote_plugin_reference_1978_1_1');\" onkeypress=\"footnote_moveToReference_1978_1('footnote_plugin_reference_1978_1_1');\" ><sup id=\"footnote_plugin_tooltip_1978_1_1\" class=\"footnote_plugin_tooltip_text\">[1]<\/sup><\/a><span id=\"footnote_plugin_tooltip_text_1978_1_1\" class=\"footnote_tooltip\">Secci\u00f3n 4433.5<\/span><\/span><script type=\"text\/javascript\"> jQuery('#footnote_plugin_tooltip_1978_1_1').tooltip({ tip: '#footnote_plugin_tooltip_text_1978_1_1', tipClass: 'footnote_tooltip', effect: 'fade', predelay: 0, fadeInSpeed: 200, delay: 400, fadeOutSpeed: 200, position: 'top center', relative: true, offset: [-7, 0], });<\/script>\u00a0Hay un defensor de los derechos del cliente (CRA) que puede informarle sobre sus derechos legales. Esto significa su derecho a las evaluaciones y un IPP que enumera los servicios y apoyos que necesita para salir de la instalaci\u00f3n y vivir en la comunidad. El CRA lo defender\u00e1 mientras se encuentre en la instalaci\u00f3n.<\/p>\n\n\n\n<p>Porterville y Canyon Springs tambi\u00e9n tienen un Programa de Servicio de Defensa Voluntario. Si desea que alguien lo ayude o lo represente en una reuni\u00f3n del IPP cuando se est\u00e1 considerando una ubicaci\u00f3n comunitaria, el SCDD puede nombrar un defensor voluntario para que lo ayude.<span class=\"footnote_referrer\"><a role=\"button\" tabindex=\"0\" onclick=\"footnote_moveToReference_1978_1('footnote_plugin_reference_1978_1_2');\" onkeypress=\"footnote_moveToReference_1978_1('footnote_plugin_reference_1978_1_2');\" ><sup id=\"footnote_plugin_tooltip_1978_1_2\" class=\"footnote_plugin_tooltip_text\">[2]<\/sup><\/a><span id=\"footnote_plugin_tooltip_text_1978_1_2\" class=\"footnote_tooltip\">Secci\u00f3n 4541(a)(3)<\/span><\/span><script type=\"text\/javascript\"> jQuery('#footnote_plugin_tooltip_1978_1_2').tooltip({ tip: '#footnote_plugin_tooltip_text_1978_1_2', tipClass: 'footnote_tooltip', effect: 'fade', predelay: 0, fadeInSpeed: 200, delay: 400, fadeOutSpeed: 200, position: 'top center', relative: true, offset: [-7, 0], });<\/script><\/p>\n<div class=\"speaker-mute footnotes_reference_container\"> <div class=\"footnote_container_prepare\"><p><span role=\"button\" tabindex=\"0\" class=\"footnote_reference_container_label pointer\" onclick=\"footnote_expand_collapse_reference_container_1978_1();\">&#x202F;<\/span><span role=\"button\" tabindex=\"0\" class=\"footnote_reference_container_collapse_button\" style=\"display: none;\" onclick=\"footnote_expand_collapse_reference_container_1978_1();\">[<a id=\"footnote_reference_container_collapse_button_1978_1\">+<\/a>]<\/span><\/p><\/div> <div id=\"footnote_references_container_1978_1\" style=\"\"><table class=\"footnotes_table footnote-reference-container\"><caption class=\"accessibility\">References<\/caption> <tbody> \r\n\r\n<tr class=\"footnotes_plugin_reference_row\"> <th scope=\"row\" class=\"footnote_plugin_index_combi pointer\"  onclick=\"footnote_moveToAnchor_1978_1('footnote_plugin_tooltip_1978_1_1');\"><a id=\"footnote_plugin_reference_1978_1_1\" class=\"footnote_backlink\"><span class=\"footnote_index_arrow\">&#8593;<\/span>1<\/a><\/th> <td class=\"footnote_plugin_text\">Secci\u00f3n 4433.5<\/td><\/tr>\r\n\r\n<tr class=\"footnotes_plugin_reference_row\"> <th scope=\"row\" class=\"footnote_plugin_index_combi pointer\"  onclick=\"footnote_moveToAnchor_1978_1('footnote_plugin_tooltip_1978_1_2');\"><a id=\"footnote_plugin_reference_1978_1_2\" class=\"footnote_backlink\"><span class=\"footnote_index_arrow\">&#8593;<\/span>2<\/a><\/th> <td class=\"footnote_plugin_text\">Secci\u00f3n 4541(a)(3)<\/td><\/tr>\r\n\r\n <\/tbody> <\/table> <\/div><\/div><script type=\"text\/javascript\"> function footnote_expand_reference_container_1978_1() { jQuery('#footnote_references_container_1978_1').show(); jQuery('#footnote_reference_container_collapse_button_1978_1').text('\u2212'); } function footnote_collapse_reference_container_1978_1() { jQuery('#footnote_references_container_1978_1').hide(); jQuery('#footnote_reference_container_collapse_button_1978_1').text('+'); } function footnote_expand_collapse_reference_container_1978_1() { if (jQuery('#footnote_references_container_1978_1').is(':hidden')) { footnote_expand_reference_container_1978_1(); } else { footnote_collapse_reference_container_1978_1(); } } function footnote_moveToReference_1978_1(p_str_TargetID) { footnote_expand_reference_container_1978_1(); var l_obj_Target = jQuery('#' + p_str_TargetID); if (l_obj_Target.length) { jQuery( 'html, body' ).delay( 0 ); jQuery('html, body').animate({ scrollTop: l_obj_Target.offset().top - window.innerHeight * 0.2 }, 380); } } function footnote_moveToAnchor_1978_1(p_str_TargetID) { footnote_expand_reference_container_1978_1(); var l_obj_Target = jQuery('#' + p_str_TargetID); if (l_obj_Target.length) { jQuery( 'html, body' ).delay( 0 ); jQuery('html, body').animate({ scrollTop: l_obj_Target.offset().top - window.innerHeight * 0.2 }, 380); } }<\/script>","protected":false},"excerpt":{"rendered":"<p>El DDS tiene un contrato con el SCDD para proporcionar servicios de defensa de los derechos de los clientes a las personas en el centro&hellip;<\/p>\n","protected":false},"author":1,"featured_media":0,"parent":1957,"menu_order":8,"comment_status":"closed","ping_status":"closed","template":"","meta":{"footnotes":""},"class_list":["post-1978","page","type-page","status-publish","hentry"],"_links":{"self":[{"href":"https:\/\/rula.disabilityrightsca.org\/es\/wp-json\/wp\/v2\/pages\/1978","targetHints":{"allow":["GET"]}}],"collection":[{"href":"https:\/\/rula.disabilityrightsca.org\/es\/wp-json\/wp\/v2\/pages"}],"about":[{"href":"https:\/\/rula.disabilityrightsca.org\/es\/wp-json\/wp\/v2\/types\/page"}],"author":[{"embeddable":true,"href":"https:\/\/rula.disabilityrightsca.org\/es\/wp-json\/wp\/v2\/users\/1"}],"replies":[{"embeddable":true,"href":"https:\/\/rula.disabilityrightsca.org\/es\/wp-json\/wp\/v2\/comments?post=1978"}],"version-history":[{"count":4,"href":"https:\/\/rula.disabilityrightsca.org\/es\/wp-json\/wp\/v2\/pages\/1978\/revisions"}],"predecessor-version":[{"id":3749,"href":"https:\/\/rula.disabilityrightsca.org\/es\/wp-json\/wp\/v2\/pages\/1978\/revisions\/3749"}],"up":[{"embeddable":true,"href":"https:\/\/rula.disabilityrightsca.org\/es\/wp-json\/wp\/v2\/pages\/1957"}],"wp:attachment":[{"href":"https:\/\/rula.disabilityrightsca.org\/es\/wp-json\/wp\/v2\/media?parent=1978"}],"curies":[{"name":"wp","href":"https:\/\/api.w.org\/{rel}","templated":true}]}}