{"id":1974,"date":"2021-09-24T16:51:21","date_gmt":"2021-09-24T16:51:21","guid":{"rendered":"http:\/\/www.rula.disabilityrightsca.org\/es\/?page_id=1974"},"modified":"2023-12-04T23:53:48","modified_gmt":"2023-12-04T23:53:48","slug":"5-6-que-es-el-consejo-estatal-de-discapacidades-del-desarrollo","status":"publish","type":"page","link":"https:\/\/rula.disabilityrightsca.org\/es\/rula-book\/capitulo-5-defenderse-a-si-mismo\/5-6-que-es-el-consejo-estatal-de-discapacidades-del-desarrollo\/","title":{"rendered":"(5.6) \u00bfQu\u00e9 es el Consejo Estatal de Discapacidades del Desarrollo?"},"content":{"rendered":"\n<p>El Consejo Estatal de Discapacidades del Desarrollo (SCDD) es una agencia estatal independiente. Se asegura de que las personas con discapacidades del desarrollo obtengan los servicios y apoyos que necesitan.<\/p>\n\n\n\n<p>La SCDD tiene 31 miembros con derecho a voto designados por el gobernador. 20 de los miembros deben ser miembros ajenos a una agencia que reflejen la diversidad socioecon\u00f3mica, geogr\u00e1fica, de discapacidad, racial, \u00e9tnica y ling\u00fc\u00edstica de California.&nbsp;<\/p>\n\n\n\n<ul class=\"wp-block-list\">\n<li>7 de esos 20 deben ser personas con discapacidades del desarrollo<\/li>\n\n\n\n<li>7 deben ser padres, parientes o tutores de personas con discapacidades del desarrollo<\/li>\n\n\n\n<li>1 debe ser una persona con una discapacidad del desarrollo que sea un residente actual o anterior de una instituci\u00f3n, o su pariente inmediato, tutor o curador.<span class=\"footnote_referrer\"><a role=\"button\" tabindex=\"0\" onclick=\"footnote_moveToReference_1974_1('footnote_plugin_reference_1974_1_1');\" onkeypress=\"footnote_moveToReference_1974_1('footnote_plugin_reference_1974_1_1');\" ><sup id=\"footnote_plugin_tooltip_1974_1_1\" class=\"footnote_plugin_tooltip_text\">[1]<\/sup><\/a><span id=\"footnote_plugin_tooltip_text_1974_1_1\" class=\"footnote_tooltip\">Secci\u00f3n 4521<\/span><\/span><script type=\"text\/javascript\"> jQuery('#footnote_plugin_tooltip_1974_1_1').tooltip({ tip: '#footnote_plugin_tooltip_text_1974_1_1', tipClass: 'footnote_tooltip', effect: 'fade', predelay: 0, fadeInSpeed: 200, delay: 400, fadeOutSpeed: 200, position: 'top center', relative: true, offset: [-7, 0], });<\/script><\/li>\n<\/ul>\n\n\n\n<p>Los miembros de agencias del SCDD incluyen personas que trabajan para agencias p\u00fablicas o privadas relacionadas con la discapacidad como DRC, DDS, el Departamento de Educaci\u00f3n y el Departamento de Rehabilitaci\u00f3n. Para defender los derechos de las personas con discapacidades del desarrollo, solicite ser designado para el SCDD.<\/p>\n\n\n\n<p>El SCDD crea y supervisa el plan estatal de servicios para los clientes de los centros regionales. El prop\u00f3sito del plan estatal es asegurarse de que haya un buen sistema de servicios comunitarios. Se aseguran de que el sistema est\u00e9 dirigido y centrado en los consumidores y las familias. Y debe garantizar que las personas con discapacidades del desarrollo tengan autodeterminaci\u00f3n, independencia, productividad e integraci\u00f3n en todas las \u00e1reas de la vida comunitaria.<span class=\"footnote_referrer\"><a role=\"button\" tabindex=\"0\" onclick=\"footnote_moveToReference_1974_1('footnote_plugin_reference_1974_1_2');\" onkeypress=\"footnote_moveToReference_1974_1('footnote_plugin_reference_1974_1_2');\" ><sup id=\"footnote_plugin_tooltip_1974_1_2\" class=\"footnote_plugin_tooltip_text\">[2]<\/sup><\/a><span id=\"footnote_plugin_tooltip_text_1974_1_2\" class=\"footnote_tooltip\">Secci\u00f3n 4562(c)<\/span><\/span><script type=\"text\/javascript\"> jQuery('#footnote_plugin_tooltip_1974_1_2').tooltip({ tip: '#footnote_plugin_tooltip_text_1974_1_2', tipClass: 'footnote_tooltip', effect: 'fade', predelay: 0, fadeInSpeed: 200, delay: 400, fadeOutSpeed: 200, position: 'top center', relative: true, offset: [-7, 0], });<\/script> El plan estatal encuentra \u00e1reas que necesitan mejoras y servicios que deben incrementarse para las personas con discapacidades del desarrollo y sus familias.<\/p>\n\n\n\n<p>Cada 5 a\u00f1os, el SCDD prepara una &#8220;evaluaci\u00f3n de necesidades&#8221;. Est\u00e1 disponible para el p\u00fablico y se actualiza todos los a\u00f1os. El SCDD pregunta a todos los centros regionales sobre los servicios y apoyos que les faltan y qu\u00e9 servicios y apoyos nuevos, ampliados o convertidos necesitan. El SCDD muestra formas nuevas y diferentes de brindar servicios para satisfacer las necesidades de los clientes de los centros regionales. El SCDD puede utilizar informaci\u00f3n de otras fuentes, incluidas las audiencias p\u00fablicas.<span class=\"footnote_referrer\"><a role=\"button\" tabindex=\"0\" onclick=\"footnote_moveToReference_1974_1('footnote_plugin_reference_1974_1_3');\" onkeypress=\"footnote_moveToReference_1974_1('footnote_plugin_reference_1974_1_3');\" ><sup id=\"footnote_plugin_tooltip_1974_1_3\" class=\"footnote_plugin_tooltip_text\">[3]<\/sup><\/a><span id=\"footnote_plugin_tooltip_text_1974_1_3\" class=\"footnote_tooltip\">Secciones 4520, 4521, 4540, 4561, 4675, 4676 y 4677<\/span><\/span><script type=\"text\/javascript\"> jQuery('#footnote_plugin_tooltip_1974_1_3').tooltip({ tip: '#footnote_plugin_tooltip_text_1974_1_3', tipClass: 'footnote_tooltip', effect: 'fade', predelay: 0, fadeInSpeed: 200, delay: 400, fadeOutSpeed: 200, position: 'top center', relative: true, offset: [-7, 0], });<\/script><\/p>\n\n\n\n<p>El SCDD se comunica con el DDS para recomendar al Departamento de Finanzas fondos para desarrollar nuevos programas en el presupuesto del Gobernador basados \u200b\u200ben la evaluaci\u00f3n de necesidades.<span class=\"footnote_referrer\"><a role=\"button\" tabindex=\"0\" onclick=\"footnote_moveToReference_1974_1('footnote_plugin_reference_1974_1_4');\" onkeypress=\"footnote_moveToReference_1974_1('footnote_plugin_reference_1974_1_4');\" ><sup id=\"footnote_plugin_tooltip_1974_1_4\" class=\"footnote_plugin_tooltip_text\">[4]<\/sup><\/a><span id=\"footnote_plugin_tooltip_text_1974_1_4\" class=\"footnote_tooltip\">Secci\u00f3n 4677(b)(6)<\/span><\/span><script type=\"text\/javascript\"> jQuery('#footnote_plugin_tooltip_1974_1_4').tooltip({ tip: '#footnote_plugin_tooltip_text_1974_1_4', tipClass: 'footnote_tooltip', effect: 'fade', predelay: 0, fadeInSpeed: 200, delay: 400, fadeOutSpeed: 200, position: 'top center', relative: true, offset: [-7, 0], });<\/script> Contacto:<\/p>\n\n\n\n<p><strong>State Council on Developmental Disabilities<\/strong> (Concejo Estatal de Discapacidades del Desarrollo)<br>3831 North Freeway Blvd., No. 125<br>Sacramento, CA 95834<br>L\u00ednea gratuita (833) 818-9886 o (916) 263-7919<br>Correo electr\u00f3nico: council@scdd.ca.gov<br><a href=\"http:\/\/www.scdd.ca.gov\"><em>www.scdd.ca.gov<\/em><\/a><em><\/em><\/p>\n<div class=\"speaker-mute footnotes_reference_container\"> <div class=\"footnote_container_prepare\"><p><span role=\"button\" tabindex=\"0\" class=\"footnote_reference_container_label pointer\" onclick=\"footnote_expand_collapse_reference_container_1974_1();\">&#x202F;<\/span><span role=\"button\" tabindex=\"0\" class=\"footnote_reference_container_collapse_button\" style=\"display: none;\" onclick=\"footnote_expand_collapse_reference_container_1974_1();\">[<a id=\"footnote_reference_container_collapse_button_1974_1\">+<\/a>]<\/span><\/p><\/div> <div id=\"footnote_references_container_1974_1\" style=\"\"><table class=\"footnotes_table footnote-reference-container\"><caption class=\"accessibility\">References<\/caption> <tbody> \r\n\r\n<tr class=\"footnotes_plugin_reference_row\"> <th scope=\"row\" class=\"footnote_plugin_index_combi pointer\"  onclick=\"footnote_moveToAnchor_1974_1('footnote_plugin_tooltip_1974_1_1');\"><a id=\"footnote_plugin_reference_1974_1_1\" class=\"footnote_backlink\"><span class=\"footnote_index_arrow\">&#8593;<\/span>1<\/a><\/th> <td class=\"footnote_plugin_text\">Secci\u00f3n 4521<\/td><\/tr>\r\n\r\n<tr class=\"footnotes_plugin_reference_row\"> <th scope=\"row\" class=\"footnote_plugin_index_combi pointer\"  onclick=\"footnote_moveToAnchor_1974_1('footnote_plugin_tooltip_1974_1_2');\"><a id=\"footnote_plugin_reference_1974_1_2\" class=\"footnote_backlink\"><span class=\"footnote_index_arrow\">&#8593;<\/span>2<\/a><\/th> <td class=\"footnote_plugin_text\">Secci\u00f3n 4562(c)<\/td><\/tr>\r\n\r\n<tr class=\"footnotes_plugin_reference_row\"> <th scope=\"row\" class=\"footnote_plugin_index_combi pointer\"  onclick=\"footnote_moveToAnchor_1974_1('footnote_plugin_tooltip_1974_1_3');\"><a id=\"footnote_plugin_reference_1974_1_3\" class=\"footnote_backlink\"><span class=\"footnote_index_arrow\">&#8593;<\/span>3<\/a><\/th> <td class=\"footnote_plugin_text\">Secciones 4520, 4521, 4540, 4561, 4675, 4676 y 4677<\/td><\/tr>\r\n\r\n<tr class=\"footnotes_plugin_reference_row\"> <th scope=\"row\" class=\"footnote_plugin_index_combi pointer\"  onclick=\"footnote_moveToAnchor_1974_1('footnote_plugin_tooltip_1974_1_4');\"><a id=\"footnote_plugin_reference_1974_1_4\" class=\"footnote_backlink\"><span class=\"footnote_index_arrow\">&#8593;<\/span>4<\/a><\/th> <td class=\"footnote_plugin_text\">Secci\u00f3n 4677(b)(6)<\/td><\/tr>\r\n\r\n <\/tbody> <\/table> <\/div><\/div><script type=\"text\/javascript\"> function footnote_expand_reference_container_1974_1() { jQuery('#footnote_references_container_1974_1').show(); jQuery('#footnote_reference_container_collapse_button_1974_1').text('\u2212'); } function footnote_collapse_reference_container_1974_1() { jQuery('#footnote_references_container_1974_1').hide(); jQuery('#footnote_reference_container_collapse_button_1974_1').text('+'); } function footnote_expand_collapse_reference_container_1974_1() { if (jQuery('#footnote_references_container_1974_1').is(':hidden')) { footnote_expand_reference_container_1974_1(); } else { footnote_collapse_reference_container_1974_1(); } } function footnote_moveToReference_1974_1(p_str_TargetID) { footnote_expand_reference_container_1974_1(); var l_obj_Target = jQuery('#' + p_str_TargetID); if (l_obj_Target.length) { jQuery( 'html, body' ).delay( 0 ); jQuery('html, body').animate({ scrollTop: l_obj_Target.offset().top - window.innerHeight * 0.2 }, 380); } } function footnote_moveToAnchor_1974_1(p_str_TargetID) { footnote_expand_reference_container_1974_1(); var l_obj_Target = jQuery('#' + p_str_TargetID); if (l_obj_Target.length) { jQuery( 'html, body' ).delay( 0 ); jQuery('html, body').animate({ scrollTop: l_obj_Target.offset().top - window.innerHeight * 0.2 }, 380); } }<\/script>","protected":false},"excerpt":{"rendered":"<p>El Consejo Estatal de Discapacidades del Desarrollo (SCDD) es una agencia estatal independiente. Se asegura de que las personas con discapacidades del desarrollo obtengan los&hellip;<\/p>\n","protected":false},"author":1,"featured_media":0,"parent":1957,"menu_order":6,"comment_status":"closed","ping_status":"closed","template":"","meta":{"footnotes":""},"class_list":["post-1974","page","type-page","status-publish","hentry"],"_links":{"self":[{"href":"https:\/\/rula.disabilityrightsca.org\/es\/wp-json\/wp\/v2\/pages\/1974","targetHints":{"allow":["GET"]}}],"collection":[{"href":"https:\/\/rula.disabilityrightsca.org\/es\/wp-json\/wp\/v2\/pages"}],"about":[{"href":"https:\/\/rula.disabilityrightsca.org\/es\/wp-json\/wp\/v2\/types\/page"}],"author":[{"embeddable":true,"href":"https:\/\/rula.disabilityrightsca.org\/es\/wp-json\/wp\/v2\/users\/1"}],"replies":[{"embeddable":true,"href":"https:\/\/rula.disabilityrightsca.org\/es\/wp-json\/wp\/v2\/comments?post=1974"}],"version-history":[{"count":5,"href":"https:\/\/rula.disabilityrightsca.org\/es\/wp-json\/wp\/v2\/pages\/1974\/revisions"}],"predecessor-version":[{"id":3746,"href":"https:\/\/rula.disabilityrightsca.org\/es\/wp-json\/wp\/v2\/pages\/1974\/revisions\/3746"}],"up":[{"embeddable":true,"href":"https:\/\/rula.disabilityrightsca.org\/es\/wp-json\/wp\/v2\/pages\/1957"}],"wp:attachment":[{"href":"https:\/\/rula.disabilityrightsca.org\/es\/wp-json\/wp\/v2\/media?parent=1974"}],"curies":[{"name":"wp","href":"https:\/\/api.w.org\/{rel}","templated":true}]}}