{"id":1972,"date":"2021-09-24T16:48:54","date_gmt":"2021-09-24T16:48:54","guid":{"rendered":"http:\/\/www.rula.disabilityrightsca.org\/es\/?page_id=1972"},"modified":"2023-12-04T23:52:20","modified_gmt":"2023-12-04T23:52:20","slug":"5-5-como-protege-disability-rights-california-drc-mis-derechos","status":"publish","type":"page","link":"https:\/\/rula.disabilityrightsca.org\/es\/rula-book\/capitulo-5-defenderse-a-si-mismo\/5-5-como-protege-disability-rights-california-drc-mis-derechos\/","title":{"rendered":"(5.5) \u00bfC\u00f3mo protege Disability Rights California (DRC) mis derechos?"},"content":{"rendered":"\n<p>El trabajo de DRC es proteger y defender los derechos de las personas con discapacidades.<span class=\"footnote_referrer\"><a role=\"button\" tabindex=\"0\" onclick=\"footnote_moveToReference_1972_1('footnote_plugin_reference_1972_1_1');\" onkeypress=\"footnote_moveToReference_1972_1('footnote_plugin_reference_1972_1_1');\" ><sup id=\"footnote_plugin_tooltip_1972_1_1\" class=\"footnote_plugin_tooltip_text\">[1]<\/sup><\/a><span id=\"footnote_plugin_tooltip_text_1972_1_1\" class=\"footnote_tooltip\">Secci\u00f3n 4902<\/span><\/span><script type=\"text\/javascript\"> jQuery('#footnote_plugin_tooltip_1972_1_1').tooltip({ tip: '#footnote_plugin_tooltip_text_1972_1_1', tipClass: 'footnote_tooltip', effect: 'fade', predelay: 0, fadeInSpeed: 200, delay: 400, fadeOutSpeed: 200, position: 'top center', relative: true, offset: [-7, 0], });<\/script><sup> <\/sup>DRC tambi\u00e9n puede brindarle referencias e informaci\u00f3n sobre otros recursos de defensa. Para saber c\u00f3mo DRC puede ayudarlo, llame al 800-776-5746.\u00a0<\/p>\n\n\n\n<p>Estas son las formas en que Disability Rights California ofrece defensa:<\/p>\n\n\n\n<p><strong>Oficinas Legales Regionales de <\/strong><strong>Disability Rights California<\/strong>: DRC tiene seis oficinas (Sacramento, Oakland, Fresno, Los \u00c1ngeles, Ontario y San Diego) que ofrecen muchos tipos de ayuda. Puede asistir a una de sus sesiones de capacitaci\u00f3n, obtener folletos de informaci\u00f3n o llamar para obtener respuestas por tel\u00e9fono. A veces, un abogado o defensor puede representarlo en la corte o en una audiencia administrativa. Llame al 800-776-5746.<\/p>\n\n\n\n<p><strong>Office of Clients\u2019 Rights Advocates (OCRA)<\/strong> (Oficina de Defensores de los Derechos de los Clientes): DRC tiene un contrato con el Departamento de Discapacidades del Desarrollo (DDS) para realizar la defensa de los derechos de los clientes de los centros regionales. OCRA tiene defensores de los derechos de los clientes (llamados &#8220;CRA&#8221;) para las personas que reciben servicios de todos los centros regionales. Su CRA puede ayudarlo. Ellos pueden brindarle informaci\u00f3n, capacitaci\u00f3n y responder preguntas por tel\u00e9fono. A veces, un abogado o defensor puede representarlo en la corte o en una audiencia administrativa. En el norte de California, llame al 800-390-7032; en el sur de California llame al 866-833-6712. L\u00ednea gratuita 877-669-6023<\/p>\n\n\n\n<p><strong>Unidad de Autodefensa de Pares de Disability Rights California:<\/strong> la Unidad de autodefensa de pares ofrece apoyo y ayuda a las personas que defienden sus propios derechos. Comparten experiencias y se apoyan mutuamente. Las personas que trabajan en esta unidad tambi\u00e9n tienen discapacidades. Esta unidad puede ayudarlo a aprender sobre sus derechos, c\u00f3mo funcionan los sistemas de servicios para discapacitados y c\u00f3mo defenderse a s\u00ed mismo. Llame al 800-776-5746.<\/p>\n\n\n\n<p><strong>Unidad de Investigaciones de<\/strong> <strong>Disability Rights California<\/strong>: la unidad de Investigaciones de DRC examina los informes de:<\/p>\n\n\n\n<ul class=\"wp-block-list\">\n<li>abuso y negligencia en hospitales estatales y otras instalaciones<\/li>\n\n\n\n<li>cuidado abusivo o negligente<\/li>\n\n\n\n<li>agresi\u00f3n sexual<\/li>\n\n\n\n<li>abuso f\u00edsico o negligencia<\/li>\n\n\n\n<li>uso inadecuado de la reclusi\u00f3n y la restricci\u00f3n.<\/li>\n<\/ul>\n\n\n\n<p>Tambi\u00e9n encuentran y documentan el abuso y la negligencia graves y sistem\u00e1ticos. Para obtener m\u00e1s informaci\u00f3n sobre la unidad de investigaciones, llame al 800-776-5746.<\/p>\n<div class=\"speaker-mute footnotes_reference_container\"> <div class=\"footnote_container_prepare\"><p><span role=\"button\" tabindex=\"0\" class=\"footnote_reference_container_label pointer\" onclick=\"footnote_expand_collapse_reference_container_1972_1();\">&#x202F;<\/span><span role=\"button\" tabindex=\"0\" class=\"footnote_reference_container_collapse_button\" style=\"display: none;\" onclick=\"footnote_expand_collapse_reference_container_1972_1();\">[<a id=\"footnote_reference_container_collapse_button_1972_1\">+<\/a>]<\/span><\/p><\/div> <div id=\"footnote_references_container_1972_1\" style=\"\"><table class=\"footnotes_table footnote-reference-container\"><caption class=\"accessibility\">References<\/caption> <tbody> \r\n\r\n<tr class=\"footnotes_plugin_reference_row\"> <th scope=\"row\" class=\"footnote_plugin_index_combi pointer\"  onclick=\"footnote_moveToAnchor_1972_1('footnote_plugin_tooltip_1972_1_1');\"><a id=\"footnote_plugin_reference_1972_1_1\" class=\"footnote_backlink\"><span class=\"footnote_index_arrow\">&#8593;<\/span>1<\/a><\/th> <td class=\"footnote_plugin_text\">Secci\u00f3n 4902<\/td><\/tr>\r\n\r\n <\/tbody> <\/table> <\/div><\/div><script type=\"text\/javascript\"> function footnote_expand_reference_container_1972_1() { jQuery('#footnote_references_container_1972_1').show(); jQuery('#footnote_reference_container_collapse_button_1972_1').text('\u2212'); } function footnote_collapse_reference_container_1972_1() { jQuery('#footnote_references_container_1972_1').hide(); jQuery('#footnote_reference_container_collapse_button_1972_1').text('+'); } function footnote_expand_collapse_reference_container_1972_1() { if (jQuery('#footnote_references_container_1972_1').is(':hidden')) { footnote_expand_reference_container_1972_1(); } else { footnote_collapse_reference_container_1972_1(); } } function footnote_moveToReference_1972_1(p_str_TargetID) { footnote_expand_reference_container_1972_1(); var l_obj_Target = jQuery('#' + p_str_TargetID); if (l_obj_Target.length) { jQuery( 'html, body' ).delay( 0 ); jQuery('html, body').animate({ scrollTop: l_obj_Target.offset().top - window.innerHeight * 0.2 }, 380); } } function footnote_moveToAnchor_1972_1(p_str_TargetID) { footnote_expand_reference_container_1972_1(); var l_obj_Target = jQuery('#' + p_str_TargetID); if (l_obj_Target.length) { jQuery( 'html, body' ).delay( 0 ); jQuery('html, body').animate({ scrollTop: l_obj_Target.offset().top - window.innerHeight * 0.2 }, 380); } }<\/script>","protected":false},"excerpt":{"rendered":"<p>El trabajo de DRC es proteger y defender los derechos de las personas con discapacidades.[1]Secci\u00f3n 4902 DRC tambi\u00e9n puede brindarle referencias e informaci\u00f3n sobre otros&hellip;<\/p>\n","protected":false},"author":1,"featured_media":0,"parent":1957,"menu_order":5,"comment_status":"closed","ping_status":"closed","template":"","meta":{"footnotes":""},"class_list":["post-1972","page","type-page","status-publish","hentry"],"_links":{"self":[{"href":"https:\/\/rula.disabilityrightsca.org\/es\/wp-json\/wp\/v2\/pages\/1972","targetHints":{"allow":["GET"]}}],"collection":[{"href":"https:\/\/rula.disabilityrightsca.org\/es\/wp-json\/wp\/v2\/pages"}],"about":[{"href":"https:\/\/rula.disabilityrightsca.org\/es\/wp-json\/wp\/v2\/types\/page"}],"author":[{"embeddable":true,"href":"https:\/\/rula.disabilityrightsca.org\/es\/wp-json\/wp\/v2\/users\/1"}],"replies":[{"embeddable":true,"href":"https:\/\/rula.disabilityrightsca.org\/es\/wp-json\/wp\/v2\/comments?post=1972"}],"version-history":[{"count":3,"href":"https:\/\/rula.disabilityrightsca.org\/es\/wp-json\/wp\/v2\/pages\/1972\/revisions"}],"predecessor-version":[{"id":3744,"href":"https:\/\/rula.disabilityrightsca.org\/es\/wp-json\/wp\/v2\/pages\/1972\/revisions\/3744"}],"up":[{"embeddable":true,"href":"https:\/\/rula.disabilityrightsca.org\/es\/wp-json\/wp\/v2\/pages\/1957"}],"wp:attachment":[{"href":"https:\/\/rula.disabilityrightsca.org\/es\/wp-json\/wp\/v2\/media?parent=1972"}],"curies":[{"name":"wp","href":"https:\/\/api.w.org\/{rel}","templated":true}]}}