{"id":1967,"date":"2021-09-24T16:43:20","date_gmt":"2021-09-24T16:43:20","guid":{"rendered":"http:\/\/www.rula.disabilityrightsca.org\/es\/?page_id=1967"},"modified":"2023-12-04T23:51:12","modified_gmt":"2023-12-04T23:51:12","slug":"5-4-quien-puede-ayudarme-con-la-defensa","status":"publish","type":"page","link":"https:\/\/rula.disabilityrightsca.org\/es\/rula-book\/capitulo-5-defenderse-a-si-mismo\/5-4-quien-puede-ayudarme-con-la-defensa\/","title":{"rendered":"(5.4) \u00bfQui\u00e9n puede ayudarme con la defensa?"},"content":{"rendered":"\n<p>Aqu\u00ed hay una lista de lugares que pueden ayudarlo: <span class=\"footnote_referrer\"><a role=\"button\" tabindex=\"0\" onclick=\"footnote_moveToReference_1967_1('footnote_plugin_reference_1967_1_1');\" onkeypress=\"footnote_moveToReference_1967_1('footnote_plugin_reference_1967_1_1');\" ><sup id=\"footnote_plugin_tooltip_1967_1_1\" class=\"footnote_plugin_tooltip_text\">[1]<\/sup><\/a><span id=\"footnote_plugin_tooltip_text_1967_1_1\" class=\"footnote_tooltip\">El centro regional debe darle un aviso cuando propone reducir, cambiar o terminar un servicio que ya est\u00e1 recibiendo, o niega un nuevo servicio que est\u00e1 solicitando. El aviso debe incluir los&nbsp;&#x2026; <span class=\"footnote_tooltip_continue\"  onclick=\"footnote_moveToReference_1967_1('footnote_plugin_reference_1967_1_1');\">Continue reading<\/span><\/span><\/span><script type=\"text\/javascript\"> jQuery('#footnote_plugin_tooltip_1967_1_1').tooltip({ tip: '#footnote_plugin_tooltip_text_1967_1_1', tipClass: 'footnote_tooltip', effect: 'fade', predelay: 0, fadeInSpeed: 200, delay: 400, fadeOutSpeed: 200, position: 'top center', relative: true, offset: [-7, 0], });<\/script><\/p>\n\n\n\n<ul class=\"wp-block-list\">\n<li>Llame a OCRA al 1-800-390-7032 en el norte de California o al 1-866-833-6712 en el sur de California. Pueden darle una lista de defensores de los derechos de los clientes que ayudan a las personas cercanas a cada uno de los 21 centros regionales.&nbsp;<\/li>\n\n\n\n<li>Llame al Consejo Estatal de Discapacidades del Desarrollo (SCDD). Tiene oficinas regionales que sol\u00edan llamarse Juntas de \u00c1rea. Visite&nbsp;<a href=\"https:\/\/scdd.ca.gov\/\">https:\/\/scdd.ca.gov\/<\/a>&nbsp;o ll\u00e1melos al (916) 263-7919.<\/li>\n\n\n\n<li>\u00danase a un grupo de autodefensa, como People First, para conocer a otras personas con discapacidades del desarrollo. Llame a la oficina local de Disability Rights California, OCRA u oficina regional del SCDD para obtener el n\u00famero de tel\u00e9fono del grupo People First cerca suyo.<\/li>\n\n\n\n<li>Llame a su centro de recursos familiares local. Encuentre uno cerca suyo haciendo <a href=\"http:\/\/www.frcnca.org\/get-connected\/\">clic aqu\u00ed<\/a>.<\/li>\n\n\n\n<li>Si vive en el Centro para el desarrollo Porterville o en Canyon Springs, llame al Defensor de derechos de los clientes y al Coordinador de servicios voluntarios de defensa.<\/li>\n\n\n\n<li>Si tiene problemas con los servicios vocacionales a trav\u00e9s del Departamento de Rehabilitaci\u00f3n, llame al Programa de Asistencia al Cliente de DRC al 800-776-5746 o la l\u00ednea gratuita al 800-719-5798 o visite el sitio web de DRC haciendo <a href=\"https:\/\/www.disabilityrightsca.org\/what-we-do\/programs\/client-assistance-program-cap\">clic aqu\u00ed<\/a>.<\/li>\n\n\n\n<li>Para obtener ayuda legal gratuita o de bajo costo, comun\u00edquese con la oficina de asistencia legal de su \u00e1rea. Visite:&nbsp;<a href=\"http:\/\/laacdirectory.org\/\">http:\/\/laacdirectory.org\/<\/a>.<\/li>\n\n\n\n<li>Si tiene problemas con un profesional autorizado, comun\u00edquese con el Departamento de Asuntos del Consumidor de California al: 800-952-5210 o TDD 800-326-2297.<\/li>\n\n\n\n<li>Llame al colegio de abogados de su condado local para obtener referencias de abogados en su \u00e1rea.<\/li>\n\n\n\n<li>Comun\u00edquese con una de estas agencias sin fines de lucro para obtener ayuda legal:<\/li>\n<\/ul>\n\n\n\n<p><strong>Fondo de Educaci\u00f3n y Defensa<\/strong> de los Derechos de las Personas con Discapacidad<br>3075 Adeline Street, Suite 210, Berkeley, CA 94703<br>Voz: 510-644-2555, L\u00ednea gratuita 510-841-8645<br><a href=\"http:\/\/www.dredf.org\"><em>www.dredf.org<\/em><\/a><\/p>\n\n\n\n<p><strong>Mental Health Advocacy Services<\/strong> (Servicios de defensor\u00eda de salud mental)<br>3255 Wilshire Blvd., Suite 902, Los Angeles, CA 90010<br>Voz: 213-389-2077; Correo Electr\u00f3nico: info@mhas-la.org<br><a href=\"http:\/\/www.mhas-la.org\"><em>www.mhas-la.org<\/em><\/a><\/p>\n\n\n\n<p><strong>Deaf Counseling, Advocacy and Referral Agency (DCARA)<\/strong><br>(Agencia de Consejer\u00eda, Defensa y Remisi\u00f3n para Sordos)<strong>(SOLO en el norte de California)<\/strong> 510-343-6670; Email: info@dcara.org<br><a href=\"http:\/\/www.dcara.org\"><em>www.dcara.org<\/em><\/a><\/p>\n\n\n\n<p><strong>Disability Rights Advocates<\/strong> (Defensores de los Derechos de las Personas con Discapacidad) 2001 Center Street, cuarto piso, Berkeley, CA 94704-1204<br>Voz: 510-665-8644; Email: info@dralegal.org<br><a href=\"http:\/\/www.dralegal.org\"><em>www.dralegal.org<\/em><\/a><\/p>\n\n\n\n<p><strong>Mental Health Advocacy Project<\/strong> (Proyecto de Defensa de la Salud Mental) Fundaci\u00f3n de Derecho de Silicon Valley<br>4 Forth Second Street, Suite 1300, San Jos\u00e9, CA 95113<br>Voz: 408-293-4790<br><a href=\"http:\/\/www.lawfoundation.org\/mhap\"><em>www.lawfoundation.org\/mhap<\/em><\/a><\/p>\n\n\n\n<p><strong>Disability Rights Legal Center<\/strong> (Centro Legal de Disability Rights)<br>Voz: 213-736-1031<br>L\u00ednea gratuita: 213-736-8310<br>Correo electr\u00f3nico: DRLC@drlcenter.org<br><a href=\"https:\/\/thedrlc.org\/\"><em>https:\/\/thedrlc.org\/<\/em><\/a><\/p>\n<div class=\"speaker-mute footnotes_reference_container\"> <div class=\"footnote_container_prepare\"><p><span role=\"button\" tabindex=\"0\" class=\"footnote_reference_container_label pointer\" onclick=\"footnote_expand_collapse_reference_container_1967_1();\">&#x202F;<\/span><span role=\"button\" tabindex=\"0\" class=\"footnote_reference_container_collapse_button\" style=\"display: none;\" onclick=\"footnote_expand_collapse_reference_container_1967_1();\">[<a id=\"footnote_reference_container_collapse_button_1967_1\">+<\/a>]<\/span><\/p><\/div> <div id=\"footnote_references_container_1967_1\" style=\"\"><table class=\"footnotes_table footnote-reference-container\"><caption class=\"accessibility\">References<\/caption> <tbody> \r\n\r\n<tr class=\"footnotes_plugin_reference_row\"> <th scope=\"row\" class=\"footnote_plugin_index_combi pointer\"  onclick=\"footnote_moveToAnchor_1967_1('footnote_plugin_tooltip_1967_1_1');\"><a id=\"footnote_plugin_reference_1967_1_1\" class=\"footnote_backlink\"><span class=\"footnote_index_arrow\">&#8593;<\/span>1<\/a><\/th> <td class=\"footnote_plugin_text\">El centro regional debe darle un aviso cuando propone reducir, cambiar o terminar un servicio que ya est\u00e1 recibiendo, o niega un nuevo servicio que est\u00e1 solicitando. El aviso debe incluir los servicios de defensa que puede necesitar para apelar la decisi\u00f3n del centro regional. Consulte la secci\u00f3n 4701(g)<\/td><\/tr>\r\n\r\n <\/tbody> <\/table> <\/div><\/div><script type=\"text\/javascript\"> function footnote_expand_reference_container_1967_1() { jQuery('#footnote_references_container_1967_1').show(); jQuery('#footnote_reference_container_collapse_button_1967_1').text('\u2212'); } function footnote_collapse_reference_container_1967_1() { jQuery('#footnote_references_container_1967_1').hide(); jQuery('#footnote_reference_container_collapse_button_1967_1').text('+'); } function footnote_expand_collapse_reference_container_1967_1() { if (jQuery('#footnote_references_container_1967_1').is(':hidden')) { footnote_expand_reference_container_1967_1(); } else { footnote_collapse_reference_container_1967_1(); } } function footnote_moveToReference_1967_1(p_str_TargetID) { footnote_expand_reference_container_1967_1(); var l_obj_Target = jQuery('#' + p_str_TargetID); if (l_obj_Target.length) { jQuery( 'html, body' ).delay( 0 ); jQuery('html, body').animate({ scrollTop: l_obj_Target.offset().top - window.innerHeight * 0.2 }, 380); } } function footnote_moveToAnchor_1967_1(p_str_TargetID) { footnote_expand_reference_container_1967_1(); var l_obj_Target = jQuery('#' + p_str_TargetID); if (l_obj_Target.length) { jQuery( 'html, body' ).delay( 0 ); jQuery('html, body').animate({ scrollTop: l_obj_Target.offset().top - window.innerHeight * 0.2 }, 380); } }<\/script>","protected":false},"excerpt":{"rendered":"<p>Aqu\u00ed hay una lista de lugares que pueden ayudarlo: [1]El centro regional debe darle un aviso cuando propone reducir, cambiar o terminar un servicio que&hellip;<\/p>\n","protected":false},"author":1,"featured_media":0,"parent":1957,"menu_order":4,"comment_status":"closed","ping_status":"closed","template":"","meta":{"footnotes":""},"class_list":["post-1967","page","type-page","status-publish","hentry"],"_links":{"self":[{"href":"https:\/\/rula.disabilityrightsca.org\/es\/wp-json\/wp\/v2\/pages\/1967","targetHints":{"allow":["GET"]}}],"collection":[{"href":"https:\/\/rula.disabilityrightsca.org\/es\/wp-json\/wp\/v2\/pages"}],"about":[{"href":"https:\/\/rula.disabilityrightsca.org\/es\/wp-json\/wp\/v2\/types\/page"}],"author":[{"embeddable":true,"href":"https:\/\/rula.disabilityrightsca.org\/es\/wp-json\/wp\/v2\/users\/1"}],"replies":[{"embeddable":true,"href":"https:\/\/rula.disabilityrightsca.org\/es\/wp-json\/wp\/v2\/comments?post=1967"}],"version-history":[{"count":4,"href":"https:\/\/rula.disabilityrightsca.org\/es\/wp-json\/wp\/v2\/pages\/1967\/revisions"}],"predecessor-version":[{"id":3743,"href":"https:\/\/rula.disabilityrightsca.org\/es\/wp-json\/wp\/v2\/pages\/1967\/revisions\/3743"}],"up":[{"embeddable":true,"href":"https:\/\/rula.disabilityrightsca.org\/es\/wp-json\/wp\/v2\/pages\/1957"}],"wp:attachment":[{"href":"https:\/\/rula.disabilityrightsca.org\/es\/wp-json\/wp\/v2\/media?parent=1967"}],"curies":[{"name":"wp","href":"https:\/\/api.w.org\/{rel}","templated":true}]}}