{"id":1963,"date":"2021-09-24T16:39:56","date_gmt":"2021-09-24T16:39:56","guid":{"rendered":"http:\/\/www.rula.disabilityrightsca.org\/es\/?page_id=1963"},"modified":"2022-04-22T21:58:38","modified_gmt":"2022-04-22T21:58:38","slug":"5-2-quien-puede-ser-un-defensor","status":"publish","type":"page","link":"https:\/\/rula.disabilityrightsca.org\/es\/rula-book\/capitulo-5-defenderse-a-si-mismo\/5-2-quien-puede-ser-un-defensor\/","title":{"rendered":"(5.2) \u00bfQui\u00e9n puede ser un defensor?"},"content":{"rendered":"\n<p>Cualquiera puede ser un defensor. Usted puede abogar por s\u00ed mismo. Puede ser defensor de otra persona. O puede hacer que alguien m\u00e1s sea su defensor.<\/p>\n\n\n\n<p>Aseg\u00farese de que usted y su defensor est\u00e9n de acuerdo en sus objetivos. P\u00f3ngalo por escrito. Exprese que quiere que la persona sea su defensor Tambi\u00e9n escriba su objetivo, como obtener un nuevo servicio o conservar los servicios que ya tiene.<\/p>\n","protected":false},"excerpt":{"rendered":"<p>Cualquiera puede ser un defensor. Usted puede abogar por s\u00ed mismo. Puede ser defensor de otra persona. O puede hacer que alguien m\u00e1s sea su&hellip;<\/p>\n","protected":false},"author":1,"featured_media":0,"parent":1957,"menu_order":2,"comment_status":"closed","ping_status":"closed","template":"","meta":{"footnotes":""},"class_list":["post-1963","page","type-page","status-publish","hentry"],"_links":{"self":[{"href":"https:\/\/rula.disabilityrightsca.org\/es\/wp-json\/wp\/v2\/pages\/1963","targetHints":{"allow":["GET"]}}],"collection":[{"href":"https:\/\/rula.disabilityrightsca.org\/es\/wp-json\/wp\/v2\/pages"}],"about":[{"href":"https:\/\/rula.disabilityrightsca.org\/es\/wp-json\/wp\/v2\/types\/page"}],"author":[{"embeddable":true,"href":"https:\/\/rula.disabilityrightsca.org\/es\/wp-json\/wp\/v2\/users\/1"}],"replies":[{"embeddable":true,"href":"https:\/\/rula.disabilityrightsca.org\/es\/wp-json\/wp\/v2\/comments?post=1963"}],"version-history":[{"count":3,"href":"https:\/\/rula.disabilityrightsca.org\/es\/wp-json\/wp\/v2\/pages\/1963\/revisions"}],"predecessor-version":[{"id":2841,"href":"https:\/\/rula.disabilityrightsca.org\/es\/wp-json\/wp\/v2\/pages\/1963\/revisions\/2841"}],"up":[{"embeddable":true,"href":"https:\/\/rula.disabilityrightsca.org\/es\/wp-json\/wp\/v2\/pages\/1957"}],"wp:attachment":[{"href":"https:\/\/rula.disabilityrightsca.org\/es\/wp-json\/wp\/v2\/media?parent=1963"}],"curies":[{"name":"wp","href":"https:\/\/api.w.org\/{rel}","templated":true}]}}