{"id":1960,"date":"2021-09-24T16:32:32","date_gmt":"2021-09-24T16:32:32","guid":{"rendered":"http:\/\/www.rula.disabilityrightsca.org\/es\/?page_id=1960"},"modified":"2023-12-04T23:49:51","modified_gmt":"2023-12-04T23:49:51","slug":"5-1-que-es-la-defensoria","status":"publish","type":"page","link":"https:\/\/rula.disabilityrightsca.org\/es\/rula-book\/capitulo-5-defenderse-a-si-mismo\/5-1-que-es-la-defensoria\/","title":{"rendered":"(5.1) \u00bfQu\u00e9 es la defensor\u00eda?"},"content":{"rendered":"\n<p>Las personas con discapacidades del desarrollo tienen derechos civiles y personales. Estos incluyen el derecho a recibir los servicios para los que califican y el derecho a recibirlos en el entorno m\u00e1s integrado. Abogar significa hablar y luchar por estos derechos.<\/p>\n\n\n\n<p>El centro regional, y todas las agencias p\u00fablicas, <strong>deben<\/strong> respetar sus derechos. <strong>Deben<\/strong> seguir la ley y ciertas reglas. Muchas reglas hablan sobre c\u00f3mo obtener los servicios que usted necesita y elige.<\/p>\n\n\n\n<p>Si su centro regional no le brinda los servicios o apoyos que tiene derecho a recibir, usted puede disputar (apelar) su decisi\u00f3n.<\/p>\n\n\n\n<p><strong>Importante! <\/strong>Existe una fecha l\u00edmite para apelar. Si no cumple con la fecha l\u00edmite, es posible que no pueda apelar. Consulte el\u00a0<a href=\"https:\/\/rula.disabilityrightsca.org\/es\/rula-book\/capitulo-10-apelaciones-y-reclamos-desacuerdos-con-centros-regionales-centros-de-desarrollo-o-proveedores-de-servicios\/\" data-type=\"page\" data-id=\"2072\">Cap\u00edtulo 10<\/a>\u00a0para obtener informaci\u00f3n sobre apelaciones.<\/p>\n\n\n\n<p>Si est\u00e1 apelando una decisi\u00f3n de otra agencia, pregunte cu\u00e1l es la fecha l\u00edmite para presentar una apelaci\u00f3n.<\/p>\n","protected":false},"excerpt":{"rendered":"<p>Las personas con discapacidades del desarrollo tienen derechos civiles y personales. Estos incluyen el derecho a recibir los servicios para los que califican y el&hellip;<\/p>\n","protected":false},"author":1,"featured_media":0,"parent":1957,"menu_order":1,"comment_status":"closed","ping_status":"closed","template":"","meta":{"footnotes":""},"class_list":["post-1960","page","type-page","status-publish","hentry"],"_links":{"self":[{"href":"https:\/\/rula.disabilityrightsca.org\/es\/wp-json\/wp\/v2\/pages\/1960","targetHints":{"allow":["GET"]}}],"collection":[{"href":"https:\/\/rula.disabilityrightsca.org\/es\/wp-json\/wp\/v2\/pages"}],"about":[{"href":"https:\/\/rula.disabilityrightsca.org\/es\/wp-json\/wp\/v2\/types\/page"}],"author":[{"embeddable":true,"href":"https:\/\/rula.disabilityrightsca.org\/es\/wp-json\/wp\/v2\/users\/1"}],"replies":[{"embeddable":true,"href":"https:\/\/rula.disabilityrightsca.org\/es\/wp-json\/wp\/v2\/comments?post=1960"}],"version-history":[{"count":6,"href":"https:\/\/rula.disabilityrightsca.org\/es\/wp-json\/wp\/v2\/pages\/1960\/revisions"}],"predecessor-version":[{"id":3742,"href":"https:\/\/rula.disabilityrightsca.org\/es\/wp-json\/wp\/v2\/pages\/1960\/revisions\/3742"}],"up":[{"embeddable":true,"href":"https:\/\/rula.disabilityrightsca.org\/es\/wp-json\/wp\/v2\/pages\/1957"}],"wp:attachment":[{"href":"https:\/\/rula.disabilityrightsca.org\/es\/wp-json\/wp\/v2\/media?parent=1960"}],"curies":[{"name":"wp","href":"https:\/\/api.w.org\/{rel}","templated":true}]}}