{"id":1957,"date":"2021-09-24T16:29:03","date_gmt":"2021-09-24T16:29:03","guid":{"rendered":"http:\/\/www.rula.disabilityrightsca.org\/es\/?page_id=1957"},"modified":"2022-03-01T22:17:44","modified_gmt":"2022-03-01T22:17:44","slug":"capitulo-5-defenderse-a-si-mismo","status":"publish","type":"page","link":"https:\/\/rula.disabilityrightsca.org\/es\/rula-book\/capitulo-5-defenderse-a-si-mismo\/","title":{"rendered":"Cap\u00edtulo 5: Defenderse a s\u00ed mismo"},"content":{"rendered":"\n<p><div class=\"print-fullchapter-wrap\"><div class=\"print-fullchapter\"><a href=\"https:\/\/rula.disabilityrightsca.org\/es\/chapter-5-print\/\">Imprimir todo el cap\u00edtulo<\/a><\/div><\/div><\/p>\n\n\n\n<p>Este cap\u00edtulo trata sobre c\u00f3mo defenderse a s\u00ed mismo, defender a otra persona y obtener el apoyo de una organizaci\u00f3n de defensa. Incluye los siguientes aspectos:<\/p>\n\n\n\n<ul class=\"wp-block-list\"><li>\u00bfQu\u00e9 es la defensor\u00eda?<\/li><li>Organizaciones de defensor\u00eda<\/li><li>Habilidades individuales de defensa<\/li><li>Oportunidades de defensa de sistemas<\/li><\/ul>\n\n\n\n<p>Esta informaci\u00f3n se toma principalmente de una ley estatal llamada Ley Lanterman, que comienza en la secci\u00f3n 4500 del C\u00f3digo de Instituciones y Bienestar Social de California. Le proporcionamos la secci\u00f3n de esta ley estatal donde puede encontrar la informaci\u00f3n que escribimos. Es posible que deba consultar la ley para obtener los servicios que necesita. Cuando vea la palabra &#8220;secci\u00f3n(es)&#8221; seguida de un n\u00famero y ninguna otra informaci\u00f3n, significa secci\u00f3n(es) de la Ley Lanterman. Para leer la Ley Lanterman,&nbsp;<a href=\"https:\/\/www.dds.ca.gov\/transparency\/laws-regulations\/lanterman-act-and-related-laws\/\">haga clic aqu\u00ed<\/a><\/p>\n\n\n<div class=\"menu-chapter-5-container\"><ul id=\"menu-chapter-5\" class=\"menu\"><li id=\"menu-item-1962\" class=\"menu-item menu-item-type-post_type menu-item-object-page menu-item-1962\"><a href=\"https:\/\/rula.disabilityrightsca.org\/es\/rula-book\/capitulo-5-defenderse-a-si-mismo\/5-1-que-es-la-defensoria\/\">(5.1) \u00bfQu\u00e9 es la defensor\u00eda?<\/a><\/li>\n<li id=\"menu-item-1969\" class=\"menu-item menu-item-type-post_type menu-item-object-page menu-item-1969\"><a href=\"https:\/\/rula.disabilityrightsca.org\/es\/rula-book\/capitulo-5-defenderse-a-si-mismo\/5-2-quien-puede-ser-un-defensor\/\">(5.2) \u00bfQui\u00e9n puede ser un defensor?<\/a><\/li>\n<li id=\"menu-item-1970\" class=\"menu-item menu-item-type-post_type menu-item-object-page menu-item-1970\"><a href=\"https:\/\/rula.disabilityrightsca.org\/es\/rula-book\/capitulo-5-defenderse-a-si-mismo\/5-3-necesito-un-abogado\/\">(5.3) \u00bfNecesito un abogado?<\/a><\/li>\n<li id=\"menu-item-1971\" class=\"menu-item menu-item-type-post_type menu-item-object-page menu-item-1971\"><a href=\"https:\/\/rula.disabilityrightsca.org\/es\/rula-book\/capitulo-5-defenderse-a-si-mismo\/5-4-quien-puede-ayudarme-con-la-defensa\/\">(5.4) \u00bfQui\u00e9n puede ayudarme con la defensa?<\/a><\/li>\n<li id=\"menu-item-1986\" class=\"menu-item menu-item-type-post_type menu-item-object-page menu-item-1986\"><a href=\"https:\/\/rula.disabilityrightsca.org\/es\/rula-book\/capitulo-5-defenderse-a-si-mismo\/5-5-como-protege-disability-rights-california-drc-mis-derechos\/\">(5.5) \u00bfC\u00f3mo protege Disability Rights California (DRC) mis derechos?<\/a><\/li>\n<li id=\"menu-item-1987\" class=\"menu-item menu-item-type-post_type menu-item-object-page menu-item-1987\"><a href=\"https:\/\/rula.disabilityrightsca.org\/es\/rula-book\/capitulo-5-defenderse-a-si-mismo\/5-6-que-es-el-consejo-estatal-de-discapacidades-del-desarrollo\/\">(5.6) \u00bfQu\u00e9 es el Consejo Estatal de Discapacidades del Desarrollo?<\/a><\/li>\n<li id=\"menu-item-1988\" class=\"menu-item menu-item-type-post_type menu-item-object-page menu-item-1988\"><a href=\"https:\/\/rula.disabilityrightsca.org\/es\/rula-book\/capitulo-5-defenderse-a-si-mismo\/5-7-como-opera-el-scdd-en-california\/\">(5.7) \u00bfC\u00f3mo opera el SCDD en California?<\/a><\/li>\n<li id=\"menu-item-1989\" class=\"menu-item menu-item-type-post_type menu-item-object-page menu-item-1989\"><a href=\"https:\/\/rula.disabilityrightsca.org\/es\/rula-book\/capitulo-5-defenderse-a-si-mismo\/5-8-quienes-son-los-defensores-de-los-derechos-de-los-clientes-y-los-coordinadores-voluntarios-de-servicios-de-defensa-en-las-instalaciones\/\">(5.8) \u00bfQui\u00e9nes son los defensores de los derechos de los clientes y los coordinadores voluntarios de servicios de defensa en las instalaciones?<\/a><\/li>\n<li id=\"menu-item-1990\" class=\"menu-item menu-item-type-post_type menu-item-object-page menu-item-1990\"><a href=\"https:\/\/rula.disabilityrightsca.org\/es\/rula-book\/capitulo-5-defenderse-a-si-mismo\/5-9-que-es-el-programa-de-asistencia-al-cliente-cap\/\">(5.9) \u00bfQu\u00e9 es el Programa de Asistencia al Cliente (CAP)?<\/a><\/li>\n<li id=\"menu-item-1991\" class=\"menu-item menu-item-type-post_type menu-item-object-page menu-item-1991\"><a href=\"https:\/\/rula.disabilityrightsca.org\/es\/rula-book\/capitulo-5-defenderse-a-si-mismo\/5-10-que-es-people-first-y-como-me-adhiero\/\">(5.10) \u00bfQu\u00e9 es &#8220;People First&#8221; y c\u00f3mo me adhiero?<\/a><\/li>\n<li id=\"menu-item-1992\" class=\"menu-item menu-item-type-post_type menu-item-object-page menu-item-1992\"><a href=\"https:\/\/rula.disabilityrightsca.org\/es\/rula-book\/capitulo-5-defenderse-a-si-mismo\/5-11-puede-el-centro-regional-ayudarme-a-ser-mi-propio-defensor\/\">(5.11) \u00bfPuede el centro regional ayudarme a ser mi propio defensor?<\/a><\/li>\n<li id=\"menu-item-2042\" class=\"menu-item menu-item-type-post_type menu-item-object-page menu-item-2042\"><a href=\"https:\/\/rula.disabilityrightsca.org\/es\/rula-book\/capitulo-5-defenderse-a-si-mismo\/5-12-como-pueden-ayudarme-los-centros-de-recursos-para-la-familia\/\">(5.12) \u00bfC\u00f3mo pueden ayudarme los Centros de Recursos para la Familia?<\/a><\/li>\n<li id=\"menu-item-2027\" class=\"menu-item menu-item-type-post_type menu-item-object-page menu-item-2027\"><a href=\"https:\/\/rula.disabilityrightsca.org\/es\/rula-book\/capitulo-5-defenderse-a-si-mismo\/5-13-si-no-tengo-a-nadie-que-me-ayude-a-defenderme-puedo-conseguir-un-representante\/\">(5.13) Si no tengo a nadie que me ayude a defenderme, \u00bfpuedo conseguir un representante?<\/a><\/li>\n<li id=\"menu-item-2028\" class=\"menu-item menu-item-type-post_type menu-item-object-page menu-item-2028\"><a href=\"https:\/\/rula.disabilityrightsca.org\/es\/rula-book\/capitulo-5-defenderse-a-si-mismo\/5-14-que-debo-saber-para-ser-un-buen-defensor\/\">(5.14) \u00bfQu\u00e9 debo saber para ser un buen defensor?<\/a><\/li>\n<li id=\"menu-item-2029\" class=\"menu-item menu-item-type-post_type menu-item-object-page menu-item-2029\"><a href=\"https:\/\/rula.disabilityrightsca.org\/es\/rula-book\/capitulo-5-defenderse-a-si-mismo\/5-15-como-puedo-convertirme-en-un-mejor-negociador\/\">(5.15) \u00bfC\u00f3mo puedo convertirme en un mejor negociador?<\/a><\/li>\n<li id=\"menu-item-2030\" class=\"menu-item menu-item-type-post_type menu-item-object-page menu-item-2030\"><a href=\"https:\/\/rula.disabilityrightsca.org\/es\/rula-book\/capitulo-5-defenderse-a-si-mismo\/5-16-que-es-la-evidencia\/\">(5.16) \u00bfQu\u00e9 es la evidencia?<\/a><\/li>\n<li id=\"menu-item-2031\" class=\"menu-item menu-item-type-post_type menu-item-object-page menu-item-2031\"><a href=\"https:\/\/rula.disabilityrightsca.org\/es\/rula-book\/capitulo-5-defenderse-a-si-mismo\/5-17-como-puedo-saber-cual-es-la-posicion-del-centro-regional-u-otra-agencia-en-mi-caso\/\">(5.17) \u00bfC\u00f3mo puedo saber cu\u00e1l es la posici\u00f3n del centro regional u otra agencia en mi caso?<\/a><\/li>\n<li id=\"menu-item-2032\" class=\"menu-item menu-item-type-post_type menu-item-object-page menu-item-2032\"><a href=\"https:\/\/rula.disabilityrightsca.org\/es\/rula-book\/capitulo-5-defenderse-a-si-mismo\/5-18-como-puedo-cambiar-el-sistema-de-centros-regionales-para-que-funcione-mejor-para-todas-las-personas-con-discapacidades-del-desarrollo\/\">(5.18) \u00bfC\u00f3mo puedo cambiar el sistema de centros regionales para que funcione mejor para todas las personas con discapacidades del desarrollo?<\/a><\/li>\n<li id=\"menu-item-2033\" class=\"menu-item menu-item-type-post_type menu-item-object-page menu-item-2033\"><a href=\"https:\/\/rula.disabilityrightsca.org\/es\/rula-book\/capitulo-5-defenderse-a-si-mismo\/5-19-que-es-una-organizacion-de-partes-interesadas-y-como-puedo-unirme-a-una\/\">(5.19) \u00bfQu\u00e9 es una &#8220;organizaci\u00f3n de partes interesadas&#8221; y c\u00f3mo puedo unirme a una?<\/a><\/li>\n<li id=\"menu-item-2034\" class=\"menu-item menu-item-type-post_type menu-item-object-page menu-item-2034\"><a href=\"https:\/\/rula.disabilityrightsca.org\/es\/rula-book\/capitulo-5-defenderse-a-si-mismo\/5-20-que-es-un-grupo-de-trabajo-o-grupo-asesor-y-como-puedo-unirme-a-uno\/\">(5.20) \u00bfQu\u00e9 es un grupo de trabajo o grupo asesor y c\u00f3mo puedo unirme a uno?<\/a><\/li>\n<li id=\"menu-item-2035\" class=\"menu-item menu-item-type-post_type menu-item-object-page menu-item-2035\"><a href=\"https:\/\/rula.disabilityrightsca.org\/es\/rula-book\/capitulo-5-defenderse-a-si-mismo\/5-21-como-puedo-asegurarme-de-que-mi-centro-regional-tenga-los-servicios-y-apoyos-que-la-gente-quiere\/\">(5.21) \u00bfC\u00f3mo puedo asegurarme de que mi centro regional tenga los servicios y apoyos que la gente quiere?<\/a><\/li>\n<li id=\"menu-item-2036\" class=\"menu-item menu-item-type-post_type menu-item-object-page menu-item-2036\"><a href=\"https:\/\/rula.disabilityrightsca.org\/es\/rula-book\/capitulo-5-defenderse-a-si-mismo\/5-22-como-puedo-asegurarme-de-que-el-sistema-considere-las-opiniones-de-personas-de-diferentes-grupos-etnicos\/\">(5.22) \u00bfC\u00f3mo puedo asegurarme de que el sistema considere las opiniones de personas de diferentes grupos \u00e9tnicos?<\/a><\/li>\n<li id=\"menu-item-2037\" class=\"menu-item menu-item-type-post_type menu-item-object-page menu-item-2037\"><a href=\"https:\/\/rula.disabilityrightsca.org\/es\/rula-book\/capitulo-5-defenderse-a-si-mismo\/5-23-puedo-defenderme-a-mi-y-a-los-demas-a-traves-de-una-de-las-oficinas-regionales-del-consejo-estatal-de-discapacidades-del-desarrollo\/\">(5.23) \u00bfPuedo defenderme a m\u00ed y a los dem\u00e1s a trav\u00e9s de una de las oficinas regionales del Consejo Estatal de Discapacidades del Desarrollo?<\/a><\/li>\n<li id=\"menu-item-2038\" class=\"menu-item menu-item-type-post_type menu-item-object-page menu-item-2038\"><a href=\"https:\/\/rula.disabilityrightsca.org\/es\/rula-book\/capitulo-5-defenderse-a-si-mismo\/5-24-como-puedo-ingresar-en-la-junta-directiva-del-centro-regional\/\">(5.24) \u00bfC\u00f3mo puedo ingresar en la junta directiva del centro regional?<\/a><\/li>\n<li id=\"menu-item-2039\" class=\"menu-item menu-item-type-post_type menu-item-object-page menu-item-2039\"><a href=\"https:\/\/rula.disabilityrightsca.org\/es\/rula-book\/capitulo-5-defenderse-a-si-mismo\/5-25-puedo-conseguir-un-facilitador-a-traves-del-centro-regional-para-que-me-ayude-a-defenderme-o-participar-en-juntas-o-reuniones\/\">(5.25) \u00bfPuedo conseguir un facilitador a trav\u00e9s del centro regional para que me ayude a defenderme o participar en juntas o reuniones?<\/a><\/li>\n<li id=\"menu-item-2040\" class=\"menu-item menu-item-type-post_type menu-item-object-page menu-item-2040\"><a href=\"https:\/\/rula.disabilityrightsca.org\/es\/rula-book\/capitulo-5-defenderse-a-si-mismo\/5-26-que-son-los-comites-asesores-locales-y-estatales\/\">(5.26) \u00bfQu\u00e9 son los comit\u00e9s asesores locales y estatales?<\/a><\/li>\n<li id=\"menu-item-2041\" class=\"menu-item menu-item-type-post_type menu-item-object-page menu-item-2041\"><a href=\"https:\/\/rula.disabilityrightsca.org\/es\/rula-book\/capitulo-5-defenderse-a-si-mismo\/5-27-como-puedo-ingresar-en-la-junta-directiva-de-disability-rights-california\/\">(5.27) \u00bfC\u00f3mo puedo ingresar en la junta directiva de Disability Rights California?<\/a><\/li>\n<\/ul><\/div>\n","protected":false},"excerpt":{"rendered":"<p>Imprimir todo el cap\u00edtulo Este cap\u00edtulo trata sobre c\u00f3mo defenderse a s\u00ed mismo, defender a otra persona y obtener el apoyo de una organizaci\u00f3n de&hellip;<\/p>\n","protected":false},"author":1,"featured_media":0,"parent":33,"menu_order":5,"comment_status":"closed","ping_status":"closed","template":"","meta":{"footnotes":""},"class_list":["post-1957","page","type-page","status-publish","hentry"],"_links":{"self":[{"href":"https:\/\/rula.disabilityrightsca.org\/es\/wp-json\/wp\/v2\/pages\/1957","targetHints":{"allow":["GET"]}}],"collection":[{"href":"https:\/\/rula.disabilityrightsca.org\/es\/wp-json\/wp\/v2\/pages"}],"about":[{"href":"https:\/\/rula.disabilityrightsca.org\/es\/wp-json\/wp\/v2\/types\/page"}],"author":[{"embeddable":true,"href":"https:\/\/rula.disabilityrightsca.org\/es\/wp-json\/wp\/v2\/users\/1"}],"replies":[{"embeddable":true,"href":"https:\/\/rula.disabilityrightsca.org\/es\/wp-json\/wp\/v2\/comments?post=1957"}],"version-history":[{"count":9,"href":"https:\/\/rula.disabilityrightsca.org\/es\/wp-json\/wp\/v2\/pages\/1957\/revisions"}],"predecessor-version":[{"id":3211,"href":"https:\/\/rula.disabilityrightsca.org\/es\/wp-json\/wp\/v2\/pages\/1957\/revisions\/3211"}],"up":[{"embeddable":true,"href":"https:\/\/rula.disabilityrightsca.org\/es\/wp-json\/wp\/v2\/pages\/33"}],"wp:attachment":[{"href":"https:\/\/rula.disabilityrightsca.org\/es\/wp-json\/wp\/v2\/media?parent=1957"}],"curies":[{"name":"wp","href":"https:\/\/api.w.org\/{rel}","templated":true}]}}