{"id":1944,"date":"2021-09-23T18:52:53","date_gmt":"2021-09-23T18:52:53","guid":{"rendered":"http:\/\/www.rula.disabilityrightsca.org\/es\/?page_id=1944"},"modified":"2023-12-06T17:09:02","modified_gmt":"2023-12-06T17:09:02","slug":"suplemento-i-planificador-de-reuniones-de-ipp","status":"publish","type":"page","link":"https:\/\/rula.disabilityrightsca.org\/es\/suplementos\/suplemento-i-planificador-de-reuniones-de-ipp\/","title":{"rendered":"Suplemento\u00a0I: Planificador de reuniones de IPP"},"content":{"rendered":"\n<p>Esta planilla puede ayudarlo a planificar la reuni\u00f3n de su IPP. Util\u00edcela como ayuda para pensar qu\u00e9 desea. Deber\u00eda hablar de todo lo que quiere durante la reuni\u00f3n del IPP.<\/p>\n\n\n\n<h3 class=\"wp-block-heading\"><strong>D\u00f3nde vivir<\/strong><\/h3>\n\n\n\n<p><strong>\u00bfD\u00f3nde desea vivir?<\/strong><\/p>\n\n\n\n<ul class=\"wp-block-list\">\n<li>En el lugar donde estoy<\/li>\n\n\n\n<li>En la casa de mis padres<\/li>\n\n\n\n<li>En mi propia casa<\/li>\n\n\n\n<li>Con una familia de acogida (Agencia de hogares familiares para adultos)<\/li>\n\n\n\n<li>Un hogar grupal<\/li>\n\n\n\n<li>Modo de vida con apoyo<\/li>\n\n\n\n<li>Modo de vida independiente<\/li>\n\n\n\n<li>Mi propia casa con compa\u00f1eros de habitaci\u00f3n<\/li>\n\n\n\n<li>Otro lugar<\/li>\n<\/ul>\n\n\n\n<p><strong>\u00bfQu\u00e9 servicios necesita como ayuda para vivir donde desea?<\/strong><\/p>\n\n\n\n<ul class=\"wp-block-list\">\n<li>M\u00e1s capacitaci\u00f3n<\/li>\n\n\n\n<li>Ayuda para administrar mi dinero<\/li>\n\n\n\n<li>Un asistente o compa\u00f1ero de habitaci\u00f3n<\/li>\n\n\n\n<li>Ayuda para encontrar un lugar donde vivir<\/li>\n\n\n\n<li>Alguien que me apoye y ayude constantemente<\/li>\n\n\n\n<li>Ayuda para realizar las compras, cocinar y\/o limpiar<\/li>\n\n\n\n<li>Estar seguro<\/li>\n\n\n\n<li>Otros servicios<\/li>\n<\/ul>\n\n\n\n<h3 class=\"wp-block-heading\"><strong>Trabajo y Escuela<\/strong><\/h3>\n\n\n\n<p><strong>\u00bfD\u00f3nde desea trabajar o a qu\u00e9 escuela desea asistir?<\/strong><\/p>\n\n\n\n<ul class=\"wp-block-list\">\n<li>Quedarme donde estoy trabajando ahora<\/li>\n\n\n\n<li>Quedarme donde voy a la escuela ahora<\/li>\n\n\n\n<li>Un colegio o un trabajo diferente<\/li>\n\n\n\n<li>Conseguir un trabajo competitivo e integrado (al menos con el salario m\u00ednimo y con personas no discapacitadas)<\/li>\n\n\n\n<li>\u00bfOtras ideas?<\/li>\n<\/ul>\n\n\n\n<p><strong>\u00bfQu\u00e9 tipo de trabajo desea hacer o a qu\u00e9 escuela desea asistir?<\/strong><\/p>\n\n\n\n<ul class=\"wp-block-list\">\n<li>Trabajo remunerado<\/li>\n\n\n\n<li>Trabajo voluntario- \u00bfqu\u00e9 le interesa?<\/li>\n\n\n\n<li>Otro tipo de trabajo<\/li>\n\n\n\n<li>Facultad<\/li>\n\n\n\n<li>Clases de formaci\u00f3n para adultos<\/li>\n\n\n\n<li>Otro tipo de escuela<\/li>\n<\/ul>\n\n\n\n<p><strong>\u00bfQu\u00e9 servicios necesita como ayuda para trabajar o asistir a la escuela?<\/strong><\/p>\n\n\n\n<ul class=\"wp-block-list\">\n<li>Ayuda para actualizar su curr\u00edculo<\/li>\n\n\n\n<li>Ayuda para postularse para un trabajo<\/li>\n\n\n\n<li>Un preparador laboral o asistente en el trabajo<\/li>\n\n\n\n<li>Un tutor o alguien que tome notas<\/li>\n\n\n\n<li>Formaci\u00f3n en el lugar de trabajo o fuera de \u00e9l<\/li>\n\n\n\n<li>Acceso a la clase o al lugar de trabajo (por ejemplo, una rampa)<\/li>\n\n\n\n<li>Transporte<\/li>\n\n\n\n<li>Otros servicios o apoyos<\/li>\n<\/ul>\n\n\n\n<h3 class=\"wp-block-heading\"><strong>Diversi\u00f3n<\/strong><\/h3>\n\n\n\n<p><strong>\u00bfQu\u00e9 desea hacer en su tiempo libre?<\/strong><\/p>\n\n\n\n<ul class=\"wp-block-list\">\n<li>Visitar amigos<\/li>\n\n\n\n<li>Hacer ejercicio f\u00edsico<\/li>\n\n\n\n<li>Ir de compras<\/li>\n\n\n\n<li>Ir al cine o al teatro<\/li>\n\n\n\n<li>Trabajo voluntario<\/li>\n\n\n\n<li>Practicar deportes<\/li>\n\n\n\n<li>Escuchar m\u00fasica<\/li>\n\n\n\n<li>Ver la televisi\u00f3n<\/li>\n\n\n\n<li>Leer<\/li>\n\n\n\n<li>Pasatiempo<\/li>\n\n\n\n<li>Citas<\/li>\n\n\n\n<li>Unirse a un grupo de autodefensa o a People First<\/li>\n\n\n\n<li>Ayudar a defender a otras personas<\/li>\n\n\n\n<li>Otras actividades<\/li>\n<\/ul>\n\n\n\n<p><strong>\u00bfQu\u00e9 servicios necesita como ayuda para hacer lo que desea?<\/strong><\/p>\n\n\n\n<ul class=\"wp-block-list\">\n<li>Formaci\u00f3n<\/li>\n\n\n\n<li>Asistente<\/li>\n\n\n\n<li>Facilitador<\/li>\n\n\n\n<li>Transporte<\/li>\n\n\n\n<li>C\u00edrculo de amigos<\/li>\n\n\n\n<li>Suministros o equipos<\/li>\n\n\n\n<li>Otros servicios o apoyos<\/li>\n<\/ul>\n\n\n\n<h3 class=\"wp-block-heading\"><strong>Medicina y Salud<\/strong><\/h3>\n\n\n\n<p><strong>\u00bfQu\u00e9 servicios m\u00e9dicos o de salud necesita?<\/strong><\/p>\n\n\n\n<ul class=\"wp-block-list\">\n<li>M\u00e9dico<\/li>\n\n\n\n<li>Asesoramiento\/Terapia<\/li>\n\n\n\n<li>Dentista<\/li>\n\n\n\n<li>Medicamentos<\/li>\n\n\n\n<li>Educaci\u00f3n sexual (sexo seguro, control de la natalidad)<\/li>\n\n\n\n<li>Nutrici\u00f3n y dieta<\/li>\n\n\n\n<li>Hacer ejercicio f\u00edsico<\/li>\n\n\n\n<li>Otros servicios m\u00e9dicos<\/li>\n<\/ul>\n\n\n\n<p><strong>\u00bfQu\u00e9 otros apoyos necesita para acceder a servicios m\u00e9dicos o de salud?<\/strong><\/p>\n\n\n\n<ul class=\"wp-block-list\">\n<li>Formaci\u00f3n<\/li>\n\n\n\n<li>Asistente<\/li>\n\n\n\n<li>Alguien a quien formularle preguntas<\/li>\n\n\n\n<li>Un defensor o abogado<\/li>\n\n\n\n<li>Facilitador<\/li>\n\n\n\n<li>Otros apoyos<\/li>\n<\/ul>\n\n\n\n<h3 class=\"wp-block-heading\"><strong>Otras cosas<\/strong><\/h3>\n\n\n\n<p><strong>\u00bfCon qu\u00e9 otras cosas necesita ayuda?<\/strong><\/p>\n\n\n\n<ul class=\"wp-block-list\">\n<li>Cocinar<\/li>\n\n\n\n<li>Transporte<\/li>\n\n\n\n<li>Ir de compras<\/li>\n\n\n\n<li>Limpiar la casa<\/li>\n\n\n\n<li>Conocer m\u00e1s gente y hacer amigos<\/li>\n\n\n\n<li>Citas<\/li>\n\n\n\n<li>Obtener informaci\u00f3n sobre relaciones sexuales y sexo seguro<\/li>\n\n\n\n<li>Llevarse mejor con la gente<\/li>\n\n\n\n<li>Autodefensa y conocer mis derechos<\/li>\n\n\n\n<li>Problemas con el seguro social, el SSI u otros beneficios<\/li>\n\n\n\n<li>Autodefensa<\/li>\n\n\n\n<li>Formar parte de comit\u00e9s o juntas directivas<\/li>\n\n\n\n<li>Aprender sobre autodeterminaci\u00f3n<\/li>\n\n\n\n<li>Otra ayuda<\/li>\n<\/ul>\n\n\n\n<p><strong>\u00bfQu\u00e9 otros servicios necesita?<\/strong><\/p>\n\n\n\n<ul class=\"wp-block-list\">\n<li>Formaci\u00f3n<\/li>\n\n\n\n<li>Asistente<\/li>\n\n\n\n<li>Alguien a quien formularle preguntas<\/li>\n\n\n\n<li>Ayuda para formar un c\u00edrculo de amigos<\/li>\n\n\n\n<li>Un defensor o abogado<\/li>\n\n\n\n<li>Mentor<\/li>\n\n\n\n<li>Facilitador<\/li>\n\n\n\n<li>Otros servicios<\/li>\n<\/ul>\n","protected":false},"excerpt":{"rendered":"<p>Esta planilla puede ayudarlo a planificar la reuni\u00f3n de su IPP. Util\u00edcela como ayuda para pensar qu\u00e9 desea. Deber\u00eda hablar de todo lo que quiere&hellip;<\/p>\n","protected":false},"author":1,"featured_media":0,"parent":1638,"menu_order":9,"comment_status":"closed","ping_status":"closed","template":"","meta":{"footnotes":""},"class_list":["post-1944","page","type-page","status-publish","hentry"],"_links":{"self":[{"href":"https:\/\/rula.disabilityrightsca.org\/es\/wp-json\/wp\/v2\/pages\/1944","targetHints":{"allow":["GET"]}}],"collection":[{"href":"https:\/\/rula.disabilityrightsca.org\/es\/wp-json\/wp\/v2\/pages"}],"about":[{"href":"https:\/\/rula.disabilityrightsca.org\/es\/wp-json\/wp\/v2\/types\/page"}],"author":[{"embeddable":true,"href":"https:\/\/rula.disabilityrightsca.org\/es\/wp-json\/wp\/v2\/users\/1"}],"replies":[{"embeddable":true,"href":"https:\/\/rula.disabilityrightsca.org\/es\/wp-json\/wp\/v2\/comments?post=1944"}],"version-history":[{"count":4,"href":"https:\/\/rula.disabilityrightsca.org\/es\/wp-json\/wp\/v2\/pages\/1944\/revisions"}],"predecessor-version":[{"id":3974,"href":"https:\/\/rula.disabilityrightsca.org\/es\/wp-json\/wp\/v2\/pages\/1944\/revisions\/3974"}],"up":[{"embeddable":true,"href":"https:\/\/rula.disabilityrightsca.org\/es\/wp-json\/wp\/v2\/pages\/1638"}],"wp:attachment":[{"href":"https:\/\/rula.disabilityrightsca.org\/es\/wp-json\/wp\/v2\/media?parent=1944"}],"curies":[{"name":"wp","href":"https:\/\/api.w.org\/{rel}","templated":true}]}}