{"id":1940,"date":"2021-09-23T18:18:13","date_gmt":"2021-09-23T18:18:13","guid":{"rendered":"http:\/\/www.rula.disabilityrightsca.org\/es\/?page_id=1940"},"modified":"2023-12-05T17:52:00","modified_gmt":"2023-12-05T17:52:00","slug":"7-21-cuales-son-mis-derechos","status":"publish","type":"page","link":"https:\/\/rula.disabilityrightsca.org\/es\/rula-book\/capitulo-7-modos-de-vida-comunitaria-para-adultos\/7-21-cuales-son-mis-derechos\/","title":{"rendered":"(7.21) \u00bfCu\u00e1les son mis derechos?"},"content":{"rendered":"\n<p>No importa d\u00f3nde viva, las leyes otorgan derechos personales a las personas con discapacidades del desarrollo. Usted tiene derecho a lo siguiente:<\/p>\n\n\n\n<ul class=\"wp-block-list\">\n<li>servicios en el entorno menos restrictivo y que protejan la libertad personal;<\/li>\n\n\n\n<li>dignidad, privacidad y cuidado humano;<\/li>\n\n\n\n<li>participar en la educaci\u00f3n p\u00fablica;<\/li>\n\n\n\n<li>atenci\u00f3n m\u00e9dica inmediata;<\/li>\n\n\n\n<li>libertad religiosa;<\/li>\n\n\n\n<li>interacci\u00f3n social y participaci\u00f3n en la comunidad;<\/li>\n\n\n\n<li>ejercicio f\u00edsico y recreaci\u00f3n;<\/li>\n\n\n\n<li>estar libre de da\u00f1os, restricciones innecesarias, aislamiento, abuso, negligencia, procedimientos peligrosos y medicaci\u00f3n excesiva;<\/li>\n\n\n\n<li>tomar decisiones sobre d\u00f3nde y con qui\u00e9n vivir y sobre las relaciones y c\u00f3mo pasar el tiempo;<\/li>\n\n\n\n<li>investigaci\u00f3n inmediata de cualquier abuso;<\/li>\n\n\n\n<li>usar su propia ropa y tener sus propias posesiones y dinero;<\/li>\n\n\n\n<li>acceso a un espacio de almacenamiento privado;<\/li>\n\n\n\n<li>ver visitas todos los d\u00edas;<\/li>\n\n\n\n<li>acceso a tel\u00e9fonos para hacer y recibir llamadas, y enviar y recibir cartas sin abrir;<\/li>\n\n\n\n<li>rechazar las t\u00e9cnicas de modificaci\u00f3n del comportamiento que causen dolor o trauma;<\/li>\n\n\n\n<li>servicios de defensa;<\/li>\n\n\n\n<li>no ser discriminado;<\/li>\n\n\n\n<li>cuestionar las decisiones de tratamiento; y<\/li>\n\n\n\n<li>presentar reclamos<span class=\"footnote_referrer\"><a role=\"button\" tabindex=\"0\" onclick=\"footnote_moveToReference_1940_1('footnote_plugin_reference_1940_1_1');\" onkeypress=\"footnote_moveToReference_1940_1('footnote_plugin_reference_1940_1_1');\" ><sup id=\"footnote_plugin_tooltip_1940_1_1\" class=\"footnote_plugin_tooltip_text\">[1]<\/sup><\/a><span id=\"footnote_plugin_tooltip_text_1940_1_1\" class=\"footnote_tooltip\">Secciones 4502, 4502.1 y 4503; T\u00edtulo 17 del C\u00f3digo de Reglamentos de California, secciones 50510 y 50540<\/span><\/span><script type=\"text\/javascript\"> jQuery('#footnote_plugin_tooltip_1940_1_1').tooltip({ tip: '#footnote_plugin_tooltip_text_1940_1_1', tipClass: 'footnote_tooltip', effect: 'fade', predelay: 0, fadeInSpeed: 200, delay: 400, fadeOutSpeed: 200, position: 'top center', relative: true, offset: [-7, 0], });<\/script><\/li>\n<\/ul>\n<div class=\"speaker-mute footnotes_reference_container\"> <div class=\"footnote_container_prepare\"><p><span role=\"button\" tabindex=\"0\" class=\"footnote_reference_container_label pointer\" onclick=\"footnote_expand_collapse_reference_container_1940_1();\">&#x202F;<\/span><span role=\"button\" tabindex=\"0\" class=\"footnote_reference_container_collapse_button\" style=\"display: none;\" onclick=\"footnote_expand_collapse_reference_container_1940_1();\">[<a id=\"footnote_reference_container_collapse_button_1940_1\">+<\/a>]<\/span><\/p><\/div> <div id=\"footnote_references_container_1940_1\" style=\"\"><table class=\"footnotes_table footnote-reference-container\"><caption class=\"accessibility\">References<\/caption> <tbody> \r\n\r\n<tr class=\"footnotes_plugin_reference_row\"> <th scope=\"row\" class=\"footnote_plugin_index_combi pointer\"  onclick=\"footnote_moveToAnchor_1940_1('footnote_plugin_tooltip_1940_1_1');\"><a id=\"footnote_plugin_reference_1940_1_1\" class=\"footnote_backlink\"><span class=\"footnote_index_arrow\">&#8593;<\/span>1<\/a><\/th> <td class=\"footnote_plugin_text\">Secciones 4502, 4502.1 y 4503; T\u00edtulo 17 del C\u00f3digo de Reglamentos de California, secciones 50510 y 50540<\/td><\/tr>\r\n\r\n <\/tbody> <\/table> <\/div><\/div><script type=\"text\/javascript\"> function footnote_expand_reference_container_1940_1() { jQuery('#footnote_references_container_1940_1').show(); jQuery('#footnote_reference_container_collapse_button_1940_1').text('\u2212'); } function footnote_collapse_reference_container_1940_1() { jQuery('#footnote_references_container_1940_1').hide(); jQuery('#footnote_reference_container_collapse_button_1940_1').text('+'); } function footnote_expand_collapse_reference_container_1940_1() { if (jQuery('#footnote_references_container_1940_1').is(':hidden')) { footnote_expand_reference_container_1940_1(); } else { footnote_collapse_reference_container_1940_1(); } } function footnote_moveToReference_1940_1(p_str_TargetID) { footnote_expand_reference_container_1940_1(); var l_obj_Target = jQuery('#' + p_str_TargetID); if (l_obj_Target.length) { jQuery( 'html, body' ).delay( 0 ); jQuery('html, body').animate({ scrollTop: l_obj_Target.offset().top - window.innerHeight * 0.2 }, 380); } } function footnote_moveToAnchor_1940_1(p_str_TargetID) { footnote_expand_reference_container_1940_1(); var l_obj_Target = jQuery('#' + p_str_TargetID); if (l_obj_Target.length) { jQuery( 'html, body' ).delay( 0 ); jQuery('html, body').animate({ scrollTop: l_obj_Target.offset().top - window.innerHeight * 0.2 }, 380); } }<\/script>","protected":false},"excerpt":{"rendered":"<p>No importa d\u00f3nde viva, las leyes otorgan derechos personales a las personas con discapacidades del desarrollo. Usted tiene derecho a lo siguiente:<\/p>\n","protected":false},"author":1,"featured_media":0,"parent":1876,"menu_order":21,"comment_status":"closed","ping_status":"closed","template":"","meta":{"footnotes":""},"class_list":["post-1940","page","type-page","status-publish","hentry"],"_links":{"self":[{"href":"https:\/\/rula.disabilityrightsca.org\/es\/wp-json\/wp\/v2\/pages\/1940","targetHints":{"allow":["GET"]}}],"collection":[{"href":"https:\/\/rula.disabilityrightsca.org\/es\/wp-json\/wp\/v2\/pages"}],"about":[{"href":"https:\/\/rula.disabilityrightsca.org\/es\/wp-json\/wp\/v2\/types\/page"}],"author":[{"embeddable":true,"href":"https:\/\/rula.disabilityrightsca.org\/es\/wp-json\/wp\/v2\/users\/1"}],"replies":[{"embeddable":true,"href":"https:\/\/rula.disabilityrightsca.org\/es\/wp-json\/wp\/v2\/comments?post=1940"}],"version-history":[{"count":3,"href":"https:\/\/rula.disabilityrightsca.org\/es\/wp-json\/wp\/v2\/pages\/1940\/revisions"}],"predecessor-version":[{"id":3826,"href":"https:\/\/rula.disabilityrightsca.org\/es\/wp-json\/wp\/v2\/pages\/1940\/revisions\/3826"}],"up":[{"embeddable":true,"href":"https:\/\/rula.disabilityrightsca.org\/es\/wp-json\/wp\/v2\/pages\/1876"}],"wp:attachment":[{"href":"https:\/\/rula.disabilityrightsca.org\/es\/wp-json\/wp\/v2\/media?parent=1940"}],"curies":[{"name":"wp","href":"https:\/\/api.w.org\/{rel}","templated":true}]}}