{"id":1937,"date":"2021-09-23T18:16:25","date_gmt":"2021-09-23T18:16:25","guid":{"rendered":"http:\/\/www.rula.disabilityrightsca.org\/es\/?page_id=1937"},"modified":"2022-04-22T22:37:07","modified_gmt":"2022-04-22T22:37:07","slug":"7-20-existen-reglas-en-los-hogares-con-licencia","status":"publish","type":"page","link":"https:\/\/rula.disabilityrightsca.org\/es\/rula-book\/capitulo-7-modos-de-vida-comunitaria-para-adultos\/7-20-existen-reglas-en-los-hogares-con-licencia\/","title":{"rendered":"(7.20) \u00bfExisten reglas en los hogares con licencia?"},"content":{"rendered":"\n<p>Todos los tipos de vivienda comunitaria con licencia, incluidos los CCF y los ICF, tienen &#8220;reglas de la casa&#8221;. Las reglas de la casa explican lo que puede y no puede hacer. La casa debe explicarle las reglas cuando llegue o comience el programa. Puede darles su opini\u00f3n sobre las reglas de la casa, ya que es su propia casa en la que vivir\u00e1. Deben publicar las reglas en un lugar donde pueda verlas y escribirlas en un idioma que usted entienda.<\/p>\n\n\n\n<p>Tiene derecho a tomar decisiones sobre las actividades diarias. Esto incluye cu\u00e1ndo se va a la cama, cu\u00e1ndo comer\u00e1, si tiene amigos que lo visitan y qu\u00e9 hace en su tiempo libre. Las reglas de la casa deben ayudar a las personas en la casa a llevarse bien entre s\u00ed, pero no pueden ser demasiado r\u00edgidas. Estas no deben violar ninguno de sus derechos. Si cree que su vivienda tiene una regla ilegal, llame a Disability Rights California.<\/p>\n","protected":false},"excerpt":{"rendered":"<p>Todos los tipos de vivienda comunitaria con licencia, incluidos los CCF y los ICF, tienen &#8220;reglas de la casa&#8221;. Las reglas de la casa explican&hellip;<\/p>\n","protected":false},"author":1,"featured_media":0,"parent":1876,"menu_order":20,"comment_status":"closed","ping_status":"closed","template":"","meta":{"footnotes":""},"class_list":["post-1937","page","type-page","status-publish","hentry"],"_links":{"self":[{"href":"https:\/\/rula.disabilityrightsca.org\/es\/wp-json\/wp\/v2\/pages\/1937","targetHints":{"allow":["GET"]}}],"collection":[{"href":"https:\/\/rula.disabilityrightsca.org\/es\/wp-json\/wp\/v2\/pages"}],"about":[{"href":"https:\/\/rula.disabilityrightsca.org\/es\/wp-json\/wp\/v2\/types\/page"}],"author":[{"embeddable":true,"href":"https:\/\/rula.disabilityrightsca.org\/es\/wp-json\/wp\/v2\/users\/1"}],"replies":[{"embeddable":true,"href":"https:\/\/rula.disabilityrightsca.org\/es\/wp-json\/wp\/v2\/comments?post=1937"}],"version-history":[{"count":2,"href":"https:\/\/rula.disabilityrightsca.org\/es\/wp-json\/wp\/v2\/pages\/1937\/revisions"}],"predecessor-version":[{"id":2887,"href":"https:\/\/rula.disabilityrightsca.org\/es\/wp-json\/wp\/v2\/pages\/1937\/revisions\/2887"}],"up":[{"embeddable":true,"href":"https:\/\/rula.disabilityrightsca.org\/es\/wp-json\/wp\/v2\/pages\/1876"}],"wp:attachment":[{"href":"https:\/\/rula.disabilityrightsca.org\/es\/wp-json\/wp\/v2\/media?parent=1937"}],"curies":[{"name":"wp","href":"https:\/\/api.w.org\/{rel}","templated":true}]}}