{"id":1934,"date":"2021-09-23T18:14:28","date_gmt":"2021-09-23T18:14:28","guid":{"rendered":"http:\/\/www.rula.disabilityrightsca.org\/es\/?page_id=1934"},"modified":"2023-12-05T17:50:09","modified_gmt":"2023-12-05T17:50:09","slug":"7-19-que-pasa-si-el-modo-de-vivienda-que-quiero-no-esta-disponible","status":"publish","type":"page","link":"https:\/\/rula.disabilityrightsca.org\/es\/rula-book\/capitulo-7-modos-de-vida-comunitaria-para-adultos\/7-19-que-pasa-si-el-modo-de-vivienda-que-quiero-no-esta-disponible\/","title":{"rendered":"(7.19) \u00bfQu\u00e9 pasa si el modo de vivienda que quiero no est\u00e1 disponible?"},"content":{"rendered":"\n<p>A veces, el tipo de vivienda que usted y su equipo de planificaci\u00f3n acordaron no est\u00e1 disponible. Esto podr\u00eda deberse a que (1) no hay espacio en el hogar o instalaci\u00f3n, (2) no hay nadie disponible para brindar los servicios de vida con apoyo que necesita, o (3) no hay un hogar familiar para adultos disponible donde desea vivir.<\/p>\n\n\n\n<p>Si el modo de vivienda en su IPP no est\u00e1 disponible, el personal del centro regional debe desarrollar el modo de vivienda que desea. Pero esto puede llevar tiempo. Es posible que deba mudarse a una opci\u00f3n de vivienda diferente o a una casa o instalaci\u00f3n fuera de su comunidad de origen por un tiempo. Si esto le sucede a usted, la ley dice que puede pedirle a su centro regional que:<\/p>\n\n\n\n<ul class=\"wp-block-list\">\n<li>Busque personas o agencias que le brinden los servicios que necesita. Este proceso se denomina &#8220;solicitud de propuesta&#8221; (RFP).<span class=\"footnote_referrer\"><a role=\"button\" tabindex=\"0\" onclick=\"footnote_moveToReference_1934_1('footnote_plugin_reference_1934_1_1');\" onkeypress=\"footnote_moveToReference_1934_1('footnote_plugin_reference_1934_1_1');\" ><sup id=\"footnote_plugin_tooltip_1934_1_1\" class=\"footnote_plugin_tooltip_text\">[1]<\/sup><\/a><span id=\"footnote_plugin_tooltip_text_1934_1_1\" class=\"footnote_tooltip\">Secci\u00f3n 4648(e)(1)<\/span><\/span><script type=\"text\/javascript\"> jQuery('#footnote_plugin_tooltip_1934_1_1').tooltip({ tip: '#footnote_plugin_tooltip_text_1934_1_1', tipClass: 'footnote_tooltip', effect: 'fade', predelay: 0, fadeInSpeed: 200, delay: 400, fadeOutSpeed: 200, position: 'top center', relative: true, offset: [-7, 0], });<\/script> Si los apoyos y servicios que necesita son \u00fanicos, la RFP puede indicar que el centro regional puede hacer un acuerdo de financiaci\u00f3n especial.<\/li>\n\n\n\n<li>Contrate a un proveedor para que le brinde los servicios que necesita. Si el DDS no ha realizado un pago por el servicio, el centro regional puede negociar un contrato por el servicio que necesita por un per\u00edodo de tiempo.<span class=\"footnote_referrer\"><a role=\"button\" tabindex=\"0\" onclick=\"footnote_moveToReference_1934_1('footnote_plugin_reference_1934_1_2');\" onkeypress=\"footnote_moveToReference_1934_1('footnote_plugin_reference_1934_1_2');\" ><sup id=\"footnote_plugin_tooltip_1934_1_2\" class=\"footnote_plugin_tooltip_text\">[2]<\/sup><\/a><span id=\"footnote_plugin_tooltip_text_1934_1_2\" class=\"footnote_tooltip\">Secci\u00f3n 4648(a)(3)<\/span><\/span><script type=\"text\/javascript\"> jQuery('#footnote_plugin_tooltip_1934_1_2').tooltip({ tip: '#footnote_plugin_tooltip_text_1934_1_2', tipClass: 'footnote_tooltip', effect: 'fade', predelay: 0, fadeInSpeed: 200, delay: 400, fadeOutSpeed: 200, position: 'top center', relative: true, offset: [-7, 0], });<\/script><\/li>\n\n\n\n<li>Brindar servicios complementarios, incluido m\u00e1s personal m\u00e1s all\u00e1 del contrato actual del proveedor de servicios, si su equipo de IPP decide que los servicios adicionales est\u00e1n de acuerdo con su IPP. M\u00e1s personal podr\u00eda ayudarlo a vivir con \u00e9xito en una casa disponible incluso si esa no es la casa en la que normalmente residir\u00eda.<span class=\"footnote_referrer\"><a role=\"button\" tabindex=\"0\" onclick=\"footnote_moveToReference_1934_1('footnote_plugin_reference_1934_1_3');\" onkeypress=\"footnote_moveToReference_1934_1('footnote_plugin_reference_1934_1_3');\" ><sup id=\"footnote_plugin_tooltip_1934_1_3\" class=\"footnote_plugin_tooltip_text\">[3]<\/sup><\/a><span id=\"footnote_plugin_tooltip_text_1934_1_3\" class=\"footnote_tooltip\">Secci\u00f3n 4648(a)(9)(F)<\/span><\/span><script type=\"text\/javascript\"> jQuery('#footnote_plugin_tooltip_1934_1_3').tooltip({ tip: '#footnote_plugin_tooltip_text_1934_1_3', tipClass: 'footnote_tooltip', effect: 'fade', predelay: 0, fadeInSpeed: 200, delay: 400, fadeOutSpeed: 200, position: 'top center', relative: true, offset: [-7, 0], });<\/script><\/li>\n<\/ul>\n\n\n\n<p>No deber\u00eda tener que ir a una instituci\u00f3n solo porque no hay un tipo de vivienda comunitaria disponible.<\/p>\n<div class=\"speaker-mute footnotes_reference_container\"> <div class=\"footnote_container_prepare\"><p><span role=\"button\" tabindex=\"0\" class=\"footnote_reference_container_label pointer\" onclick=\"footnote_expand_collapse_reference_container_1934_1();\">&#x202F;<\/span><span role=\"button\" tabindex=\"0\" class=\"footnote_reference_container_collapse_button\" style=\"display: none;\" onclick=\"footnote_expand_collapse_reference_container_1934_1();\">[<a id=\"footnote_reference_container_collapse_button_1934_1\">+<\/a>]<\/span><\/p><\/div> <div id=\"footnote_references_container_1934_1\" style=\"\"><table class=\"footnotes_table footnote-reference-container\"><caption class=\"accessibility\">References<\/caption> <tbody> \r\n\r\n<tr class=\"footnotes_plugin_reference_row\"> <th scope=\"row\" class=\"footnote_plugin_index_combi pointer\"  onclick=\"footnote_moveToAnchor_1934_1('footnote_plugin_tooltip_1934_1_1');\"><a id=\"footnote_plugin_reference_1934_1_1\" class=\"footnote_backlink\"><span class=\"footnote_index_arrow\">&#8593;<\/span>1<\/a><\/th> <td class=\"footnote_plugin_text\">Secci\u00f3n 4648(e)(1)<\/td><\/tr>\r\n\r\n<tr class=\"footnotes_plugin_reference_row\"> <th scope=\"row\" class=\"footnote_plugin_index_combi pointer\"  onclick=\"footnote_moveToAnchor_1934_1('footnote_plugin_tooltip_1934_1_2');\"><a id=\"footnote_plugin_reference_1934_1_2\" class=\"footnote_backlink\"><span class=\"footnote_index_arrow\">&#8593;<\/span>2<\/a><\/th> <td class=\"footnote_plugin_text\">Secci\u00f3n 4648(a)(3)<\/td><\/tr>\r\n\r\n<tr class=\"footnotes_plugin_reference_row\"> <th scope=\"row\" class=\"footnote_plugin_index_combi pointer\"  onclick=\"footnote_moveToAnchor_1934_1('footnote_plugin_tooltip_1934_1_3');\"><a id=\"footnote_plugin_reference_1934_1_3\" class=\"footnote_backlink\"><span class=\"footnote_index_arrow\">&#8593;<\/span>3<\/a><\/th> <td class=\"footnote_plugin_text\">Secci\u00f3n 4648(a)(9)(F)<\/td><\/tr>\r\n\r\n <\/tbody> <\/table> <\/div><\/div><script type=\"text\/javascript\"> function footnote_expand_reference_container_1934_1() { jQuery('#footnote_references_container_1934_1').show(); jQuery('#footnote_reference_container_collapse_button_1934_1').text('\u2212'); } function footnote_collapse_reference_container_1934_1() { jQuery('#footnote_references_container_1934_1').hide(); jQuery('#footnote_reference_container_collapse_button_1934_1').text('+'); } function footnote_expand_collapse_reference_container_1934_1() { if (jQuery('#footnote_references_container_1934_1').is(':hidden')) { footnote_expand_reference_container_1934_1(); } else { footnote_collapse_reference_container_1934_1(); } } function footnote_moveToReference_1934_1(p_str_TargetID) { footnote_expand_reference_container_1934_1(); var l_obj_Target = jQuery('#' + p_str_TargetID); if (l_obj_Target.length) { jQuery( 'html, body' ).delay( 0 ); jQuery('html, body').animate({ scrollTop: l_obj_Target.offset().top - window.innerHeight * 0.2 }, 380); } } function footnote_moveToAnchor_1934_1(p_str_TargetID) { footnote_expand_reference_container_1934_1(); var l_obj_Target = jQuery('#' + p_str_TargetID); if (l_obj_Target.length) { jQuery( 'html, body' ).delay( 0 ); jQuery('html, body').animate({ scrollTop: l_obj_Target.offset().top - window.innerHeight * 0.2 }, 380); } }<\/script>","protected":false},"excerpt":{"rendered":"<p>A veces, el tipo de vivienda que usted y su equipo de planificaci\u00f3n acordaron no est\u00e1 disponible. Esto podr\u00eda deberse a que (1) no hay&hellip;<\/p>\n","protected":false},"author":1,"featured_media":0,"parent":1876,"menu_order":19,"comment_status":"closed","ping_status":"closed","template":"","meta":{"footnotes":""},"class_list":["post-1934","page","type-page","status-publish","hentry"],"_links":{"self":[{"href":"https:\/\/rula.disabilityrightsca.org\/es\/wp-json\/wp\/v2\/pages\/1934","targetHints":{"allow":["GET"]}}],"collection":[{"href":"https:\/\/rula.disabilityrightsca.org\/es\/wp-json\/wp\/v2\/pages"}],"about":[{"href":"https:\/\/rula.disabilityrightsca.org\/es\/wp-json\/wp\/v2\/types\/page"}],"author":[{"embeddable":true,"href":"https:\/\/rula.disabilityrightsca.org\/es\/wp-json\/wp\/v2\/users\/1"}],"replies":[{"embeddable":true,"href":"https:\/\/rula.disabilityrightsca.org\/es\/wp-json\/wp\/v2\/comments?post=1934"}],"version-history":[{"count":4,"href":"https:\/\/rula.disabilityrightsca.org\/es\/wp-json\/wp\/v2\/pages\/1934\/revisions"}],"predecessor-version":[{"id":3825,"href":"https:\/\/rula.disabilityrightsca.org\/es\/wp-json\/wp\/v2\/pages\/1934\/revisions\/3825"}],"up":[{"embeddable":true,"href":"https:\/\/rula.disabilityrightsca.org\/es\/wp-json\/wp\/v2\/pages\/1876"}],"wp:attachment":[{"href":"https:\/\/rula.disabilityrightsca.org\/es\/wp-json\/wp\/v2\/media?parent=1934"}],"curies":[{"name":"wp","href":"https:\/\/api.w.org\/{rel}","templated":true}]}}