{"id":1931,"date":"2021-09-23T18:10:33","date_gmt":"2021-09-23T18:10:33","guid":{"rendered":"http:\/\/www.rula.disabilityrightsca.org\/es\/?page_id=1931"},"modified":"2023-12-05T17:49:00","modified_gmt":"2023-12-05T17:49:00","slug":"7-18-si-tengo-necesidades-de-atencion-medica-complejas-hay-lugares-en-la-comunidad-en-los-que-podria-vivir-ademas-de-un-hogar-de-enfermeria-especializada","status":"publish","type":"page","link":"https:\/\/rula.disabilityrightsca.org\/es\/rula-book\/capitulo-7-modos-de-vida-comunitaria-para-adultos\/7-18-si-tengo-necesidades-de-atencion-medica-complejas-hay-lugares-en-la-comunidad-en-los-que-podria-vivir-ademas-de-un-hogar-de-enfermeria-especializada\/","title":{"rendered":"(7.18) Si tengo necesidades de atenci\u00f3n m\u00e9dica complejas, \u00bfhay lugares en la comunidad en los que podr\u00eda vivir, adem\u00e1s de un hogar de enfermer\u00eda especializada?"},"content":{"rendered":"\n<p>Un &#8220;Centro Residencial para Adultos para Personas con Necesidades Especiales de Atenci\u00f3n M\u00e9dica&#8221; u &#8220;Hogar SB 962&#8221;.<span class=\"footnote_referrer\"><a role=\"button\" tabindex=\"0\" onclick=\"footnote_moveToReference_1931_1('footnote_plugin_reference_1931_1_1');\" onkeypress=\"footnote_moveToReference_1931_1('footnote_plugin_reference_1931_1_1');\" ><sup id=\"footnote_plugin_tooltip_1931_1_1\" class=\"footnote_plugin_tooltip_text\">[1]<\/sup><\/a><span id=\"footnote_plugin_tooltip_text_1931_1_1\" class=\"footnote_tooltip\">Secci\u00f3n 4684.50 y secciones 1538.55 y 1567.50 del C\u00f3digo de Salud y Seguridad. &#8220;SB&#8221; simplemente significa Proyecto de Ley del Senado<\/span><\/span><script type=\"text\/javascript\"> jQuery('#footnote_plugin_tooltip_1931_1_1').tooltip({ tip: '#footnote_plugin_tooltip_text_1931_1_1', tipClass: 'footnote_tooltip', effect: 'fade', predelay: 0, fadeInSpeed: 200, delay: 400, fadeOutSpeed: 200, position: 'top center', relative: true, offset: [-7, 0], });<\/script> Es un hogar dise\u00f1ado para satisfacer las necesidades \u00fanicas de las personas con discapacidades del desarrollo con una combinaci\u00f3n de atenci\u00f3n m\u00e9dica especializada y necesidades de apoyo intensivo.<\/p>\n\n\n\n<p>Cada hogar SB 962 sirve hasta cinco personas. Un residente de un hogar SB 962 puede recibir servicios de salud especializados, que incluyen:<\/p>\n\n\n\n<ul class=\"wp-block-list\">\n<li>soporte nutricional (nutrici\u00f3n parenteral total, alimentaci\u00f3n por gastrostom\u00eda e hidrataci\u00f3n),<\/li>\n\n\n\n<li>di\u00e1lisis renal y<\/li>\n\n\n\n<li>reg\u00edmenes especiales de medicaci\u00f3n como inyecciones, medicaci\u00f3n intravenosa, manejo de la diabetes insulinodependiente, cateterismo, manejo del cat\u00e9ter urinario permanente, manejo del dolor y cuidados paliativos.<span class=\"footnote_referrer\"><a role=\"button\" tabindex=\"0\" onclick=\"footnote_moveToReference_1931_1('footnote_plugin_reference_1931_1_2');\" onkeypress=\"footnote_moveToReference_1931_1('footnote_plugin_reference_1931_1_2');\" ><sup id=\"footnote_plugin_tooltip_1931_1_2\" class=\"footnote_plugin_tooltip_text\">[2]<\/sup><\/a><span id=\"footnote_plugin_tooltip_text_1931_1_2\" class=\"footnote_tooltip\">Secci\u00f3n 4684.50(g)(1)-(14)<\/span><\/span><script type=\"text\/javascript\"> jQuery('#footnote_plugin_tooltip_1931_1_2').tooltip({ tip: '#footnote_plugin_tooltip_text_1931_1_2', tipClass: 'footnote_tooltip', effect: 'fade', predelay: 0, fadeInSpeed: 200, delay: 400, fadeOutSpeed: 200, position: 'top center', relative: true, offset: [-7, 0], });<\/script><\/li>\n<\/ul>\n\n\n\n<p>Todas las residencias SB 962 deben tener:<\/p>\n\n\n\n<ul class=\"wp-block-list\">\n<li>Enfermeras con licencia en el personal las 24 horas del d\u00eda, los siete d\u00edas de la semana.<span class=\"footnote_referrer\"><a role=\"button\" tabindex=\"0\" onclick=\"footnote_moveToReference_1931_1('footnote_plugin_reference_1931_1_3');\" onkeypress=\"footnote_moveToReference_1931_1('footnote_plugin_reference_1931_1_3');\" ><sup id=\"footnote_plugin_tooltip_1931_1_3\" class=\"footnote_plugin_tooltip_text\">[3]<\/sup><\/a><span id=\"footnote_plugin_tooltip_text_1931_1_3\" class=\"footnote_tooltip\">Secci\u00f3n 4684.63(a)(1)(A)<\/span><\/span><script type=\"text\/javascript\"> jQuery('#footnote_plugin_tooltip_1931_1_3').tooltip({ tip: '#footnote_plugin_tooltip_text_1931_1_3', tipClass: 'footnote_tooltip', effect: 'fade', predelay: 0, fadeInSpeed: 200, delay: 400, fadeOutSpeed: 200, position: 'top center', relative: true, offset: [-7, 0], });<\/script><\/li>\n\n\n\n<li>Un plan de atenci\u00f3n m\u00e9dica individual desarrollado para cada residente.<span class=\"footnote_referrer\"><a role=\"button\" tabindex=\"0\" onclick=\"footnote_moveToReference_1931_1('footnote_plugin_reference_1931_1_4');\" onkeypress=\"footnote_moveToReference_1931_1('footnote_plugin_reference_1931_1_4');\" ><sup id=\"footnote_plugin_tooltip_1931_1_4\" class=\"footnote_plugin_tooltip_text\">[4]<\/sup><\/a><span id=\"footnote_plugin_tooltip_text_1931_1_4\" class=\"footnote_tooltip\">Secci\u00f3n 4684.68<\/span><\/span><script type=\"text\/javascript\"> jQuery('#footnote_plugin_tooltip_1931_1_4').tooltip({ tip: '#footnote_plugin_tooltip_text_1931_1_4', tipClass: 'footnote_tooltip', effect: 'fade', predelay: 0, fadeInSpeed: 200, delay: 400, fadeOutSpeed: 200, position: 'top center', relative: true, offset: [-7, 0], });<\/script> El plan debe actualizarse al menos una vez cada seis meses.<span class=\"footnote_referrer\"><a role=\"button\" tabindex=\"0\" onclick=\"footnote_moveToReference_1931_1('footnote_plugin_reference_1931_1_5');\" onkeypress=\"footnote_moveToReference_1931_1('footnote_plugin_reference_1931_1_5');\" ><sup id=\"footnote_plugin_tooltip_1931_1_5\" class=\"footnote_plugin_tooltip_text\">[5]<\/sup><\/a><span id=\"footnote_plugin_tooltip_text_1931_1_5\" class=\"footnote_tooltip\">Secci\u00f3n 4684.68(a)(12)<\/span><\/span><script type=\"text\/javascript\"> jQuery('#footnote_plugin_tooltip_1931_1_5').tooltip({ tip: '#footnote_plugin_tooltip_text_1931_1_5', tipClass: 'footnote_tooltip', effect: 'fade', predelay: 0, fadeInSpeed: 200, delay: 400, fadeOutSpeed: 200, position: 'top center', relative: true, offset: [-7, 0], });<\/script><\/li>\n\n\n\n<li>Visitas al residente en persona con una enfermera del centro regional al menos una vez al mes.<span class=\"footnote_referrer\"><a role=\"button\" tabindex=\"0\" onclick=\"footnote_moveToReference_1931_1('footnote_plugin_reference_1931_1_6');\" onkeypress=\"footnote_moveToReference_1931_1('footnote_plugin_reference_1931_1_6');\" ><sup id=\"footnote_plugin_tooltip_1931_1_6\" class=\"footnote_plugin_tooltip_text\">[6]<\/sup><\/a><span id=\"footnote_plugin_tooltip_text_1931_1_6\" class=\"footnote_tooltip\">Secci\u00f3n 4684.70(d)<\/span><\/span><script type=\"text\/javascript\"> jQuery('#footnote_plugin_tooltip_1931_1_6').tooltip({ tip: '#footnote_plugin_tooltip_text_1931_1_6', tipClass: 'footnote_tooltip', effect: 'fade', predelay: 0, fadeInSpeed: 200, delay: 400, fadeOutSpeed: 200, position: 'top center', relative: true, offset: [-7, 0], });<\/script><\/li>\n\n\n\n<li>Ex\u00e1menes realizados por el m\u00e9dico de atenci\u00f3n primaria del residente una vez cada 60 d\u00edas, o con mayor frecuencia si es necesario.<span class=\"footnote_referrer\"><a role=\"button\" tabindex=\"0\" onclick=\"footnote_moveToReference_1931_1('footnote_plugin_reference_1931_1_7');\" onkeypress=\"footnote_moveToReference_1931_1('footnote_plugin_reference_1931_1_7');\" ><sup id=\"footnote_plugin_tooltip_1931_1_7\" class=\"footnote_plugin_tooltip_text\">[7]<\/sup><\/a><span id=\"footnote_plugin_tooltip_text_1931_1_7\" class=\"footnote_tooltip\">Secci\u00f3n 4684.63(a)(2)<\/span><\/span><script type=\"text\/javascript\"> jQuery('#footnote_plugin_tooltip_1931_1_7').tooltip({ tip: '#footnote_plugin_tooltip_text_1931_1_7', tipClass: 'footnote_tooltip', effect: 'fade', predelay: 0, fadeInSpeed: 200, delay: 400, fadeOutSpeed: 200, position: 'top center', relative: true, offset: [-7, 0], });<\/script><\/li>\n<\/ul>\n\n\n\n<p>Se dio prioridad a las personas que viven en los centros de desarrollo estatales para trasladarse a los SB 962. Pero, la ley permite que una persona que no resida en un centro de desarrollo se mude a una residencia SB 962 si:<\/p>\n\n\n\n<p>(1) hay una vacante,<\/p>\n\n\n\n<p>(2) ning\u00fan residente del centro de desarrollo cumple con los requisitos de admisi\u00f3n, y<\/p>\n\n\n\n<p>(3) la ubicaci\u00f3n es necesaria para proteger la salud o seguridad de la persona.<span class=\"footnote_referrer\"><a role=\"button\" tabindex=\"0\" onclick=\"footnote_moveToReference_1931_1('footnote_plugin_reference_1931_1_8');\" onkeypress=\"footnote_moveToReference_1931_1('footnote_plugin_reference_1931_1_8');\" ><sup id=\"footnote_plugin_tooltip_1931_1_8\" class=\"footnote_plugin_tooltip_text\">[8]<\/sup><\/a><span id=\"footnote_plugin_tooltip_text_1931_1_8\" class=\"footnote_tooltip\">Secci\u00f3n 4684.65(b)(3)<\/span><\/span><script type=\"text\/javascript\"> jQuery('#footnote_plugin_tooltip_1931_1_8').tooltip({ tip: '#footnote_plugin_tooltip_text_1931_1_8', tipClass: 'footnote_tooltip', effect: 'fade', predelay: 0, fadeInSpeed: 200, delay: 400, fadeOutSpeed: 200, position: 'top center', relative: true, offset: [-7, 0], });<\/script><\/p>\n<div class=\"speaker-mute footnotes_reference_container\"> <div class=\"footnote_container_prepare\"><p><span role=\"button\" tabindex=\"0\" class=\"footnote_reference_container_label pointer\" onclick=\"footnote_expand_collapse_reference_container_1931_1();\">&#x202F;<\/span><span role=\"button\" tabindex=\"0\" class=\"footnote_reference_container_collapse_button\" style=\"display: none;\" onclick=\"footnote_expand_collapse_reference_container_1931_1();\">[<a id=\"footnote_reference_container_collapse_button_1931_1\">+<\/a>]<\/span><\/p><\/div> <div id=\"footnote_references_container_1931_1\" style=\"\"><table class=\"footnotes_table footnote-reference-container\"><caption class=\"accessibility\">References<\/caption> <tbody> \r\n\r\n<tr class=\"footnotes_plugin_reference_row\"> <th scope=\"row\" class=\"footnote_plugin_index_combi pointer\"  onclick=\"footnote_moveToAnchor_1931_1('footnote_plugin_tooltip_1931_1_1');\"><a id=\"footnote_plugin_reference_1931_1_1\" class=\"footnote_backlink\"><span class=\"footnote_index_arrow\">&#8593;<\/span>1<\/a><\/th> <td class=\"footnote_plugin_text\">Secci\u00f3n 4684.50 y secciones 1538.55 y 1567.50 del C\u00f3digo de Salud y Seguridad. &#8220;SB&#8221; simplemente significa Proyecto de Ley del Senado<\/td><\/tr>\r\n\r\n<tr class=\"footnotes_plugin_reference_row\"> <th scope=\"row\" class=\"footnote_plugin_index_combi pointer\"  onclick=\"footnote_moveToAnchor_1931_1('footnote_plugin_tooltip_1931_1_2');\"><a id=\"footnote_plugin_reference_1931_1_2\" class=\"footnote_backlink\"><span class=\"footnote_index_arrow\">&#8593;<\/span>2<\/a><\/th> <td class=\"footnote_plugin_text\">Secci\u00f3n 4684.50(g)(1)-(14)<\/td><\/tr>\r\n\r\n<tr class=\"footnotes_plugin_reference_row\"> <th scope=\"row\" class=\"footnote_plugin_index_combi pointer\"  onclick=\"footnote_moveToAnchor_1931_1('footnote_plugin_tooltip_1931_1_3');\"><a id=\"footnote_plugin_reference_1931_1_3\" class=\"footnote_backlink\"><span class=\"footnote_index_arrow\">&#8593;<\/span>3<\/a><\/th> <td class=\"footnote_plugin_text\">Secci\u00f3n 4684.63(a)(1)(A)<\/td><\/tr>\r\n\r\n<tr class=\"footnotes_plugin_reference_row\"> <th scope=\"row\" class=\"footnote_plugin_index_combi pointer\"  onclick=\"footnote_moveToAnchor_1931_1('footnote_plugin_tooltip_1931_1_4');\"><a id=\"footnote_plugin_reference_1931_1_4\" class=\"footnote_backlink\"><span class=\"footnote_index_arrow\">&#8593;<\/span>4<\/a><\/th> <td class=\"footnote_plugin_text\">Secci\u00f3n 4684.68<\/td><\/tr>\r\n\r\n<tr class=\"footnotes_plugin_reference_row\"> <th scope=\"row\" class=\"footnote_plugin_index_combi pointer\"  onclick=\"footnote_moveToAnchor_1931_1('footnote_plugin_tooltip_1931_1_5');\"><a id=\"footnote_plugin_reference_1931_1_5\" class=\"footnote_backlink\"><span class=\"footnote_index_arrow\">&#8593;<\/span>5<\/a><\/th> <td class=\"footnote_plugin_text\">Secci\u00f3n 4684.68(a)(12)<\/td><\/tr>\r\n\r\n<tr class=\"footnotes_plugin_reference_row\"> <th scope=\"row\" class=\"footnote_plugin_index_combi pointer\"  onclick=\"footnote_moveToAnchor_1931_1('footnote_plugin_tooltip_1931_1_6');\"><a id=\"footnote_plugin_reference_1931_1_6\" class=\"footnote_backlink\"><span class=\"footnote_index_arrow\">&#8593;<\/span>6<\/a><\/th> <td class=\"footnote_plugin_text\">Secci\u00f3n 4684.70(d)<\/td><\/tr>\r\n\r\n<tr class=\"footnotes_plugin_reference_row\"> <th scope=\"row\" class=\"footnote_plugin_index_combi pointer\"  onclick=\"footnote_moveToAnchor_1931_1('footnote_plugin_tooltip_1931_1_7');\"><a id=\"footnote_plugin_reference_1931_1_7\" class=\"footnote_backlink\"><span class=\"footnote_index_arrow\">&#8593;<\/span>7<\/a><\/th> <td class=\"footnote_plugin_text\">Secci\u00f3n 4684.63(a)(2)<\/td><\/tr>\r\n\r\n<tr class=\"footnotes_plugin_reference_row\"> <th scope=\"row\" class=\"footnote_plugin_index_combi pointer\"  onclick=\"footnote_moveToAnchor_1931_1('footnote_plugin_tooltip_1931_1_8');\"><a id=\"footnote_plugin_reference_1931_1_8\" class=\"footnote_backlink\"><span class=\"footnote_index_arrow\">&#8593;<\/span>8<\/a><\/th> <td class=\"footnote_plugin_text\">Secci\u00f3n 4684.65(b)(3)<\/td><\/tr>\r\n\r\n <\/tbody> <\/table> <\/div><\/div><script type=\"text\/javascript\"> function footnote_expand_reference_container_1931_1() { jQuery('#footnote_references_container_1931_1').show(); jQuery('#footnote_reference_container_collapse_button_1931_1').text('\u2212'); } function footnote_collapse_reference_container_1931_1() { jQuery('#footnote_references_container_1931_1').hide(); jQuery('#footnote_reference_container_collapse_button_1931_1').text('+'); } function footnote_expand_collapse_reference_container_1931_1() { if (jQuery('#footnote_references_container_1931_1').is(':hidden')) { footnote_expand_reference_container_1931_1(); } else { footnote_collapse_reference_container_1931_1(); } } function footnote_moveToReference_1931_1(p_str_TargetID) { footnote_expand_reference_container_1931_1(); var l_obj_Target = jQuery('#' + p_str_TargetID); if (l_obj_Target.length) { jQuery( 'html, body' ).delay( 0 ); jQuery('html, body').animate({ scrollTop: l_obj_Target.offset().top - window.innerHeight * 0.2 }, 380); } } function footnote_moveToAnchor_1931_1(p_str_TargetID) { footnote_expand_reference_container_1931_1(); var l_obj_Target = jQuery('#' + p_str_TargetID); if (l_obj_Target.length) { jQuery( 'html, body' ).delay( 0 ); jQuery('html, body').animate({ scrollTop: l_obj_Target.offset().top - window.innerHeight * 0.2 }, 380); } }<\/script>","protected":false},"excerpt":{"rendered":"<p>Un &#8220;Centro Residencial para Adultos para Personas con Necesidades Especiales de Atenci\u00f3n M\u00e9dica&#8221; u &#8220;Hogar SB 962&#8221;.[1]Secci\u00f3n 4684.50 y secciones 1538.55 y 1567.50 del C\u00f3digo&hellip;<\/p>\n","protected":false},"author":1,"featured_media":0,"parent":1876,"menu_order":18,"comment_status":"closed","ping_status":"closed","template":"","meta":{"footnotes":""},"class_list":["post-1931","page","type-page","status-publish","hentry"],"_links":{"self":[{"href":"https:\/\/rula.disabilityrightsca.org\/es\/wp-json\/wp\/v2\/pages\/1931","targetHints":{"allow":["GET"]}}],"collection":[{"href":"https:\/\/rula.disabilityrightsca.org\/es\/wp-json\/wp\/v2\/pages"}],"about":[{"href":"https:\/\/rula.disabilityrightsca.org\/es\/wp-json\/wp\/v2\/types\/page"}],"author":[{"embeddable":true,"href":"https:\/\/rula.disabilityrightsca.org\/es\/wp-json\/wp\/v2\/users\/1"}],"replies":[{"embeddable":true,"href":"https:\/\/rula.disabilityrightsca.org\/es\/wp-json\/wp\/v2\/comments?post=1931"}],"version-history":[{"count":3,"href":"https:\/\/rula.disabilityrightsca.org\/es\/wp-json\/wp\/v2\/pages\/1931\/revisions"}],"predecessor-version":[{"id":3824,"href":"https:\/\/rula.disabilityrightsca.org\/es\/wp-json\/wp\/v2\/pages\/1931\/revisions\/3824"}],"up":[{"embeddable":true,"href":"https:\/\/rula.disabilityrightsca.org\/es\/wp-json\/wp\/v2\/pages\/1876"}],"wp:attachment":[{"href":"https:\/\/rula.disabilityrightsca.org\/es\/wp-json\/wp\/v2\/media?parent=1931"}],"curies":[{"name":"wp","href":"https:\/\/api.w.org\/{rel}","templated":true}]}}