{"id":1928,"date":"2021-09-23T18:06:45","date_gmt":"2021-09-23T18:06:45","guid":{"rendered":"http:\/\/www.rula.disabilityrightsca.org\/es\/?page_id=1928"},"modified":"2023-12-05T17:47:03","modified_gmt":"2023-12-05T17:47:03","slug":"7-17-las-personas-que-viven-en-centros-de-atencion-comunitaria-reciben-algun-servicio-medico","status":"publish","type":"page","link":"https:\/\/rula.disabilityrightsca.org\/es\/rula-book\/capitulo-7-modos-de-vida-comunitaria-para-adultos\/7-17-las-personas-que-viven-en-centros-de-atencion-comunitaria-reciben-algun-servicio-medico\/","title":{"rendered":"(7.17) \u00bfLas personas que viven en Centros de Atenci\u00f3n Comunitaria reciben alg\u00fan servicio m\u00e9dico?"},"content":{"rendered":"\n<p>Las personas que viven en los CCF pueden recibir servicios m\u00e9dicos limitados solo del personal, que incluyen:<\/p>\n\n\n\n<ul class=\"wp-block-list\">\n<li>Cuidado de bolsas de colostom\u00eda e ileostom\u00eda,<\/li>\n\n\n\n<li>Cuidado de cat\u00e9teres urinarios y<\/li>\n\n\n\n<li>Alimentaci\u00f3n y cuidado de la gastrostom\u00eda.<span class=\"footnote_referrer\"><a role=\"button\" tabindex=\"0\" onclick=\"footnote_moveToReference_1928_1('footnote_plugin_reference_1928_1_1');\" onkeypress=\"footnote_moveToReference_1928_1('footnote_plugin_reference_1928_1_1');\" ><sup id=\"footnote_plugin_tooltip_1928_1_1\" class=\"footnote_plugin_tooltip_text\">[1]<\/sup><\/a><span id=\"footnote_plugin_tooltip_text_1928_1_1\" class=\"footnote_tooltip\">C\u00f3digo de Salud y Seguridad, secci\u00f3n 1507(b)<\/span><\/span><script type=\"text\/javascript\"> jQuery('#footnote_plugin_tooltip_1928_1_1').tooltip({ tip: '#footnote_plugin_tooltip_text_1928_1_1', tipClass: 'footnote_tooltip', effect: 'fade', predelay: 0, fadeInSpeed: 200, delay: 400, fadeOutSpeed: 200, position: 'top center', relative: true, offset: [-7, 0], });<\/script><\/li>\n<\/ul>\n\n\n\n<p>Para recibir servicios m\u00e9dicos limitados por parte del personal de CCF, debe tener un plan de atenci\u00f3n m\u00e9dica individualizado que incluya a su m\u00e9dico de atenci\u00f3n primaria, enfermero practicante u otro profesional de atenci\u00f3n m\u00e9dica.<span class=\"footnote_referrer\"><a role=\"button\" tabindex=\"0\" onclick=\"footnote_moveToReference_1928_1('footnote_plugin_reference_1928_1_2');\" onkeypress=\"footnote_moveToReference_1928_1('footnote_plugin_reference_1928_1_2');\" ><sup id=\"footnote_plugin_tooltip_1928_1_2\" class=\"footnote_plugin_tooltip_text\">[2]<\/sup><\/a><span id=\"footnote_plugin_tooltip_text_1928_1_2\" class=\"footnote_tooltip\">C\u00f3digo de Salud y Seguridad, secci\u00f3n 1507(c)(1)(A)<\/span><\/span><script type=\"text\/javascript\"> jQuery('#footnote_plugin_tooltip_1928_1_2').tooltip({ tip: '#footnote_plugin_tooltip_text_1928_1_2', tipClass: 'footnote_tooltip', effect: 'fade', predelay: 0, fadeInSpeed: 200, delay: 400, fadeOutSpeed: 200, position: 'top center', relative: true, offset: [-7, 0], });<\/script> El plan de atenci\u00f3n m\u00e9dica debe revisarse al menos cada 12 meses.<span class=\"footnote_referrer\"><a role=\"button\" tabindex=\"0\" onclick=\"footnote_moveToReference_1928_1('footnote_plugin_reference_1928_1_3');\" onkeypress=\"footnote_moveToReference_1928_1('footnote_plugin_reference_1928_1_3');\" ><sup id=\"footnote_plugin_tooltip_1928_1_3\" class=\"footnote_plugin_tooltip_text\">[3]<\/sup><\/a><span id=\"footnote_plugin_tooltip_text_1928_1_3\" class=\"footnote_tooltip\">C\u00f3digo de salud y seguridad, secci\u00f3n 1507(c)(1)(B)<\/span><\/span><script type=\"text\/javascript\"> jQuery('#footnote_plugin_tooltip_1928_1_3').tooltip({ tip: '#footnote_plugin_tooltip_text_1928_1_3', tipClass: 'footnote_tooltip', effect: 'fade', predelay: 0, fadeInSpeed: 200, delay: 400, fadeOutSpeed: 200, position: 'top center', relative: true, offset: [-7, 0], });<\/script> El plan debe identificar al profesional de atenci\u00f3n m\u00e9dica que capacitar\u00e1 al personal de la instalaci\u00f3n para brindar los servicios m\u00e9dicos limitados.<span class=\"footnote_referrer\"><a role=\"button\" tabindex=\"0\" onclick=\"footnote_moveToReference_1928_1('footnote_plugin_reference_1928_1_4');\" onkeypress=\"footnote_moveToReference_1928_1('footnote_plugin_reference_1928_1_4');\" ><sup id=\"footnote_plugin_tooltip_1928_1_4\" class=\"footnote_plugin_tooltip_text\">[4]<\/sup><\/a><span id=\"footnote_plugin_tooltip_text_1928_1_4\" class=\"footnote_tooltip\">C\u00f3digo de Salud y Seguridad, secci\u00f3n 1507(c)(1)(C)<\/span><\/span><script type=\"text\/javascript\"> jQuery('#footnote_plugin_tooltip_1928_1_4').tooltip({ tip: '#footnote_plugin_tooltip_text_1928_1_4', tipClass: 'footnote_tooltip', effect: 'fade', predelay: 0, fadeInSpeed: 200, delay: 400, fadeOutSpeed: 200, position: 'top center', relative: true, offset: [-7, 0], });<\/script> El centro regional u otra agencia de colocaci\u00f3n, evaluar\u00e1, controlar\u00e1 y supervisar\u00e1 los servicios m\u00e9dicos proporcionados en la instalaci\u00f3n por el personal de la misma.<span class=\"footnote_referrer\"><a role=\"button\" tabindex=\"0\" onclick=\"footnote_moveToReference_1928_1('footnote_plugin_reference_1928_1_5');\" onkeypress=\"footnote_moveToReference_1928_1('footnote_plugin_reference_1928_1_5');\" ><sup id=\"footnote_plugin_tooltip_1928_1_5\" class=\"footnote_plugin_tooltip_text\">[5]<\/sup><\/a><span id=\"footnote_plugin_tooltip_text_1928_1_5\" class=\"footnote_tooltip\">C\u00f3digo de Salud y Seguridad, secci\u00f3n 1507(c)(1)(E)<\/span><\/span><script type=\"text\/javascript\"> jQuery('#footnote_plugin_tooltip_1928_1_5').tooltip({ tip: '#footnote_plugin_tooltip_text_1928_1_5', tipClass: 'footnote_tooltip', effect: 'fade', predelay: 0, fadeInSpeed: 200, delay: 400, fadeOutSpeed: 200, position: 'top center', relative: true, offset: [-7, 0], });<\/script><\/p>\n<div class=\"speaker-mute footnotes_reference_container\"> <div class=\"footnote_container_prepare\"><p><span role=\"button\" tabindex=\"0\" class=\"footnote_reference_container_label pointer\" onclick=\"footnote_expand_collapse_reference_container_1928_1();\">&#x202F;<\/span><span role=\"button\" tabindex=\"0\" class=\"footnote_reference_container_collapse_button\" style=\"display: none;\" onclick=\"footnote_expand_collapse_reference_container_1928_1();\">[<a id=\"footnote_reference_container_collapse_button_1928_1\">+<\/a>]<\/span><\/p><\/div> <div id=\"footnote_references_container_1928_1\" style=\"\"><table class=\"footnotes_table footnote-reference-container\"><caption class=\"accessibility\">References<\/caption> <tbody> \r\n\r\n<tr class=\"footnotes_plugin_reference_row\"> <th scope=\"row\" class=\"footnote_plugin_index_combi pointer\"  onclick=\"footnote_moveToAnchor_1928_1('footnote_plugin_tooltip_1928_1_1');\"><a id=\"footnote_plugin_reference_1928_1_1\" class=\"footnote_backlink\"><span class=\"footnote_index_arrow\">&#8593;<\/span>1<\/a><\/th> <td class=\"footnote_plugin_text\">C\u00f3digo de Salud y Seguridad, secci\u00f3n 1507(b)<\/td><\/tr>\r\n\r\n<tr class=\"footnotes_plugin_reference_row\"> <th scope=\"row\" class=\"footnote_plugin_index_combi pointer\"  onclick=\"footnote_moveToAnchor_1928_1('footnote_plugin_tooltip_1928_1_2');\"><a id=\"footnote_plugin_reference_1928_1_2\" class=\"footnote_backlink\"><span class=\"footnote_index_arrow\">&#8593;<\/span>2<\/a><\/th> <td class=\"footnote_plugin_text\">C\u00f3digo de Salud y Seguridad, secci\u00f3n 1507(c)(1)(A)<\/td><\/tr>\r\n\r\n<tr class=\"footnotes_plugin_reference_row\"> <th scope=\"row\" class=\"footnote_plugin_index_combi pointer\"  onclick=\"footnote_moveToAnchor_1928_1('footnote_plugin_tooltip_1928_1_3');\"><a id=\"footnote_plugin_reference_1928_1_3\" class=\"footnote_backlink\"><span class=\"footnote_index_arrow\">&#8593;<\/span>3<\/a><\/th> <td class=\"footnote_plugin_text\">C\u00f3digo de salud y seguridad, secci\u00f3n 1507(c)(1)(B)<\/td><\/tr>\r\n\r\n<tr class=\"footnotes_plugin_reference_row\"> <th scope=\"row\" class=\"footnote_plugin_index_combi pointer\"  onclick=\"footnote_moveToAnchor_1928_1('footnote_plugin_tooltip_1928_1_4');\"><a id=\"footnote_plugin_reference_1928_1_4\" class=\"footnote_backlink\"><span class=\"footnote_index_arrow\">&#8593;<\/span>4<\/a><\/th> <td class=\"footnote_plugin_text\">C\u00f3digo de Salud y Seguridad, secci\u00f3n 1507(c)(1)(C)<\/td><\/tr>\r\n\r\n<tr class=\"footnotes_plugin_reference_row\"> <th scope=\"row\" class=\"footnote_plugin_index_combi pointer\"  onclick=\"footnote_moveToAnchor_1928_1('footnote_plugin_tooltip_1928_1_5');\"><a id=\"footnote_plugin_reference_1928_1_5\" class=\"footnote_backlink\"><span class=\"footnote_index_arrow\">&#8593;<\/span>5<\/a><\/th> <td class=\"footnote_plugin_text\">C\u00f3digo de Salud y Seguridad, secci\u00f3n 1507(c)(1)(E)<\/td><\/tr>\r\n\r\n <\/tbody> <\/table> <\/div><\/div><script type=\"text\/javascript\"> function footnote_expand_reference_container_1928_1() { jQuery('#footnote_references_container_1928_1').show(); jQuery('#footnote_reference_container_collapse_button_1928_1').text('\u2212'); } function footnote_collapse_reference_container_1928_1() { jQuery('#footnote_references_container_1928_1').hide(); jQuery('#footnote_reference_container_collapse_button_1928_1').text('+'); } function footnote_expand_collapse_reference_container_1928_1() { if (jQuery('#footnote_references_container_1928_1').is(':hidden')) { footnote_expand_reference_container_1928_1(); } else { footnote_collapse_reference_container_1928_1(); } } function footnote_moveToReference_1928_1(p_str_TargetID) { footnote_expand_reference_container_1928_1(); var l_obj_Target = jQuery('#' + p_str_TargetID); if (l_obj_Target.length) { jQuery( 'html, body' ).delay( 0 ); jQuery('html, body').animate({ scrollTop: l_obj_Target.offset().top - window.innerHeight * 0.2 }, 380); } } function footnote_moveToAnchor_1928_1(p_str_TargetID) { footnote_expand_reference_container_1928_1(); var l_obj_Target = jQuery('#' + p_str_TargetID); if (l_obj_Target.length) { jQuery( 'html, body' ).delay( 0 ); jQuery('html, body').animate({ scrollTop: l_obj_Target.offset().top - window.innerHeight * 0.2 }, 380); } }<\/script>","protected":false},"excerpt":{"rendered":"<p>Las personas que viven en los CCF pueden recibir servicios m\u00e9dicos limitados solo del personal, que incluyen: Para recibir servicios m\u00e9dicos limitados por parte del&hellip;<\/p>\n","protected":false},"author":1,"featured_media":0,"parent":1876,"menu_order":17,"comment_status":"closed","ping_status":"closed","template":"","meta":{"footnotes":""},"class_list":["post-1928","page","type-page","status-publish","hentry"],"_links":{"self":[{"href":"https:\/\/rula.disabilityrightsca.org\/es\/wp-json\/wp\/v2\/pages\/1928","targetHints":{"allow":["GET"]}}],"collection":[{"href":"https:\/\/rula.disabilityrightsca.org\/es\/wp-json\/wp\/v2\/pages"}],"about":[{"href":"https:\/\/rula.disabilityrightsca.org\/es\/wp-json\/wp\/v2\/types\/page"}],"author":[{"embeddable":true,"href":"https:\/\/rula.disabilityrightsca.org\/es\/wp-json\/wp\/v2\/users\/1"}],"replies":[{"embeddable":true,"href":"https:\/\/rula.disabilityrightsca.org\/es\/wp-json\/wp\/v2\/comments?post=1928"}],"version-history":[{"count":3,"href":"https:\/\/rula.disabilityrightsca.org\/es\/wp-json\/wp\/v2\/pages\/1928\/revisions"}],"predecessor-version":[{"id":3822,"href":"https:\/\/rula.disabilityrightsca.org\/es\/wp-json\/wp\/v2\/pages\/1928\/revisions\/3822"}],"up":[{"embeddable":true,"href":"https:\/\/rula.disabilityrightsca.org\/es\/wp-json\/wp\/v2\/pages\/1876"}],"wp:attachment":[{"href":"https:\/\/rula.disabilityrightsca.org\/es\/wp-json\/wp\/v2\/media?parent=1928"}],"curies":[{"name":"wp","href":"https:\/\/api.w.org\/{rel}","templated":true}]}}