{"id":1925,"date":"2021-09-23T18:03:21","date_gmt":"2021-09-23T18:03:21","guid":{"rendered":"http:\/\/www.rula.disabilityrightsca.org\/es\/?page_id=1925"},"modified":"2023-12-05T17:46:08","modified_gmt":"2023-12-05T17:46:08","slug":"7-16-existen-otros-hogares-para-personas-con-necesidades-conductuales-o-que-estan-en-crisis","status":"publish","type":"page","link":"https:\/\/rula.disabilityrightsca.org\/es\/rula-book\/capitulo-7-modos-de-vida-comunitaria-para-adultos\/7-16-existen-otros-hogares-para-personas-con-necesidades-conductuales-o-que-estan-en-crisis\/","title":{"rendered":"(7.16) \u00bfExisten otros hogares para personas con necesidades conductuales o que est\u00e1n en crisis?"},"content":{"rendered":"\n<p>S\u00ed, se crearon dos tipos de hogares grupales en todo el estado cuando las personas comenzaron a mudarse de los centros de desarrollo: Los Hogares de Apoyos Mejorados del Comportamiento (Enhanced Behavioral Supports Home, EBSH) y los Hogares Comunitarios de Crisis (Community Crisis Home, CCH). Ambos est\u00e1n certificados por el Departamento de Servicios de Desarrollo y autorizados por el Departamento de Servicios Sociales del Estado. Los centros regionales supervisan los EBSH y los CCH dentro de su \u00e1rea de servicio.<\/p>\n\n\n\n<p>Los Hogares de Apoyos Mejorados del Comportamiento (EBSH) son instalaciones residenciales para adultos u hogares grupales para ni\u00f1os. Brindan atenci\u00f3n no m\u00e9dica las 24 horas del d\u00eda a personas con comportamientos desafiantes que necesitan apoyo adicional, personal y supervisi\u00f3n en un entorno hogare\u00f1o. Cada hogar es \u00fanico y ofrece m\u00e1s servicios y apoyos conductuales que otros hogares comunitarios. Cada consumidor debe tener su propia habitaci\u00f3n privada. <span class=\"footnote_referrer\"><a role=\"button\" tabindex=\"0\" onclick=\"footnote_moveToReference_1925_1('footnote_plugin_reference_1925_1_1');\" onkeypress=\"footnote_moveToReference_1925_1('footnote_plugin_reference_1925_1_1');\" ><sup id=\"footnote_plugin_tooltip_1925_1_1\" class=\"footnote_plugin_tooltip_text\">[1]<\/sup><\/a><span id=\"footnote_plugin_tooltip_text_1925_1_1\" class=\"footnote_tooltip\">Secci\u00f3n 4684.80 y 17 CCR 59050-59072<\/span><\/span><script type=\"text\/javascript\"> jQuery('#footnote_plugin_tooltip_1925_1_1').tooltip({ tip: '#footnote_plugin_tooltip_text_1925_1_1', tipClass: 'footnote_tooltip', effect: 'fade', predelay: 0, fadeInSpeed: 200, delay: 400, fadeOutSpeed: 200, position: 'top center', relative: true, offset: [-7, 0], });<\/script>&nbsp;<a href=\"https:\/\/www.dds.ca.gov\/general\/eligibility\/enhanced-behavioral-supports-homes\/\">Haga clic aqu\u00ed<\/a>&nbsp;para obtener informaci\u00f3n del sitio web del DDS.<\/p>\n\n\n\n<p>Los Hogares Comunitarios de Crisis (CCH) son instalaciones residenciales que brindan atenci\u00f3n no m\u00e9dica las 24 horas a las personas que necesitan servicios de intervenci\u00f3n en caso de crisis. Los CCH atienden a personas en riesgo de ser colocadas en un entorno institucional (centro de crisis aguda, instalaci\u00f3n operada por el estado, traslado fuera del estado, hospital general de crisis agudas o instituci\u00f3n para enfermedades mentales). Los CCH brindan servicios y apoyos intensivos para abordar de inmediato las necesidades urgentes de una persona. Trabajan en la estabilizaci\u00f3n y las metas individuales para que las personas puedan hacer la transici\u00f3n a una ubicaci\u00f3n a largo plazo de manera r\u00e1pida y segura. <span class=\"footnote_referrer\"><a role=\"button\" tabindex=\"0\" onclick=\"footnote_moveToReference_1925_1('footnote_plugin_reference_1925_1_2');\" onkeypress=\"footnote_moveToReference_1925_1('footnote_plugin_reference_1925_1_2');\" ><sup id=\"footnote_plugin_tooltip_1925_1_2\" class=\"footnote_plugin_tooltip_text\">[2]<\/sup><\/a><span id=\"footnote_plugin_tooltip_text_1925_1_2\" class=\"footnote_tooltip\">Secci\u00f3n 4698 y 17 CCR 59000-59022<\/span><\/span><script type=\"text\/javascript\"> jQuery('#footnote_plugin_tooltip_1925_1_2').tooltip({ tip: '#footnote_plugin_tooltip_text_1925_1_2', tipClass: 'footnote_tooltip', effect: 'fade', predelay: 0, fadeInSpeed: 200, delay: 400, fadeOutSpeed: 200, position: 'top center', relative: true, offset: [-7, 0], });<\/script> Los CCH pueden tener hasta 8 consumidores, pero la mayor\u00eda tiene menos de 6. <a href=\"https:\/\/www.dds.ca.gov\/general\/eligibility\/community-crisis-homes\/\">Haga clic aqu\u00ed<\/a>\u00a0para obtener informaci\u00f3n del sitio web de DDS.<\/p>\n<div class=\"speaker-mute footnotes_reference_container\"> <div class=\"footnote_container_prepare\"><p><span role=\"button\" tabindex=\"0\" class=\"footnote_reference_container_label pointer\" onclick=\"footnote_expand_collapse_reference_container_1925_1();\">&#x202F;<\/span><span role=\"button\" tabindex=\"0\" class=\"footnote_reference_container_collapse_button\" style=\"display: none;\" onclick=\"footnote_expand_collapse_reference_container_1925_1();\">[<a id=\"footnote_reference_container_collapse_button_1925_1\">+<\/a>]<\/span><\/p><\/div> <div id=\"footnote_references_container_1925_1\" style=\"\"><table class=\"footnotes_table footnote-reference-container\"><caption class=\"accessibility\">References<\/caption> <tbody> \r\n\r\n<tr class=\"footnotes_plugin_reference_row\"> <th scope=\"row\" class=\"footnote_plugin_index_combi pointer\"  onclick=\"footnote_moveToAnchor_1925_1('footnote_plugin_tooltip_1925_1_1');\"><a id=\"footnote_plugin_reference_1925_1_1\" class=\"footnote_backlink\"><span class=\"footnote_index_arrow\">&#8593;<\/span>1<\/a><\/th> <td class=\"footnote_plugin_text\">Secci\u00f3n 4684.80 y 17 CCR 59050-59072<\/td><\/tr>\r\n\r\n<tr class=\"footnotes_plugin_reference_row\"> <th scope=\"row\" class=\"footnote_plugin_index_combi pointer\"  onclick=\"footnote_moveToAnchor_1925_1('footnote_plugin_tooltip_1925_1_2');\"><a id=\"footnote_plugin_reference_1925_1_2\" class=\"footnote_backlink\"><span class=\"footnote_index_arrow\">&#8593;<\/span>2<\/a><\/th> <td class=\"footnote_plugin_text\">Secci\u00f3n 4698 y 17 CCR 59000-59022<\/td><\/tr>\r\n\r\n <\/tbody> <\/table> <\/div><\/div><script type=\"text\/javascript\"> function footnote_expand_reference_container_1925_1() { jQuery('#footnote_references_container_1925_1').show(); jQuery('#footnote_reference_container_collapse_button_1925_1').text('\u2212'); } function footnote_collapse_reference_container_1925_1() { jQuery('#footnote_references_container_1925_1').hide(); jQuery('#footnote_reference_container_collapse_button_1925_1').text('+'); } function footnote_expand_collapse_reference_container_1925_1() { if (jQuery('#footnote_references_container_1925_1').is(':hidden')) { footnote_expand_reference_container_1925_1(); } else { footnote_collapse_reference_container_1925_1(); } } function footnote_moveToReference_1925_1(p_str_TargetID) { footnote_expand_reference_container_1925_1(); var l_obj_Target = jQuery('#' + p_str_TargetID); if (l_obj_Target.length) { jQuery( 'html, body' ).delay( 0 ); jQuery('html, body').animate({ scrollTop: l_obj_Target.offset().top - window.innerHeight * 0.2 }, 380); } } function footnote_moveToAnchor_1925_1(p_str_TargetID) { footnote_expand_reference_container_1925_1(); var l_obj_Target = jQuery('#' + p_str_TargetID); if (l_obj_Target.length) { jQuery( 'html, body' ).delay( 0 ); jQuery('html, body').animate({ scrollTop: l_obj_Target.offset().top - window.innerHeight * 0.2 }, 380); } }<\/script>","protected":false},"excerpt":{"rendered":"<p>S\u00ed, se crearon dos tipos de hogares grupales en todo el estado cuando las personas comenzaron a mudarse de los centros de desarrollo: Los Hogares&hellip;<\/p>\n","protected":false},"author":1,"featured_media":0,"parent":1876,"menu_order":16,"comment_status":"closed","ping_status":"closed","template":"","meta":{"footnotes":""},"class_list":["post-1925","page","type-page","status-publish","hentry"],"_links":{"self":[{"href":"https:\/\/rula.disabilityrightsca.org\/es\/wp-json\/wp\/v2\/pages\/1925","targetHints":{"allow":["GET"]}}],"collection":[{"href":"https:\/\/rula.disabilityrightsca.org\/es\/wp-json\/wp\/v2\/pages"}],"about":[{"href":"https:\/\/rula.disabilityrightsca.org\/es\/wp-json\/wp\/v2\/types\/page"}],"author":[{"embeddable":true,"href":"https:\/\/rula.disabilityrightsca.org\/es\/wp-json\/wp\/v2\/users\/1"}],"replies":[{"embeddable":true,"href":"https:\/\/rula.disabilityrightsca.org\/es\/wp-json\/wp\/v2\/comments?post=1925"}],"version-history":[{"count":3,"href":"https:\/\/rula.disabilityrightsca.org\/es\/wp-json\/wp\/v2\/pages\/1925\/revisions"}],"predecessor-version":[{"id":3821,"href":"https:\/\/rula.disabilityrightsca.org\/es\/wp-json\/wp\/v2\/pages\/1925\/revisions\/3821"}],"up":[{"embeddable":true,"href":"https:\/\/rula.disabilityrightsca.org\/es\/wp-json\/wp\/v2\/pages\/1876"}],"wp:attachment":[{"href":"https:\/\/rula.disabilityrightsca.org\/es\/wp-json\/wp\/v2\/media?parent=1925"}],"curies":[{"name":"wp","href":"https:\/\/api.w.org\/{rel}","templated":true}]}}