{"id":1916,"date":"2021-09-23T17:56:55","date_gmt":"2021-09-23T17:56:55","guid":{"rendered":"http:\/\/www.rula.disabilityrightsca.org\/es\/?page_id=1916"},"modified":"2023-12-05T17:42:17","modified_gmt":"2023-12-05T17:42:17","slug":"7-13-que-son-las-instalaciones-de-cuidados-intermedios-icf","status":"publish","type":"page","link":"https:\/\/rula.disabilityrightsca.org\/es\/rula-book\/capitulo-7-modos-de-vida-comunitaria-para-adultos\/7-13-que-son-las-instalaciones-de-cuidados-intermedios-icf\/","title":{"rendered":"(7.13) \u00bfQu\u00e9 son las Instalaciones de Cuidados Intermedios (ICF)?"},"content":{"rendered":"\n<p>Los ICF son instalaciones donde las personas con discapacidades del desarrollo viven y reciben los servicios de atenci\u00f3n m\u00e9dica, la capacitaci\u00f3n en habilidades para la vida y la formaci\u00f3n profesional que necesitan.<span class=\"footnote_referrer\"><a role=\"button\" tabindex=\"0\" onclick=\"footnote_moveToReference_1916_1('footnote_plugin_reference_1916_1_1');\" onkeypress=\"footnote_moveToReference_1916_1('footnote_plugin_reference_1916_1_1');\" ><sup id=\"footnote_plugin_tooltip_1916_1_1\" class=\"footnote_plugin_tooltip_text\">[1]<\/sup><\/a><span id=\"footnote_plugin_tooltip_text_1916_1_1\" class=\"footnote_tooltip\">Para obtener definiciones de los diferentes tipos de ICF, <em>consulte <\/em>la secci\u00f3n 1250(e)(g) y (h) del C\u00f3digo de Salud y Seguridad<\/span><\/span><script type=\"text\/javascript\"> jQuery('#footnote_plugin_tooltip_1916_1_1').tooltip({ tip: '#footnote_plugin_tooltip_text_1916_1_1', tipClass: 'footnote_tooltip', effect: 'fade', predelay: 0, fadeInSpeed: 200, delay: 400, fadeOutSpeed: 200, position: 'top center', relative: true, offset: [-7, 0], });<\/script> Debido a que brindan atenci\u00f3n m\u00e9dica y de enfermer\u00eda en el lugar, los ICF est\u00e1n autorizados por el Departamento de Servicios de Atenci\u00f3n M\u00e9dica.<\/p>\n\n\n\n<p>Hay cuatro ICF diferentes para personas con discapacidades del desarrollo:<\/p>\n\n\n\n<ol class=\"wp-block-list\">\n<li>ICF\/DD<span class=\"footnote_referrer\"><a role=\"button\" tabindex=\"0\" onclick=\"footnote_moveToReference_1916_1('footnote_plugin_reference_1916_1_2');\" onkeypress=\"footnote_moveToReference_1916_1('footnote_plugin_reference_1916_1_2');\" ><sup id=\"footnote_plugin_tooltip_1916_1_2\" class=\"footnote_plugin_tooltip_text\">[2]<\/sup><\/a><span id=\"footnote_plugin_tooltip_text_1916_1_2\" class=\"footnote_tooltip\">C\u00f3digo de salud y seguridad, secci\u00f3n 1250(g); T\u00edtulo 22 del C\u00f3digo de Reglamentos de California, secci\u00f3n 51343<\/span><\/span><script type=\"text\/javascript\"> jQuery('#footnote_plugin_tooltip_1916_1_2').tooltip({ tip: '#footnote_plugin_tooltip_text_1916_1_2', tipClass: 'footnote_tooltip', effect: 'fade', predelay: 0, fadeInSpeed: 200, delay: 400, fadeOutSpeed: 200, position: 'top center', relative: true, offset: [-7, 0], });<\/script><\/li>\n\n\n\n<li>ICF\/DD-Habilitaci\u00f3n<span class=\"footnote_referrer\"><a role=\"button\" tabindex=\"0\" onclick=\"footnote_moveToReference_1916_1('footnote_plugin_reference_1916_1_3');\" onkeypress=\"footnote_moveToReference_1916_1('footnote_plugin_reference_1916_1_3');\" ><sup id=\"footnote_plugin_tooltip_1916_1_3\" class=\"footnote_plugin_tooltip_text\">[3]<\/sup><\/a><span id=\"footnote_plugin_tooltip_text_1916_1_3\" class=\"footnote_tooltip\">C\u00f3digo de salud y seguridad, secci\u00f3n 1250(e); T\u00edtulo 22 del C\u00f3digo de Reglamentos de California, secci\u00f3n 51343.1<\/span><\/span><script type=\"text\/javascript\"> jQuery('#footnote_plugin_tooltip_1916_1_3').tooltip({ tip: '#footnote_plugin_tooltip_text_1916_1_3', tipClass: 'footnote_tooltip', effect: 'fade', predelay: 0, fadeInSpeed: 200, delay: 400, fadeOutSpeed: 200, position: 'top center', relative: true, offset: [-7, 0], });<\/script><\/li>\n\n\n\n<li>ICF\/DD-Habilitaci\u00f3n<span class=\"footnote_referrer\"><a role=\"button\" tabindex=\"0\" onclick=\"footnote_moveToReference_1916_1('footnote_plugin_reference_1916_1_4');\" onkeypress=\"footnote_moveToReference_1916_1('footnote_plugin_reference_1916_1_4');\" ><sup id=\"footnote_plugin_tooltip_1916_1_4\" class=\"footnote_plugin_tooltip_text\">[4]<\/sup><\/a><span id=\"footnote_plugin_tooltip_text_1916_1_4\" class=\"footnote_tooltip\">C\u00f3digo de salud y seguridad, secci\u00f3n 1250(e); T\u00edtulo 22 del C\u00f3digo de Reglamentos de California, secci\u00f3n 51343.2<\/span><\/span><script type=\"text\/javascript\"> jQuery('#footnote_plugin_tooltip_1916_1_4').tooltip({ tip: '#footnote_plugin_tooltip_text_1916_1_4', tipClass: 'footnote_tooltip', effect: 'fade', predelay: 0, fadeInSpeed: 200, delay: 400, fadeOutSpeed: 200, position: 'top center', relative: true, offset: [-7, 0], });<\/script><\/li>\n\n\n\n<li>ICF\/DD-Atenci\u00f3n continua de enfermer\u00eda<span class=\"footnote_referrer\"><a role=\"button\" tabindex=\"0\" onclick=\"footnote_moveToReference_1916_1('footnote_plugin_reference_1916_1_5');\" onkeypress=\"footnote_moveToReference_1916_1('footnote_plugin_reference_1916_1_5');\" ><sup id=\"footnote_plugin_tooltip_1916_1_5\" class=\"footnote_plugin_tooltip_text\">[5]<\/sup><\/a><span id=\"footnote_plugin_tooltip_text_1916_1_5\" class=\"footnote_tooltip\">C\u00f3digo de Bienestar e Instituciones, secci\u00f3n 14495.10<\/span><\/span><script type=\"text\/javascript\"> jQuery('#footnote_plugin_tooltip_1916_1_5').tooltip({ tip: '#footnote_plugin_tooltip_text_1916_1_5', tipClass: 'footnote_tooltip', effect: 'fade', predelay: 0, fadeInSpeed: 200, delay: 400, fadeOutSpeed: 200, position: 'top center', relative: true, offset: [-7, 0], });<\/script><\/li>\n<\/ol>\n\n\n\n<p>La mayor\u00eda de los ICF son peque\u00f1os, con seis residentes o menos. Pero los ICF pueden ser m\u00e1s grandes, a veces con cientos de residentes.<\/p>\n\n\n\n<p>Solo analizaremos los ICF\/DD-Habilitaci\u00f3n, ICF\/DD-Enfermer\u00eda e ICF\/DD-Atenci\u00f3n continua de enfermer\u00eda. Los hogares ICF\/DD m\u00e1s grandes no se consideran opciones de vida comunitaria porque a menudo son entornos grandes y congregados.<\/p>\n\n\n\n<p>Los hogares ICF\/DD-Habilitaci\u00f3n son en su mayor\u00eda hogares peque\u00f1os para seis personas, pero pueden tener hasta 15 personas. Prestan servicios de atenci\u00f3n personal, habilitaci\u00f3n, desarrollo y apoyo sanitario las 24 horas del d\u00eda. Estos hogares son para personas que necesitan algunos servicios de enfermer\u00eda, pero no necesitan cuidados de enfermer\u00eda constantes. Los residentes tambi\u00e9n han sido certificados por un m\u00e9dico y un cirujano de que no necesitan atenci\u00f3n continua de enfermer\u00eda especializada.<span class=\"footnote_referrer\"><a role=\"button\" tabindex=\"0\" onclick=\"footnote_moveToReference_1916_1('footnote_plugin_reference_1916_1_6');\" onkeypress=\"footnote_moveToReference_1916_1('footnote_plugin_reference_1916_1_6');\" ><sup id=\"footnote_plugin_tooltip_1916_1_6\" class=\"footnote_plugin_tooltip_text\">[6]<\/sup><\/a><span id=\"footnote_plugin_tooltip_text_1916_1_6\" class=\"footnote_tooltip\">C\u00f3digo de Salud y Seguridad Secci\u00f3n 1250(e); T\u00edtulo 17 del C\u00f3digo de Reglamentos de California, secci\u00f3n 54302(a)(42); T\u00edtulo 22 del C\u00f3digo de Reglamentos de California, secci\u00f3n 51343.1<\/span><\/span><script type=\"text\/javascript\"> jQuery('#footnote_plugin_tooltip_1916_1_6').tooltip({ tip: '#footnote_plugin_tooltip_text_1916_1_6', tipClass: 'footnote_tooltip', effect: 'fade', predelay: 0, fadeInSpeed: 200, delay: 400, fadeOutSpeed: 200, position: 'top center', relative: true, offset: [-7, 0], });<\/script><\/p>\n\n\n\n<p>Los hogares ICF\/DD-Enfermer\u00eda son en su mayor\u00eda hogares peque\u00f1os para seis personas, pero pueden tener hasta 15 personas. Prestan servicios de atenci\u00f3n personal, habilitaci\u00f3n, desarrollo y apoyo sanitario las 24 horas del d\u00eda. Estos hogares son para personas que necesitan m\u00e1s servicios de enfermer\u00eda que las personas en un ICF\/DD-Habilitaci\u00f3n. Los residentes de estos hogares necesitan supervisi\u00f3n de enfermer\u00eda las 24 horas, pero sus condiciones son estables y no requieren cuidados de enfermer\u00eda las 24 horas. Estos hogares sirven a personas que requieren atenci\u00f3n m\u00e9dica o que tienen un retraso grave en el desarrollo que puede conducir a una discapacidad del desarrollo si no se trata.<span class=\"footnote_referrer\"><a role=\"button\" tabindex=\"0\" onclick=\"footnote_moveToReference_1916_1('footnote_plugin_reference_1916_1_7');\" onkeypress=\"footnote_moveToReference_1916_1('footnote_plugin_reference_1916_1_7');\" ><sup id=\"footnote_plugin_tooltip_1916_1_7\" class=\"footnote_plugin_tooltip_text\">[7]<\/sup><\/a><span id=\"footnote_plugin_tooltip_text_1916_1_7\" class=\"footnote_tooltip\">C\u00f3digo de Salud y Seguridad Secci\u00f3n 1250(h); T\u00edtulo 17 del C\u00f3digo de Reglamentos de California, secci\u00f3n 54302(a)(43); T\u00edtulo 22 del C\u00f3digo de Reglamentos de California, secci\u00f3n 51343.2<\/span><\/span><script type=\"text\/javascript\"> jQuery('#footnote_plugin_tooltip_1916_1_7').tooltip({ tip: '#footnote_plugin_tooltip_text_1916_1_7', tipClass: 'footnote_tooltip', effect: 'fade', predelay: 0, fadeInSpeed: 200, delay: 400, fadeOutSpeed: 200, position: 'top center', relative: true, offset: [-7, 0], });<\/script><\/p>\n\n\n\n<p>Los hogares ICF\/DD-Atenci\u00f3n continua de enfermer\u00eda son raros. La ley solo permite 10 residencias en California. Ellos atienden hasta a seis residentes. Brindan atenci\u00f3n de enfermer\u00eda especializada las 24 horas del d\u00eda, los 7 d\u00edas de la semana por parte de o supervisada por una enfermera matriculada. Estos hogares se financian al 100% con fondos federales de Medicaid.<span class=\"footnote_referrer\"><a role=\"button\" tabindex=\"0\" onclick=\"footnote_moveToReference_1916_1('footnote_plugin_reference_1916_1_8');\" onkeypress=\"footnote_moveToReference_1916_1('footnote_plugin_reference_1916_1_8');\" ><sup id=\"footnote_plugin_tooltip_1916_1_8\" class=\"footnote_plugin_tooltip_text\">[8]<\/sup><\/a><span id=\"footnote_plugin_tooltip_text_1916_1_8\" class=\"footnote_tooltip\">C\u00f3digo de Bienestar e Instituciones, secci\u00f3n 14495.10. Para obtener m\u00e1s informaci\u00f3n sobre DD-CNC, consulte el sitio web del Departamento de Servicios de Atenci\u00f3n M\u00e9dica de&nbsp;&#x2026; <span class=\"footnote_tooltip_continue\"  onclick=\"footnote_moveToReference_1916_1('footnote_plugin_reference_1916_1_8');\">Continue reading<\/span><\/span><\/span><script type=\"text\/javascript\"> jQuery('#footnote_plugin_tooltip_1916_1_8').tooltip({ tip: '#footnote_plugin_tooltip_text_1916_1_8', tipClass: 'footnote_tooltip', effect: 'fade', predelay: 0, fadeInSpeed: 200, delay: 400, fadeOutSpeed: 200, position: 'top center', relative: true, offset: [-7, 0], });<\/script><\/p>\n<div class=\"speaker-mute footnotes_reference_container\"> <div class=\"footnote_container_prepare\"><p><span role=\"button\" tabindex=\"0\" class=\"footnote_reference_container_label pointer\" onclick=\"footnote_expand_collapse_reference_container_1916_1();\">&#x202F;<\/span><span role=\"button\" tabindex=\"0\" class=\"footnote_reference_container_collapse_button\" style=\"display: none;\" onclick=\"footnote_expand_collapse_reference_container_1916_1();\">[<a id=\"footnote_reference_container_collapse_button_1916_1\">+<\/a>]<\/span><\/p><\/div> <div id=\"footnote_references_container_1916_1\" style=\"\"><table class=\"footnotes_table footnote-reference-container\"><caption class=\"accessibility\">References<\/caption> <tbody> \r\n\r\n<tr class=\"footnotes_plugin_reference_row\"> <th scope=\"row\" class=\"footnote_plugin_index_combi pointer\"  onclick=\"footnote_moveToAnchor_1916_1('footnote_plugin_tooltip_1916_1_1');\"><a id=\"footnote_plugin_reference_1916_1_1\" class=\"footnote_backlink\"><span class=\"footnote_index_arrow\">&#8593;<\/span>1<\/a><\/th> <td class=\"footnote_plugin_text\">Para obtener definiciones de los diferentes tipos de ICF, <em>consulte <\/em>la secci\u00f3n 1250(e)(g) y (h) del C\u00f3digo de Salud y Seguridad<\/td><\/tr>\r\n\r\n<tr class=\"footnotes_plugin_reference_row\"> <th scope=\"row\" class=\"footnote_plugin_index_combi pointer\"  onclick=\"footnote_moveToAnchor_1916_1('footnote_plugin_tooltip_1916_1_2');\"><a id=\"footnote_plugin_reference_1916_1_2\" class=\"footnote_backlink\"><span class=\"footnote_index_arrow\">&#8593;<\/span>2<\/a><\/th> <td class=\"footnote_plugin_text\">C\u00f3digo de salud y seguridad, secci\u00f3n 1250(g); T\u00edtulo 22 del C\u00f3digo de Reglamentos de California, secci\u00f3n 51343<\/td><\/tr>\r\n\r\n<tr class=\"footnotes_plugin_reference_row\"> <th scope=\"row\" class=\"footnote_plugin_index_combi pointer\"  onclick=\"footnote_moveToAnchor_1916_1('footnote_plugin_tooltip_1916_1_3');\"><a id=\"footnote_plugin_reference_1916_1_3\" class=\"footnote_backlink\"><span class=\"footnote_index_arrow\">&#8593;<\/span>3<\/a><\/th> <td class=\"footnote_plugin_text\">C\u00f3digo de salud y seguridad, secci\u00f3n 1250(e); T\u00edtulo 22 del C\u00f3digo de Reglamentos de California, secci\u00f3n 51343.1<\/td><\/tr>\r\n\r\n<tr class=\"footnotes_plugin_reference_row\"> <th scope=\"row\" class=\"footnote_plugin_index_combi pointer\"  onclick=\"footnote_moveToAnchor_1916_1('footnote_plugin_tooltip_1916_1_4');\"><a id=\"footnote_plugin_reference_1916_1_4\" class=\"footnote_backlink\"><span class=\"footnote_index_arrow\">&#8593;<\/span>4<\/a><\/th> <td class=\"footnote_plugin_text\">C\u00f3digo de salud y seguridad, secci\u00f3n 1250(e); T\u00edtulo 22 del C\u00f3digo de Reglamentos de California, secci\u00f3n 51343.2<\/td><\/tr>\r\n\r\n<tr class=\"footnotes_plugin_reference_row\"> <th scope=\"row\" class=\"footnote_plugin_index_combi pointer\"  onclick=\"footnote_moveToAnchor_1916_1('footnote_plugin_tooltip_1916_1_5');\"><a id=\"footnote_plugin_reference_1916_1_5\" class=\"footnote_backlink\"><span class=\"footnote_index_arrow\">&#8593;<\/span>5<\/a><\/th> <td class=\"footnote_plugin_text\">C\u00f3digo de Bienestar e Instituciones, secci\u00f3n 14495.10<\/td><\/tr>\r\n\r\n<tr class=\"footnotes_plugin_reference_row\"> <th scope=\"row\" class=\"footnote_plugin_index_combi pointer\"  onclick=\"footnote_moveToAnchor_1916_1('footnote_plugin_tooltip_1916_1_6');\"><a id=\"footnote_plugin_reference_1916_1_6\" class=\"footnote_backlink\"><span class=\"footnote_index_arrow\">&#8593;<\/span>6<\/a><\/th> <td class=\"footnote_plugin_text\">C\u00f3digo de Salud y Seguridad Secci\u00f3n 1250(e); T\u00edtulo 17 del C\u00f3digo de Reglamentos de California, secci\u00f3n 54302(a)(42); T\u00edtulo 22 del C\u00f3digo de Reglamentos de California, secci\u00f3n 51343.1<\/td><\/tr>\r\n\r\n<tr class=\"footnotes_plugin_reference_row\"> <th scope=\"row\" class=\"footnote_plugin_index_combi pointer\"  onclick=\"footnote_moveToAnchor_1916_1('footnote_plugin_tooltip_1916_1_7');\"><a id=\"footnote_plugin_reference_1916_1_7\" class=\"footnote_backlink\"><span class=\"footnote_index_arrow\">&#8593;<\/span>7<\/a><\/th> <td class=\"footnote_plugin_text\">C\u00f3digo de Salud y Seguridad Secci\u00f3n 1250(h); T\u00edtulo 17 del C\u00f3digo de Reglamentos de California, secci\u00f3n 54302(a)(43); T\u00edtulo 22 del C\u00f3digo de Reglamentos de California, secci\u00f3n 51343.2<\/td><\/tr>\r\n\r\n<tr class=\"footnotes_plugin_reference_row\"> <th scope=\"row\" class=\"footnote_plugin_index_combi pointer\"  onclick=\"footnote_moveToAnchor_1916_1('footnote_plugin_tooltip_1916_1_8');\"><a id=\"footnote_plugin_reference_1916_1_8\" class=\"footnote_backlink\"><span class=\"footnote_index_arrow\">&#8593;<\/span>8<\/a><\/th> <td class=\"footnote_plugin_text\">C\u00f3digo de Bienestar e Instituciones, secci\u00f3n 14495.10. Para obtener m\u00e1s informaci\u00f3n sobre DD-CNC, consulte el sitio web del Departamento de Servicios de Atenci\u00f3n M\u00e9dica de California,\u00a0<a href=\"http:\/\/www.dhcs.ca.gov\/services\/medi-cal\/Pages\/ICFDDCN_MC_Waiver.aspx\"><span class=\"footnote_url_wrap\">http:\/\/www.dhcs.ca.gov\/services\/medi-cal\/Pages\/ICFDDCN_MC_Waiver.aspx<\/span><\/a><\/td><\/tr>\r\n\r\n <\/tbody> <\/table> <\/div><\/div><script type=\"text\/javascript\"> function footnote_expand_reference_container_1916_1() { jQuery('#footnote_references_container_1916_1').show(); jQuery('#footnote_reference_container_collapse_button_1916_1').text('\u2212'); } function footnote_collapse_reference_container_1916_1() { jQuery('#footnote_references_container_1916_1').hide(); jQuery('#footnote_reference_container_collapse_button_1916_1').text('+'); } function footnote_expand_collapse_reference_container_1916_1() { if (jQuery('#footnote_references_container_1916_1').is(':hidden')) { footnote_expand_reference_container_1916_1(); } else { footnote_collapse_reference_container_1916_1(); } } function footnote_moveToReference_1916_1(p_str_TargetID) { footnote_expand_reference_container_1916_1(); var l_obj_Target = jQuery('#' + p_str_TargetID); if (l_obj_Target.length) { jQuery( 'html, body' ).delay( 0 ); jQuery('html, body').animate({ scrollTop: l_obj_Target.offset().top - window.innerHeight * 0.2 }, 380); } } function footnote_moveToAnchor_1916_1(p_str_TargetID) { footnote_expand_reference_container_1916_1(); var l_obj_Target = jQuery('#' + p_str_TargetID); if (l_obj_Target.length) { jQuery( 'html, body' ).delay( 0 ); jQuery('html, body').animate({ scrollTop: l_obj_Target.offset().top - window.innerHeight * 0.2 }, 380); } }<\/script>","protected":false},"excerpt":{"rendered":"<p>Los ICF son instalaciones donde las personas con discapacidades del desarrollo viven y reciben los servicios de atenci\u00f3n m\u00e9dica, la capacitaci\u00f3n en habilidades para la&hellip;<\/p>\n","protected":false},"author":1,"featured_media":0,"parent":1876,"menu_order":13,"comment_status":"closed","ping_status":"closed","template":"","meta":{"footnotes":""},"class_list":["post-1916","page","type-page","status-publish","hentry"],"_links":{"self":[{"href":"https:\/\/rula.disabilityrightsca.org\/es\/wp-json\/wp\/v2\/pages\/1916","targetHints":{"allow":["GET"]}}],"collection":[{"href":"https:\/\/rula.disabilityrightsca.org\/es\/wp-json\/wp\/v2\/pages"}],"about":[{"href":"https:\/\/rula.disabilityrightsca.org\/es\/wp-json\/wp\/v2\/types\/page"}],"author":[{"embeddable":true,"href":"https:\/\/rula.disabilityrightsca.org\/es\/wp-json\/wp\/v2\/users\/1"}],"replies":[{"embeddable":true,"href":"https:\/\/rula.disabilityrightsca.org\/es\/wp-json\/wp\/v2\/comments?post=1916"}],"version-history":[{"count":3,"href":"https:\/\/rula.disabilityrightsca.org\/es\/wp-json\/wp\/v2\/pages\/1916\/revisions"}],"predecessor-version":[{"id":3819,"href":"https:\/\/rula.disabilityrightsca.org\/es\/wp-json\/wp\/v2\/pages\/1916\/revisions\/3819"}],"up":[{"embeddable":true,"href":"https:\/\/rula.disabilityrightsca.org\/es\/wp-json\/wp\/v2\/pages\/1876"}],"wp:attachment":[{"href":"https:\/\/rula.disabilityrightsca.org\/es\/wp-json\/wp\/v2\/media?parent=1916"}],"curies":[{"name":"wp","href":"https:\/\/api.w.org\/{rel}","templated":true}]}}