{"id":1913,"date":"2021-09-23T17:44:49","date_gmt":"2021-09-23T17:44:49","guid":{"rendered":"http:\/\/www.rula.disabilityrightsca.org\/es\/?page_id=1913"},"modified":"2022-04-22T22:34:10","modified_gmt":"2022-04-22T22:34:10","slug":"7-12-los-modos-de-vida-en-grupo-que-no-son-hogares-familiares-deben-tener-una-licencia-del-estado","status":"publish","type":"page","link":"https:\/\/rula.disabilityrightsca.org\/es\/rula-book\/capitulo-7-modos-de-vida-comunitaria-para-adultos\/7-12-los-modos-de-vida-en-grupo-que-no-son-hogares-familiares-deben-tener-una-licencia-del-estado\/","title":{"rendered":"(7.12) \u00bfLos modos de vida en grupo que no son hogares familiares deben tener una licencia del estado?"},"content":{"rendered":"\n<p>La mayor\u00eda de las personas con discapacidades del desarrollo que viven fuera de los hogares de sus familias viven en hogares o instalaciones grupales. Hay tres configuraciones de grupo diferentes:<\/p>\n\n\n\n<ul class=\"wp-block-list\"><li><strong>Hogares<\/strong> con hasta 6 personas con discapacidades del desarrollo,<\/li><li><strong>Peque\u00f1as instalaciones<\/strong> con 7-15 personas con discapacidades del desarrollo, y<\/li><li><strong>Grandes instalaciones<\/strong> con 16 o m\u00e1s personas con discapacidades del desarrollo.<\/li><\/ul>\n\n\n\n<p>Dependiendo de su tama\u00f1o y de si brindan ciertos servicios de atenci\u00f3n m\u00e9dica, este tipo de instalaciones est\u00e1n autorizadas por:<\/p>\n\n\n\n<ul class=\"wp-block-list\"><li>El Departamento de Servicios de Atenci\u00f3n M\u00e9dica (DHCS) del estado: llamadas Instalaciones de Cuidados Intermedios (ICF) o<\/li><li>El Departamento de Servicios Sociales (DSS) del estado: llamadas Instalaciones de Atenci\u00f3n Comunitaria (CCF).<\/li><\/ul>\n","protected":false},"excerpt":{"rendered":"<p>La mayor\u00eda de las personas con discapacidades del desarrollo que viven fuera de los hogares de sus familias viven en hogares o instalaciones grupales. Hay&hellip;<\/p>\n","protected":false},"author":1,"featured_media":0,"parent":1876,"menu_order":12,"comment_status":"closed","ping_status":"closed","template":"","meta":{"footnotes":""},"class_list":["post-1913","page","type-page","status-publish","hentry"],"_links":{"self":[{"href":"https:\/\/rula.disabilityrightsca.org\/es\/wp-json\/wp\/v2\/pages\/1913","targetHints":{"allow":["GET"]}}],"collection":[{"href":"https:\/\/rula.disabilityrightsca.org\/es\/wp-json\/wp\/v2\/pages"}],"about":[{"href":"https:\/\/rula.disabilityrightsca.org\/es\/wp-json\/wp\/v2\/types\/page"}],"author":[{"embeddable":true,"href":"https:\/\/rula.disabilityrightsca.org\/es\/wp-json\/wp\/v2\/users\/1"}],"replies":[{"embeddable":true,"href":"https:\/\/rula.disabilityrightsca.org\/es\/wp-json\/wp\/v2\/comments?post=1913"}],"version-history":[{"count":2,"href":"https:\/\/rula.disabilityrightsca.org\/es\/wp-json\/wp\/v2\/pages\/1913\/revisions"}],"predecessor-version":[{"id":2879,"href":"https:\/\/rula.disabilityrightsca.org\/es\/wp-json\/wp\/v2\/pages\/1913\/revisions\/2879"}],"up":[{"embeddable":true,"href":"https:\/\/rula.disabilityrightsca.org\/es\/wp-json\/wp\/v2\/pages\/1876"}],"wp:attachment":[{"href":"https:\/\/rula.disabilityrightsca.org\/es\/wp-json\/wp\/v2\/media?parent=1913"}],"curies":[{"name":"wp","href":"https:\/\/api.w.org\/{rel}","templated":true}]}}