{"id":1907,"date":"2021-09-23T17:38:25","date_gmt":"2021-09-23T17:38:25","guid":{"rendered":"http:\/\/www.rula.disabilityrightsca.org\/es\/?page_id=1907"},"modified":"2023-12-05T17:36:17","modified_gmt":"2023-12-05T17:36:17","slug":"7-10-que-es-un-hogar-de-ensenanza-familiar","status":"publish","type":"page","link":"https:\/\/rula.disabilityrightsca.org\/es\/rula-book\/capitulo-7-modos-de-vida-comunitaria-para-adultos\/7-10-que-es-un-hogar-de-ensenanza-familiar\/","title":{"rendered":"(7.10) \u00bfQu\u00e9 es un Hogar de Ense\u00f1anza Familiar?"},"content":{"rendered":"\n<p>Un Hogar de Ense\u00f1anza Familiar es otro tipo de vivienda para adultos. <span class=\"footnote_referrer\"><a role=\"button\" tabindex=\"0\" onclick=\"footnote_moveToReference_1907_1('footnote_plugin_reference_1907_1_1');\" onkeypress=\"footnote_moveToReference_1907_1('footnote_plugin_reference_1907_1_1');\" ><sup id=\"footnote_plugin_tooltip_1907_1_1\" class=\"footnote_plugin_tooltip_text\">[1]<\/sup><\/a><span id=\"footnote_plugin_tooltip_text_1907_1_1\" class=\"footnote_tooltip\">Secci\u00f3n 4689.1(c)<\/span><\/span><script type=\"text\/javascript\"> jQuery('#footnote_plugin_tooltip_1907_1_1').tooltip({ tip: '#footnote_plugin_tooltip_text_1907_1_1', tipClass: 'footnote_tooltip', effect: 'fade', predelay: 0, fadeInSpeed: 200, delay: 400, fadeOutSpeed: 200, position: 'top center', relative: true, offset: [-7, 0], });<\/script>\u00a0Se diferencia de una AFHA de dos maneras:<\/p>\n\n\n\n<ol class=\"wp-block-list\">\n<li>La familia y la(s) persona(s) con discapacidad no comparten la misma casa privada. La familia docente vive en una casa adjunta o cerca de la casa de la(s) persona(s). Por lo general, es un d\u00faplex que la AFHA posee, arrienda o alquila.<\/li>\n\n\n\n<li>El Hogar de Ense\u00f1anza Familiar est\u00e1 dise\u00f1ado para brindar apoyo a un m\u00e1ximo de tres adultos con alguna discapacidad del desarrollo, que no necesitan atenci\u00f3n continua de enfermer\u00eda especializada.<\/li>\n<\/ol>\n<div class=\"speaker-mute footnotes_reference_container\"> <div class=\"footnote_container_prepare\"><p><span role=\"button\" tabindex=\"0\" class=\"footnote_reference_container_label pointer\" onclick=\"footnote_expand_collapse_reference_container_1907_1();\">&#x202F;<\/span><span role=\"button\" tabindex=\"0\" class=\"footnote_reference_container_collapse_button\" style=\"display: none;\" onclick=\"footnote_expand_collapse_reference_container_1907_1();\">[<a id=\"footnote_reference_container_collapse_button_1907_1\">+<\/a>]<\/span><\/p><\/div> <div id=\"footnote_references_container_1907_1\" style=\"\"><table class=\"footnotes_table footnote-reference-container\"><caption class=\"accessibility\">References<\/caption> <tbody> \r\n\r\n<tr class=\"footnotes_plugin_reference_row\"> <th scope=\"row\" class=\"footnote_plugin_index_combi pointer\"  onclick=\"footnote_moveToAnchor_1907_1('footnote_plugin_tooltip_1907_1_1');\"><a id=\"footnote_plugin_reference_1907_1_1\" class=\"footnote_backlink\"><span class=\"footnote_index_arrow\">&#8593;<\/span>1<\/a><\/th> <td class=\"footnote_plugin_text\">Secci\u00f3n 4689.1(c)<\/td><\/tr>\r\n\r\n <\/tbody> <\/table> <\/div><\/div><script type=\"text\/javascript\"> function footnote_expand_reference_container_1907_1() { jQuery('#footnote_references_container_1907_1').show(); jQuery('#footnote_reference_container_collapse_button_1907_1').text('\u2212'); } function footnote_collapse_reference_container_1907_1() { jQuery('#footnote_references_container_1907_1').hide(); jQuery('#footnote_reference_container_collapse_button_1907_1').text('+'); } function footnote_expand_collapse_reference_container_1907_1() { if (jQuery('#footnote_references_container_1907_1').is(':hidden')) { footnote_expand_reference_container_1907_1(); } else { footnote_collapse_reference_container_1907_1(); } } function footnote_moveToReference_1907_1(p_str_TargetID) { footnote_expand_reference_container_1907_1(); var l_obj_Target = jQuery('#' + p_str_TargetID); if (l_obj_Target.length) { jQuery( 'html, body' ).delay( 0 ); jQuery('html, body').animate({ scrollTop: l_obj_Target.offset().top - window.innerHeight * 0.2 }, 380); } } function footnote_moveToAnchor_1907_1(p_str_TargetID) { footnote_expand_reference_container_1907_1(); var l_obj_Target = jQuery('#' + p_str_TargetID); if (l_obj_Target.length) { jQuery( 'html, body' ).delay( 0 ); jQuery('html, body').animate({ scrollTop: l_obj_Target.offset().top - window.innerHeight * 0.2 }, 380); } }<\/script>","protected":false},"excerpt":{"rendered":"<p>Un Hogar de Ense\u00f1anza Familiar es otro tipo de vivienda para adultos. [1]Secci\u00f3n 4689.1(c)\u00a0Se diferencia de una AFHA de dos maneras: &#x202F;[+] References &#8593;1 Secci\u00f3n&hellip;<\/p>\n","protected":false},"author":1,"featured_media":0,"parent":1876,"menu_order":10,"comment_status":"closed","ping_status":"closed","template":"","meta":{"footnotes":""},"class_list":["post-1907","page","type-page","status-publish","hentry"],"_links":{"self":[{"href":"https:\/\/rula.disabilityrightsca.org\/es\/wp-json\/wp\/v2\/pages\/1907","targetHints":{"allow":["GET"]}}],"collection":[{"href":"https:\/\/rula.disabilityrightsca.org\/es\/wp-json\/wp\/v2\/pages"}],"about":[{"href":"https:\/\/rula.disabilityrightsca.org\/es\/wp-json\/wp\/v2\/types\/page"}],"author":[{"embeddable":true,"href":"https:\/\/rula.disabilityrightsca.org\/es\/wp-json\/wp\/v2\/users\/1"}],"replies":[{"embeddable":true,"href":"https:\/\/rula.disabilityrightsca.org\/es\/wp-json\/wp\/v2\/comments?post=1907"}],"version-history":[{"count":3,"href":"https:\/\/rula.disabilityrightsca.org\/es\/wp-json\/wp\/v2\/pages\/1907\/revisions"}],"predecessor-version":[{"id":3816,"href":"https:\/\/rula.disabilityrightsca.org\/es\/wp-json\/wp\/v2\/pages\/1907\/revisions\/3816"}],"up":[{"embeddable":true,"href":"https:\/\/rula.disabilityrightsca.org\/es\/wp-json\/wp\/v2\/pages\/1876"}],"wp:attachment":[{"href":"https:\/\/rula.disabilityrightsca.org\/es\/wp-json\/wp\/v2\/media?parent=1907"}],"curies":[{"name":"wp","href":"https:\/\/api.w.org\/{rel}","templated":true}]}}