{"id":1904,"date":"2021-09-23T17:36:43","date_gmt":"2021-09-23T17:36:43","guid":{"rendered":"http:\/\/www.rula.disabilityrightsca.org\/es\/?page_id=1904"},"modified":"2024-02-08T17:03:04","modified_gmt":"2024-02-08T17:03:04","slug":"7-9-que-son-las-agencias-de-hogares-familiares-para-adultos","status":"publish","type":"page","link":"https:\/\/rula.disabilityrightsca.org\/es\/rula-book\/capitulo-7-modos-de-vida-comunitaria-para-adultos\/7-9-que-son-las-agencias-de-hogares-familiares-para-adultos\/","title":{"rendered":"(7.9) \u00bfQu\u00e9 tipos de servicios del centro regional me pueden ayudar cuando quiero seguir viviendo en casa con mi familia?"},"content":{"rendered":"\n<p>Si decide seguir viviendo con su familia despu\u00e9s de cumplir 18 a\u00f1os, a\u00fan tiene derecho a recibir servicios de su centro regional en el hogar de su familia para ayudarlo a vivir la vida que desea. Estos servicios incluyen:<\/p>\n\n\n\n<p><strong>Servicios coordinados de apoyo familiar<\/strong>: Los servicios coordinados de apoyo familiar son servicios para adultos que deciden seguir viviendo con sus familias despu\u00e9s de cumplir 18 a\u00f1os. Estos servicios est\u00e1n dise\u00f1ados para ser flexibles y adaptarse a las necesidades individuales de usted y su familia.&nbsp;Deben respetar su idioma, etnia y cultura. Los servicios coordinados de apoyo familiar pueden incluir cosas como:<\/p>\n\n\n\n<ul class=\"wp-block-list\">\n<li>Brindar apoyo directo en su hogar familiar para ayudarlo a hacer las cosas que desea.<\/li>\n\n\n\n<li>Hablar con las diferentes personas y agencias que lo apoyan para asegurarse de que est\u00e9 recibiendo todos los servicios que necesita y desea.<\/li>\n\n\n\n<li>Identificar proveedores de respaldo cuando su personal no se presente.<\/li>\n\n\n\n<li>Ayudarlo a acceder a su comunidad.<\/li>\n\n\n\n<li>Trabajar con usted para crear un plan para mudarse del hogar de su familia si desea vivir solo.<\/li>\n<\/ul>\n\n\n\n<p><strong>Servicios de habilidades para la vida independiente:&nbsp;<\/strong>Las habilidades para la vida independiente (ILS por sus siglas en ingl\u00e9s,&nbsp;<em>Independent Living Skills<\/em>) son las habilidades que necesita para vivir de manera independiente en su comunidad. Los programas ILS pueden ense\u00f1arle estas habilidades, como cocinar, limpiar la casa, cuidado personal y administraci\u00f3n del dinero. Puede adquirir ILS incluso si vive en el hogar de su familia.<\/p>\n\n\n\n<p><strong>Servicios de atenci\u00f3n m\u00e9dica domiciliaria:&nbsp;<\/strong>Los servicios de atenci\u00f3n m\u00e9dica domiciliaria son un tipo de apoyo directo que puede recibir en el hogar de su familia si tiene ciertas necesidades de atenci\u00f3n m\u00e9dica que requieren cuidado de un asistente de atenci\u00f3n m\u00e9dica domiciliaria o una enfermera.<\/p>\n\n\n\n<p><strong>Servicios de relevo<\/strong>: Los servicios de relevo son servicios que se brindan a su familia para que se puedan tomar un descanso de brindarle apoyo de manera directa. Esto puede significar que un trabajador de relevo vaya a su hogar. Tambi\u00e9n puede significar que se quede en un hogar diferente por un tiempo si eso es lo que usted y su familia prefieren.<\/p>\n\n\n\n<p><strong>Servicios de&nbsp;<\/strong><strong>asistencia personal \/ ama de casa<\/strong>: Los servicios de asistencia personal pueden ayudarlo a hacer las cosas que desea hacer mientras est\u00e1 en el hogar de su familia o mientras est\u00e1 en la comunidad. Los servicios de ama de casa son servicios que lo ayudan con las actividades dom\u00e9sticas generales, como la preparaci\u00f3n de comidas y otras tareas, cuando la persona que normalmente ayuda con estas actividades no est\u00e1 disponible.<\/p>\n","protected":false},"excerpt":{"rendered":"<p>Si decide seguir viviendo con su familia despu\u00e9s de cumplir 18 a\u00f1os, a\u00fan tiene derecho a recibir servicios de su centro regional en el hogar&hellip;<\/p>\n","protected":false},"author":1,"featured_media":0,"parent":1876,"menu_order":9,"comment_status":"closed","ping_status":"closed","template":"","meta":{"footnotes":""},"class_list":["post-1904","page","type-page","status-publish","hentry"],"_links":{"self":[{"href":"https:\/\/rula.disabilityrightsca.org\/es\/wp-json\/wp\/v2\/pages\/1904","targetHints":{"allow":["GET"]}}],"collection":[{"href":"https:\/\/rula.disabilityrightsca.org\/es\/wp-json\/wp\/v2\/pages"}],"about":[{"href":"https:\/\/rula.disabilityrightsca.org\/es\/wp-json\/wp\/v2\/types\/page"}],"author":[{"embeddable":true,"href":"https:\/\/rula.disabilityrightsca.org\/es\/wp-json\/wp\/v2\/users\/1"}],"replies":[{"embeddable":true,"href":"https:\/\/rula.disabilityrightsca.org\/es\/wp-json\/wp\/v2\/comments?post=1904"}],"version-history":[{"count":4,"href":"https:\/\/rula.disabilityrightsca.org\/es\/wp-json\/wp\/v2\/pages\/1904\/revisions"}],"predecessor-version":[{"id":3991,"href":"https:\/\/rula.disabilityrightsca.org\/es\/wp-json\/wp\/v2\/pages\/1904\/revisions\/3991"}],"up":[{"embeddable":true,"href":"https:\/\/rula.disabilityrightsca.org\/es\/wp-json\/wp\/v2\/pages\/1876"}],"wp:attachment":[{"href":"https:\/\/rula.disabilityrightsca.org\/es\/wp-json\/wp\/v2\/media?parent=1904"}],"curies":[{"name":"wp","href":"https:\/\/api.w.org\/{rel}","templated":true}]}}