{"id":1901,"date":"2021-09-23T17:34:22","date_gmt":"2021-09-23T17:34:22","guid":{"rendered":"http:\/\/www.rula.disabilityrightsca.org\/es\/?page_id=1901"},"modified":"2022-04-22T22:32:48","modified_gmt":"2022-04-22T22:32:48","slug":"7-8-cual-es-la-diferencia-entre-ils-y-sls","status":"publish","type":"page","link":"https:\/\/rula.disabilityrightsca.org\/es\/rula-book\/capitulo-7-modos-de-vida-comunitaria-para-adultos\/7-8-cual-es-la-diferencia-entre-ils-y-sls\/","title":{"rendered":"(7.8) \u00bfCu\u00e1l es la diferencia entre ILS y SLS?"},"content":{"rendered":"\n<p>Las ILS principalmente lo capacita para aprender y mejorar las habilidades que necesita para vivir por su cuenta. Tambi\u00e9n puede obtener ILS para continuar siendo independiente si vive solo. Puede obtener ILS en cualquier entorno, incluso si vive en casa con su familia o en una instalaci\u00f3n autorizada mientras se prepara para mudarse.<\/p>\n\n\n\n<p>Los SLS suelen incluir servicios m\u00e1s directos. Los SLS son para personas que necesitan m\u00e1s que capacitaci\u00f3n para ser independientes. Solo puede obtener SLS si vive solo en una casa de su propiedad o alquilada.<\/p>\n\n\n\n<p>Algunos centros regionales no distinguen entre ILS y SLS y pueden proporcionar servicios similares en cada categor\u00eda. Solicite ver la pol\u00edtica de compra de servicios (POS) de su centro regional para saber c\u00f3mo su centro regional describe y brinda estos servicios.<\/p>\n","protected":false},"excerpt":{"rendered":"<p>Las ILS principalmente lo capacita para aprender y mejorar las habilidades que necesita para vivir por su cuenta. Tambi\u00e9n puede obtener ILS para continuar siendo&hellip;<\/p>\n","protected":false},"author":1,"featured_media":0,"parent":1876,"menu_order":8,"comment_status":"closed","ping_status":"closed","template":"","meta":{"footnotes":""},"class_list":["post-1901","page","type-page","status-publish","hentry"],"_links":{"self":[{"href":"https:\/\/rula.disabilityrightsca.org\/es\/wp-json\/wp\/v2\/pages\/1901","targetHints":{"allow":["GET"]}}],"collection":[{"href":"https:\/\/rula.disabilityrightsca.org\/es\/wp-json\/wp\/v2\/pages"}],"about":[{"href":"https:\/\/rula.disabilityrightsca.org\/es\/wp-json\/wp\/v2\/types\/page"}],"author":[{"embeddable":true,"href":"https:\/\/rula.disabilityrightsca.org\/es\/wp-json\/wp\/v2\/users\/1"}],"replies":[{"embeddable":true,"href":"https:\/\/rula.disabilityrightsca.org\/es\/wp-json\/wp\/v2\/comments?post=1901"}],"version-history":[{"count":2,"href":"https:\/\/rula.disabilityrightsca.org\/es\/wp-json\/wp\/v2\/pages\/1901\/revisions"}],"predecessor-version":[{"id":2875,"href":"https:\/\/rula.disabilityrightsca.org\/es\/wp-json\/wp\/v2\/pages\/1901\/revisions\/2875"}],"up":[{"embeddable":true,"href":"https:\/\/rula.disabilityrightsca.org\/es\/wp-json\/wp\/v2\/pages\/1876"}],"wp:attachment":[{"href":"https:\/\/rula.disabilityrightsca.org\/es\/wp-json\/wp\/v2\/media?parent=1901"}],"curies":[{"name":"wp","href":"https:\/\/api.w.org\/{rel}","templated":true}]}}