{"id":1898,"date":"2021-09-23T17:32:12","date_gmt":"2021-09-23T17:32:12","guid":{"rendered":"http:\/\/www.rula.disabilityrightsca.org\/es\/?page_id=1898"},"modified":"2023-12-05T17:26:56","modified_gmt":"2023-12-05T17:26:56","slug":"7-7-existe-algun-limite-sobre-cuanto-se-puede-gastar-en-sls","status":"publish","type":"page","link":"https:\/\/rula.disabilityrightsca.org\/es\/rula-book\/capitulo-7-modos-de-vida-comunitaria-para-adultos\/7-7-existe-algun-limite-sobre-cuanto-se-puede-gastar-en-sls\/","title":{"rendered":"(7.7) \u00bfExiste alg\u00fan l\u00edmite sobre cu\u00e1nto se puede gastar en SLS?"},"content":{"rendered":"\n<p>No hay un l\u00edmite legal para el costo de sus servicios SLS. Pero la ley dice que todos los servicios y apoyos que compran los centros regionales deben ser &#8220;rentables&#8221;.<span class=\"footnote_referrer\"><a role=\"button\" tabindex=\"0\" onclick=\"footnote_moveToReference_1898_1('footnote_plugin_reference_1898_1_1');\" onkeypress=\"footnote_moveToReference_1898_1('footnote_plugin_reference_1898_1_1');\" ><sup id=\"footnote_plugin_tooltip_1898_1_1\" class=\"footnote_plugin_tooltip_text\">[1]<\/sup><\/a><span id=\"footnote_plugin_tooltip_text_1898_1_1\" class=\"footnote_tooltip\">Secciones 4512(b), 4646(a), 4651(a) y 4685(c)(3)<\/span><\/span><script type=\"text\/javascript\"> jQuery('#footnote_plugin_tooltip_1898_1_1').tooltip({ tip: '#footnote_plugin_tooltip_text_1898_1_1', tipClass: 'footnote_tooltip', effect: 'fade', predelay: 0, fadeInSpeed: 200, delay: 400, fadeOutSpeed: 200, position: 'top center', relative: true, offset: [-7, 0], });<\/script>\u00a0Los centros regionales deben comprar servicios del proveedor de servicios menos costoso que satisfaga sus necesidades.<span class=\"footnote_referrer\"><a role=\"button\" tabindex=\"0\" onclick=\"footnote_moveToReference_1898_1('footnote_plugin_reference_1898_1_2');\" onkeypress=\"footnote_moveToReference_1898_1('footnote_plugin_reference_1898_1_2');\" ><sup id=\"footnote_plugin_tooltip_1898_1_2\" class=\"footnote_plugin_tooltip_text\">[2]<\/sup><\/a><span id=\"footnote_plugin_tooltip_text_1898_1_2\" class=\"footnote_tooltip\">Secci\u00f3n 4648(a)(6)(D)<\/span><\/span><script type=\"text\/javascript\"> jQuery('#footnote_plugin_tooltip_1898_1_2').tooltip({ tip: '#footnote_plugin_tooltip_text_1898_1_2', tipClass: 'footnote_tooltip', effect: 'fade', predelay: 0, fadeInSpeed: 200, delay: 400, fadeOutSpeed: 200, position: 'top center', relative: true, offset: [-7, 0], });<\/script><\/p>\n\n\n\n<p>Rentable se define como &#8220;obtener los resultados \u00f3ptimos para el gasto&#8221;.<span class=\"footnote_referrer\"><a role=\"button\" tabindex=\"0\" onclick=\"footnote_moveToReference_1898_1('footnote_plugin_reference_1898_1_3');\" onkeypress=\"footnote_moveToReference_1898_1('footnote_plugin_reference_1898_1_3');\" ><sup id=\"footnote_plugin_tooltip_1898_1_3\" class=\"footnote_plugin_tooltip_text\">[3]<\/sup><\/a><span id=\"footnote_plugin_tooltip_text_1898_1_3\" class=\"footnote_tooltip\">T\u00edtulo 17 del C\u00f3digo de Reglamentos de California, secci\u00f3n 58501(a)(6)<\/span><\/span><script type=\"text\/javascript\"> jQuery('#footnote_plugin_tooltip_1898_1_3').tooltip({ tip: '#footnote_plugin_tooltip_text_1898_1_3', tipClass: 'footnote_tooltip', effect: 'fade', predelay: 0, fadeInSpeed: 200, delay: 400, fadeOutSpeed: 200, position: 'top center', relative: true, offset: [-7, 0], });<\/script>\u00a0El objetivo de la Ley Lanterman es ayudar a las personas con discapacidades del desarrollo a vivir como personas sin discapacidades. La mayor\u00eda de los adultos sin discapacidades del desarrollo viven de forma independiente. Por lo tanto, el dinero gastado en SLS cumple con la m\u00e1xima prioridad y obtiene los mejores resultados previstos por la Ley Lanterman.<\/p>\n\n\n\n<p>Los servicios rentables igualmente deben satisfacer sus necesidades. Al seleccionar el &#8220;proveedor menos costoso&#8221;, usted y el centro regional deben considerar proveedores cuyos servicios sean de calidad similar y que puedan satisfacer sus necesidades.<span class=\"footnote_referrer\"><a role=\"button\" tabindex=\"0\" onclick=\"footnote_moveToReference_1898_1('footnote_plugin_reference_1898_1_4');\" onkeypress=\"footnote_moveToReference_1898_1('footnote_plugin_reference_1898_1_4');\" ><sup id=\"footnote_plugin_tooltip_1898_1_4\" class=\"footnote_plugin_tooltip_text\">[4]<\/sup><\/a><span id=\"footnote_plugin_tooltip_text_1898_1_4\" class=\"footnote_tooltip\">Secci\u00f3n 4648(a)(6)(D)<\/span><\/span><script type=\"text\/javascript\"> jQuery('#footnote_plugin_tooltip_1898_1_4').tooltip({ tip: '#footnote_plugin_tooltip_text_1898_1_4', tipClass: 'footnote_tooltip', effect: 'fade', predelay: 0, fadeInSpeed: 200, delay: 400, fadeOutSpeed: 200, position: 'top center', relative: true, offset: [-7, 0], });<\/script> El costo de sus SLS no debe ser mayor que el costo de un a\u00f1o de servicios y apoyos en una instalaci\u00f3n residencial con licencia adecuada.<span class=\"footnote_referrer\"><a role=\"button\" tabindex=\"0\" onclick=\"footnote_moveToReference_1898_1('footnote_plugin_reference_1898_1_5');\" onkeypress=\"footnote_moveToReference_1898_1('footnote_plugin_reference_1898_1_5');\" ><sup id=\"footnote_plugin_tooltip_1898_1_5\" class=\"footnote_plugin_tooltip_text\">[5]<\/sup><\/a><span id=\"footnote_plugin_tooltip_text_1898_1_5\" class=\"footnote_tooltip\">T\u00edtulo 17 del C\u00f3digo de Reglamentos de California, secci\u00f3n 58617<\/span><\/span><script type=\"text\/javascript\"> jQuery('#footnote_plugin_tooltip_1898_1_5').tooltip({ tip: '#footnote_plugin_tooltip_text_1898_1_5', tipClass: 'footnote_tooltip', effect: 'fade', predelay: 0, fadeInSpeed: 200, delay: 400, fadeOutSpeed: 200, position: 'top center', relative: true, offset: [-7, 0], });<\/script>\u00a0Este l\u00edmite se denomina &#8220;l\u00edmite de costos&#8221;. Cada centro regional lo usa de manera diferente, pero no pueden evitar que usted reciba SLS debido a un &#8220;l\u00edmite de costos&#8221;.<\/p>\n\n\n\n<p>El centro regional y su equipo de IPP pueden considerar el costo al decidir sobre un proveedor o un m\u00e9todo para alcanzar una meta. Sin embargo, el costo no puede ser la \u00fanica consideraci\u00f3n.<span class=\"footnote_referrer\"><a role=\"button\" tabindex=\"0\" onclick=\"footnote_moveToReference_1898_1('footnote_plugin_reference_1898_1_6');\" onkeypress=\"footnote_moveToReference_1898_1('footnote_plugin_reference_1898_1_6');\" ><sup id=\"footnote_plugin_tooltip_1898_1_6\" class=\"footnote_plugin_tooltip_text\">[6]<\/sup><\/a><span id=\"footnote_plugin_tooltip_text_1898_1_6\" class=\"footnote_tooltip\">Secci\u00f3n 4512(b)<\/span><\/span><script type=\"text\/javascript\"> jQuery('#footnote_plugin_tooltip_1898_1_6').tooltip({ tip: '#footnote_plugin_tooltip_text_1898_1_6', tipClass: 'footnote_tooltip', effect: 'fade', predelay: 0, fadeInSpeed: 200, delay: 400, fadeOutSpeed: 200, position: 'top center', relative: true, offset: [-7, 0], });<\/script>\u00a0El centro regional y su equipo de IPP tambi\u00e9n deben considerar la calidad de los servicios y sus preferencias. Nadie puede obligarlo a aceptar el servicio m\u00e1s barato si no satisface sus necesidades. Pero, si un proveedor m\u00e1s econ\u00f3mico puede ayudarlo a lograr su objetivo, es posible que deba utilizar ese proveedor.<\/p>\n\n\n\n<p>Si su centro regional desea modificar sus SLS, debe:<\/p>\n\n\n\n<ul class=\"wp-block-list\">\n<li>celebrar una reuni\u00f3n de IPP y llegar a un acuerdo con usted sobre el cambio, o<\/li>\n\n\n\n<li>darle un aviso por escrito con los motivos del cambio propuesto y c\u00f3mo puede apelar.<span class=\"footnote_referrer\"><a role=\"button\" tabindex=\"0\" onclick=\"footnote_moveToReference_1898_1('footnote_plugin_reference_1898_1_7');\" onkeypress=\"footnote_moveToReference_1898_1('footnote_plugin_reference_1898_1_7');\" ><sup id=\"footnote_plugin_tooltip_1898_1_7\" class=\"footnote_plugin_tooltip_text\">[7]<\/sup><\/a><span id=\"footnote_plugin_tooltip_text_1898_1_7\" class=\"footnote_tooltip\">Secci\u00f3n 4689(p)(3)<\/span><\/span><script type=\"text\/javascript\"> jQuery('#footnote_plugin_tooltip_1898_1_7').tooltip({ tip: '#footnote_plugin_tooltip_text_1898_1_7', tipClass: 'footnote_tooltip', effect: 'fade', predelay: 0, fadeInSpeed: 200, delay: 400, fadeOutSpeed: 200, position: 'top center', relative: true, offset: [-7, 0], });<\/script><\/li>\n<\/ul>\n<div class=\"speaker-mute footnotes_reference_container\"> <div class=\"footnote_container_prepare\"><p><span role=\"button\" tabindex=\"0\" class=\"footnote_reference_container_label pointer\" onclick=\"footnote_expand_collapse_reference_container_1898_1();\">&#x202F;<\/span><span role=\"button\" tabindex=\"0\" class=\"footnote_reference_container_collapse_button\" style=\"display: none;\" onclick=\"footnote_expand_collapse_reference_container_1898_1();\">[<a id=\"footnote_reference_container_collapse_button_1898_1\">+<\/a>]<\/span><\/p><\/div> <div id=\"footnote_references_container_1898_1\" style=\"\"><table class=\"footnotes_table footnote-reference-container\"><caption class=\"accessibility\">References<\/caption> <tbody> \r\n\r\n<tr class=\"footnotes_plugin_reference_row\"> <th scope=\"row\" class=\"footnote_plugin_index_combi pointer\"  onclick=\"footnote_moveToAnchor_1898_1('footnote_plugin_tooltip_1898_1_1');\"><a id=\"footnote_plugin_reference_1898_1_1\" class=\"footnote_backlink\"><span class=\"footnote_index_arrow\">&#8593;<\/span>1<\/a><\/th> <td class=\"footnote_plugin_text\">Secciones 4512(b), 4646(a), 4651(a) y 4685(c)(3)<\/td><\/tr>\r\n\r\n<tr class=\"footnotes_plugin_reference_row\"> <th scope=\"row\" class=\"footnote_plugin_index_combi\" ><a id=\"footnote_plugin_reference_1898_1_2\" class=\"footnote_backlink\" onclick=\"footnote_moveToAnchor_1898_1('footnote_plugin_tooltip_1898_1_2');\"><span class=\"footnote_index_arrow\">&#8593;<\/span>2,<\/a> <a id=\"footnote_plugin_reference_1898_1_4\" class=\"footnote_backlink\" onclick=\"footnote_moveToAnchor_1898_1('footnote_plugin_tooltip_1898_1_4');\"><span class=\"footnote_index_arrow\">&#8593;<\/span>4<\/a><\/th> <td class=\"footnote_plugin_text\">Secci\u00f3n 4648(a)(6)(D)<\/td><\/tr>\r\n\r\n<tr class=\"footnotes_plugin_reference_row\"> <th scope=\"row\" class=\"footnote_plugin_index_combi pointer\"  onclick=\"footnote_moveToAnchor_1898_1('footnote_plugin_tooltip_1898_1_3');\"><a id=\"footnote_plugin_reference_1898_1_3\" class=\"footnote_backlink\"><span class=\"footnote_index_arrow\">&#8593;<\/span>3<\/a><\/th> <td class=\"footnote_plugin_text\">T\u00edtulo 17 del C\u00f3digo de Reglamentos de California, secci\u00f3n 58501(a)(6)<\/td><\/tr>\r\n\r\n<tr class=\"footnotes_plugin_reference_row\"> <th scope=\"row\" class=\"footnote_plugin_index_combi pointer\"  onclick=\"footnote_moveToAnchor_1898_1('footnote_plugin_tooltip_1898_1_5');\"><a id=\"footnote_plugin_reference_1898_1_5\" class=\"footnote_backlink\"><span class=\"footnote_index_arrow\">&#8593;<\/span>5<\/a><\/th> <td class=\"footnote_plugin_text\">T\u00edtulo 17 del C\u00f3digo de Reglamentos de California, secci\u00f3n 58617<\/td><\/tr>\r\n\r\n<tr class=\"footnotes_plugin_reference_row\"> <th scope=\"row\" class=\"footnote_plugin_index_combi pointer\"  onclick=\"footnote_moveToAnchor_1898_1('footnote_plugin_tooltip_1898_1_6');\"><a id=\"footnote_plugin_reference_1898_1_6\" class=\"footnote_backlink\"><span class=\"footnote_index_arrow\">&#8593;<\/span>6<\/a><\/th> <td class=\"footnote_plugin_text\">Secci\u00f3n 4512(b)<\/td><\/tr>\r\n\r\n<tr class=\"footnotes_plugin_reference_row\"> <th scope=\"row\" class=\"footnote_plugin_index_combi pointer\"  onclick=\"footnote_moveToAnchor_1898_1('footnote_plugin_tooltip_1898_1_7');\"><a id=\"footnote_plugin_reference_1898_1_7\" class=\"footnote_backlink\"><span class=\"footnote_index_arrow\">&#8593;<\/span>7<\/a><\/th> <td class=\"footnote_plugin_text\">Secci\u00f3n 4689(p)(3)<\/td><\/tr>\r\n\r\n <\/tbody> <\/table> <\/div><\/div><script type=\"text\/javascript\"> function footnote_expand_reference_container_1898_1() { jQuery('#footnote_references_container_1898_1').show(); jQuery('#footnote_reference_container_collapse_button_1898_1').text('\u2212'); } function footnote_collapse_reference_container_1898_1() { jQuery('#footnote_references_container_1898_1').hide(); jQuery('#footnote_reference_container_collapse_button_1898_1').text('+'); } function footnote_expand_collapse_reference_container_1898_1() { if (jQuery('#footnote_references_container_1898_1').is(':hidden')) { footnote_expand_reference_container_1898_1(); } else { footnote_collapse_reference_container_1898_1(); } } function footnote_moveToReference_1898_1(p_str_TargetID) { footnote_expand_reference_container_1898_1(); var l_obj_Target = jQuery('#' + p_str_TargetID); if (l_obj_Target.length) { jQuery( 'html, body' ).delay( 0 ); jQuery('html, body').animate({ scrollTop: l_obj_Target.offset().top - window.innerHeight * 0.2 }, 380); } } function footnote_moveToAnchor_1898_1(p_str_TargetID) { footnote_expand_reference_container_1898_1(); var l_obj_Target = jQuery('#' + p_str_TargetID); if (l_obj_Target.length) { jQuery( 'html, body' ).delay( 0 ); jQuery('html, body').animate({ scrollTop: l_obj_Target.offset().top - window.innerHeight * 0.2 }, 380); } }<\/script>","protected":false},"excerpt":{"rendered":"<p>No hay un l\u00edmite legal para el costo de sus servicios SLS. Pero la ley dice que todos los servicios y apoyos que compran los&hellip;<\/p>\n","protected":false},"author":1,"featured_media":0,"parent":1876,"menu_order":7,"comment_status":"closed","ping_status":"closed","template":"","meta":{"footnotes":""},"class_list":["post-1898","page","type-page","status-publish","hentry"],"_links":{"self":[{"href":"https:\/\/rula.disabilityrightsca.org\/es\/wp-json\/wp\/v2\/pages\/1898","targetHints":{"allow":["GET"]}}],"collection":[{"href":"https:\/\/rula.disabilityrightsca.org\/es\/wp-json\/wp\/v2\/pages"}],"about":[{"href":"https:\/\/rula.disabilityrightsca.org\/es\/wp-json\/wp\/v2\/types\/page"}],"author":[{"embeddable":true,"href":"https:\/\/rula.disabilityrightsca.org\/es\/wp-json\/wp\/v2\/users\/1"}],"replies":[{"embeddable":true,"href":"https:\/\/rula.disabilityrightsca.org\/es\/wp-json\/wp\/v2\/comments?post=1898"}],"version-history":[{"count":4,"href":"https:\/\/rula.disabilityrightsca.org\/es\/wp-json\/wp\/v2\/pages\/1898\/revisions"}],"predecessor-version":[{"id":3814,"href":"https:\/\/rula.disabilityrightsca.org\/es\/wp-json\/wp\/v2\/pages\/1898\/revisions\/3814"}],"up":[{"embeddable":true,"href":"https:\/\/rula.disabilityrightsca.org\/es\/wp-json\/wp\/v2\/pages\/1876"}],"wp:attachment":[{"href":"https:\/\/rula.disabilityrightsca.org\/es\/wp-json\/wp\/v2\/media?parent=1898"}],"curies":[{"name":"wp","href":"https:\/\/api.w.org\/{rel}","templated":true}]}}