{"id":1895,"date":"2021-09-23T17:26:22","date_gmt":"2021-09-23T17:26:22","guid":{"rendered":"http:\/\/www.rula.disabilityrightsca.org\/es\/?page_id=1895"},"modified":"2023-12-05T17:25:33","modified_gmt":"2023-12-05T17:25:33","slug":"7-6-como-se-paga-por-los-sls","status":"publish","type":"page","link":"https:\/\/rula.disabilityrightsca.org\/es\/rula-book\/capitulo-7-modos-de-vida-comunitaria-para-adultos\/7-6-como-se-paga-por-los-sls\/","title":{"rendered":"(7.6) \u00bfC\u00f3mo se paga por los SLS?"},"content":{"rendered":"\n<p>En una situaci\u00f3n de vivienda con apoyo, debe usar su SSI u otros ingresos para pagar su alquiler o hipoteca, alimentos, electricidad, tel\u00e9fono, otros servicios p\u00fablicos y gastos de entretenimiento.<span class=\"footnote_referrer\"><a role=\"button\" tabindex=\"0\" onclick=\"footnote_moveToReference_1895_1('footnote_plugin_reference_1895_1_1');\" onkeypress=\"footnote_moveToReference_1895_1('footnote_plugin_reference_1895_1_1');\" ><sup id=\"footnote_plugin_tooltip_1895_1_1\" class=\"footnote_plugin_tooltip_text\">[1]<\/sup><\/a><span id=\"footnote_plugin_tooltip_text_1895_1_1\" class=\"footnote_tooltip\">Secci\u00f3n 4689(h) e (i)<\/span><\/span><script type=\"text\/javascript\"> jQuery('#footnote_plugin_tooltip_1895_1_1').tooltip({ tip: '#footnote_plugin_tooltip_text_1895_1_1', tipClass: 'footnote_tooltip', effect: 'fade', predelay: 0, fadeInSpeed: 200, delay: 400, fadeOutSpeed: 200, position: 'top center', relative: true, offset: [-7, 0], });<\/script> El centro regional paga a un proveedor de SLS por los servicios y apoyos que desea y necesita para vivir en su propia casa. Pero, antes de que el centro regional acepte comprar cualquier servicio de vida con apoyo en particular, su equipo de planificaci\u00f3n ver\u00e1 si puede utilizar &#8220;apoyos naturales&#8221; (amigos o familiares) y agencias gen\u00e9ricas.<span class=\"footnote_referrer\"><a role=\"button\" tabindex=\"0\" onclick=\"footnote_moveToReference_1895_1('footnote_plugin_reference_1895_1_2');\" onkeypress=\"footnote_moveToReference_1895_1('footnote_plugin_reference_1895_1_2');\" ><sup id=\"footnote_plugin_tooltip_1895_1_2\" class=\"footnote_plugin_tooltip_text\">[2]<\/sup><\/a><span id=\"footnote_plugin_tooltip_text_1895_1_2\" class=\"footnote_tooltip\">Secci\u00f3n 4689(f)<\/span><\/span><script type=\"text\/javascript\"> jQuery('#footnote_plugin_tooltip_1895_1_2').tooltip({ tip: '#footnote_plugin_tooltip_text_1895_1_2', tipClass: 'footnote_tooltip', effect: 'fade', predelay: 0, fadeInSpeed: 200, delay: 400, fadeOutSpeed: 200, position: 'top center', relative: true, offset: [-7, 0], });<\/script> Un ejemplo de apoyo gen\u00e9rico de una agencia es el programa de Servicios de apoyo en el hogar (IHSS) del condado, que paga a las personas para que le brinden atenci\u00f3n en el hogar.<span class=\"footnote_referrer\"><a role=\"button\" tabindex=\"0\" onclick=\"footnote_moveToReference_1895_1('footnote_plugin_reference_1895_1_3');\" onkeypress=\"footnote_moveToReference_1895_1('footnote_plugin_reference_1895_1_3');\" ><sup id=\"footnote_plugin_tooltip_1895_1_3\" class=\"footnote_plugin_tooltip_text\">[3]<\/sup><\/a><span id=\"footnote_plugin_tooltip_text_1895_1_3\" class=\"footnote_tooltip\">Consulte el Manual de Disability Rights California sobre IHSS, &#8220;Paquete de audiencia imparcial y autoevaluaci\u00f3n de IHSS&#8221;. Est\u00e1 disponible en nuestro sitio web&nbsp;&#x2026; <span class=\"footnote_tooltip_continue\"  onclick=\"footnote_moveToReference_1895_1('footnote_plugin_reference_1895_1_3');\">Continue reading<\/span><\/span><\/span><script type=\"text\/javascript\"> jQuery('#footnote_plugin_tooltip_1895_1_3').tooltip({ tip: '#footnote_plugin_tooltip_text_1895_1_3', tipClass: 'footnote_tooltip', effect: 'fade', predelay: 0, fadeInSpeed: 200, delay: 400, fadeOutSpeed: 200, position: 'top center', relative: true, offset: [-7, 0], });<\/script><\/p>\n\n\n\n<p>Tendr\u00e1 m\u00e1s gastos cuando se mude por primera vez a su propia casa. Usted (o su familia o amigos) tiene que pagar los gastos de mudanza, incluidos los dep\u00f3sitos de seguridad, los muebles y los art\u00edculos del hogar. Pero, si no puede pagar su mudanza o los gastos habituales <em>y<\/em> le ahorrar\u00e1 dinero al estado, su centro regional puede pagar tarifas de mudanza, dep\u00f3sitos de alquiler o de servicios p\u00fablicos, muebles, costos de alquiler o servicios p\u00fablicos continuos.<span class=\"footnote_referrer\"><a role=\"button\" tabindex=\"0\" onclick=\"footnote_moveToReference_1895_1('footnote_plugin_reference_1895_1_4');\" onkeypress=\"footnote_moveToReference_1895_1('footnote_plugin_reference_1895_1_4');\" ><sup id=\"footnote_plugin_tooltip_1895_1_4\" class=\"footnote_plugin_tooltip_text\">[4]<\/sup><\/a><span id=\"footnote_plugin_tooltip_text_1895_1_4\" class=\"footnote_tooltip\">T\u00edtulo 17 del C\u00f3digo de Reglamentos de California, secci\u00f3n 58611(b)<\/span><\/span><script type=\"text\/javascript\"> jQuery('#footnote_plugin_tooltip_1895_1_4').tooltip({ tip: '#footnote_plugin_tooltip_text_1895_1_4', tipClass: 'footnote_tooltip', effect: 'fade', predelay: 0, fadeInSpeed: 200, delay: 400, fadeOutSpeed: 200, position: 'top center', relative: true, offset: [-7, 0], });<\/script> Para ello, el director ejecutivo del centro regional deber\u00e1 manifestar por escrito que: (1) el pago es necesario para satisfacer sus necesidades de atenci\u00f3n \u00fanicas y espec\u00edficas como se describe en un IPP, y (2) su condici\u00f3n m\u00e9dica, conductual o psiqui\u00e1trica confirmada presenta un riesgo de salud y seguridad para usted u otra persona.<span class=\"footnote_referrer\"><a role=\"button\" tabindex=\"0\" onclick=\"footnote_moveToReference_1895_1('footnote_plugin_reference_1895_1_5');\" onkeypress=\"footnote_moveToReference_1895_1('footnote_plugin_reference_1895_1_5');\" ><sup id=\"footnote_plugin_tooltip_1895_1_5\" class=\"footnote_plugin_tooltip_text\">[5]<\/sup><\/a><span id=\"footnote_plugin_tooltip_text_1895_1_5\" class=\"footnote_tooltip\">Secci\u00f3n 4689(i)(1)(A)<\/span><\/span><script type=\"text\/javascript\"> jQuery('#footnote_plugin_tooltip_1895_1_5').tooltip({ tip: '#footnote_plugin_tooltip_text_1895_1_5', tipClass: 'footnote_tooltip', effect: 'fade', predelay: 0, fadeInSpeed: 200, delay: 400, fadeOutSpeed: 200, position: 'top center', relative: true, offset: [-7, 0], });<\/script><\/p>\n\n\n\n<p>El centro regional no puede pagar su alquiler, hipoteca, arrendamiento o gastos dom\u00e9sticos durante m\u00e1s de seis meses, a menos que considere que hacerlo es necesario para satisfacer las necesidades en su IPP. El centro regional revisar\u00e1 su necesidad cada trimestre. Adem\u00e1s, el director ejecutivo del centro regional debe decir cada a\u00f1o en un ap\u00e9ndice del IPP que usted cumple con las dos condiciones para la excepci\u00f3n.<span class=\"footnote_referrer\"><a role=\"button\" tabindex=\"0\" onclick=\"footnote_moveToReference_1895_1('footnote_plugin_reference_1895_1_6');\" onkeypress=\"footnote_moveToReference_1895_1('footnote_plugin_reference_1895_1_6');\" ><sup id=\"footnote_plugin_tooltip_1895_1_6\" class=\"footnote_plugin_tooltip_text\">[6]<\/sup><\/a><span id=\"footnote_plugin_tooltip_text_1895_1_6\" class=\"footnote_tooltip\">Secci\u00f3n 4689(i)(1)(C)<\/span><\/span><script type=\"text\/javascript\"> jQuery('#footnote_plugin_tooltip_1895_1_6').tooltip({ tip: '#footnote_plugin_tooltip_text_1895_1_6', tipClass: 'footnote_tooltip', effect: 'fade', predelay: 0, fadeInSpeed: 200, delay: 400, fadeOutSpeed: 200, position: 'top center', relative: true, offset: [-7, 0], });<\/script><\/p>\n\n\n\n<p>Las agencias y otros recursos que pueden ayudarlo a planificar sus servicios SLS incluyen:<\/p>\n\n\n\n<ul class=\"wp-block-list\">\n<li><strong>Su centro regional:<\/strong> algunos centros regionales tienen coordinadores de SLS.<\/li>\n\n\n\n<li><strong>El Departamento de Servicios del Desarrollo (DDS):<\/strong> llame al (916) 654-2140 y pida hablar con alguien que sepa sobre los servicios de vida con apoyo, o solicite una publicaci\u00f3n de vida con apoyo del DDS.<\/li>\n\n\n\n<li><strong>Disability Rights California:<\/strong> solicite publicaciones sobre servicios de vida con apoyo.<\/li>\n\n\n\n<li><strong>Conexiones de Informaci\u00f3n y Recursos sobre la Vida Comunitaria<\/strong> (CIRCL): esta es una red de personas con muchos a\u00f1os de experiencia en la vida con apoyo. CIRCL ayuda a las personas a pensar, iniciar y mejorar los servicios de vida con apoyo. Comun\u00edquese con CIRCL al (626) 447-5477 o (530) 644-6653. En l\u00ednea, consulte allenshea.com.<\/li>\n\n\n\n<li><strong>California Supported Living Network<\/strong> (CSLN): CSLN es una red de personas y proveedores en California que abogan por servicios de vida con apoyo de calidad. P\u00f3ngase en contacto con CSLN en&nbsp;<a href=\"http:\/\/www.ccln.org\">www.ccln.org<\/a>&nbsp;o al (415) 505-5975.<\/li>\n<\/ul>\n<div class=\"speaker-mute footnotes_reference_container\"> <div class=\"footnote_container_prepare\"><p><span role=\"button\" tabindex=\"0\" class=\"footnote_reference_container_label pointer\" onclick=\"footnote_expand_collapse_reference_container_1895_1();\">&#x202F;<\/span><span role=\"button\" tabindex=\"0\" class=\"footnote_reference_container_collapse_button\" style=\"display: none;\" onclick=\"footnote_expand_collapse_reference_container_1895_1();\">[<a id=\"footnote_reference_container_collapse_button_1895_1\">+<\/a>]<\/span><\/p><\/div> <div id=\"footnote_references_container_1895_1\" style=\"\"><table class=\"footnotes_table footnote-reference-container\"><caption class=\"accessibility\">References<\/caption> <tbody> \r\n\r\n<tr class=\"footnotes_plugin_reference_row\"> <th scope=\"row\" class=\"footnote_plugin_index_combi pointer\"  onclick=\"footnote_moveToAnchor_1895_1('footnote_plugin_tooltip_1895_1_1');\"><a id=\"footnote_plugin_reference_1895_1_1\" class=\"footnote_backlink\"><span class=\"footnote_index_arrow\">&#8593;<\/span>1<\/a><\/th> <td class=\"footnote_plugin_text\">Secci\u00f3n 4689(h) e (i)<\/td><\/tr>\r\n\r\n<tr class=\"footnotes_plugin_reference_row\"> <th scope=\"row\" class=\"footnote_plugin_index_combi pointer\"  onclick=\"footnote_moveToAnchor_1895_1('footnote_plugin_tooltip_1895_1_2');\"><a id=\"footnote_plugin_reference_1895_1_2\" class=\"footnote_backlink\"><span class=\"footnote_index_arrow\">&#8593;<\/span>2<\/a><\/th> <td class=\"footnote_plugin_text\">Secci\u00f3n 4689(f)<\/td><\/tr>\r\n\r\n<tr class=\"footnotes_plugin_reference_row\"> <th scope=\"row\" class=\"footnote_plugin_index_combi pointer\"  onclick=\"footnote_moveToAnchor_1895_1('footnote_plugin_tooltip_1895_1_3');\"><a id=\"footnote_plugin_reference_1895_1_3\" class=\"footnote_backlink\"><span class=\"footnote_index_arrow\">&#8593;<\/span>3<\/a><\/th> <td class=\"footnote_plugin_text\">Consulte el Manual de Disability Rights California sobre IHSS, &#8220;Paquete de audiencia imparcial y autoevaluaci\u00f3n de IHSS&#8221;. Est\u00e1 disponible en nuestro sitio web en:\u00a0<a href=\"file:\/\/\/C:\/Users\/kathleenmentink\/Downloads\/www.disabilityrightsca.org\/PUBS\/501301.htm\">www.disabilityrightsca.org\/PUBS\/501301.htm<\/a><\/td><\/tr>\r\n\r\n<tr class=\"footnotes_plugin_reference_row\"> <th scope=\"row\" class=\"footnote_plugin_index_combi pointer\"  onclick=\"footnote_moveToAnchor_1895_1('footnote_plugin_tooltip_1895_1_4');\"><a id=\"footnote_plugin_reference_1895_1_4\" class=\"footnote_backlink\"><span class=\"footnote_index_arrow\">&#8593;<\/span>4<\/a><\/th> <td class=\"footnote_plugin_text\">T\u00edtulo 17 del C\u00f3digo de Reglamentos de California, secci\u00f3n 58611(b)<\/td><\/tr>\r\n\r\n<tr class=\"footnotes_plugin_reference_row\"> <th scope=\"row\" class=\"footnote_plugin_index_combi pointer\"  onclick=\"footnote_moveToAnchor_1895_1('footnote_plugin_tooltip_1895_1_5');\"><a id=\"footnote_plugin_reference_1895_1_5\" class=\"footnote_backlink\"><span class=\"footnote_index_arrow\">&#8593;<\/span>5<\/a><\/th> <td class=\"footnote_plugin_text\">Secci\u00f3n 4689(i)(1)(A)<\/td><\/tr>\r\n\r\n<tr class=\"footnotes_plugin_reference_row\"> <th scope=\"row\" class=\"footnote_plugin_index_combi pointer\"  onclick=\"footnote_moveToAnchor_1895_1('footnote_plugin_tooltip_1895_1_6');\"><a id=\"footnote_plugin_reference_1895_1_6\" class=\"footnote_backlink\"><span class=\"footnote_index_arrow\">&#8593;<\/span>6<\/a><\/th> <td class=\"footnote_plugin_text\">Secci\u00f3n 4689(i)(1)(C)<\/td><\/tr>\r\n\r\n <\/tbody> <\/table> <\/div><\/div><script type=\"text\/javascript\"> function footnote_expand_reference_container_1895_1() { jQuery('#footnote_references_container_1895_1').show(); jQuery('#footnote_reference_container_collapse_button_1895_1').text('\u2212'); } function footnote_collapse_reference_container_1895_1() { jQuery('#footnote_references_container_1895_1').hide(); jQuery('#footnote_reference_container_collapse_button_1895_1').text('+'); } function footnote_expand_collapse_reference_container_1895_1() { if (jQuery('#footnote_references_container_1895_1').is(':hidden')) { footnote_expand_reference_container_1895_1(); } else { footnote_collapse_reference_container_1895_1(); } } function footnote_moveToReference_1895_1(p_str_TargetID) { footnote_expand_reference_container_1895_1(); var l_obj_Target = jQuery('#' + p_str_TargetID); if (l_obj_Target.length) { jQuery( 'html, body' ).delay( 0 ); jQuery('html, body').animate({ scrollTop: l_obj_Target.offset().top - window.innerHeight * 0.2 }, 380); } } function footnote_moveToAnchor_1895_1(p_str_TargetID) { footnote_expand_reference_container_1895_1(); var l_obj_Target = jQuery('#' + p_str_TargetID); if (l_obj_Target.length) { jQuery( 'html, body' ).delay( 0 ); jQuery('html, body').animate({ scrollTop: l_obj_Target.offset().top - window.innerHeight * 0.2 }, 380); } }<\/script>","protected":false},"excerpt":{"rendered":"<p>En una situaci\u00f3n de vivienda con apoyo, debe usar su SSI u otros ingresos para pagar su alquiler o hipoteca, alimentos, electricidad, tel\u00e9fono, otros servicios&hellip;<\/p>\n","protected":false},"author":1,"featured_media":0,"parent":1876,"menu_order":6,"comment_status":"closed","ping_status":"closed","template":"","meta":{"footnotes":""},"class_list":["post-1895","page","type-page","status-publish","hentry"],"_links":{"self":[{"href":"https:\/\/rula.disabilityrightsca.org\/es\/wp-json\/wp\/v2\/pages\/1895","targetHints":{"allow":["GET"]}}],"collection":[{"href":"https:\/\/rula.disabilityrightsca.org\/es\/wp-json\/wp\/v2\/pages"}],"about":[{"href":"https:\/\/rula.disabilityrightsca.org\/es\/wp-json\/wp\/v2\/types\/page"}],"author":[{"embeddable":true,"href":"https:\/\/rula.disabilityrightsca.org\/es\/wp-json\/wp\/v2\/users\/1"}],"replies":[{"embeddable":true,"href":"https:\/\/rula.disabilityrightsca.org\/es\/wp-json\/wp\/v2\/comments?post=1895"}],"version-history":[{"count":3,"href":"https:\/\/rula.disabilityrightsca.org\/es\/wp-json\/wp\/v2\/pages\/1895\/revisions"}],"predecessor-version":[{"id":3813,"href":"https:\/\/rula.disabilityrightsca.org\/es\/wp-json\/wp\/v2\/pages\/1895\/revisions\/3813"}],"up":[{"embeddable":true,"href":"https:\/\/rula.disabilityrightsca.org\/es\/wp-json\/wp\/v2\/pages\/1876"}],"wp:attachment":[{"href":"https:\/\/rula.disabilityrightsca.org\/es\/wp-json\/wp\/v2\/media?parent=1895"}],"curies":[{"name":"wp","href":"https:\/\/api.w.org\/{rel}","templated":true}]}}