{"id":1892,"date":"2021-09-23T17:23:02","date_gmt":"2021-09-23T17:23:02","guid":{"rendered":"http:\/\/www.rula.disabilityrightsca.org\/es\/?page_id=1892"},"modified":"2023-12-05T16:49:13","modified_gmt":"2023-12-05T16:49:13","slug":"7-5-como-obtengo-sls","status":"publish","type":"page","link":"https:\/\/rula.disabilityrightsca.org\/es\/rula-book\/capitulo-7-modos-de-vida-comunitaria-para-adultos\/7-5-como-obtengo-sls\/","title":{"rendered":"(7.5) \u00bfC\u00f3mo obtengo SLS?"},"content":{"rendered":"\n<p>Para obtener SLS, debe tener al menos 18 a\u00f1os de edad y querer vivir en una casa o apartamento de su propiedad o en alquiler.<span class=\"footnote_referrer\"><a role=\"button\" tabindex=\"0\" onclick=\"footnote_moveToReference_1892_1('footnote_plugin_reference_1892_1_1');\" onkeypress=\"footnote_moveToReference_1892_1('footnote_plugin_reference_1892_1_1');\" ><sup id=\"footnote_plugin_tooltip_1892_1_1\" class=\"footnote_plugin_tooltip_text\">[1]<\/sup><\/a><span id=\"footnote_plugin_tooltip_text_1892_1_1\" class=\"footnote_tooltip\">T\u00edtulo 17 del C\u00f3digo de Reglamentos de California, secci\u00f3n 58613(a)<\/span><\/span><script type=\"text\/javascript\"> jQuery('#footnote_plugin_tooltip_1892_1_1').tooltip({ tip: '#footnote_plugin_tooltip_text_1892_1_1', tipClass: 'footnote_tooltip', effect: 'fade', predelay: 0, fadeInSpeed: 200, delay: 400, fadeOutSpeed: 200, position: 'top center', relative: true, offset: [-7, 0], });<\/script> Si pronto cumplir\u00e1 18 a\u00f1os, puede solicitar una evaluaci\u00f3n de SLS en una reuni\u00f3n de IPP para iniciar el proceso, de modo que pueda mudarse cuando sea elegible para SLS.<\/p>\n\n\n\n<p><strong>\u00a1Importante!<\/strong> Todos tienen derecho a obtener SLS. Es contra la ley negar SLS a alguien porque podr\u00eda necesitar muchos apoyos.<span class=\"footnote_referrer\"><a role=\"button\" tabindex=\"0\" onclick=\"footnote_moveToReference_1892_1('footnote_plugin_reference_1892_1_2');\" onkeypress=\"footnote_moveToReference_1892_1('footnote_plugin_reference_1892_1_2');\" ><sup id=\"footnote_plugin_tooltip_1892_1_2\" class=\"footnote_plugin_tooltip_text\">[2]<\/sup><\/a><span id=\"footnote_plugin_tooltip_text_1892_1_2\" class=\"footnote_tooltip\">Secci\u00f3n 4689(a)(8) y T\u00edtulo 17 del C\u00f3digo de Reglamentos de California, secci\u00f3n 58613(b)<\/span><\/span><script type=\"text\/javascript\"> jQuery('#footnote_plugin_tooltip_1892_1_2').tooltip({ tip: '#footnote_plugin_tooltip_text_1892_1_2', tipClass: 'footnote_tooltip', effect: 'fade', predelay: 0, fadeInSpeed: 200, delay: 400, fadeOutSpeed: 200, position: 'top center', relative: true, offset: [-7, 0], });<\/script><\/p>\n\n\n\n<p>Al igual que lo har\u00eda para obtener ILS, siga estos pasos para obtener SLS:<\/p>\n\n\n\n<ol class=\"wp-block-list\">\n<li>D\u00edgale a su equipo de IPP que quiere SLS<\/li>\n\n\n\n<li>Solicite una reuni\u00f3n de IPP<\/li>\n\n\n\n<li>Solicite a un responsable de la toma de decisiones que conozca SLS para que asista a la reuni\u00f3n de IPP.<\/li>\n<\/ol>\n\n\n\n<p>Consulte&nbsp;el <a href=\"https:\/\/rula.disabilityrightsca.org\/es\/suplementos\/suplemento-h-como-obtener-servicios-del-centro-regional-mediante-su-ipp\/\">Suplemento H<\/a>&nbsp;sobre c\u00f3mo solicitar una reuni\u00f3n de IPP.<\/p>\n\n\n\n<p>Algunos centros regionales le pedir\u00e1n que asista a una orientaci\u00f3n de SLS antes de la reuni\u00f3n de IPP. Esto puede ayudarlo a comprender m\u00e1s sobre SLS y c\u00f3mo se proporciona. Tener que ir a la orientaci\u00f3n no deber\u00eda retrasar demasiado la reuni\u00f3n de IPP.<\/p>\n\n\n\n<p>Una vez que los SLS est\u00e9n en su IPP, debe elegir un proveedor de SLS. Tiene opciones:<\/p>\n\n\n\n<ul class=\"wp-block-list\">\n<li>Puede recomendar a un familiar, amigo o proveedor de SLS que conozca. O coordinar los servicios usted mismo.<\/li>\n\n\n\n<li>Puede pedir al centro regional los nombres de las agencias de SLS. Puede entrevistarlos para decidir qu\u00e9 agencia prefiere. Consulte el&nbsp;<a href=\"https:\/\/rula.disabilityrightsca.org\/es\/suplementos\/suplemento-o-como-presentar-un-reclamo-de-la-seccion-4731\/\">Suplemento O<\/a>&nbsp;para ver preguntas para una agencia de SLS cuando los entreviste.<\/li>\n\n\n\n<li>Si da su permiso, el centro regional puede enviar informaci\u00f3n sobre usted a varias agencias de SLS para ver cu\u00e1les pueden y est\u00e1n interesadas en brindarle servicios. Puede entrevistar a esas agencias.<\/li>\n<\/ul>\n\n\n\n<p>Una vez que elija un proveedor de SLS, el centro regional debe hacer los arreglos necesarios para que usted realice una evaluaci\u00f3n de SLS. El proveedor de SLS que elija normalmente har\u00e1 la evaluaci\u00f3n. Sin embargo, algunos centros regionales har\u00e1n que otra persona realice la evaluaci\u00f3n. El equipo del IPP primero completar\u00e1 un &#8220;cuestionario de evaluaci\u00f3n estandarizado&#8221; cuando desarrolle, revise o modifique el IPP.<span class=\"footnote_referrer\"><a role=\"button\" tabindex=\"0\" onclick=\"footnote_moveToReference_1892_1('footnote_plugin_reference_1892_1_3');\" onkeypress=\"footnote_moveToReference_1892_1('footnote_plugin_reference_1892_1_3');\" ><sup id=\"footnote_plugin_tooltip_1892_1_3\" class=\"footnote_plugin_tooltip_text\">[3]<\/sup><\/a><span id=\"footnote_plugin_tooltip_text_1892_1_3\" class=\"footnote_tooltip\">Secci\u00f3n 4689(p)(1)<\/span><\/span><script type=\"text\/javascript\"> jQuery('#footnote_plugin_tooltip_1892_1_3').tooltip({ tip: '#footnote_plugin_tooltip_text_1892_1_3', tipClass: 'footnote_tooltip', effect: 'fade', predelay: 0, fadeInSpeed: 200, delay: 400, fadeOutSpeed: 200, position: 'top center', relative: true, offset: [-7, 0], });<\/script> Esto es para asegurarse de que reciba la cantidad y el tipo de apoyo adecuados. El cuestionario est\u00e1 en el sitio web del DDS\u00a0<a href=\"https:\/\/www.dds.ca.gov\/wp-content\/uploads\/2019\/02\/DDS_SLS_StdAssmtQuestionnaire-1.pdf\">aqu\u00ed<\/a>.<\/p>\n\n\n\n<p>La evaluaci\u00f3n de SLS puede llevar tiempo, ya que usted y el evaluador deben conocerse. El evaluador analizar\u00e1 los servicios y apoyos que necesita y desea para vivir en su propia casa e integrarse en su comunidad. Ellos har\u00e1n una evaluaci\u00f3n integral para conocerlo y desarrollar un plan.<span class=\"footnote_referrer\"><a role=\"button\" tabindex=\"0\" onclick=\"footnote_moveToReference_1892_1('footnote_plugin_reference_1892_1_4');\" onkeypress=\"footnote_moveToReference_1892_1('footnote_plugin_reference_1892_1_4');\" ><sup id=\"footnote_plugin_tooltip_1892_1_4\" class=\"footnote_plugin_tooltip_text\">[4]<\/sup><\/a><span id=\"footnote_plugin_tooltip_text_1892_1_4\" class=\"footnote_tooltip\">Secci\u00f3n 4689(p)(2)<\/span><\/span><script type=\"text\/javascript\"> jQuery('#footnote_plugin_tooltip_1892_1_4').tooltip({ tip: '#footnote_plugin_tooltip_text_1892_1_4', tipClass: 'footnote_tooltip', effect: 'fade', predelay: 0, fadeInSpeed: 200, delay: 400, fadeOutSpeed: 200, position: 'top center', relative: true, offset: [-7, 0], });<\/script><\/p>\n\n\n\n<p>El proveedor de SLS coordinar\u00e1 los servicios y apoyos que necesita para vivir en su propia casa. Estos se enumeran en su plan de IPP y SLS, incluidos los servicios de agencias gen\u00e9ricas o apoyos naturales. El proveedor no necesita una licencia especial para proporcionar SLS. El proveedor puede ser una agencia de vida con apoyo o un familiar o amigo<span class=\"footnote_referrer\"><a role=\"button\" tabindex=\"0\" onclick=\"footnote_moveToReference_1892_1('footnote_plugin_reference_1892_1_5');\" onkeypress=\"footnote_moveToReference_1892_1('footnote_plugin_reference_1892_1_5');\" ><sup id=\"footnote_plugin_tooltip_1892_1_5\" class=\"footnote_plugin_tooltip_text\">[5]<\/sup><\/a><span id=\"footnote_plugin_tooltip_text_1892_1_5\" class=\"footnote_tooltip\">T\u00edtulo 17 del C\u00f3digo de Reglamentos de California, secci\u00f3n 58616<\/span><\/span><script type=\"text\/javascript\"> jQuery('#footnote_plugin_tooltip_1892_1_5').tooltip({ tip: '#footnote_plugin_tooltip_text_1892_1_5', tipClass: 'footnote_tooltip', effect: 'fade', predelay: 0, fadeInSpeed: 200, delay: 400, fadeOutSpeed: 200, position: 'top center', relative: true, offset: [-7, 0], });<\/script> Puede coordinar los servicios usted mismo.<\/p>\n\n\n\n<p>Una vez que el plan SLS est\u00e9 completo, es posible que necesite otra reuni\u00f3n de IPP. Si se aprueba el plan SLS, la agencia de SLS puede ayudarlo a encontrar un lugar para vivir, encontrar compa\u00f1eros de vivienda si los necesita o los desea, y contratar personas de apoyo personal. Pueden pasar hasta seis meses desde el momento en que solicita SLS por primera vez hasta que se muda a su hogar.<\/p>\n\n\n\n<p>El centro regional observar\u00e1 qu\u00e9 tan buenos son sus servicios y qu\u00e9 tan bien funcionan, ya sea que el proveedor sea su familia, amigos o una agencia de SLS.<span class=\"footnote_referrer\"><a role=\"button\" tabindex=\"0\" onclick=\"footnote_moveToReference_1892_1('footnote_plugin_reference_1892_1_6');\" onkeypress=\"footnote_moveToReference_1892_1('footnote_plugin_reference_1892_1_6');\" ><sup id=\"footnote_plugin_tooltip_1892_1_6\" class=\"footnote_plugin_tooltip_text\">[6]<\/sup><\/a><span id=\"footnote_plugin_tooltip_text_1892_1_6\" class=\"footnote_tooltip\">Secci\u00f3n 4689(e)<\/span><\/span><script type=\"text\/javascript\"> jQuery('#footnote_plugin_tooltip_1892_1_6').tooltip({ tip: '#footnote_plugin_tooltip_text_1892_1_6', tipClass: 'footnote_tooltip', effect: 'fade', predelay: 0, fadeInSpeed: 200, delay: 400, fadeOutSpeed: 200, position: 'top center', relative: true, offset: [-7, 0], });<\/script><\/p>\n<div class=\"speaker-mute footnotes_reference_container\"> <div class=\"footnote_container_prepare\"><p><span role=\"button\" tabindex=\"0\" class=\"footnote_reference_container_label pointer\" onclick=\"footnote_expand_collapse_reference_container_1892_1();\">&#x202F;<\/span><span role=\"button\" tabindex=\"0\" class=\"footnote_reference_container_collapse_button\" style=\"display: none;\" onclick=\"footnote_expand_collapse_reference_container_1892_1();\">[<a id=\"footnote_reference_container_collapse_button_1892_1\">+<\/a>]<\/span><\/p><\/div> <div id=\"footnote_references_container_1892_1\" style=\"\"><table class=\"footnotes_table footnote-reference-container\"><caption class=\"accessibility\">References<\/caption> <tbody> \r\n\r\n<tr class=\"footnotes_plugin_reference_row\"> <th scope=\"row\" class=\"footnote_plugin_index_combi pointer\"  onclick=\"footnote_moveToAnchor_1892_1('footnote_plugin_tooltip_1892_1_1');\"><a id=\"footnote_plugin_reference_1892_1_1\" class=\"footnote_backlink\"><span class=\"footnote_index_arrow\">&#8593;<\/span>1<\/a><\/th> <td class=\"footnote_plugin_text\">T\u00edtulo 17 del C\u00f3digo de Reglamentos de California, secci\u00f3n 58613(a)<\/td><\/tr>\r\n\r\n<tr class=\"footnotes_plugin_reference_row\"> <th scope=\"row\" class=\"footnote_plugin_index_combi pointer\"  onclick=\"footnote_moveToAnchor_1892_1('footnote_plugin_tooltip_1892_1_2');\"><a id=\"footnote_plugin_reference_1892_1_2\" class=\"footnote_backlink\"><span class=\"footnote_index_arrow\">&#8593;<\/span>2<\/a><\/th> <td class=\"footnote_plugin_text\">Secci\u00f3n 4689(a)(8) y T\u00edtulo 17 del C\u00f3digo de Reglamentos de California, secci\u00f3n 58613(b)<\/td><\/tr>\r\n\r\n<tr class=\"footnotes_plugin_reference_row\"> <th scope=\"row\" class=\"footnote_plugin_index_combi pointer\"  onclick=\"footnote_moveToAnchor_1892_1('footnote_plugin_tooltip_1892_1_3');\"><a id=\"footnote_plugin_reference_1892_1_3\" class=\"footnote_backlink\"><span class=\"footnote_index_arrow\">&#8593;<\/span>3<\/a><\/th> <td class=\"footnote_plugin_text\">Secci\u00f3n 4689(p)(1)<\/td><\/tr>\r\n\r\n<tr class=\"footnotes_plugin_reference_row\"> <th scope=\"row\" class=\"footnote_plugin_index_combi pointer\"  onclick=\"footnote_moveToAnchor_1892_1('footnote_plugin_tooltip_1892_1_4');\"><a id=\"footnote_plugin_reference_1892_1_4\" class=\"footnote_backlink\"><span class=\"footnote_index_arrow\">&#8593;<\/span>4<\/a><\/th> <td class=\"footnote_plugin_text\">Secci\u00f3n 4689(p)(2)<\/td><\/tr>\r\n\r\n<tr class=\"footnotes_plugin_reference_row\"> <th scope=\"row\" class=\"footnote_plugin_index_combi pointer\"  onclick=\"footnote_moveToAnchor_1892_1('footnote_plugin_tooltip_1892_1_5');\"><a id=\"footnote_plugin_reference_1892_1_5\" class=\"footnote_backlink\"><span class=\"footnote_index_arrow\">&#8593;<\/span>5<\/a><\/th> <td class=\"footnote_plugin_text\">T\u00edtulo 17 del C\u00f3digo de Reglamentos de California, secci\u00f3n 58616<\/td><\/tr>\r\n\r\n<tr class=\"footnotes_plugin_reference_row\"> <th scope=\"row\" class=\"footnote_plugin_index_combi pointer\"  onclick=\"footnote_moveToAnchor_1892_1('footnote_plugin_tooltip_1892_1_6');\"><a id=\"footnote_plugin_reference_1892_1_6\" class=\"footnote_backlink\"><span class=\"footnote_index_arrow\">&#8593;<\/span>6<\/a><\/th> <td class=\"footnote_plugin_text\">Secci\u00f3n 4689(e)<\/td><\/tr>\r\n\r\n <\/tbody> <\/table> <\/div><\/div><script type=\"text\/javascript\"> function footnote_expand_reference_container_1892_1() { jQuery('#footnote_references_container_1892_1').show(); jQuery('#footnote_reference_container_collapse_button_1892_1').text('\u2212'); } function footnote_collapse_reference_container_1892_1() { jQuery('#footnote_references_container_1892_1').hide(); jQuery('#footnote_reference_container_collapse_button_1892_1').text('+'); } function footnote_expand_collapse_reference_container_1892_1() { if (jQuery('#footnote_references_container_1892_1').is(':hidden')) { footnote_expand_reference_container_1892_1(); } else { footnote_collapse_reference_container_1892_1(); } } function footnote_moveToReference_1892_1(p_str_TargetID) { footnote_expand_reference_container_1892_1(); var l_obj_Target = jQuery('#' + p_str_TargetID); if (l_obj_Target.length) { jQuery( 'html, body' ).delay( 0 ); jQuery('html, body').animate({ scrollTop: l_obj_Target.offset().top - window.innerHeight * 0.2 }, 380); } } function footnote_moveToAnchor_1892_1(p_str_TargetID) { footnote_expand_reference_container_1892_1(); var l_obj_Target = jQuery('#' + p_str_TargetID); if (l_obj_Target.length) { jQuery( 'html, body' ).delay( 0 ); jQuery('html, body').animate({ scrollTop: l_obj_Target.offset().top - window.innerHeight * 0.2 }, 380); } }<\/script>","protected":false},"excerpt":{"rendered":"<p>Para obtener SLS, debe tener al menos 18 a\u00f1os de edad y querer vivir en una casa o apartamento de su propiedad o en alquiler.[1]T\u00edtulo&hellip;<\/p>\n","protected":false},"author":1,"featured_media":0,"parent":1876,"menu_order":5,"comment_status":"closed","ping_status":"closed","template":"","meta":{"footnotes":""},"class_list":["post-1892","page","type-page","status-publish","hentry"],"_links":{"self":[{"href":"https:\/\/rula.disabilityrightsca.org\/es\/wp-json\/wp\/v2\/pages\/1892","targetHints":{"allow":["GET"]}}],"collection":[{"href":"https:\/\/rula.disabilityrightsca.org\/es\/wp-json\/wp\/v2\/pages"}],"about":[{"href":"https:\/\/rula.disabilityrightsca.org\/es\/wp-json\/wp\/v2\/types\/page"}],"author":[{"embeddable":true,"href":"https:\/\/rula.disabilityrightsca.org\/es\/wp-json\/wp\/v2\/users\/1"}],"replies":[{"embeddable":true,"href":"https:\/\/rula.disabilityrightsca.org\/es\/wp-json\/wp\/v2\/comments?post=1892"}],"version-history":[{"count":6,"href":"https:\/\/rula.disabilityrightsca.org\/es\/wp-json\/wp\/v2\/pages\/1892\/revisions"}],"predecessor-version":[{"id":3812,"href":"https:\/\/rula.disabilityrightsca.org\/es\/wp-json\/wp\/v2\/pages\/1892\/revisions\/3812"}],"up":[{"embeddable":true,"href":"https:\/\/rula.disabilityrightsca.org\/es\/wp-json\/wp\/v2\/pages\/1876"}],"wp:attachment":[{"href":"https:\/\/rula.disabilityrightsca.org\/es\/wp-json\/wp\/v2\/media?parent=1892"}],"curies":[{"name":"wp","href":"https:\/\/api.w.org\/{rel}","templated":true}]}}