{"id":1889,"date":"2021-09-23T17:02:56","date_gmt":"2021-09-23T17:02:56","guid":{"rendered":"http:\/\/www.rula.disabilityrightsca.org\/es\/?page_id=1889"},"modified":"2023-11-29T17:16:08","modified_gmt":"2023-11-29T17:16:08","slug":"7-4-como-obtengo-ils","status":"publish","type":"page","link":"https:\/\/rula.disabilityrightsca.org\/es\/rula-book\/capitulo-7-modos-de-vida-comunitaria-para-adultos\/7-4-como-obtengo-ils\/","title":{"rendered":"(7.4) \u00bfC\u00f3mo obtengo ILS?"},"content":{"rendered":"\n<p>Para obtener ILS del centro regional, siga estos pasos:<\/p>\n\n\n\n<p>Consulte\u00a0el <a href=\"https:\/\/rula.disabilityrightsca.org\/es\/suplementos\/suplemento-h-como-obtener-servicios-del-centro-regional-mediante-su-ipp\/\">Suplemento H<\/a>\u00a0sobre c\u00f3mo solicitar una reuni\u00f3n de IPP.<\/p>\n\n\n\n<p>Usted y su equipo de IPP hablar\u00e1n sobre los apoyos y servicios que necesita para desarrollar sus habilidades para la vida independiente. Estas agencias pueden ayudarlo a planificar su ILS:<\/p>\n\n\n\n<ul class=\"wp-block-list\">\n<li>Su centro regional.<\/li>\n\n\n\n<li>Departamento de Servicios del Desarrollo (DDS): llame al (916) 654-2140 y pida hablar con alguien que sepa sobre ILS o solicite una publicaci\u00f3n del DDS.<\/li>\n\n\n\n<li>Disability Rights California.<\/li>\n<\/ul>\n","protected":false},"excerpt":{"rendered":"<p>Para obtener ILS del centro regional, siga estos pasos: Consulte\u00a0el Suplemento H\u00a0sobre c\u00f3mo solicitar una reuni\u00f3n de IPP. Usted y su equipo de IPP hablar\u00e1n&hellip;<\/p>\n","protected":false},"author":1,"featured_media":0,"parent":1876,"menu_order":4,"comment_status":"closed","ping_status":"closed","template":"","meta":{"footnotes":""},"class_list":["post-1889","page","type-page","status-publish","hentry"],"_links":{"self":[{"href":"https:\/\/rula.disabilityrightsca.org\/es\/wp-json\/wp\/v2\/pages\/1889","targetHints":{"allow":["GET"]}}],"collection":[{"href":"https:\/\/rula.disabilityrightsca.org\/es\/wp-json\/wp\/v2\/pages"}],"about":[{"href":"https:\/\/rula.disabilityrightsca.org\/es\/wp-json\/wp\/v2\/types\/page"}],"author":[{"embeddable":true,"href":"https:\/\/rula.disabilityrightsca.org\/es\/wp-json\/wp\/v2\/users\/1"}],"replies":[{"embeddable":true,"href":"https:\/\/rula.disabilityrightsca.org\/es\/wp-json\/wp\/v2\/comments?post=1889"}],"version-history":[{"count":6,"href":"https:\/\/rula.disabilityrightsca.org\/es\/wp-json\/wp\/v2\/pages\/1889\/revisions"}],"predecessor-version":[{"id":3575,"href":"https:\/\/rula.disabilityrightsca.org\/es\/wp-json\/wp\/v2\/pages\/1889\/revisions\/3575"}],"up":[{"embeddable":true,"href":"https:\/\/rula.disabilityrightsca.org\/es\/wp-json\/wp\/v2\/pages\/1876"}],"wp:attachment":[{"href":"https:\/\/rula.disabilityrightsca.org\/es\/wp-json\/wp\/v2\/media?parent=1889"}],"curies":[{"name":"wp","href":"https:\/\/api.w.org\/{rel}","templated":true}]}}