{"id":1880,"date":"2021-09-23T16:39:09","date_gmt":"2021-09-23T16:39:09","guid":{"rendered":"http:\/\/www.rula.disabilityrightsca.org\/es\/?page_id=1880"},"modified":"2023-12-05T16:45:50","modified_gmt":"2023-12-05T16:45:50","slug":"7-1-como-decido-donde-vivir","status":"publish","type":"page","link":"https:\/\/rula.disabilityrightsca.org\/es\/rula-book\/capitulo-7-modos-de-vida-comunitaria-para-adultos\/7-1-como-decido-donde-vivir\/","title":{"rendered":"(7.1) \u00bfC\u00f3mo decido d\u00f3nde vivir?"},"content":{"rendered":"\n<p>Sus preferencias, elecciones y deseos son el punto de partida para decidir d\u00f3nde vivir\u00e1. Decidir d\u00f3nde quiere vivir es parte del proceso de planificaci\u00f3n de su Plan de Programa Individual (IPP).\u00a0 Las personas con discapacidades del desarrollo viven en una variedad de entornos. Estos van desde los menos restrictivos (como la vida independiente) hasta los m\u00e1s restrictivos (como grandes instalaciones cerradas u hospitales). Otros modos de vivienda intermedios incluyen vivir con sus padres o parientes, con otra familia o en un hogar de grupo peque\u00f1o. No tiene que mudarse de uno a otro antes de estar listo para uno m\u00e1s integrado o menos restrictivo. El objetivo de la Ley Lanterman es que las personas con discapacidades del desarrollo vivan como las personas de la misma edad sin discapacidades del desarrollo.<span class=\"footnote_referrer\"><a role=\"button\" tabindex=\"0\" onclick=\"footnote_moveToReference_1880_1('footnote_plugin_reference_1880_1_1');\" onkeypress=\"footnote_moveToReference_1880_1('footnote_plugin_reference_1880_1_1');\" ><sup id=\"footnote_plugin_tooltip_1880_1_1\" class=\"footnote_plugin_tooltip_text\">[1]<\/sup><\/a><span id=\"footnote_plugin_tooltip_text_1880_1_1\" class=\"footnote_tooltip\">La Ley Lanterman dice que los servicios y apoyos deben estar disponibles para permitir que las personas con discapacidades del desarrollo se aproximen al patr\u00f3n de vida diaria disponible para&nbsp;&#x2026; <span class=\"footnote_tooltip_continue\"  onclick=\"footnote_moveToReference_1880_1('footnote_plugin_reference_1880_1_1');\">Continue reading<\/span><\/span><\/span><script type=\"text\/javascript\"> jQuery('#footnote_plugin_tooltip_1880_1_1').tooltip({ tip: '#footnote_plugin_tooltip_text_1880_1_1', tipClass: 'footnote_tooltip', effect: 'fade', predelay: 0, fadeInSpeed: 200, delay: 400, fadeOutSpeed: 200, position: 'top center', relative: true, offset: [-7, 0], });<\/script> Las personas sin discapacidades viven en los hogares y comunidades que eligen, por lo que las personas con discapacidades del desarrollo tambi\u00e9n deben vivir de esa manera. Este cap\u00edtulo trata principalmente sobre las opciones para vivir en la comunidad. No habla tanto de vivir en entornos muy restrictivos.<\/p>\n<div class=\"speaker-mute footnotes_reference_container\"> <div class=\"footnote_container_prepare\"><p><span role=\"button\" tabindex=\"0\" class=\"footnote_reference_container_label pointer\" onclick=\"footnote_expand_collapse_reference_container_1880_1();\">&#x202F;<\/span><span role=\"button\" tabindex=\"0\" class=\"footnote_reference_container_collapse_button\" style=\"display: none;\" onclick=\"footnote_expand_collapse_reference_container_1880_1();\">[<a id=\"footnote_reference_container_collapse_button_1880_1\">+<\/a>]<\/span><\/p><\/div> <div id=\"footnote_references_container_1880_1\" style=\"\"><table class=\"footnotes_table footnote-reference-container\"><caption class=\"accessibility\">References<\/caption> <tbody> \r\n\r\n<tr class=\"footnotes_plugin_reference_row\"> <th scope=\"row\" class=\"footnote_plugin_index_combi pointer\"  onclick=\"footnote_moveToAnchor_1880_1('footnote_plugin_tooltip_1880_1_1');\"><a id=\"footnote_plugin_reference_1880_1_1\" class=\"footnote_backlink\"><span class=\"footnote_index_arrow\">&#8593;<\/span>1<\/a><\/th> <td class=\"footnote_plugin_text\">La Ley Lanterman dice que los servicios y apoyos deben estar disponibles para permitir que las personas con discapacidades del desarrollo se aproximen al patr\u00f3n de vida diaria disponible para personas sin discapacidad de la misma edad. Secci\u00f3n 4501. Las personas con discapacidades del desarrollo tienen los mismos derechos y responsabilidades legales garantizados a todas las dem\u00e1s personas por la Constituci\u00f3n y las leyes de los Estados Unidos y la Constituci\u00f3n y las leyes del Estado de California, incluyendo el derecho a tomar decisiones sobre sus propias vidas, incluyendo d\u00f3nde y con qui\u00e9n vivir. Secci\u00f3n 4502(a) y (b)(10). Las personas con discapacidades del desarrollo tienen derecho a recibir el tratamiento y los servicios de habilitaci\u00f3n y apoyo necesarios en el entorno menos restrictivo para lograr los prop\u00f3sitos de esos servicios, y los servicios deben fomentar el potencial de desarrollo de la persona y estar dirigidos hacia el logro de una vida lo m\u00e1s independiente, productiva y normal posible. Secci\u00f3n 4502(b)<\/td><\/tr>\r\n\r\n <\/tbody> <\/table> <\/div><\/div><script type=\"text\/javascript\"> function footnote_expand_reference_container_1880_1() { jQuery('#footnote_references_container_1880_1').show(); jQuery('#footnote_reference_container_collapse_button_1880_1').text('\u2212'); } function footnote_collapse_reference_container_1880_1() { jQuery('#footnote_references_container_1880_1').hide(); jQuery('#footnote_reference_container_collapse_button_1880_1').text('+'); } function footnote_expand_collapse_reference_container_1880_1() { if (jQuery('#footnote_references_container_1880_1').is(':hidden')) { footnote_expand_reference_container_1880_1(); } else { footnote_collapse_reference_container_1880_1(); } } function footnote_moveToReference_1880_1(p_str_TargetID) { footnote_expand_reference_container_1880_1(); var l_obj_Target = jQuery('#' + p_str_TargetID); if (l_obj_Target.length) { jQuery( 'html, body' ).delay( 0 ); jQuery('html, body').animate({ scrollTop: l_obj_Target.offset().top - window.innerHeight * 0.2 }, 380); } } function footnote_moveToAnchor_1880_1(p_str_TargetID) { footnote_expand_reference_container_1880_1(); var l_obj_Target = jQuery('#' + p_str_TargetID); if (l_obj_Target.length) { jQuery( 'html, body' ).delay( 0 ); jQuery('html, body').animate({ scrollTop: l_obj_Target.offset().top - window.innerHeight * 0.2 }, 380); } }<\/script>","protected":false},"excerpt":{"rendered":"<p>Sus preferencias, elecciones y deseos son el punto de partida para decidir d\u00f3nde vivir\u00e1. Decidir d\u00f3nde quiere vivir es parte del proceso de planificaci\u00f3n de&hellip;<\/p>\n","protected":false},"author":1,"featured_media":0,"parent":1876,"menu_order":1,"comment_status":"closed","ping_status":"closed","template":"","meta":{"footnotes":""},"class_list":["post-1880","page","type-page","status-publish","hentry"],"_links":{"self":[{"href":"https:\/\/rula.disabilityrightsca.org\/es\/wp-json\/wp\/v2\/pages\/1880","targetHints":{"allow":["GET"]}}],"collection":[{"href":"https:\/\/rula.disabilityrightsca.org\/es\/wp-json\/wp\/v2\/pages"}],"about":[{"href":"https:\/\/rula.disabilityrightsca.org\/es\/wp-json\/wp\/v2\/types\/page"}],"author":[{"embeddable":true,"href":"https:\/\/rula.disabilityrightsca.org\/es\/wp-json\/wp\/v2\/users\/1"}],"replies":[{"embeddable":true,"href":"https:\/\/rula.disabilityrightsca.org\/es\/wp-json\/wp\/v2\/comments?post=1880"}],"version-history":[{"count":3,"href":"https:\/\/rula.disabilityrightsca.org\/es\/wp-json\/wp\/v2\/pages\/1880\/revisions"}],"predecessor-version":[{"id":3809,"href":"https:\/\/rula.disabilityrightsca.org\/es\/wp-json\/wp\/v2\/pages\/1880\/revisions\/3809"}],"up":[{"embeddable":true,"href":"https:\/\/rula.disabilityrightsca.org\/es\/wp-json\/wp\/v2\/pages\/1876"}],"wp:attachment":[{"href":"https:\/\/rula.disabilityrightsca.org\/es\/wp-json\/wp\/v2\/media?parent=1880"}],"curies":[{"name":"wp","href":"https:\/\/api.w.org\/{rel}","templated":true}]}}