{"id":1876,"date":"2021-09-23T16:34:28","date_gmt":"2021-09-23T16:34:28","guid":{"rendered":"http:\/\/www.rula.disabilityrightsca.org\/es\/?page_id=1876"},"modified":"2022-03-01T22:16:52","modified_gmt":"2022-03-01T22:16:52","slug":"capitulo-7-modos-de-vida-comunitaria-para-adultos","status":"publish","type":"page","link":"https:\/\/rula.disabilityrightsca.org\/es\/rula-book\/capitulo-7-modos-de-vida-comunitaria-para-adultos\/","title":{"rendered":"Cap\u00edtulo 7: Modos de vida comunitaria para adultos"},"content":{"rendered":"\n<p><div class=\"print-fullchapter-wrap\"><div class=\"print-fullchapter\"><a href=\"https:\/\/rula.disabilityrightsca.org\/es\/chapter-7-print\/\">Imprimir todo el cap\u00edtulo<\/a><\/div><\/div><\/p>\n\n\n\n<p>Este cap\u00edtulo le brinda informaci\u00f3n sobre las opciones de vida comunitaria disponibles para adultos con discapacidades del desarrollo. Explicamos c\u00f3mo es cada opci\u00f3n y c\u00f3mo planificar y desarrollar el modo de vivienda que mejor se adapte a sus necesidades. Tambi\u00e9n aprender\u00e1 sobre los derechos que tiene en el modo de vivienda que elija.<\/p>\n\n\n\n<p>Esta informaci\u00f3n se toma principalmente de una ley estatal llamada Ley Lanterman, que comienza en la secci\u00f3n 4500 del C\u00f3digo de Bienestar e Instituciones de California. Le proporcionamos la secci\u00f3n de esta ley estatal donde puede encontrar la informaci\u00f3n que escribimos. Es posible que deba consultar la ley para obtener los servicios que necesita. Cuando vea la palabra &#8220;Secci\u00f3n(es)&#8221;, seguida de un n\u00famero y ninguna otra informaci\u00f3n, significa secci\u00f3n(es) de la Ley Lanterman. Para leer la Ley Lanterman, <a href=\"https:\/\/www.dds.ca.gov\/transparency\/laws-regulations\/lanterman-act-and-related-laws\/\">haga clic aqu\u00ed<\/a>.<\/p>\n\n\n<div class=\"menu-chapter-7-container\"><ul id=\"menu-chapter-7\" class=\"menu\"><li id=\"menu-item-1882\" class=\"menu-item menu-item-type-post_type menu-item-object-page menu-item-1882\"><a href=\"https:\/\/rula.disabilityrightsca.org\/es\/rula-book\/capitulo-7-modos-de-vida-comunitaria-para-adultos\/7-1-como-decido-donde-vivir\/\">(7.1) \u00bfC\u00f3mo decido d\u00f3nde vivir?<\/a><\/li>\n<li id=\"menu-item-1885\" class=\"menu-item menu-item-type-post_type menu-item-object-page menu-item-1885\"><a href=\"https:\/\/rula.disabilityrightsca.org\/es\/rula-book\/capitulo-7-modos-de-vida-comunitaria-para-adultos\/7-2-si-quiero-vivir-en-mi-propia-casa-tengo-que-demostrar-que-puedo-hacerlo-por-mi-cuenta\/\">(7.2) Si quiero vivir en mi propia casa, \u00bftengo que demostrar que puedo hacerlo por mi cuenta?<\/a><\/li>\n<li id=\"menu-item-1888\" class=\"menu-item menu-item-type-post_type menu-item-object-page menu-item-1888\"><a href=\"https:\/\/rula.disabilityrightsca.org\/es\/rula-book\/capitulo-7-modos-de-vida-comunitaria-para-adultos\/7-3-que-tipos-de-servicios-del-centro-regional-pueden-ayudarme-a-vivir-de-forma-independiente-en-una-casa-que-poseo-o-alquilo\/\">(7.3) \u00bfQu\u00e9 tipos de servicios del centro regional pueden ayudarme a vivir de forma independiente en una casa que poseo o alquilo?<\/a><\/li>\n<li id=\"menu-item-1891\" class=\"menu-item menu-item-type-post_type menu-item-object-page menu-item-1891\"><a href=\"https:\/\/rula.disabilityrightsca.org\/es\/rula-book\/capitulo-7-modos-de-vida-comunitaria-para-adultos\/7-4-como-obtengo-ils\/\">(7.4) \u00bfC\u00f3mo obtengo ILS?<\/a><\/li>\n<li id=\"menu-item-1894\" class=\"menu-item menu-item-type-post_type menu-item-object-page menu-item-1894\"><a href=\"https:\/\/rula.disabilityrightsca.org\/es\/rula-book\/capitulo-7-modos-de-vida-comunitaria-para-adultos\/7-5-como-obtengo-sls\/\">(7.5) \u00bfC\u00f3mo obtengo SLS?<\/a><\/li>\n<li id=\"menu-item-1897\" class=\"menu-item menu-item-type-post_type menu-item-object-page menu-item-1897\"><a href=\"https:\/\/rula.disabilityrightsca.org\/es\/rula-book\/capitulo-7-modos-de-vida-comunitaria-para-adultos\/7-6-como-se-paga-por-los-sls\/\">(7.6) \u00bfC\u00f3mo se paga por los SLS?<\/a><\/li>\n<li id=\"menu-item-1900\" class=\"menu-item menu-item-type-post_type menu-item-object-page menu-item-1900\"><a href=\"https:\/\/rula.disabilityrightsca.org\/es\/rula-book\/capitulo-7-modos-de-vida-comunitaria-para-adultos\/7-7-existe-algun-limite-sobre-cuanto-se-puede-gastar-en-sls\/\">(7.7) \u00bfExiste alg\u00fan l\u00edmite sobre cu\u00e1nto se puede gastar en SLS?<\/a><\/li>\n<li id=\"menu-item-1903\" class=\"menu-item menu-item-type-post_type menu-item-object-page menu-item-1903\"><a href=\"https:\/\/rula.disabilityrightsca.org\/es\/rula-book\/capitulo-7-modos-de-vida-comunitaria-para-adultos\/7-8-cual-es-la-diferencia-entre-ils-y-sls\/\">(7.8) \u00bfCu\u00e1l es la diferencia entre ILS y SLS?<\/a><\/li>\n<li id=\"menu-item-1906\" class=\"menu-item menu-item-type-post_type menu-item-object-page menu-item-1906\"><a href=\"https:\/\/rula.disabilityrightsca.org\/es\/rula-book\/capitulo-7-modos-de-vida-comunitaria-para-adultos\/7-9-que-son-las-agencias-de-hogares-familiares-para-adultos\/\">(7.9) \u00bfQu\u00e9 tipos de servicios del centro regional me pueden ayudar cuando quiero seguir viviendo en casa con mi familia?<\/a><\/li>\n<li id=\"menu-item-1909\" class=\"menu-item menu-item-type-post_type menu-item-object-page menu-item-1909\"><a href=\"https:\/\/rula.disabilityrightsca.org\/es\/rula-book\/capitulo-7-modos-de-vida-comunitaria-para-adultos\/7-10-que-es-un-hogar-de-ensenanza-familiar\/\">(7.10) \u00bfQu\u00e9 es un Hogar de Ense\u00f1anza Familiar?<\/a><\/li>\n<li id=\"menu-item-1912\" class=\"menu-item menu-item-type-post_type menu-item-object-page menu-item-1912\"><a href=\"https:\/\/rula.disabilityrightsca.org\/es\/rula-book\/capitulo-7-modos-de-vida-comunitaria-para-adultos\/7-11-que-es-un-hogar-familiar\/\">(7.11) \u00bfQu\u00e9 es un Hogar Familiar?<\/a><\/li>\n<li id=\"menu-item-1915\" class=\"menu-item menu-item-type-post_type menu-item-object-page menu-item-1915\"><a href=\"https:\/\/rula.disabilityrightsca.org\/es\/rula-book\/capitulo-7-modos-de-vida-comunitaria-para-adultos\/7-12-los-modos-de-vida-en-grupo-que-no-son-hogares-familiares-deben-tener-una-licencia-del-estado\/\">(7.12) \u00bfLos modos de vida en grupo que no son hogares familiares deben tener una licencia del estado?<\/a><\/li>\n<li id=\"menu-item-1918\" class=\"menu-item menu-item-type-post_type menu-item-object-page menu-item-1918\"><a href=\"https:\/\/rula.disabilityrightsca.org\/es\/rula-book\/capitulo-7-modos-de-vida-comunitaria-para-adultos\/7-13-que-son-las-instalaciones-de-cuidados-intermedios-icf\/\">(7.13) \u00bfQu\u00e9 son las Instalaciones de Cuidados Intermedios (ICF)?<\/a><\/li>\n<li id=\"menu-item-1921\" class=\"menu-item menu-item-type-post_type menu-item-object-page menu-item-1921\"><a href=\"https:\/\/rula.disabilityrightsca.org\/es\/rula-book\/capitulo-7-modos-de-vida-comunitaria-para-adultos\/7-14-que-es-el-modelo-residencial-alternativo-arm\/\">(7.14) \u00bfQu\u00e9 es el Modelo Residencial Alternativo (ARM)?<\/a><\/li>\n<li id=\"menu-item-1924\" class=\"menu-item menu-item-type-post_type menu-item-object-page menu-item-1924\"><a href=\"https:\/\/rula.disabilityrightsca.org\/es\/rula-book\/capitulo-7-modos-de-vida-comunitaria-para-adultos\/7-15-existen-hogares-grupales-ademas-de-los-hogares-en-el-sistema-arm\/\">(7.15) \u00bfExisten hogares grupales adem\u00e1s de los hogares en el sistema ARM?<\/a><\/li>\n<li id=\"menu-item-1927\" class=\"menu-item menu-item-type-post_type menu-item-object-page menu-item-1927\"><a href=\"https:\/\/rula.disabilityrightsca.org\/es\/rula-book\/capitulo-7-modos-de-vida-comunitaria-para-adultos\/7-16-existen-otros-hogares-para-personas-con-necesidades-conductuales-o-que-estan-en-crisis\/\">(7.16) \u00bfExisten otros hogares para personas con necesidades conductuales o que est\u00e1n en crisis?<\/a><\/li>\n<li id=\"menu-item-1930\" class=\"menu-item menu-item-type-post_type menu-item-object-page menu-item-1930\"><a href=\"https:\/\/rula.disabilityrightsca.org\/es\/rula-book\/capitulo-7-modos-de-vida-comunitaria-para-adultos\/7-17-las-personas-que-viven-en-centros-de-atencion-comunitaria-reciben-algun-servicio-medico\/\">(7.17) \u00bfLas personas que viven en Centros de Atenci\u00f3n Comunitaria reciben alg\u00fan servicio m\u00e9dico?<\/a><\/li>\n<li id=\"menu-item-1933\" class=\"menu-item menu-item-type-post_type menu-item-object-page menu-item-1933\"><a href=\"https:\/\/rula.disabilityrightsca.org\/es\/rula-book\/capitulo-7-modos-de-vida-comunitaria-para-adultos\/7-18-si-tengo-necesidades-de-atencion-medica-complejas-hay-lugares-en-la-comunidad-en-los-que-podria-vivir-ademas-de-un-hogar-de-enfermeria-especializada\/\">(7.18) Si tengo necesidades de atenci\u00f3n m\u00e9dica complejas, \u00bfhay lugares en la comunidad en los que podr\u00eda vivir, adem\u00e1s de un hogar de enfermer\u00eda especializada?<\/a><\/li>\n<li id=\"menu-item-1936\" class=\"menu-item menu-item-type-post_type menu-item-object-page menu-item-1936\"><a href=\"https:\/\/rula.disabilityrightsca.org\/es\/rula-book\/capitulo-7-modos-de-vida-comunitaria-para-adultos\/7-19-que-pasa-si-el-modo-de-vivienda-que-quiero-no-esta-disponible\/\">(7.19) \u00bfQu\u00e9 pasa si el modo de vivienda que quiero no est\u00e1 disponible?<\/a><\/li>\n<li id=\"menu-item-1939\" class=\"menu-item menu-item-type-post_type menu-item-object-page menu-item-1939\"><a href=\"https:\/\/rula.disabilityrightsca.org\/es\/rula-book\/capitulo-7-modos-de-vida-comunitaria-para-adultos\/7-20-existen-reglas-en-los-hogares-con-licencia\/\">(7.20) \u00bfExisten reglas en los hogares con licencia?<\/a><\/li>\n<li id=\"menu-item-1942\" class=\"menu-item menu-item-type-post_type menu-item-object-page menu-item-1942\"><a href=\"https:\/\/rula.disabilityrightsca.org\/es\/rula-book\/capitulo-7-modos-de-vida-comunitaria-para-adultos\/7-21-cuales-son-mis-derechos\/\">(7.21) \u00bfCu\u00e1les son mis derechos?<\/a><\/li>\n<\/ul><\/div>\n\n\n\n<p><\/p>\n","protected":false},"excerpt":{"rendered":"<p>Imprimir todo el cap\u00edtulo Este cap\u00edtulo le brinda informaci\u00f3n sobre las opciones de vida comunitaria disponibles para adultos con discapacidades del desarrollo. Explicamos c\u00f3mo es&hellip;<\/p>\n","protected":false},"author":1,"featured_media":0,"parent":33,"menu_order":7,"comment_status":"closed","ping_status":"closed","template":"","meta":{"footnotes":""},"class_list":["post-1876","page","type-page","status-publish","hentry"],"_links":{"self":[{"href":"https:\/\/rula.disabilityrightsca.org\/es\/wp-json\/wp\/v2\/pages\/1876","targetHints":{"allow":["GET"]}}],"collection":[{"href":"https:\/\/rula.disabilityrightsca.org\/es\/wp-json\/wp\/v2\/pages"}],"about":[{"href":"https:\/\/rula.disabilityrightsca.org\/es\/wp-json\/wp\/v2\/types\/page"}],"author":[{"embeddable":true,"href":"https:\/\/rula.disabilityrightsca.org\/es\/wp-json\/wp\/v2\/users\/1"}],"replies":[{"embeddable":true,"href":"https:\/\/rula.disabilityrightsca.org\/es\/wp-json\/wp\/v2\/comments?post=1876"}],"version-history":[{"count":9,"href":"https:\/\/rula.disabilityrightsca.org\/es\/wp-json\/wp\/v2\/pages\/1876\/revisions"}],"predecessor-version":[{"id":3209,"href":"https:\/\/rula.disabilityrightsca.org\/es\/wp-json\/wp\/v2\/pages\/1876\/revisions\/3209"}],"up":[{"embeddable":true,"href":"https:\/\/rula.disabilityrightsca.org\/es\/wp-json\/wp\/v2\/pages\/33"}],"wp:attachment":[{"href":"https:\/\/rula.disabilityrightsca.org\/es\/wp-json\/wp\/v2\/media?parent=1876"}],"curies":[{"name":"wp","href":"https:\/\/api.w.org\/{rel}","templated":true}]}}