{"id":1872,"date":"2021-09-23T16:27:12","date_gmt":"2021-09-23T16:27:12","guid":{"rendered":"http:\/\/www.rula.disabilityrightsca.org\/es\/?page_id=1872"},"modified":"2023-12-06T00:27:47","modified_gmt":"2023-12-06T00:27:47","slug":"suplemento-f-servicios-y-apoyos-para-personas-con-discapacidades-cognitivas","status":"publish","type":"page","link":"https:\/\/rula.disabilityrightsca.org\/es\/suplementos\/suplemento-f-servicios-y-apoyos-para-personas-con-discapacidades-cognitivas\/","title":{"rendered":"Suplemento F: Servicios y apoyos para personas con discapacidades cognitivas"},"content":{"rendered":"\n<p>La ley estatal dice &#8220;discapacidad intelectual&#8221;, pero aqu\u00ed utilizamos &#8220;discapacidad cognitiva&#8221; para incluir condiciones similares. Consulte el <a href=\"https:\/\/rula.disabilityrightsca.org\/es\/suplementos\/suplemento-e-discapacidades-cognitivas\/\">Suplemento E<\/a> para ver una lista de caracter\u00edsticas comunes de las personas con afecciones similares. Usted no es autom\u00e1ticamente elegible s\u00f3lo porque necesite algunos o todos los servicios de esta lista.<\/p>\n\n\n\n<p>Las personas con discapacidades cognitivas suelen necesitar estos servicios y apoyos:<\/p>\n\n\n\n<ul class=\"wp-block-list\">\n<li>Estimulaci\u00f3n infantil<\/li>\n\n\n\n<li>Asesoramiento y apoyo emocional a los padres<\/li>\n\n\n\n<li>Formaci\u00f3n sobre desarrollo infantil para los padres<\/li>\n\n\n\n<li>Servicios de intervenci\u00f3n temprana<\/li>\n\n\n\n<li>Estimulaci\u00f3n sensorial<\/li>\n\n\n\n<li>Terapia f\u00edsica, ocupacional o del habla (para la discapacidad cognitiva)<\/li>\n\n\n\n<li>Formaci\u00f3n en habilidades de autoayuda, como alimentarse, cocinar, limpiar, vestirse, usar el ba\u00f1o, la higiene personal, la gesti\u00f3n del dinero, el uso del transporte p\u00fablico<\/li>\n\n\n\n<li>Formaci\u00f3n en habilidades sociales, como hacer amigos y programar actividades de ocio<\/li>\n\n\n\n<li>Servicios de relevo<\/li>\n\n\n\n<li>Coordinaci\u00f3n y gesti\u00f3n de servicios<\/li>\n\n\n\n<li>Servicios de defensa y formaci\u00f3n en autodefensa<\/li>\n\n\n\n<li>Asesoramiento familiar<\/li>\n\n\n\n<li>Informaci\u00f3n y derivaci\u00f3n, por ejemplo, a especialistas en medicina, comportamiento o habilidades parentales<\/li>\n\n\n\n<li>Servicios sociales y jur\u00eddicos, como protecci\u00f3n, defensa y representaci\u00f3n<\/li>\n\n\n\n<li>Educaci\u00f3n especial y servicios relacionados requeridos por la ley<\/li>\n\n\n\n<li>Servicios sociales o recreativos<\/li>\n\n\n\n<li>Formaci\u00f3n profesional o de rehabilitaci\u00f3n<\/li>\n\n\n\n<li>Atenci\u00f3n residencial<\/li>\n\n\n\n<li>Servicios de salud mental<\/li>\n\n\n\n<li>Apoyo en el trabajo<\/li>\n\n\n\n<li>Modos de vida con apoyo o semi-independientes<\/li>\n\n\n\n<li>Programas de d\u00eda para ayudar a aprender habilidades, ser m\u00e1s independiente y divertirse<\/li>\n\n\n\n<li>Transporte<\/li>\n\n\n\n<li>Formaci\u00f3n profesional y oportunidades de trabajo remunerado<\/li>\n\n\n\n<li>Ayuda para encontrar un lugar donde vivir<\/li>\n\n\n\n<li>Prestaciones p\u00fablicas como SSI, otras prestaciones de la Seguridad Social y Medi-Cal<\/li>\n\n\n\n<li>Ayuda para aprender una tarea dividi\u00e9ndola en partes m\u00e1s peque\u00f1as y ense\u00f1ando cada parte, paso a paso<\/li>\n\n\n\n<li>Programas de formaci\u00f3n y modificaci\u00f3n del comportamiento<\/li>\n\n\n\n<li>Servicios y apoyos para ayudar a integrarse en la comunidad<\/li>\n\n\n\n<li>Servicios de intervenci\u00f3n en emergencias y crisis. Habilidades de crianza para personas con discapacidad que tienen hijos<\/li>\n<\/ul>\n","protected":false},"excerpt":{"rendered":"<p>La ley estatal dice &#8220;discapacidad intelectual&#8221;, pero aqu\u00ed utilizamos &#8220;discapacidad cognitiva&#8221; para incluir condiciones similares. Consulte el Suplemento E para ver una lista de caracter\u00edsticas&hellip;<\/p>\n","protected":false},"author":1,"featured_media":0,"parent":1638,"menu_order":6,"comment_status":"closed","ping_status":"closed","template":"","meta":{"footnotes":""},"class_list":["post-1872","page","type-page","status-publish","hentry"],"_links":{"self":[{"href":"https:\/\/rula.disabilityrightsca.org\/es\/wp-json\/wp\/v2\/pages\/1872","targetHints":{"allow":["GET"]}}],"collection":[{"href":"https:\/\/rula.disabilityrightsca.org\/es\/wp-json\/wp\/v2\/pages"}],"about":[{"href":"https:\/\/rula.disabilityrightsca.org\/es\/wp-json\/wp\/v2\/types\/page"}],"author":[{"embeddable":true,"href":"https:\/\/rula.disabilityrightsca.org\/es\/wp-json\/wp\/v2\/users\/1"}],"replies":[{"embeddable":true,"href":"https:\/\/rula.disabilityrightsca.org\/es\/wp-json\/wp\/v2\/comments?post=1872"}],"version-history":[{"count":4,"href":"https:\/\/rula.disabilityrightsca.org\/es\/wp-json\/wp\/v2\/pages\/1872\/revisions"}],"predecessor-version":[{"id":3967,"href":"https:\/\/rula.disabilityrightsca.org\/es\/wp-json\/wp\/v2\/pages\/1872\/revisions\/3967"}],"up":[{"embeddable":true,"href":"https:\/\/rula.disabilityrightsca.org\/es\/wp-json\/wp\/v2\/pages\/1638"}],"wp:attachment":[{"href":"https:\/\/rula.disabilityrightsca.org\/es\/wp-json\/wp\/v2\/media?parent=1872"}],"curies":[{"name":"wp","href":"https:\/\/api.w.org\/{rel}","templated":true}]}}