{"id":1858,"date":"2021-09-22T23:03:04","date_gmt":"2021-09-22T23:03:04","guid":{"rendered":"http:\/\/www.rula.disabilityrightsca.org\/es\/?page_id=1858"},"modified":"2023-12-06T00:26:50","modified_gmt":"2023-12-06T00:26:50","slug":"suplemento-e-discapacidades-cognitivas","status":"publish","type":"page","link":"https:\/\/rula.disabilityrightsca.org\/es\/suplementos\/suplemento-e-discapacidades-cognitivas\/","title":{"rendered":"Suplemento E: Discapacidades cognitivas"},"content":{"rendered":"\n<p>La ley estatal dice &#8220;discapacidad intelectual&#8221;, pero aqu\u00ed utilizamos &#8220;discapacidad cognitiva&#8221; para incluir condiciones similares. Utilice esta lista para decidir si una condici\u00f3n est\u00e1 &#8220;estrechamente relacionada con&#8221; la discapacidad intelectual y ser\u00eda elegible para los servicios bajo la quinta categor\u00eda. Pero no se puede optar autom\u00e1ticamente a los servicios s\u00f3lo por tener los problemas de esta lista.<\/p>\n\n\n\n<ul class=\"wp-block-list\">\n<li>Razonamiento abstracto<\/li>\n\n\n\n<li>Falta de juicio<\/li>\n\n\n\n<li>Memoria<\/li>\n\n\n\n<li>Para el aprendizaje requiere que las tareas se dividan en partes m\u00e1s peque\u00f1as y se ense\u00f1en por pasos<\/li>\n\n\n\n<li>Planificaci\u00f3n a corto y\/o largo plazo<\/li>\n\n\n\n<li>Resolver problemas<\/li>\n\n\n\n<li>Gestionar el dinero o un presupuesto<\/li>\n\n\n\n<li>Utilizar el transporte p\u00fablico solo<\/li>\n\n\n\n<li>An\u00e1lisis l\u00f3gico<\/li>\n\n\n\n<li>Concentraci\u00f3n<\/li>\n\n\n\n<li>Transferencia de habilidades utilizadas de uno a otro contexto<\/li>\n\n\n\n<li>Hitos del desarrollo como sentarse, gatear, caminar, hablar, ir al ba\u00f1o<\/li>\n\n\n\n<li>Pasividad, por ejemplo, pueden no decir lo que quiere o siente<\/li>\n\n\n\n<li>Perspicacia, como entender por qu\u00e9 ellos y los dem\u00e1s se comportan como lo hacen.<\/li>\n\n\n\n<li>Percepci\u00f3n<\/li>\n\n\n\n<li>Controlar su propio comportamiento<\/li>\n\n\n\n<li>Ser f\u00e1cilmente manipulado por otros<\/li>\n\n\n\n<li>Adaptaci\u00f3n a nuevas situaciones<\/li>\n\n\n\n<li>Hablar y escuchar (llamado lenguaje expresivo y receptivo)<\/li>\n\n\n\n<li>Movimiento y control de la motricidad fina y gruesa<\/li>\n\n\n\n<li>Vivir en la comunidad de forma independiente<\/li>\n\n\n\n<li>Tareas cotidianas en casa<\/li>\n\n\n\n<li>Recordar por s\u00ed mismo c\u00f3mo acudir a las citas, seguir un horario o tomar la medicaci\u00f3n<\/li>\n\n\n\n<li>Aprender de las experiencias<\/li>\n\n\n\n<li>Ser autosuficiente, por ejemplo, encontrar un trabajo o aprender habilidades laborales<\/li>\n\n\n\n<li>Necesidad de un entorno estructurado y predecible<\/li>\n\n\n\n<li>Organizar, planificar o priorizar tareas o actividades<\/li>\n\n\n\n<li>Habilidades y comportamientos sociales<\/li>\n\n\n\n<li>Actividades de ocio<\/li>\n\n\n\n<li>Higiene personal<\/li>\n\n\n\n<li>Decir la hora<\/li>\n\n\n\n<li>Salud y seguridad, por ejemplo: correr hacia el tr\u00e1fico o quemarse al cocinar<\/li>\n\n\n\n<li>Funci\u00f3n cognitiva inferior<span class=\"footnote_referrer\"><a role=\"button\" tabindex=\"0\" onclick=\"footnote_moveToReference_1858_1('footnote_plugin_reference_1858_1_1');\" onkeypress=\"footnote_moveToReference_1858_1('footnote_plugin_reference_1858_1_1');\" ><sup id=\"footnote_plugin_tooltip_1858_1_1\" class=\"footnote_plugin_tooltip_text\">[1]<\/sup><\/a><span id=\"footnote_plugin_tooltip_text_1858_1_1\" class=\"footnote_tooltip\">La funci\u00f3n cognitiva inferior significa al menos una desviaci\u00f3n est\u00e1ndar por debajo de la media de 100. Eso significa una puntuaci\u00f3n de 85, o inferior, en las pruebas de CI estandarizadas. No es&nbsp;&#x2026; <span class=\"footnote_tooltip_continue\"  onclick=\"footnote_moveToReference_1858_1('footnote_plugin_reference_1858_1_1');\">Continue reading<\/span><\/span><\/span><script type=\"text\/javascript\"> jQuery('#footnote_plugin_tooltip_1858_1_1').tooltip({ tip: '#footnote_plugin_tooltip_text_1858_1_1', tipClass: 'footnote_tooltip', effect: 'fade', predelay: 0, fadeInSpeed: 200, delay: 400, fadeOutSpeed: 200, position: 'top center', relative: true, offset: [-7, 0], });<\/script><\/li>\n\n\n\n<li>Funci\u00f3n adaptativa inferior.<span class=\"footnote_referrer\"><a role=\"button\" tabindex=\"0\" onclick=\"footnote_moveToReference_1858_1('footnote_plugin_reference_1858_1_2');\" onkeypress=\"footnote_moveToReference_1858_1('footnote_plugin_reference_1858_1_2');\" ><sup id=\"footnote_plugin_tooltip_1858_1_2\" class=\"footnote_plugin_tooltip_text\">[2]<\/sup><\/a><span id=\"footnote_plugin_tooltip_text_1858_1_2\" class=\"footnote_tooltip\">La funci\u00f3n adaptativa inferior se mide mediante pruebas estandarizadas de conducta adaptativa, como las Escalas de Conducta Adaptativa de Vineland (VABS) (Vineland-3) o el Cuestionario de&nbsp;&#x2026; <span class=\"footnote_tooltip_continue\"  onclick=\"footnote_moveToReference_1858_1('footnote_plugin_reference_1858_1_2');\">Continue reading<\/span><\/span><\/span><script type=\"text\/javascript\"> jQuery('#footnote_plugin_tooltip_1858_1_2').tooltip({ tip: '#footnote_plugin_tooltip_text_1858_1_2', tipClass: 'footnote_tooltip', effect: 'fade', predelay: 0, fadeInSpeed: 200, delay: 400, fadeOutSpeed: 200, position: 'top center', relative: true, offset: [-7, 0], });<\/script><\/li>\n<\/ul>\n<div class=\"speaker-mute footnotes_reference_container\"> <div class=\"footnote_container_prepare\"><p><span role=\"button\" tabindex=\"0\" class=\"footnote_reference_container_label pointer\" onclick=\"footnote_expand_collapse_reference_container_1858_1();\">&#x202F;<\/span><span role=\"button\" tabindex=\"0\" class=\"footnote_reference_container_collapse_button\" style=\"display: none;\" onclick=\"footnote_expand_collapse_reference_container_1858_1();\">[<a id=\"footnote_reference_container_collapse_button_1858_1\">+<\/a>]<\/span><\/p><\/div> <div id=\"footnote_references_container_1858_1\" style=\"\"><table class=\"footnotes_table footnote-reference-container\"><caption class=\"accessibility\">References<\/caption> <tbody> \r\n\r\n<tr class=\"footnotes_plugin_reference_row\"> <th scope=\"row\" class=\"footnote_plugin_index_combi pointer\"  onclick=\"footnote_moveToAnchor_1858_1('footnote_plugin_tooltip_1858_1_1');\"><a id=\"footnote_plugin_reference_1858_1_1\" class=\"footnote_backlink\"><span class=\"footnote_index_arrow\">&#8593;<\/span>1<\/a><\/th> <td class=\"footnote_plugin_text\">La funci\u00f3n cognitiva inferior significa al menos una desviaci\u00f3n est\u00e1ndar por debajo de la media de 100. Eso significa una puntuaci\u00f3n de 85, o inferior, en las pruebas de CI estandarizadas. No es necesario tener una puntuaci\u00f3n en el rango de la discapacidad intelectual (70 o menos) para demostrar que se tiene una condici\u00f3n estrechamente relacionada con la discapacidad intelectual<\/td><\/tr>\r\n\r\n<tr class=\"footnotes_plugin_reference_row\"> <th scope=\"row\" class=\"footnote_plugin_index_combi pointer\"  onclick=\"footnote_moveToAnchor_1858_1('footnote_plugin_tooltip_1858_1_2');\"><a id=\"footnote_plugin_reference_1858_1_2\" class=\"footnote_backlink\"><span class=\"footnote_index_arrow\">&#8593;<\/span>2<\/a><\/th> <td class=\"footnote_plugin_text\">La funci\u00f3n adaptativa inferior se mide mediante pruebas estandarizadas de conducta adaptativa, como las Escalas de Conducta Adaptativa de Vineland (VABS) (Vineland-3) o el Cuestionario de Habilidades de Supervivencia en la Calle. Por lo general, hay que buscar puntuaciones de 70 o menos, o compuestos de conducta que est\u00e9n 3 o m\u00e1s a\u00f1os por debajo de su edad<\/td><\/tr>\r\n\r\n <\/tbody> <\/table> <\/div><\/div><script type=\"text\/javascript\"> function footnote_expand_reference_container_1858_1() { jQuery('#footnote_references_container_1858_1').show(); jQuery('#footnote_reference_container_collapse_button_1858_1').text('\u2212'); } function footnote_collapse_reference_container_1858_1() { jQuery('#footnote_references_container_1858_1').hide(); jQuery('#footnote_reference_container_collapse_button_1858_1').text('+'); } function footnote_expand_collapse_reference_container_1858_1() { if (jQuery('#footnote_references_container_1858_1').is(':hidden')) { footnote_expand_reference_container_1858_1(); } else { footnote_collapse_reference_container_1858_1(); } } function footnote_moveToReference_1858_1(p_str_TargetID) { footnote_expand_reference_container_1858_1(); var l_obj_Target = jQuery('#' + p_str_TargetID); if (l_obj_Target.length) { jQuery( 'html, body' ).delay( 0 ); jQuery('html, body').animate({ scrollTop: l_obj_Target.offset().top - window.innerHeight * 0.2 }, 380); } } function footnote_moveToAnchor_1858_1(p_str_TargetID) { footnote_expand_reference_container_1858_1(); var l_obj_Target = jQuery('#' + p_str_TargetID); if (l_obj_Target.length) { jQuery( 'html, body' ).delay( 0 ); jQuery('html, body').animate({ scrollTop: l_obj_Target.offset().top - window.innerHeight * 0.2 }, 380); } }<\/script>","protected":false},"excerpt":{"rendered":"<p>La ley estatal dice &#8220;discapacidad intelectual&#8221;, pero aqu\u00ed utilizamos &#8220;discapacidad cognitiva&#8221; para incluir condiciones similares. Utilice esta lista para decidir si una condici\u00f3n est\u00e1 &#8220;estrechamente&hellip;<\/p>\n","protected":false},"author":1,"featured_media":0,"parent":1638,"menu_order":5,"comment_status":"closed","ping_status":"closed","template":"","meta":{"footnotes":""},"class_list":["post-1858","page","type-page","status-publish","hentry"],"_links":{"self":[{"href":"https:\/\/rula.disabilityrightsca.org\/es\/wp-json\/wp\/v2\/pages\/1858","targetHints":{"allow":["GET"]}}],"collection":[{"href":"https:\/\/rula.disabilityrightsca.org\/es\/wp-json\/wp\/v2\/pages"}],"about":[{"href":"https:\/\/rula.disabilityrightsca.org\/es\/wp-json\/wp\/v2\/types\/page"}],"author":[{"embeddable":true,"href":"https:\/\/rula.disabilityrightsca.org\/es\/wp-json\/wp\/v2\/users\/1"}],"replies":[{"embeddable":true,"href":"https:\/\/rula.disabilityrightsca.org\/es\/wp-json\/wp\/v2\/comments?post=1858"}],"version-history":[{"count":7,"href":"https:\/\/rula.disabilityrightsca.org\/es\/wp-json\/wp\/v2\/pages\/1858\/revisions"}],"predecessor-version":[{"id":3966,"href":"https:\/\/rula.disabilityrightsca.org\/es\/wp-json\/wp\/v2\/pages\/1858\/revisions\/3966"}],"up":[{"embeddable":true,"href":"https:\/\/rula.disabilityrightsca.org\/es\/wp-json\/wp\/v2\/pages\/1638"}],"wp:attachment":[{"href":"https:\/\/rula.disabilityrightsca.org\/es\/wp-json\/wp\/v2\/media?parent=1858"}],"curies":[{"name":"wp","href":"https:\/\/api.w.org\/{rel}","templated":true}]}}