{"id":1849,"date":"2021-09-22T22:22:27","date_gmt":"2021-09-22T22:22:27","guid":{"rendered":"http:\/\/www.rula.disabilityrightsca.org\/es\/?page_id=1849"},"modified":"2023-12-06T00:23:43","modified_gmt":"2023-12-06T00:23:43","slug":"suplemento-d-lista-de-registros-que-los-centros-regionales-pueden-pedirle-cuando-solicite-los-servicio","status":"publish","type":"page","link":"https:\/\/rula.disabilityrightsca.org\/es\/suplementos\/suplemento-d-lista-de-registros-que-los-centros-regionales-pueden-pedirle-cuando-solicite-los-servicio\/","title":{"rendered":"Suplemento D: Lista de registros que los centros regionales pueden pedirle cuando solicite los servicios"},"content":{"rendered":"\n<p>El centro regional puede pedirle la siguiente informaci\u00f3n. Si re\u00fane esta informaci\u00f3n con antelaci\u00f3n, estar\u00e1 preparado cuando presente la solicitud.<\/p>\n\n\n\n<h3 class=\"wp-block-heading\"><strong>Sobre usted<\/strong><\/h3>\n\n\n\n<ul class=\"wp-block-list\">\n<li>Nombre<\/li>\n\n\n\n<li>Direcci\u00f3n<\/li>\n\n\n\n<li>N\u00famero de tel\u00e9fono<\/li>\n\n\n\n<li>Nombre de los Padres\/Tutor legal<\/li>\n\n\n\n<li>Discapacidades<\/li>\n<\/ul>\n\n\n\n<h3 class=\"wp-block-heading\"><strong>Sus registros m\u00e9dicos<\/strong><\/h3>\n\n\n\n<p>Traiga copias de sus tarjetas de beneficios de salud como cobertura de seguro m\u00e9dico privado, planes de servicio de salud, Medi-Cal, Medicare y tarjetas TRICARE (para familias militares).<\/p>\n\n\n\n<p>Busque informaci\u00f3n sobre cada m\u00e9dico, psic\u00f3logo u otro proveedor de atenci\u00f3n m\u00e9dica que le haya atendido:<\/p>\n\n\n\n<ul class=\"wp-block-list\">\n<li>Nombre del m\u00e9dico<\/li>\n\n\n\n<li>N\u00famero de tel\u00e9fono<\/li>\n\n\n\n<li>Direcci\u00f3n<\/li>\n<\/ul>\n\n\n\n<h3 class=\"wp-block-heading\"><strong>Hospitales y Cl\u00ednicas<\/strong><\/h3>\n\n\n\n<p>Enumere cada uno de los hospitales o cl\u00ednicas en los que recibi\u00f3 atenci\u00f3n m\u00e9dica, incluido el lugar de nacimiento:<\/p>\n\n\n\n<ul class=\"wp-block-list\">\n<li>Nombre del hospital o cl\u00ednica&nbsp;<\/li>\n\n\n\n<li>N\u00famero de tel\u00e9fono<\/li>\n\n\n\n<li>Direcci\u00f3n<\/li>\n<\/ul>\n\n\n\n<h3 class=\"wp-block-heading\"><strong>Medicamentos<\/strong><\/h3>\n\n\n\n<p>Muchos consumidores toman muchos medicamentos.<\/p>\n\n\n\n<ul class=\"wp-block-list\">\n<li>Enumere todos los medicamentos que ha tomado<\/li>\n\n\n\n<li>Enumere los medicamentos que toma ahora<\/li>\n<\/ul>\n\n\n\n<h3 class=\"wp-block-heading\"><strong>Registros de Early Start\/Head Start (Intervenci\u00f3n temprana)<\/strong><\/h3>\n\n\n\n<p>\u00bfRecibi\u00f3 servicios cuando era beb\u00e9 o un ni\u00f1o peque\u00f1o? Si no es as\u00ed, \u00bfpuede conseguir un diario de cuando era beb\u00e9 o v\u00eddeos que muestren sus primeros a\u00f1os?<\/p>\n\n\n\n<h3 class=\"wp-block-heading\"><strong>Registros escolares<\/strong><\/h3>\n\n\n\n<p>Enumere cada escuela a la que asisti\u00f3<\/p>\n\n\n\n<ul class=\"wp-block-list\">\n<li>Nombre de la escuela&nbsp;<\/li>\n\n\n\n<li>Tipo de escuela (primaria, secundaria, preparatoria)<\/li>\n\n\n\n<li>Grados a los que asisti\u00f3<\/li>\n\n\n\n<li>N\u00famero de tel\u00e9fono<\/li>\n\n\n\n<li>Direcci\u00f3n<\/li>\n<\/ul>\n","protected":false},"excerpt":{"rendered":"<p>El centro regional puede pedirle la siguiente informaci\u00f3n. Si re\u00fane esta informaci\u00f3n con antelaci\u00f3n, estar\u00e1 preparado cuando presente la solicitud. Sobre usted Sus registros m\u00e9dicos&hellip;<\/p>\n","protected":false},"author":1,"featured_media":0,"parent":1638,"menu_order":4,"comment_status":"closed","ping_status":"closed","template":"","meta":{"footnotes":""},"class_list":["post-1849","page","type-page","status-publish","hentry"],"_links":{"self":[{"href":"https:\/\/rula.disabilityrightsca.org\/es\/wp-json\/wp\/v2\/pages\/1849","targetHints":{"allow":["GET"]}}],"collection":[{"href":"https:\/\/rula.disabilityrightsca.org\/es\/wp-json\/wp\/v2\/pages"}],"about":[{"href":"https:\/\/rula.disabilityrightsca.org\/es\/wp-json\/wp\/v2\/types\/page"}],"author":[{"embeddable":true,"href":"https:\/\/rula.disabilityrightsca.org\/es\/wp-json\/wp\/v2\/users\/1"}],"replies":[{"embeddable":true,"href":"https:\/\/rula.disabilityrightsca.org\/es\/wp-json\/wp\/v2\/comments?post=1849"}],"version-history":[{"count":5,"href":"https:\/\/rula.disabilityrightsca.org\/es\/wp-json\/wp\/v2\/pages\/1849\/revisions"}],"predecessor-version":[{"id":3965,"href":"https:\/\/rula.disabilityrightsca.org\/es\/wp-json\/wp\/v2\/pages\/1849\/revisions\/3965"}],"up":[{"embeddable":true,"href":"https:\/\/rula.disabilityrightsca.org\/es\/wp-json\/wp\/v2\/pages\/1638"}],"wp:attachment":[{"href":"https:\/\/rula.disabilityrightsca.org\/es\/wp-json\/wp\/v2\/media?parent=1849"}],"curies":[{"name":"wp","href":"https:\/\/api.w.org\/{rel}","templated":true}]}}