{"id":1845,"date":"2021-09-22T22:18:52","date_gmt":"2021-09-22T22:18:52","guid":{"rendered":"http:\/\/www.rula.disabilityrightsca.org\/es\/?page_id=1845"},"modified":"2023-12-06T00:18:38","modified_gmt":"2023-12-06T00:18:38","slug":"suplemento-c-servicios-y-apoyos-prestados-por-los-centros-regionales","status":"publish","type":"page","link":"https:\/\/rula.disabilityrightsca.org\/es\/suplementos\/suplemento-c-servicios-y-apoyos-prestados-por-los-centros-regionales\/","title":{"rendered":"Suplemento C: Servicios y apoyos prestados por los centros regionales"},"content":{"rendered":"\n<p>Los servicios y apoyos que prestan los centros regionales incluyen, entre otros, los que se enumeran a continuaci\u00f3n. Esta lista proviene de la secci\u00f3n 4512(b) de la Ley Lanterman. Si necesita un servicio que no est\u00e1 en esta lista, el equipo del IPP puede autorizarlo de todos modos.<\/p>\n\n\n\n<ul class=\"wp-block-list\">\n<li>Servicios de equipo de adaptaci\u00f3n<\/li>\n\n\n\n<li>Defensor\u00eda<\/li>\n\n\n\n<li>Asistencia o facilitaci\u00f3n para defensor\u00eda<\/li>\n\n\n\n<li>Evaluaci\u00f3n<\/li>\n\n\n\n<li>Asistencia para encontrar, modificar y mantener un hogar<\/li>\n\n\n\n<li>Modificaci\u00f3n del comportamiento<\/li>\n\n\n\n<li>Campamentos<\/li>\n\n\n\n<li>Cuidado de ni\u00f1os<\/li>\n\n\n\n<li>Servicios de integraci\u00f3n comunitaria<\/li>\n\n\n\n<li>Colocaci\u00f3n residencial en la comunidad<\/li>\n\n\n\n<li>Facilitaci\u00f3n de apoyo comunitario<\/li>\n\n\n\n<li>Asesoramiento para el consumidor<\/li>\n\n\n\n<li>Asesoramiento a la familia del consumidor<\/li>\n\n\n\n<li>Entrenamiento en habilidades para la vida diaria<\/li>\n\n\n\n<li>Guarder\u00eda\/Cuidado diurno<\/li>\n\n\n\n<li>Desarrollo y provisi\u00f3n de un sistema de respuesta de emergencia de 24 horas<\/li>\n\n\n\n<li>Desarrollo de apoyos naturales no remunerados<\/li>\n\n\n\n<li>Diagn\u00f3stico<\/li>\n\n\n\n<li>Pa\u00f1ales<\/li>\n\n\n\n<li>Cuidado domiciliario<\/li>\n\n\n\n<li>Educaci\u00f3n<\/li>\n\n\n\n<li>Intervenci\u00f3n de emergencia y crisis<\/li>\n\n\n\n<li>Alojamiento de emergencia<\/li>\n\n\n\n<li>Ayuda de emergencia para los asistentes personales<\/li>\n\n\n\n<li>Evaluaci\u00f3n<\/li>\n\n\n\n<li>C\u00edrculos de apoyo facilitados<\/li>\n\n\n\n<li>Facilitaci\u00f3n, incluida la divulgaci\u00f3n y la educaci\u00f3n<\/li>\n\n\n\n<li>Facilitaci\u00f3n con un facilitador de elecci\u00f3n del consumidor.<\/li>\n\n\n\n<li>Asistencia financiera<\/li>\n\n\n\n<li>Servicios de seguimiento<\/li>\n\n\n\n<li>Colocaci\u00f3n en una familia de acogida<\/li>\n\n\n\n<li>Habilitaci\u00f3n<\/li>\n\n\n\n<li>Asistencia para la localizaci\u00f3n del hogar<\/li>\n\n\n\n<li>Servicios de ayuda dom\u00e9stica<\/li>\n\n\n\n<li>Identificaci\u00f3n de c\u00edrculos de apoyo<\/li>\n\n\n\n<li>Programas de estimulaci\u00f3n infantil<\/li>\n\n\n\n<li>Servicios de informaci\u00f3n y derivaci\u00f3n<\/li>\n\n\n\n<li>Servicios de salud mental<\/li>\n\n\n\n<li>Terapia ocupacional<\/li>\n\n\n\n<li>Vecinos pagados<\/li>\n\n\n\n<li>Compa\u00f1eros de habitaci\u00f3n pagados<\/li>\n\n\n\n<li>Capacitaci\u00f3n para padres<\/li>\n\n\n\n<li>Compa\u00f1eros\/pares defensores<\/li>\n\n\n\n<li>Cuidado o asistencia personal<\/li>\n\n\n\n<li>Terapia f\u00edsica<\/li>\n\n\n\n<li>Protecci\u00f3n de los derechos civiles, de servicio y legales<\/li>\n\n\n\n<li>Servicios de protecci\u00f3n<\/li>\n\n\n\n<li>Provisi\u00f3n de c\u00edrculos de apoyo<\/li>\n\n\n\n<li>Recreaci\u00f3n<\/li>\n\n\n\n<li>Reclutamiento, contrataci\u00f3n y formaci\u00f3n de asistentes personales<\/li>\n\n\n\n<li>Relevo\/Descanso<\/li>\n\n\n\n<li>Relevo para los asistentes de cuidados personales<\/li>\n\n\n\n<li>Capacitaci\u00f3n sobre autodefensa<\/li>\n\n\n\n<li>Entrenamiento en sexualidad<\/li>\n\n\n\n<li>Empleo protegido<\/li>\n\n\n\n<li>Cuidados a corto plazo fuera del hogar<\/li>\n\n\n\n<li>Servicios sociales<\/li>\n\n\n\n<li>Entrenamiento de habilidades sociales<\/li>\n\n\n\n<li>Servicios sociojur\u00eddicos<\/li>\n\n\n\n<li>Situaciones especiales de vida<\/li>\n\n\n\n<li>Atenci\u00f3n dental especializada<\/li>\n\n\n\n<li>Atenci\u00f3n m\u00e9dica especializada<\/li>\n\n\n\n<li>Terapia del habla<\/li>\n\n\n\n<li>Servicios de apoyo a los consumidores en sus propios hogares o en los que alquilan<\/li>\n\n\n\n<li>Empleo con apoyo<\/li>\n\n\n\n<li>Alojamiento con apoyo<\/li>\n\n\n\n<li>Asistencia t\u00e9cnica<\/li>\n\n\n\n<li>Formaci\u00f3n<\/li>\n\n\n\n<li>Servicios de transporte<\/li>\n\n\n\n<li>Formaci\u00f3n en materia de viajes<\/li>\n\n\n\n<li>Tratamiento<\/li>\n\n\n\n<li>Servicios subvencionados<\/li>\n\n\n\n<li>Servicios y apoyos necesarios para que las familias mantengan a sus hijos con discapacidades del desarrollo en casa, cuando vivir en casa sea lo mejor para el ni\u00f1o.<\/li>\n\n\n\n<li>Servicios y apoyos necesarios para mantener y fortalecer la unidad familiar, cuando uno o ambos progenitores sean personas con discapacidades del desarrollo.<\/li>\n\n\n\n<li>Otros servicios y apoyos que le permitan una mayor autosuficiencia y una mayor rentabilidad para el Estado.<\/li>\n\n\n\n<li>Si est\u00e1 inscrito en la exenci\u00f3n por discapacidad del desarrollo de HCBS (exenci\u00f3n DD), es posible que pueda obtener otros servicios en el marco de esa exenci\u00f3n. Consulte el <a href=\"https:\/\/rula.disabilityrightsca.org\/es\/rula-book\/capitulo-11-la-exencion-por-discapacidad-del-desarrollo-de-medi-cal\/\">Cap\u00edtulo 11<\/a> para obtener m\u00e1s informaci\u00f3n.<\/li>\n<\/ul>\n","protected":false},"excerpt":{"rendered":"<p>Los servicios y apoyos que prestan los centros regionales incluyen, entre otros, los que se enumeran a continuaci\u00f3n. Esta lista proviene de la secci\u00f3n 4512(b)&hellip;<\/p>\n","protected":false},"author":1,"featured_media":0,"parent":1638,"menu_order":3,"comment_status":"closed","ping_status":"closed","template":"","meta":{"footnotes":""},"class_list":["post-1845","page","type-page","status-publish","hentry"],"_links":{"self":[{"href":"https:\/\/rula.disabilityrightsca.org\/es\/wp-json\/wp\/v2\/pages\/1845","targetHints":{"allow":["GET"]}}],"collection":[{"href":"https:\/\/rula.disabilityrightsca.org\/es\/wp-json\/wp\/v2\/pages"}],"about":[{"href":"https:\/\/rula.disabilityrightsca.org\/es\/wp-json\/wp\/v2\/types\/page"}],"author":[{"embeddable":true,"href":"https:\/\/rula.disabilityrightsca.org\/es\/wp-json\/wp\/v2\/users\/1"}],"replies":[{"embeddable":true,"href":"https:\/\/rula.disabilityrightsca.org\/es\/wp-json\/wp\/v2\/comments?post=1845"}],"version-history":[{"count":6,"href":"https:\/\/rula.disabilityrightsca.org\/es\/wp-json\/wp\/v2\/pages\/1845\/revisions"}],"predecessor-version":[{"id":3964,"href":"https:\/\/rula.disabilityrightsca.org\/es\/wp-json\/wp\/v2\/pages\/1845\/revisions\/3964"}],"up":[{"embeddable":true,"href":"https:\/\/rula.disabilityrightsca.org\/es\/wp-json\/wp\/v2\/pages\/1638"}],"wp:attachment":[{"href":"https:\/\/rula.disabilityrightsca.org\/es\/wp-json\/wp\/v2\/media?parent=1845"}],"curies":[{"name":"wp","href":"https:\/\/api.w.org\/{rel}","templated":true}]}}