{"id":1716,"date":"2021-09-03T16:09:30","date_gmt":"2021-09-03T16:09:30","guid":{"rendered":"http:\/\/www.rula.disabilityrightsca.org\/es\/?page_id=1716"},"modified":"2022-04-22T23:57:27","modified_gmt":"2022-04-22T23:57:27","slug":"8-22-what-can-my-ipp-team-do-if-the-court-sends-me-to-a-dc","status":"publish","type":"page","link":"https:\/\/rula.disabilityrightsca.org\/es\/rula-book\/capitulo-8-como-mantenerse-fuera-de-una-institucion\/8-22-what-can-my-ipp-team-do-if-the-court-sends-me-to-a-dc\/","title":{"rendered":"(8.22) \u00bfQu\u00e9 puede hacer mi equipo de IPP si la corte me env\u00eda a un DC?"},"content":{"rendered":"\n<p>El \u00fanico centro de desarrollo que a\u00fan est\u00e1 abierto es el Porterville Developmental Center (PDC). Es posible que el tribunal considere que necesita servicios que solo se ofrecen en PDC. El PDC tambi\u00e9n podr\u00eda ser un entorno menos restrictivo que la c\u00e1rcel o la prisi\u00f3n. Sin embargo, el centro regional a\u00fan debe participar, incluso si la corte quiere que usted vaya al PDC. Su equipo de IPP debe considerar por qu\u00e9 el tribunal tom\u00f3 esta decisi\u00f3n y comenzar a ayudarlo a abordar los temas que influyeron en el tribunal, para que pueda mudarse lo antes posible. Su equipo de IPP puede hablar con su abogado o con el tribunal sobre la ubicaci\u00f3n y los servicios que pueden brindarle.<\/p>\n\n\n\n<p>El tribunal se basa en gran medida en los informes de su DC y el centro regional para determinar si necesita permanecer en el DC. Su IPP tambi\u00e9n le brinda a la corte informaci\u00f3n valiosa sobre los apoyos que necesita, lo que le impide vivir en la comunidad y lo que necesita para regresar a la comunidad. A menudo, el problema es simplemente que la vivienda o los servicios y apoyos complementarios que necesita para vivir de manera segura en la comunidad no est\u00e1n disponibles. Una vez que el tribunal sepa lo que necesita, puede decidir si necesita vivir en un DC o c\u00f3mo satisfacer sus necesidades en el entorno menos restrictivo.<\/p>\n\n\n\n<p>Su abogado o defensor puede solicitar una orden que no especifique cu\u00e1nto tiempo tiene que estar en el DC. En su lugar, pueden solicitar una orden que diga que puede dejar el DC cuando los servicios que necesita para regresar a la comunidad est\u00e9n disponibles. Su abogado tambi\u00e9n puede pedirle al tribunal que controle el progreso del centro regional para encontrar o desarrollar los servicios y apoyos que necesita.<\/p>\n","protected":false},"excerpt":{"rendered":"<p>El \u00fanico centro de desarrollo que a\u00fan est\u00e1 abierto es el Porterville Developmental Center (PDC). Es posible que el tribunal considere que necesita servicios que&hellip;<\/p>\n","protected":false},"author":1,"featured_media":0,"parent":1650,"menu_order":22,"comment_status":"closed","ping_status":"closed","template":"","meta":{"footnotes":""},"class_list":["post-1716","page","type-page","status-publish","hentry"],"_links":{"self":[{"href":"https:\/\/rula.disabilityrightsca.org\/es\/wp-json\/wp\/v2\/pages\/1716","targetHints":{"allow":["GET"]}}],"collection":[{"href":"https:\/\/rula.disabilityrightsca.org\/es\/wp-json\/wp\/v2\/pages"}],"about":[{"href":"https:\/\/rula.disabilityrightsca.org\/es\/wp-json\/wp\/v2\/types\/page"}],"author":[{"embeddable":true,"href":"https:\/\/rula.disabilityrightsca.org\/es\/wp-json\/wp\/v2\/users\/1"}],"replies":[{"embeddable":true,"href":"https:\/\/rula.disabilityrightsca.org\/es\/wp-json\/wp\/v2\/comments?post=1716"}],"version-history":[{"count":4,"href":"https:\/\/rula.disabilityrightsca.org\/es\/wp-json\/wp\/v2\/pages\/1716\/revisions"}],"predecessor-version":[{"id":3270,"href":"https:\/\/rula.disabilityrightsca.org\/es\/wp-json\/wp\/v2\/pages\/1716\/revisions\/3270"}],"up":[{"embeddable":true,"href":"https:\/\/rula.disabilityrightsca.org\/es\/wp-json\/wp\/v2\/pages\/1650"}],"wp:attachment":[{"href":"https:\/\/rula.disabilityrightsca.org\/es\/wp-json\/wp\/v2\/media?parent=1716"}],"curies":[{"name":"wp","href":"https:\/\/api.w.org\/{rel}","templated":true}]}}