{"id":1712,"date":"2021-09-03T16:06:53","date_gmt":"2021-09-03T16:06:53","guid":{"rendered":"http:\/\/www.rula.disabilityrightsca.org\/es\/?page_id=1712"},"modified":"2023-12-05T18:41:06","modified_gmt":"2023-12-05T18:41:06","slug":"8-20-what-diversion-services-can-i-get","status":"publish","type":"page","link":"https:\/\/rula.disabilityrightsca.org\/es\/rula-book\/capitulo-8-como-mantenerse-fuera-de-una-institucion\/8-20-what-diversion-services-can-i-get\/","title":{"rendered":"(8.20)  \u00bfQu\u00e9 servicios de desviaci\u00f3n puedo obtener?"},"content":{"rendered":"\n<p>Los servicios de desviaci\u00f3n incluyen:<\/p>\n\n\n\n<ul class=\"wp-block-list\">\n<li>Diagn\u00f3stico, evaluaci\u00f3n y tratamiento.<\/li>\n\n\n\n<li>Cuidado personal, cuidado diurno, cuidado en el hogar y formas especiales de vivienda.<\/li>\n\n\n\n<li>Terapia f\u00edsica, ocupacional y del habla.<\/li>\n\n\n\n<li>Capacitaci\u00f3n, educaci\u00f3n y empleo protegido.<\/li>\n\n\n\n<li>Servicios de salud mental, recreaci\u00f3n y asesoramiento para usted y su familia.<\/li>\n<\/ul>\n\n\n\n<p>Otros servicios como servicios de protecci\u00f3n, servicios sociales y legales, servicios de informaci\u00f3n y derivaci\u00f3n, servicios de seguimiento y transporte. <span class=\"footnote_referrer\"><a role=\"button\" tabindex=\"0\" onclick=\"footnote_moveToReference_1712_1('footnote_plugin_reference_1712_1_1');\" onkeypress=\"footnote_moveToReference_1712_1('footnote_plugin_reference_1712_1_1');\" ><sup id=\"footnote_plugin_tooltip_1712_1_1\" class=\"footnote_plugin_tooltip_text\">[1]<\/sup><\/a><span id=\"footnote_plugin_tooltip_text_1712_1_1\" class=\"footnote_tooltip\">C\u00f3digo Penal, secci\u00f3n 1001.20(b)<\/span><\/span><script type=\"text\/javascript\"> jQuery('#footnote_plugin_tooltip_1712_1_1').tooltip({ tip: '#footnote_plugin_tooltip_text_1712_1_1', tipClass: 'footnote_tooltip', effect: 'fade', predelay: 0, fadeInSpeed: 200, delay: 400, fadeOutSpeed: 200, position: 'top center', relative: true, offset: [-7, 0], });<\/script><\/p>\n<div class=\"speaker-mute footnotes_reference_container\"> <div class=\"footnote_container_prepare\"><p><span role=\"button\" tabindex=\"0\" class=\"footnote_reference_container_label pointer\" onclick=\"footnote_expand_collapse_reference_container_1712_1();\">&#x202F;<\/span><span role=\"button\" tabindex=\"0\" class=\"footnote_reference_container_collapse_button\" style=\"display: none;\" onclick=\"footnote_expand_collapse_reference_container_1712_1();\">[<a id=\"footnote_reference_container_collapse_button_1712_1\">+<\/a>]<\/span><\/p><\/div> <div id=\"footnote_references_container_1712_1\" style=\"\"><table class=\"footnotes_table footnote-reference-container\"><caption class=\"accessibility\">References<\/caption> <tbody> \r\n\r\n<tr class=\"footnotes_plugin_reference_row\"> <th scope=\"row\" class=\"footnote_plugin_index_combi pointer\"  onclick=\"footnote_moveToAnchor_1712_1('footnote_plugin_tooltip_1712_1_1');\"><a id=\"footnote_plugin_reference_1712_1_1\" class=\"footnote_backlink\"><span class=\"footnote_index_arrow\">&#8593;<\/span>1<\/a><\/th> <td class=\"footnote_plugin_text\">C\u00f3digo Penal, secci\u00f3n 1001.20(b)<\/td><\/tr>\r\n\r\n <\/tbody> <\/table> <\/div><\/div><script type=\"text\/javascript\"> function footnote_expand_reference_container_1712_1() { jQuery('#footnote_references_container_1712_1').show(); jQuery('#footnote_reference_container_collapse_button_1712_1').text('\u2212'); } function footnote_collapse_reference_container_1712_1() { jQuery('#footnote_references_container_1712_1').hide(); jQuery('#footnote_reference_container_collapse_button_1712_1').text('+'); } function footnote_expand_collapse_reference_container_1712_1() { if (jQuery('#footnote_references_container_1712_1').is(':hidden')) { footnote_expand_reference_container_1712_1(); } else { footnote_collapse_reference_container_1712_1(); } } function footnote_moveToReference_1712_1(p_str_TargetID) { footnote_expand_reference_container_1712_1(); var l_obj_Target = jQuery('#' + p_str_TargetID); if (l_obj_Target.length) { jQuery( 'html, body' ).delay( 0 ); jQuery('html, body').animate({ scrollTop: l_obj_Target.offset().top - window.innerHeight * 0.2 }, 380); } } function footnote_moveToAnchor_1712_1(p_str_TargetID) { footnote_expand_reference_container_1712_1(); var l_obj_Target = jQuery('#' + p_str_TargetID); if (l_obj_Target.length) { jQuery( 'html, body' ).delay( 0 ); jQuery('html, body').animate({ scrollTop: l_obj_Target.offset().top - window.innerHeight * 0.2 }, 380); } }<\/script>","protected":false},"excerpt":{"rendered":"<p>Los servicios de desviaci\u00f3n incluyen: Otros servicios como servicios de protecci\u00f3n, servicios sociales y legales, servicios de informaci\u00f3n y derivaci\u00f3n, servicios de seguimiento y transporte.&hellip;<\/p>\n","protected":false},"author":1,"featured_media":0,"parent":1650,"menu_order":20,"comment_status":"closed","ping_status":"closed","template":"","meta":{"footnotes":""},"class_list":["post-1712","page","type-page","status-publish","hentry"],"_links":{"self":[{"href":"https:\/\/rula.disabilityrightsca.org\/es\/wp-json\/wp\/v2\/pages\/1712","targetHints":{"allow":["GET"]}}],"collection":[{"href":"https:\/\/rula.disabilityrightsca.org\/es\/wp-json\/wp\/v2\/pages"}],"about":[{"href":"https:\/\/rula.disabilityrightsca.org\/es\/wp-json\/wp\/v2\/types\/page"}],"author":[{"embeddable":true,"href":"https:\/\/rula.disabilityrightsca.org\/es\/wp-json\/wp\/v2\/users\/1"}],"replies":[{"embeddable":true,"href":"https:\/\/rula.disabilityrightsca.org\/es\/wp-json\/wp\/v2\/comments?post=1712"}],"version-history":[{"count":4,"href":"https:\/\/rula.disabilityrightsca.org\/es\/wp-json\/wp\/v2\/pages\/1712\/revisions"}],"predecessor-version":[{"id":3848,"href":"https:\/\/rula.disabilityrightsca.org\/es\/wp-json\/wp\/v2\/pages\/1712\/revisions\/3848"}],"up":[{"embeddable":true,"href":"https:\/\/rula.disabilityrightsca.org\/es\/wp-json\/wp\/v2\/pages\/1650"}],"wp:attachment":[{"href":"https:\/\/rula.disabilityrightsca.org\/es\/wp-json\/wp\/v2\/media?parent=1712"}],"curies":[{"name":"wp","href":"https:\/\/api.w.org\/{rel}","templated":true}]}}