{"id":1710,"date":"2021-09-03T16:05:05","date_gmt":"2021-09-03T16:05:05","guid":{"rendered":"http:\/\/www.rula.disabilityrightsca.org\/es\/?page_id=1710"},"modified":"2023-12-05T18:40:43","modified_gmt":"2023-12-05T18:40:43","slug":"8-19-what-is-diversion","status":"publish","type":"page","link":"https:\/\/rula.disabilityrightsca.org\/es\/rula-book\/capitulo-8-como-mantenerse-fuera-de-una-institucion\/8-19-what-is-diversion\/","title":{"rendered":"(8.19) \u00bfQu\u00e9 es la desviaci\u00f3n?"},"content":{"rendered":"\n<p>Si tiene una discapacidad del desarrollo y se le acusa de un delito, la corte puede permitirle recibir tratamiento y habilitaci\u00f3n en lugar de ir a la c\u00e1rcel.<span class=\"footnote_referrer\"><a role=\"button\" tabindex=\"0\" onclick=\"footnote_moveToReference_1710_1('footnote_plugin_reference_1710_1_1');\" onkeypress=\"footnote_moveToReference_1710_1('footnote_plugin_reference_1710_1_1');\" ><sup id=\"footnote_plugin_tooltip_1710_1_1\" class=\"footnote_plugin_tooltip_text\">[1]<\/sup><\/a><span id=\"footnote_plugin_tooltip_text_1710_1_1\" class=\"footnote_tooltip\">C\u00f3digo Penal, secci\u00f3n 1001.20 y siguientes<\/span><\/span><script type=\"text\/javascript\"> jQuery('#footnote_plugin_tooltip_1710_1_1').tooltip({ tip: '#footnote_plugin_tooltip_text_1710_1_1', tipClass: 'footnote_tooltip', effect: 'fade', predelay: 0, fadeInSpeed: 200, delay: 400, fadeOutSpeed: 200, position: 'top center', relative: true, offset: [-7, 0], });<\/script>\u00a0A esto se le llama desviaci\u00f3n.<\/p>\n\n\n\n<p>Su programa de desviaci\u00f3n puede durar hasta 2 a\u00f1os. Si finaliza el programa seg\u00fan las instrucciones, el tribunal desestima los cargos en su contra. De lo contrario, el tribunal puede restablecer los cargos.<\/p>\n\n\n\n<p>Usted califica para la desviaci\u00f3n si:<\/p>\n\n\n\n<ul class=\"wp-block-list\">\n<li>Su falta es un delito menor o mayor, pero no un delito grave.<\/li>\n\n\n\n<li>No ha estado en un programa de desviaci\u00f3n en los \u00faltimos dos a\u00f1os.<\/li>\n\n\n\n<li>Tiene una discapacidad del desarrollo<\/li>\n\n\n\n<li>Es un cliente del centro regional y es elegible para los servicios.<span class=\"footnote_referrer\"><a role=\"button\" tabindex=\"0\" onclick=\"footnote_moveToReference_1710_1('footnote_plugin_reference_1710_1_2');\" onkeypress=\"footnote_moveToReference_1710_1('footnote_plugin_reference_1710_1_2');\" ><sup id=\"footnote_plugin_tooltip_1710_1_2\" class=\"footnote_plugin_tooltip_text\">[2]<\/sup><\/a><span id=\"footnote_plugin_tooltip_text_1710_1_2\" class=\"footnote_tooltip\">C\u00f3digo Penal, secci\u00f3n 1001.21<\/span><\/span><script type=\"text\/javascript\"> jQuery('#footnote_plugin_tooltip_1710_1_2').tooltip({ tip: '#footnote_plugin_tooltip_text_1710_1_2', tipClass: 'footnote_tooltip', effect: 'fade', predelay: 0, fadeInSpeed: 200, delay: 400, fadeOutSpeed: 200, position: 'top center', relative: true, offset: [-7, 0], });<\/script><\/li>\n<\/ul>\n<div class=\"speaker-mute footnotes_reference_container\"> <div class=\"footnote_container_prepare\"><p><span role=\"button\" tabindex=\"0\" class=\"footnote_reference_container_label pointer\" onclick=\"footnote_expand_collapse_reference_container_1710_1();\">&#x202F;<\/span><span role=\"button\" tabindex=\"0\" class=\"footnote_reference_container_collapse_button\" style=\"display: none;\" onclick=\"footnote_expand_collapse_reference_container_1710_1();\">[<a id=\"footnote_reference_container_collapse_button_1710_1\">+<\/a>]<\/span><\/p><\/div> <div id=\"footnote_references_container_1710_1\" style=\"\"><table class=\"footnotes_table footnote-reference-container\"><caption class=\"accessibility\">References<\/caption> <tbody> \r\n\r\n<tr class=\"footnotes_plugin_reference_row\"> <th scope=\"row\" class=\"footnote_plugin_index_combi pointer\"  onclick=\"footnote_moveToAnchor_1710_1('footnote_plugin_tooltip_1710_1_1');\"><a id=\"footnote_plugin_reference_1710_1_1\" class=\"footnote_backlink\"><span class=\"footnote_index_arrow\">&#8593;<\/span>1<\/a><\/th> <td class=\"footnote_plugin_text\">C\u00f3digo Penal, secci\u00f3n 1001.20 y siguientes<\/td><\/tr>\r\n\r\n<tr class=\"footnotes_plugin_reference_row\"> <th scope=\"row\" class=\"footnote_plugin_index_combi pointer\"  onclick=\"footnote_moveToAnchor_1710_1('footnote_plugin_tooltip_1710_1_2');\"><a id=\"footnote_plugin_reference_1710_1_2\" class=\"footnote_backlink\"><span class=\"footnote_index_arrow\">&#8593;<\/span>2<\/a><\/th> <td class=\"footnote_plugin_text\">C\u00f3digo Penal, secci\u00f3n 1001.21<\/td><\/tr>\r\n\r\n <\/tbody> <\/table> <\/div><\/div><script type=\"text\/javascript\"> function footnote_expand_reference_container_1710_1() { jQuery('#footnote_references_container_1710_1').show(); jQuery('#footnote_reference_container_collapse_button_1710_1').text('\u2212'); } function footnote_collapse_reference_container_1710_1() { jQuery('#footnote_references_container_1710_1').hide(); jQuery('#footnote_reference_container_collapse_button_1710_1').text('+'); } function footnote_expand_collapse_reference_container_1710_1() { if (jQuery('#footnote_references_container_1710_1').is(':hidden')) { footnote_expand_reference_container_1710_1(); } else { footnote_collapse_reference_container_1710_1(); } } function footnote_moveToReference_1710_1(p_str_TargetID) { footnote_expand_reference_container_1710_1(); var l_obj_Target = jQuery('#' + p_str_TargetID); if (l_obj_Target.length) { jQuery( 'html, body' ).delay( 0 ); jQuery('html, body').animate({ scrollTop: l_obj_Target.offset().top - window.innerHeight * 0.2 }, 380); } } function footnote_moveToAnchor_1710_1(p_str_TargetID) { footnote_expand_reference_container_1710_1(); var l_obj_Target = jQuery('#' + p_str_TargetID); if (l_obj_Target.length) { jQuery( 'html, body' ).delay( 0 ); jQuery('html, body').animate({ scrollTop: l_obj_Target.offset().top - window.innerHeight * 0.2 }, 380); } }<\/script>","protected":false},"excerpt":{"rendered":"<p>Si tiene una discapacidad del desarrollo y se le acusa de un delito, la corte puede permitirle recibir tratamiento y habilitaci\u00f3n en lugar de ir&hellip;<\/p>\n","protected":false},"author":1,"featured_media":0,"parent":1650,"menu_order":19,"comment_status":"closed","ping_status":"closed","template":"","meta":{"footnotes":""},"class_list":["post-1710","page","type-page","status-publish","hentry"],"_links":{"self":[{"href":"https:\/\/rula.disabilityrightsca.org\/es\/wp-json\/wp\/v2\/pages\/1710","targetHints":{"allow":["GET"]}}],"collection":[{"href":"https:\/\/rula.disabilityrightsca.org\/es\/wp-json\/wp\/v2\/pages"}],"about":[{"href":"https:\/\/rula.disabilityrightsca.org\/es\/wp-json\/wp\/v2\/types\/page"}],"author":[{"embeddable":true,"href":"https:\/\/rula.disabilityrightsca.org\/es\/wp-json\/wp\/v2\/users\/1"}],"replies":[{"embeddable":true,"href":"https:\/\/rula.disabilityrightsca.org\/es\/wp-json\/wp\/v2\/comments?post=1710"}],"version-history":[{"count":6,"href":"https:\/\/rula.disabilityrightsca.org\/es\/wp-json\/wp\/v2\/pages\/1710\/revisions"}],"predecessor-version":[{"id":3847,"href":"https:\/\/rula.disabilityrightsca.org\/es\/wp-json\/wp\/v2\/pages\/1710\/revisions\/3847"}],"up":[{"embeddable":true,"href":"https:\/\/rula.disabilityrightsca.org\/es\/wp-json\/wp\/v2\/pages\/1650"}],"wp:attachment":[{"href":"https:\/\/rula.disabilityrightsca.org\/es\/wp-json\/wp\/v2\/media?parent=1710"}],"curies":[{"name":"wp","href":"https:\/\/api.w.org\/{rel}","templated":true}]}}