{"id":1708,"date":"2021-09-03T16:03:49","date_gmt":"2021-09-03T16:03:49","guid":{"rendered":"http:\/\/www.rula.disabilityrightsca.org\/es\/?page_id=1708"},"modified":"2023-12-05T18:39:00","modified_gmt":"2023-12-05T18:39:00","slug":"8-18-what-are-the-different-commitment-orders","status":"publish","type":"page","link":"https:\/\/rula.disabilityrightsca.org\/es\/rula-book\/capitulo-8-como-mantenerse-fuera-de-una-institucion\/8-18-what-are-the-different-commitment-orders\/","title":{"rendered":"(8.18) \u00bfCu\u00e1les son las diferentes \u00f3rdenes de internaci\u00f3n?"},"content":{"rendered":"\n<p>Las \u00f3rdenes de internaci\u00f3n m\u00e1s comunes son:<\/p>\n\n\n\n<ul class=\"wp-block-list\">\n<li><strong>C\u00f3digo de Bienestar e Instituciones, secci\u00f3n 6500:<\/strong>\u00a0Se utiliza para internar a las personas con discapacidad intelectual que se consideran peligrosas para ellos mismos o para los dem\u00e1s. El tribunal debe decidir cu\u00e1l es el entorno menos restrictivo para que viva la persona.<span class=\"footnote_referrer\"><a role=\"button\" tabindex=\"0\" onclick=\"footnote_moveToReference_1708_1('footnote_plugin_reference_1708_1_1');\" onkeypress=\"footnote_moveToReference_1708_1('footnote_plugin_reference_1708_1_1');\" ><sup id=\"footnote_plugin_tooltip_1708_1_1\" class=\"footnote_plugin_tooltip_text\">[1]<\/sup><\/a><span id=\"footnote_plugin_tooltip_text_1708_1_1\" class=\"footnote_tooltip\">C\u00f3digo de Bienestar e Instituciones, secci\u00f3n 6509<\/span><\/span><script type=\"text\/javascript\"> jQuery('#footnote_plugin_tooltip_1708_1_1').tooltip({ tip: '#footnote_plugin_tooltip_text_1708_1_1', tipClass: 'footnote_tooltip', effect: 'fade', predelay: 0, fadeInSpeed: 200, delay: 400, fadeOutSpeed: 200, position: 'top center', relative: true, offset: [-7, 0], });<\/script>.\u00a0El tribunal debe revisar la internaci\u00f3n todos los a\u00f1os.<\/li>\n\n\n\n<li><strong>C\u00f3digo Penal, secci\u00f3n 1370.1:<\/strong>\u00a0Esto se usa para personas que son &#8220;incompetentes para ser juzgadas&#8221; (IST) por cargos criminales debido a una discapacidad del desarrollo.<span class=\"footnote_referrer\"><a role=\"button\" tabindex=\"0\" onclick=\"footnote_moveToReference_1708_1('footnote_plugin_reference_1708_1_2');\" onkeypress=\"footnote_moveToReference_1708_1('footnote_plugin_reference_1708_1_2');\" ><sup id=\"footnote_plugin_tooltip_1708_1_2\" class=\"footnote_plugin_tooltip_text\">[2]<\/sup><\/a><span id=\"footnote_plugin_tooltip_text_1708_1_2\" class=\"footnote_tooltip\">Para obtener una descripci\u00f3n m\u00e1s detallada, consulte la publicaci\u00f3n de Disability Rights California sobre problemas legales de salud mental forense, que se encuentra aqu\u00ed:&nbsp;&#x2026; <span class=\"footnote_tooltip_continue\"  onclick=\"footnote_moveToReference_1708_1('footnote_plugin_reference_1708_1_2');\">Continue reading<\/span><\/span><\/span><script type=\"text\/javascript\"> jQuery('#footnote_plugin_tooltip_1708_1_2').tooltip({ tip: '#footnote_plugin_tooltip_text_1708_1_2', tipClass: 'footnote_tooltip', effect: 'fade', predelay: 0, fadeInSpeed: 200, delay: 400, fadeOutSpeed: 200, position: 'top center', relative: true, offset: [-7, 0], });<\/script> Tambi\u00e9n se le llama internaci\u00f3n forense. La internaci\u00f3n no puede durar m\u00e1s de 2 a\u00f1os.<\/li>\n\n\n\n<li><strong>C\u00f3digo Penal, secci\u00f3n 1026:<\/strong>&nbsp;Corresponde a las personas declaradas &#8220;no culpables por raz\u00f3n de locura&#8221; (NGI). Dura hasta que &#8220;se restablezca la cordura&#8221; o hasta que termine su condena.<\/li>\n<\/ul>\n\n\n\n<p>Aqu\u00ed no cubrimos los procedimientos complicados para las \u00f3rdenes de compromiso.<span class=\"footnote_referrer\"><a role=\"button\" tabindex=\"0\" onclick=\"footnote_moveToReference_1708_1('footnote_plugin_reference_1708_1_3');\" onkeypress=\"footnote_moveToReference_1708_1('footnote_plugin_reference_1708_1_3');\" ><sup id=\"footnote_plugin_tooltip_1708_1_3\" class=\"footnote_plugin_tooltip_text\">[3]<\/sup><\/a><span id=\"footnote_plugin_tooltip_text_1708_1_3\" class=\"footnote_tooltip\">Consulte la publicaci\u00f3n del DDS Procesos de admisi\u00f3n y reingreso a la comunidad en instalaciones residenciales estatales: Una gu\u00eda de requisitos legales, conclusiones judiciales (jurisprudencia) y&nbsp;&#x2026; <span class=\"footnote_tooltip_continue\"  onclick=\"footnote_moveToReference_1708_1('footnote_plugin_reference_1708_1_3');\">Continue reading<\/span><\/span><\/span><script type=\"text\/javascript\"> jQuery('#footnote_plugin_tooltip_1708_1_3').tooltip({ tip: '#footnote_plugin_tooltip_text_1708_1_3', tipClass: 'footnote_tooltip', effect: 'fade', predelay: 0, fadeInSpeed: 200, delay: 400, fadeOutSpeed: 200, position: 'top center', relative: true, offset: [-7, 0], });<\/script> Debe trabajar con su abogado, a menudo un defensor p\u00fablico, a quien se le asigna la tarea de proteger sus derechos.<\/p>\n<div class=\"speaker-mute footnotes_reference_container\"> <div class=\"footnote_container_prepare\"><p><span role=\"button\" tabindex=\"0\" class=\"footnote_reference_container_label pointer\" onclick=\"footnote_expand_collapse_reference_container_1708_1();\">&#x202F;<\/span><span role=\"button\" tabindex=\"0\" class=\"footnote_reference_container_collapse_button\" style=\"display: none;\" onclick=\"footnote_expand_collapse_reference_container_1708_1();\">[<a id=\"footnote_reference_container_collapse_button_1708_1\">+<\/a>]<\/span><\/p><\/div> <div id=\"footnote_references_container_1708_1\" style=\"\"><table class=\"footnotes_table footnote-reference-container\"><caption class=\"accessibility\">References<\/caption> <tbody> \r\n\r\n<tr class=\"footnotes_plugin_reference_row\"> <th scope=\"row\" class=\"footnote_plugin_index_combi pointer\"  onclick=\"footnote_moveToAnchor_1708_1('footnote_plugin_tooltip_1708_1_1');\"><a id=\"footnote_plugin_reference_1708_1_1\" class=\"footnote_backlink\"><span class=\"footnote_index_arrow\">&#8593;<\/span>1<\/a><\/th> <td class=\"footnote_plugin_text\">C\u00f3digo de Bienestar e Instituciones, secci\u00f3n 6509<\/td><\/tr>\r\n\r\n<tr class=\"footnotes_plugin_reference_row\"> <th scope=\"row\" class=\"footnote_plugin_index_combi pointer\"  onclick=\"footnote_moveToAnchor_1708_1('footnote_plugin_tooltip_1708_1_2');\"><a id=\"footnote_plugin_reference_1708_1_2\" class=\"footnote_backlink\"><span class=\"footnote_index_arrow\">&#8593;<\/span>2<\/a><\/th> <td class=\"footnote_plugin_text\">Para obtener una descripci\u00f3n m\u00e1s detallada, consulte la publicaci\u00f3n de Disability Rights California sobre problemas legales de salud mental forense, que se encuentra aqu\u00ed: <a href=\"https:\/\/www.disabilityrightsca.org\/publications\/forensic-mental-health-legal-issues\" target=\"_blank\" rel=\"noreferrer noopener\"><span class=\"footnote_url_wrap\">https:\/\/www.disabilityrightsca.org\/publications\/forensic-mental-health-legal-issues<\/span><\/a><\/td><\/tr>\r\n\r\n<tr class=\"footnotes_plugin_reference_row\"> <th scope=\"row\" class=\"footnote_plugin_index_combi pointer\"  onclick=\"footnote_moveToAnchor_1708_1('footnote_plugin_tooltip_1708_1_3');\"><a id=\"footnote_plugin_reference_1708_1_3\" class=\"footnote_backlink\"><span class=\"footnote_index_arrow\">&#8593;<\/span>3<\/a><\/th> <td class=\"footnote_plugin_text\">Consulte la publicaci\u00f3n del DDS <em>Procesos de admisi\u00f3n y reingreso a la comunidad en instalaciones residenciales estatales: Una gu\u00eda de requisitos legales, conclusiones judiciales (jurisprudencia) y procedimientos administrativos en California.<\/em> Puede encontrarlo en l\u00ednea en: www.dds.ca.gov\/wp-content\/uploads\/2019\/03\/CC_CommReEntry_20190318-1.pdf<\/td><\/tr>\r\n\r\n <\/tbody> <\/table> <\/div><\/div><script type=\"text\/javascript\"> function footnote_expand_reference_container_1708_1() { jQuery('#footnote_references_container_1708_1').show(); jQuery('#footnote_reference_container_collapse_button_1708_1').text('\u2212'); } function footnote_collapse_reference_container_1708_1() { jQuery('#footnote_references_container_1708_1').hide(); jQuery('#footnote_reference_container_collapse_button_1708_1').text('+'); } function footnote_expand_collapse_reference_container_1708_1() { if (jQuery('#footnote_references_container_1708_1').is(':hidden')) { footnote_expand_reference_container_1708_1(); } else { footnote_collapse_reference_container_1708_1(); } } function footnote_moveToReference_1708_1(p_str_TargetID) { footnote_expand_reference_container_1708_1(); var l_obj_Target = jQuery('#' + p_str_TargetID); if (l_obj_Target.length) { jQuery( 'html, body' ).delay( 0 ); jQuery('html, body').animate({ scrollTop: l_obj_Target.offset().top - window.innerHeight * 0.2 }, 380); } } function footnote_moveToAnchor_1708_1(p_str_TargetID) { footnote_expand_reference_container_1708_1(); var l_obj_Target = jQuery('#' + p_str_TargetID); if (l_obj_Target.length) { jQuery( 'html, body' ).delay( 0 ); jQuery('html, body').animate({ scrollTop: l_obj_Target.offset().top - window.innerHeight * 0.2 }, 380); } }<\/script>","protected":false},"excerpt":{"rendered":"<p>Las \u00f3rdenes de internaci\u00f3n m\u00e1s comunes son: Aqu\u00ed no cubrimos los procedimientos complicados para las \u00f3rdenes de compromiso.[1]Consulte la publicaci\u00f3n del DDS Procesos de admisi\u00f3n&hellip;<\/p>\n","protected":false},"author":1,"featured_media":0,"parent":1650,"menu_order":18,"comment_status":"closed","ping_status":"closed","template":"","meta":{"footnotes":""},"class_list":["post-1708","page","type-page","status-publish","hentry"],"_links":{"self":[{"href":"https:\/\/rula.disabilityrightsca.org\/es\/wp-json\/wp\/v2\/pages\/1708","targetHints":{"allow":["GET"]}}],"collection":[{"href":"https:\/\/rula.disabilityrightsca.org\/es\/wp-json\/wp\/v2\/pages"}],"about":[{"href":"https:\/\/rula.disabilityrightsca.org\/es\/wp-json\/wp\/v2\/types\/page"}],"author":[{"embeddable":true,"href":"https:\/\/rula.disabilityrightsca.org\/es\/wp-json\/wp\/v2\/users\/1"}],"replies":[{"embeddable":true,"href":"https:\/\/rula.disabilityrightsca.org\/es\/wp-json\/wp\/v2\/comments?post=1708"}],"version-history":[{"count":5,"href":"https:\/\/rula.disabilityrightsca.org\/es\/wp-json\/wp\/v2\/pages\/1708\/revisions"}],"predecessor-version":[{"id":3844,"href":"https:\/\/rula.disabilityrightsca.org\/es\/wp-json\/wp\/v2\/pages\/1708\/revisions\/3844"}],"up":[{"embeddable":true,"href":"https:\/\/rula.disabilityrightsca.org\/es\/wp-json\/wp\/v2\/pages\/1650"}],"wp:attachment":[{"href":"https:\/\/rula.disabilityrightsca.org\/es\/wp-json\/wp\/v2\/media?parent=1708"}],"curies":[{"name":"wp","href":"https:\/\/api.w.org\/{rel}","templated":true}]}}