{"id":1704,"date":"2021-09-03T16:00:58","date_gmt":"2021-09-03T16:00:58","guid":{"rendered":"http:\/\/www.rula.disabilityrightsca.org\/es\/?page_id=1704"},"modified":"2022-04-22T22:41:57","modified_gmt":"2022-04-22T22:41:57","slug":"8-16-estoy-listo-para-abandonar-el-centro-de-desarrollo","status":"publish","type":"page","link":"https:\/\/rula.disabilityrightsca.org\/es\/rula-book\/capitulo-8-como-mantenerse-fuera-de-una-institucion\/8-16-estoy-listo-para-abandonar-el-centro-de-desarrollo\/","title":{"rendered":"(8.16) \u00bfEstoy listo para abandonar el centro de desarrollo?"},"content":{"rendered":"\n<p><em>Esta es una pregunta capciosa. <\/em>No importa si est\u00e1 <em>listo<\/em> o si los servicios que necesita est\u00e1n disponibles actualmente. Lo que importa es que usted tiene <em>derecho<\/em> a obtener los servicios y apoyos que necesita y desea, y a vivir en un entorno comunitario integrado tanto como sea posible.<\/p>\n\n\n\n<p>Si vive en el DC Porterville o en Canyon Springs, su equipo de IPP no debe preguntarle si est\u00e1 <em>listo.<\/em> Ellos deber\u00edan preguntar:<\/p>\n\n\n\n<ul class=\"wp-block-list\"><li>\u00bfQu\u00e9 servicios y apoyos satisfar\u00e1n sus necesidades y deseos en un entorno comunitario y le permitir\u00e1n participar en actividades comunitarias?<\/li><li>\u00bfQu\u00e9 le impide vivir en la comunidad ahora?<\/li><li>\u00bfQu\u00e9 pasos debemos tomar para permitirle vivir en la comunidad?<\/li><li>\u00bfQu\u00e9 servicios y apoyos debemos encontrar o desarrollar para que pueda vivir en la comunidad de manera segura y apropiada?<\/li><\/ul>\n","protected":false},"excerpt":{"rendered":"<p>Esta es una pregunta capciosa. No importa si est\u00e1 listo o si los servicios que necesita est\u00e1n disponibles actualmente. Lo que importa es que usted&hellip;<\/p>\n","protected":false},"author":1,"featured_media":0,"parent":1650,"menu_order":16,"comment_status":"closed","ping_status":"closed","template":"","meta":{"footnotes":""},"class_list":["post-1704","page","type-page","status-publish","hentry"],"_links":{"self":[{"href":"https:\/\/rula.disabilityrightsca.org\/es\/wp-json\/wp\/v2\/pages\/1704","targetHints":{"allow":["GET"]}}],"collection":[{"href":"https:\/\/rula.disabilityrightsca.org\/es\/wp-json\/wp\/v2\/pages"}],"about":[{"href":"https:\/\/rula.disabilityrightsca.org\/es\/wp-json\/wp\/v2\/types\/page"}],"author":[{"embeddable":true,"href":"https:\/\/rula.disabilityrightsca.org\/es\/wp-json\/wp\/v2\/users\/1"}],"replies":[{"embeddable":true,"href":"https:\/\/rula.disabilityrightsca.org\/es\/wp-json\/wp\/v2\/comments?post=1704"}],"version-history":[{"count":2,"href":"https:\/\/rula.disabilityrightsca.org\/es\/wp-json\/wp\/v2\/pages\/1704\/revisions"}],"predecessor-version":[{"id":2950,"href":"https:\/\/rula.disabilityrightsca.org\/es\/wp-json\/wp\/v2\/pages\/1704\/revisions\/2950"}],"up":[{"embeddable":true,"href":"https:\/\/rula.disabilityrightsca.org\/es\/wp-json\/wp\/v2\/pages\/1650"}],"wp:attachment":[{"href":"https:\/\/rula.disabilityrightsca.org\/es\/wp-json\/wp\/v2\/media?parent=1704"}],"curies":[{"name":"wp","href":"https:\/\/api.w.org\/{rel}","templated":true}]}}