{"id":1702,"date":"2021-09-03T16:00:06","date_gmt":"2021-09-03T16:00:06","guid":{"rendered":"http:\/\/www.rula.disabilityrightsca.org\/es\/?page_id=1702"},"modified":"2022-04-22T22:41:34","modified_gmt":"2022-04-22T22:41:34","slug":"8-15-puedo-mudarme-de-un-centro-de-desarrollo-si-no-estoy-en-el-cpp","status":"publish","type":"page","link":"https:\/\/rula.disabilityrightsca.org\/es\/rula-book\/capitulo-8-como-mantenerse-fuera-de-una-institucion\/8-15-puedo-mudarme-de-un-centro-de-desarrollo-si-no-estoy-en-el-cpp\/","title":{"rendered":"(8.15) \u00bfPuedo mudarme de un centro de desarrollo si no estoy en el CPP?"},"content":{"rendered":"\n<p>S\u00ed. Usted contin\u00faa teniendo los derechos de la Ley Lanterman, incluido el derecho a evaluaciones, planificaci\u00f3n centrada en la persona y a vivir en el entorno menos restrictivo y m\u00e1s integrado.<\/p>\n\n\n\n<p>Si no est\u00e1 en la lista del CPP, su centro regional no obtendr\u00e1 fondos adicionales para ayudarlo a mudarse a un entorno comunitario. Sin embargo, usted tiene derecho a obtener los servicios y apoyos enumerados en su IPP que le permitir\u00edan vivir en el entorno m\u00e1s integrado posible. Tambi\u00e9n puede obtener los servicios que necesita para mudarse de un DC o para evitar que lo ubiquen en un DC. A veces, es posible que tenga que ir a la corte para hacer cumplir su derecho a no vivir en un DC.<\/p>\n","protected":false},"excerpt":{"rendered":"<p>S\u00ed. Usted contin\u00faa teniendo los derechos de la Ley Lanterman, incluido el derecho a evaluaciones, planificaci\u00f3n centrada en la persona y a vivir en el&hellip;<\/p>\n","protected":false},"author":1,"featured_media":0,"parent":1650,"menu_order":15,"comment_status":"closed","ping_status":"closed","template":"","meta":{"footnotes":""},"class_list":["post-1702","page","type-page","status-publish","hentry"],"_links":{"self":[{"href":"https:\/\/rula.disabilityrightsca.org\/es\/wp-json\/wp\/v2\/pages\/1702","targetHints":{"allow":["GET"]}}],"collection":[{"href":"https:\/\/rula.disabilityrightsca.org\/es\/wp-json\/wp\/v2\/pages"}],"about":[{"href":"https:\/\/rula.disabilityrightsca.org\/es\/wp-json\/wp\/v2\/types\/page"}],"author":[{"embeddable":true,"href":"https:\/\/rula.disabilityrightsca.org\/es\/wp-json\/wp\/v2\/users\/1"}],"replies":[{"embeddable":true,"href":"https:\/\/rula.disabilityrightsca.org\/es\/wp-json\/wp\/v2\/comments?post=1702"}],"version-history":[{"count":2,"href":"https:\/\/rula.disabilityrightsca.org\/es\/wp-json\/wp\/v2\/pages\/1702\/revisions"}],"predecessor-version":[{"id":2949,"href":"https:\/\/rula.disabilityrightsca.org\/es\/wp-json\/wp\/v2\/pages\/1702\/revisions\/2949"}],"up":[{"embeddable":true,"href":"https:\/\/rula.disabilityrightsca.org\/es\/wp-json\/wp\/v2\/pages\/1650"}],"wp:attachment":[{"href":"https:\/\/rula.disabilityrightsca.org\/es\/wp-json\/wp\/v2\/media?parent=1702"}],"curies":[{"name":"wp","href":"https:\/\/api.w.org\/{rel}","templated":true}]}}