{"id":1700,"date":"2021-09-03T00:02:24","date_gmt":"2021-09-03T00:02:24","guid":{"rendered":"http:\/\/www.rula.disabilityrightsca.org\/es\/?page_id=1700"},"modified":"2023-12-05T18:36:54","modified_gmt":"2023-12-05T18:36:54","slug":"8-14-que-es-el-plan-de-ubicacion-comunitaria-cpp","status":"publish","type":"page","link":"https:\/\/rula.disabilityrightsca.org\/es\/rula-book\/capitulo-8-como-mantenerse-fuera-de-una-institucion\/8-14-que-es-el-plan-de-ubicacion-comunitaria-cpp\/","title":{"rendered":"(8.14) \u00bfQu\u00e9 es el Plan de Ubicaci\u00f3n Comunitaria (CPP)?"},"content":{"rendered":"\n<p>El Plan de Ubicaci\u00f3n Comunitaria (CPP) incluye mucha informaci\u00f3n sobre los esfuerzos de los centros regionales y del estado para servir a las personas en la comunidad. El CPP incluye informaci\u00f3n sobre:<\/p>\n\n\n\n<ul class=\"wp-block-list\">\n<li>La cantidad de personas que ingresaron a un DC y los motivos.<\/li>\n\n\n\n<li>La cantidad de personas que recibieron evaluaciones de RRDP y sus resultados, si los servicios y apoyos comunitarios lograron ayudar a las personas a permanecer en la comunidad, y las necesidades insatisfechas de las personas que ingresaron a un DC.<\/li>\n\n\n\n<li>Los avances en el desarrollo de servicios especializados a nivel estatal, incluyendo opciones comunitarias para crisis.<span class=\"footnote_referrer\"><a role=\"button\" tabindex=\"0\" onclick=\"footnote_moveToReference_1700_1('footnote_plugin_reference_1700_1_1');\" onkeypress=\"footnote_moveToReference_1700_1('footnote_plugin_reference_1700_1_1');\" ><sup id=\"footnote_plugin_tooltip_1700_1_1\" class=\"footnote_plugin_tooltip_text\">[1]<\/sup><\/a><span id=\"footnote_plugin_tooltip_text_1700_1_1\" class=\"footnote_tooltip\">Secci\u00f3n 4418.25<\/span><\/span><script type=\"text\/javascript\"> jQuery('#footnote_plugin_tooltip_1700_1_1').tooltip({ tip: '#footnote_plugin_tooltip_text_1700_1_1', tipClass: 'footnote_tooltip', effect: 'fade', predelay: 0, fadeInSpeed: 200, delay: 400, fadeOutSpeed: 200, position: 'top center', relative: true, offset: [-7, 0], });<\/script><\/li>\n<\/ul>\n\n\n\n<p>Cada a\u00f1o, los centros regionales obtienen fondos adicionales para realizar evaluaciones, planificar programas y proporcionar recursos, servicios y apoyos para ayudar a las personas a vivir en la comunidad.<span class=\"footnote_referrer\"><a role=\"button\" tabindex=\"0\" onclick=\"footnote_moveToReference_1700_1('footnote_plugin_reference_1700_1_2');\" onkeypress=\"footnote_moveToReference_1700_1('footnote_plugin_reference_1700_1_2');\" ><sup id=\"footnote_plugin_tooltip_1700_1_2\" class=\"footnote_plugin_tooltip_text\">[2]<\/sup><\/a><span id=\"footnote_plugin_tooltip_text_1700_1_2\" class=\"footnote_tooltip\">Secciones 4418.25 y 4679<\/span><\/span><script type=\"text\/javascript\"> jQuery('#footnote_plugin_tooltip_1700_1_2').tooltip({ tip: '#footnote_plugin_tooltip_text_1700_1_2', tipClass: 'footnote_tooltip', effect: 'fade', predelay: 0, fadeInSpeed: 200, delay: 400, fadeOutSpeed: 200, position: 'top center', relative: true, offset: [-7, 0], });<\/script> Los centros regionales deciden cu\u00e1ntas personas incluir en el CPP cada a\u00f1o. Para saber qu\u00e9 tan bien se desempe\u00f1a su centro regional en el CPP, comun\u00edquese con el DDS.<span class=\"footnote_referrer\"><a role=\"button\" tabindex=\"0\" onclick=\"footnote_moveToReference_1700_1('footnote_plugin_reference_1700_1_3');\" onkeypress=\"footnote_moveToReference_1700_1('footnote_plugin_reference_1700_1_3');\" ><sup id=\"footnote_plugin_tooltip_1700_1_3\" class=\"footnote_plugin_tooltip_text\">[3]<\/sup><\/a><span id=\"footnote_plugin_tooltip_text_1700_1_3\" class=\"footnote_tooltip\">Secci\u00f3n 4418.25(c) y (d)<\/span><\/span><script type=\"text\/javascript\"> jQuery('#footnote_plugin_tooltip_1700_1_3').tooltip({ tip: '#footnote_plugin_tooltip_text_1700_1_3', tipClass: 'footnote_tooltip', effect: 'fade', predelay: 0, fadeInSpeed: 200, delay: 400, fadeOutSpeed: 200, position: 'top center', relative: true, offset: [-7, 0], });<\/script><\/p>\n<div class=\"speaker-mute footnotes_reference_container\"> <div class=\"footnote_container_prepare\"><p><span role=\"button\" tabindex=\"0\" class=\"footnote_reference_container_label pointer\" onclick=\"footnote_expand_collapse_reference_container_1700_1();\">&#x202F;<\/span><span role=\"button\" tabindex=\"0\" class=\"footnote_reference_container_collapse_button\" style=\"display: none;\" onclick=\"footnote_expand_collapse_reference_container_1700_1();\">[<a id=\"footnote_reference_container_collapse_button_1700_1\">+<\/a>]<\/span><\/p><\/div> <div id=\"footnote_references_container_1700_1\" style=\"\"><table class=\"footnotes_table footnote-reference-container\"><caption class=\"accessibility\">References<\/caption> <tbody> \r\n\r\n<tr class=\"footnotes_plugin_reference_row\"> <th scope=\"row\" class=\"footnote_plugin_index_combi pointer\"  onclick=\"footnote_moveToAnchor_1700_1('footnote_plugin_tooltip_1700_1_1');\"><a id=\"footnote_plugin_reference_1700_1_1\" class=\"footnote_backlink\"><span class=\"footnote_index_arrow\">&#8593;<\/span>1<\/a><\/th> <td class=\"footnote_plugin_text\">Secci\u00f3n 4418.25<\/td><\/tr>\r\n\r\n<tr class=\"footnotes_plugin_reference_row\"> <th scope=\"row\" class=\"footnote_plugin_index_combi pointer\"  onclick=\"footnote_moveToAnchor_1700_1('footnote_plugin_tooltip_1700_1_2');\"><a id=\"footnote_plugin_reference_1700_1_2\" class=\"footnote_backlink\"><span class=\"footnote_index_arrow\">&#8593;<\/span>2<\/a><\/th> <td class=\"footnote_plugin_text\">Secciones 4418.25 y 4679<\/td><\/tr>\r\n\r\n<tr class=\"footnotes_plugin_reference_row\"> <th scope=\"row\" class=\"footnote_plugin_index_combi pointer\"  onclick=\"footnote_moveToAnchor_1700_1('footnote_plugin_tooltip_1700_1_3');\"><a id=\"footnote_plugin_reference_1700_1_3\" class=\"footnote_backlink\"><span class=\"footnote_index_arrow\">&#8593;<\/span>3<\/a><\/th> <td class=\"footnote_plugin_text\">Secci\u00f3n 4418.25(c) y (d)<\/td><\/tr>\r\n\r\n <\/tbody> <\/table> <\/div><\/div><script type=\"text\/javascript\"> function footnote_expand_reference_container_1700_1() { jQuery('#footnote_references_container_1700_1').show(); jQuery('#footnote_reference_container_collapse_button_1700_1').text('\u2212'); } function footnote_collapse_reference_container_1700_1() { jQuery('#footnote_references_container_1700_1').hide(); jQuery('#footnote_reference_container_collapse_button_1700_1').text('+'); } function footnote_expand_collapse_reference_container_1700_1() { if (jQuery('#footnote_references_container_1700_1').is(':hidden')) { footnote_expand_reference_container_1700_1(); } else { footnote_collapse_reference_container_1700_1(); } } function footnote_moveToReference_1700_1(p_str_TargetID) { footnote_expand_reference_container_1700_1(); var l_obj_Target = jQuery('#' + p_str_TargetID); if (l_obj_Target.length) { jQuery( 'html, body' ).delay( 0 ); jQuery('html, body').animate({ scrollTop: l_obj_Target.offset().top - window.innerHeight * 0.2 }, 380); } } function footnote_moveToAnchor_1700_1(p_str_TargetID) { footnote_expand_reference_container_1700_1(); var l_obj_Target = jQuery('#' + p_str_TargetID); if (l_obj_Target.length) { jQuery( 'html, body' ).delay( 0 ); jQuery('html, body').animate({ scrollTop: l_obj_Target.offset().top - window.innerHeight * 0.2 }, 380); } }<\/script>","protected":false},"excerpt":{"rendered":"<p>El Plan de Ubicaci\u00f3n Comunitaria (CPP) incluye mucha informaci\u00f3n sobre los esfuerzos de los centros regionales y del estado para servir a las personas en&hellip;<\/p>\n","protected":false},"author":1,"featured_media":0,"parent":1650,"menu_order":14,"comment_status":"closed","ping_status":"closed","template":"","meta":{"footnotes":""},"class_list":["post-1700","page","type-page","status-publish","hentry"],"_links":{"self":[{"href":"https:\/\/rula.disabilityrightsca.org\/es\/wp-json\/wp\/v2\/pages\/1700","targetHints":{"allow":["GET"]}}],"collection":[{"href":"https:\/\/rula.disabilityrightsca.org\/es\/wp-json\/wp\/v2\/pages"}],"about":[{"href":"https:\/\/rula.disabilityrightsca.org\/es\/wp-json\/wp\/v2\/types\/page"}],"author":[{"embeddable":true,"href":"https:\/\/rula.disabilityrightsca.org\/es\/wp-json\/wp\/v2\/users\/1"}],"replies":[{"embeddable":true,"href":"https:\/\/rula.disabilityrightsca.org\/es\/wp-json\/wp\/v2\/comments?post=1700"}],"version-history":[{"count":4,"href":"https:\/\/rula.disabilityrightsca.org\/es\/wp-json\/wp\/v2\/pages\/1700\/revisions"}],"predecessor-version":[{"id":3842,"href":"https:\/\/rula.disabilityrightsca.org\/es\/wp-json\/wp\/v2\/pages\/1700\/revisions\/3842"}],"up":[{"embeddable":true,"href":"https:\/\/rula.disabilityrightsca.org\/es\/wp-json\/wp\/v2\/pages\/1650"}],"wp:attachment":[{"href":"https:\/\/rula.disabilityrightsca.org\/es\/wp-json\/wp\/v2\/media?parent=1700"}],"curies":[{"name":"wp","href":"https:\/\/api.w.org\/{rel}","templated":true}]}}