{"id":1694,"date":"2021-09-02T23:35:47","date_gmt":"2021-09-02T23:35:47","guid":{"rendered":"http:\/\/www.rula.disabilityrightsca.org\/es\/?page_id=1694"},"modified":"2023-12-05T18:32:39","modified_gmt":"2023-12-05T18:32:39","slug":"8-11-que-es-la-deflexion","status":"publish","type":"page","link":"https:\/\/rula.disabilityrightsca.org\/es\/rula-book\/capitulo-8-como-mantenerse-fuera-de-una-institucion\/8-11-que-es-la-deflexion\/","title":{"rendered":"(8.11) \u00bfQu\u00e9 es la deflexi\u00f3n?"},"content":{"rendered":"\n<p>La deflexi\u00f3n es el proceso de identificar y establecer los servicios y apoyos que usted necesita para permanecer fuera de una instituci\u00f3n. Existen leyes especiales sobre la deflexi\u00f3n para que las personas con discapacidades del desarrollo no sean ubicadas en un centro de desarrollo.<span class=\"footnote_referrer\"><a role=\"button\" tabindex=\"0\" onclick=\"footnote_moveToReference_1694_1('footnote_plugin_reference_1694_1_1');\" onkeypress=\"footnote_moveToReference_1694_1('footnote_plugin_reference_1694_1_1');\" ><sup id=\"footnote_plugin_tooltip_1694_1_1\" class=\"footnote_plugin_tooltip_text\">[1]<\/sup><\/a><span id=\"footnote_plugin_tooltip_text_1694_1_1\" class=\"footnote_tooltip\">Secciones 4418.7(a)-(c) y 4418.25(c)<\/span><\/span><script type=\"text\/javascript\"> jQuery('#footnote_plugin_tooltip_1694_1_1').tooltip({ tip: '#footnote_plugin_tooltip_text_1694_1_1', tipClass: 'footnote_tooltip', effect: 'fade', predelay: 0, fadeInSpeed: 200, delay: 400, fadeOutSpeed: 200, position: 'top center', relative: true, offset: [-7, 0], });<\/script>\u00a0Los servicios de deflexi\u00f3n pueden mantenerlo fuera de una instituci\u00f3n para:<\/p>\n\n\n\n<ul class=\"wp-block-list\">\n<li>Ayudarlo a permanecer en su ubicaci\u00f3n actual. Por ejemplo, podr\u00eda obtener servicios de salud mental y servicios de intervenci\u00f3n conductual para mantenerlo en su forma de vivienda si est\u00e1 atravesando una crisis.<\/li>\n\n\n\n<li>Ayudarlo a encontrar una ubicaci\u00f3n diferente si no puede permanecer en su ubicaci\u00f3n actual.<\/li>\n\n\n\n<li>En el caso de los ni\u00f1os, es posible que el centro regional deba probar formas nuevas y creativas de satisfacer las necesidades de su familia y mantenerla unida.<span class=\"footnote_referrer\"><a role=\"button\" tabindex=\"0\" onclick=\"footnote_moveToReference_1694_1('footnote_plugin_reference_1694_1_2');\" onkeypress=\"footnote_moveToReference_1694_1('footnote_plugin_reference_1694_1_2');\" ><sup id=\"footnote_plugin_tooltip_1694_1_2\" class=\"footnote_plugin_tooltip_text\">[2]<\/sup><\/a><span id=\"footnote_plugin_tooltip_text_1694_1_2\" class=\"footnote_tooltip\">Secci\u00f3n 4685(c)(2)<\/span><\/span><script type=\"text\/javascript\"> jQuery('#footnote_plugin_tooltip_1694_1_2').tooltip({ tip: '#footnote_plugin_tooltip_text_1694_1_2', tipClass: 'footnote_tooltip', effect: 'fade', predelay: 0, fadeInSpeed: 200, delay: 400, fadeOutSpeed: 200, position: 'top center', relative: true, offset: [-7, 0], });<\/script><\/li>\n<\/ul>\n\n\n\n<p>La deflexi\u00f3n a veces significa que usted necesita m\u00e1s servicios. Estos se denominan servicios suplementarios. Por ejemplo, su equipo de IPP puede estar de acuerdo en que necesita m\u00e1s personal de apoyo.<span class=\"footnote_referrer\"><a role=\"button\" tabindex=\"0\" onclick=\"footnote_moveToReference_1694_1('footnote_plugin_reference_1694_1_3');\" onkeypress=\"footnote_moveToReference_1694_1('footnote_plugin_reference_1694_1_3');\" ><sup id=\"footnote_plugin_tooltip_1694_1_3\" class=\"footnote_plugin_tooltip_text\">[3]<\/sup><\/a><span id=\"footnote_plugin_tooltip_text_1694_1_3\" class=\"footnote_tooltip\">Secci\u00f3n 4648(a)(9)(C)<\/span><\/span><script type=\"text\/javascript\"> jQuery('#footnote_plugin_tooltip_1694_1_3').tooltip({ tip: '#footnote_plugin_tooltip_text_1694_1_3', tipClass: 'footnote_tooltip', effect: 'fade', predelay: 0, fadeInSpeed: 200, delay: 400, fadeOutSpeed: 200, position: 'top center', relative: true, offset: [-7, 0], });<\/script>\u00a0Puede obtener servicios de intervenci\u00f3n en caso de crisis en su comunidad. Si no hay forma de que usted permanezca en la comunidad, el centro regional debe intentar que vuelva a la forma de vivienda que eligi\u00f3, con todos los apoyos que necesita, lo antes posible.<span class=\"footnote_referrer\"><a role=\"button\" tabindex=\"0\" onclick=\"footnote_moveToReference_1694_1('footnote_plugin_reference_1694_1_4');\" onkeypress=\"footnote_moveToReference_1694_1('footnote_plugin_reference_1694_1_4');\" ><sup id=\"footnote_plugin_tooltip_1694_1_4\" class=\"footnote_plugin_tooltip_text\">[4]<\/sup><\/a><span id=\"footnote_plugin_tooltip_text_1694_1_4\" class=\"footnote_tooltip\">Secci\u00f3n 4648(a)(10)<\/span><\/span><script type=\"text\/javascript\"> jQuery('#footnote_plugin_tooltip_1694_1_4').tooltip({ tip: '#footnote_plugin_tooltip_text_1694_1_4', tipClass: 'footnote_tooltip', effect: 'fade', predelay: 0, fadeInSpeed: 200, delay: 400, fadeOutSpeed: 200, position: 'top center', relative: true, offset: [-7, 0], });<\/script><\/p>\n<div class=\"speaker-mute footnotes_reference_container\"> <div class=\"footnote_container_prepare\"><p><span role=\"button\" tabindex=\"0\" class=\"footnote_reference_container_label pointer\" onclick=\"footnote_expand_collapse_reference_container_1694_1();\">&#x202F;<\/span><span role=\"button\" tabindex=\"0\" class=\"footnote_reference_container_collapse_button\" style=\"display: none;\" onclick=\"footnote_expand_collapse_reference_container_1694_1();\">[<a id=\"footnote_reference_container_collapse_button_1694_1\">+<\/a>]<\/span><\/p><\/div> <div id=\"footnote_references_container_1694_1\" style=\"\"><table class=\"footnotes_table footnote-reference-container\"><caption class=\"accessibility\">References<\/caption> <tbody> \r\n\r\n<tr class=\"footnotes_plugin_reference_row\"> <th scope=\"row\" class=\"footnote_plugin_index_combi pointer\"  onclick=\"footnote_moveToAnchor_1694_1('footnote_plugin_tooltip_1694_1_1');\"><a id=\"footnote_plugin_reference_1694_1_1\" class=\"footnote_backlink\"><span class=\"footnote_index_arrow\">&#8593;<\/span>1<\/a><\/th> <td class=\"footnote_plugin_text\">Secciones 4418.7(a)-(c) y 4418.25(c)<\/td><\/tr>\r\n\r\n<tr class=\"footnotes_plugin_reference_row\"> <th scope=\"row\" class=\"footnote_plugin_index_combi pointer\"  onclick=\"footnote_moveToAnchor_1694_1('footnote_plugin_tooltip_1694_1_2');\"><a id=\"footnote_plugin_reference_1694_1_2\" class=\"footnote_backlink\"><span class=\"footnote_index_arrow\">&#8593;<\/span>2<\/a><\/th> <td class=\"footnote_plugin_text\">Secci\u00f3n 4685(c)(2)<\/td><\/tr>\r\n\r\n<tr class=\"footnotes_plugin_reference_row\"> <th scope=\"row\" class=\"footnote_plugin_index_combi pointer\"  onclick=\"footnote_moveToAnchor_1694_1('footnote_plugin_tooltip_1694_1_3');\"><a id=\"footnote_plugin_reference_1694_1_3\" class=\"footnote_backlink\"><span class=\"footnote_index_arrow\">&#8593;<\/span>3<\/a><\/th> <td class=\"footnote_plugin_text\">Secci\u00f3n 4648(a)(9)(C)<\/td><\/tr>\r\n\r\n<tr class=\"footnotes_plugin_reference_row\"> <th scope=\"row\" class=\"footnote_plugin_index_combi pointer\"  onclick=\"footnote_moveToAnchor_1694_1('footnote_plugin_tooltip_1694_1_4');\"><a id=\"footnote_plugin_reference_1694_1_4\" class=\"footnote_backlink\"><span class=\"footnote_index_arrow\">&#8593;<\/span>4<\/a><\/th> <td class=\"footnote_plugin_text\">Secci\u00f3n 4648(a)(10)<\/td><\/tr>\r\n\r\n <\/tbody> <\/table> <\/div><\/div><script type=\"text\/javascript\"> function footnote_expand_reference_container_1694_1() { jQuery('#footnote_references_container_1694_1').show(); jQuery('#footnote_reference_container_collapse_button_1694_1').text('\u2212'); } function footnote_collapse_reference_container_1694_1() { jQuery('#footnote_references_container_1694_1').hide(); jQuery('#footnote_reference_container_collapse_button_1694_1').text('+'); } function footnote_expand_collapse_reference_container_1694_1() { if (jQuery('#footnote_references_container_1694_1').is(':hidden')) { footnote_expand_reference_container_1694_1(); } else { footnote_collapse_reference_container_1694_1(); } } function footnote_moveToReference_1694_1(p_str_TargetID) { footnote_expand_reference_container_1694_1(); var l_obj_Target = jQuery('#' + p_str_TargetID); if (l_obj_Target.length) { jQuery( 'html, body' ).delay( 0 ); jQuery('html, body').animate({ scrollTop: l_obj_Target.offset().top - window.innerHeight * 0.2 }, 380); } } function footnote_moveToAnchor_1694_1(p_str_TargetID) { footnote_expand_reference_container_1694_1(); var l_obj_Target = jQuery('#' + p_str_TargetID); if (l_obj_Target.length) { jQuery( 'html, body' ).delay( 0 ); jQuery('html, body').animate({ scrollTop: l_obj_Target.offset().top - window.innerHeight * 0.2 }, 380); } }<\/script>","protected":false},"excerpt":{"rendered":"<p>La deflexi\u00f3n es el proceso de identificar y establecer los servicios y apoyos que usted necesita para permanecer fuera de una instituci\u00f3n. Existen leyes especiales&hellip;<\/p>\n","protected":false},"author":1,"featured_media":0,"parent":1650,"menu_order":11,"comment_status":"closed","ping_status":"closed","template":"","meta":{"footnotes":""},"class_list":["post-1694","page","type-page","status-publish","hentry"],"_links":{"self":[{"href":"https:\/\/rula.disabilityrightsca.org\/es\/wp-json\/wp\/v2\/pages\/1694","targetHints":{"allow":["GET"]}}],"collection":[{"href":"https:\/\/rula.disabilityrightsca.org\/es\/wp-json\/wp\/v2\/pages"}],"about":[{"href":"https:\/\/rula.disabilityrightsca.org\/es\/wp-json\/wp\/v2\/types\/page"}],"author":[{"embeddable":true,"href":"https:\/\/rula.disabilityrightsca.org\/es\/wp-json\/wp\/v2\/users\/1"}],"replies":[{"embeddable":true,"href":"https:\/\/rula.disabilityrightsca.org\/es\/wp-json\/wp\/v2\/comments?post=1694"}],"version-history":[{"count":4,"href":"https:\/\/rula.disabilityrightsca.org\/es\/wp-json\/wp\/v2\/pages\/1694\/revisions"}],"predecessor-version":[{"id":3837,"href":"https:\/\/rula.disabilityrightsca.org\/es\/wp-json\/wp\/v2\/pages\/1694\/revisions\/3837"}],"up":[{"embeddable":true,"href":"https:\/\/rula.disabilityrightsca.org\/es\/wp-json\/wp\/v2\/pages\/1650"}],"wp:attachment":[{"href":"https:\/\/rula.disabilityrightsca.org\/es\/wp-json\/wp\/v2\/media?parent=1694"}],"curies":[{"name":"wp","href":"https:\/\/api.w.org\/{rel}","templated":true}]}}