{"id":1673,"date":"2021-09-02T22:35:27","date_gmt":"2021-09-02T22:35:27","guid":{"rendered":"http:\/\/www.rula.disabilityrightsca.org\/es\/?page_id=1673"},"modified":"2022-04-22T22:39:31","modified_gmt":"2022-04-22T22:39:31","slug":"8-5-que-son-las-unidades-de-crisis-agudas","status":"publish","type":"page","link":"https:\/\/rula.disabilityrightsca.org\/es\/rula-book\/capitulo-8-como-mantenerse-fuera-de-una-institucion\/8-5-que-son-las-unidades-de-crisis-agudas\/","title":{"rendered":"(8.5) \u00bfQu\u00e9 son las Unidades de Crisis Agudas?"},"content":{"rendered":"\n<p>Las Unidades de Crisis Agudas son instalaciones administradas por el estado que brindan tratamiento residencial a corto plazo a personas con discapacidades del desarrollo en crisis. Tambi\u00e9n se les llama instalaciones STAR. STAR son las siglas de &#8220;Stabilization, Training, Assistance, Reintegration&#8221; (Estabilizaci\u00f3n, Entrenamiento, Asistencia y Reintegraci\u00f3n). Solo 5 personas pueden vivir en cada hogar. Estas casas est\u00e1n en el DC Porterville, en Canyon Springs y en otras ubicaciones, pero tienen diferentes servicios y siguen diferentes reglas. Algunas personas confunden estas Unidades con los DC. Sin embargo, son lugares para permanencia de corto plazo y est\u00e1n destinadas a que la persona regrese a la comunidad lo antes posible.<\/p>\n\n\n\n<p>Hay varias Unidades de Crisis Agudas que prestan servicios en el norte, sur y centro de California. Algunas atienden a ni\u00f1os, mientras que otras solo atienden a adultos.<\/p>\n\n\n\n<p>Puede vivir en una Unidad de Crisis Aguda hasta por 13 meses. Sin embargo, su equipo de IPP debe comenzar a planificar su regreso a la comunidad tan pronto como llegue. &nbsp;<\/p>\n","protected":false},"excerpt":{"rendered":"<p>Las Unidades de Crisis Agudas son instalaciones administradas por el estado que brindan tratamiento residencial a corto plazo a personas con discapacidades del desarrollo en&hellip;<\/p>\n","protected":false},"author":1,"featured_media":0,"parent":1650,"menu_order":5,"comment_status":"closed","ping_status":"closed","template":"","meta":{"footnotes":""},"class_list":["post-1673","page","type-page","status-publish","hentry"],"_links":{"self":[{"href":"https:\/\/rula.disabilityrightsca.org\/es\/wp-json\/wp\/v2\/pages\/1673","targetHints":{"allow":["GET"]}}],"collection":[{"href":"https:\/\/rula.disabilityrightsca.org\/es\/wp-json\/wp\/v2\/pages"}],"about":[{"href":"https:\/\/rula.disabilityrightsca.org\/es\/wp-json\/wp\/v2\/types\/page"}],"author":[{"embeddable":true,"href":"https:\/\/rula.disabilityrightsca.org\/es\/wp-json\/wp\/v2\/users\/1"}],"replies":[{"embeddable":true,"href":"https:\/\/rula.disabilityrightsca.org\/es\/wp-json\/wp\/v2\/comments?post=1673"}],"version-history":[{"count":2,"href":"https:\/\/rula.disabilityrightsca.org\/es\/wp-json\/wp\/v2\/pages\/1673\/revisions"}],"predecessor-version":[{"id":2939,"href":"https:\/\/rula.disabilityrightsca.org\/es\/wp-json\/wp\/v2\/pages\/1673\/revisions\/2939"}],"up":[{"embeddable":true,"href":"https:\/\/rula.disabilityrightsca.org\/es\/wp-json\/wp\/v2\/pages\/1650"}],"wp:attachment":[{"href":"https:\/\/rula.disabilityrightsca.org\/es\/wp-json\/wp\/v2\/media?parent=1673"}],"curies":[{"name":"wp","href":"https:\/\/api.w.org\/{rel}","templated":true}]}}