{"id":1669,"date":"2021-09-02T22:32:18","date_gmt":"2021-09-02T22:32:18","guid":{"rendered":"http:\/\/www.rula.disabilityrightsca.org\/es\/?page_id=1669"},"modified":"2023-12-05T18:15:50","modified_gmt":"2023-12-05T18:15:50","slug":"8-3-como-puedo-salir-de-una-institucion-y-entrar-en-la-comunidad","status":"publish","type":"page","link":"https:\/\/rula.disabilityrightsca.org\/es\/rula-book\/capitulo-8-como-mantenerse-fuera-de-una-institucion\/8-3-como-puedo-salir-de-una-institucion-y-entrar-en-la-comunidad\/","title":{"rendered":"(8.3) \u00bfC\u00f3mo puedo salir de una instituci\u00f3n y entrar en la comunidad?"},"content":{"rendered":"\n<p>Debe cambiar su IPP. El proceso de IPP determina los servicios y apoyos que necesita y le permite identificar los que desea. Tambi\u00e9n es una forma de asegurarse de que pueda integrarse en su comunidad.\u00a0(Consulte el <a href=\"https:\/\/rula.disabilityrightsca.org\/es\/rula-book\/capitulo-4-planes-de-programas-individuales\/\">Cap\u00edtulo 4<\/a> sobre el proceso de IPP y el <a href=\"https:\/\/rula.disabilityrightsca.org\/es\/rula-book\/capitulo-7-modos-de-vida-comunitaria-para-adultos\/\">Cap\u00edtulo 7<\/a> sobre formas de vivienda).<\/p>\n\n\n\n<p>Si vive en un centro de desarrollo u otra instituci\u00f3n, debe someterse a una evaluaci\u00f3n y un IPP seg\u00fan sus necesidades y deseos. Observe lo que le impide y lo que necesita para vivir en la comunidad. A veces, la vivienda, los servicios y los apoyos no est\u00e1n disponibles. Pero si los servicios y apoyos que necesita para vivir en la comunidad est\u00e1n incluidos en su IPP, su equipo debe encontrarlos o desarrollarlos para usted.<\/p>\n","protected":false},"excerpt":{"rendered":"<p>Debe cambiar su IPP. El proceso de IPP determina los servicios y apoyos que necesita y le permite identificar los que desea. Tambi\u00e9n es una&hellip;<\/p>\n","protected":false},"author":1,"featured_media":0,"parent":1650,"menu_order":3,"comment_status":"closed","ping_status":"closed","template":"","meta":{"footnotes":""},"class_list":["post-1669","page","type-page","status-publish","hentry"],"_links":{"self":[{"href":"https:\/\/rula.disabilityrightsca.org\/es\/wp-json\/wp\/v2\/pages\/1669","targetHints":{"allow":["GET"]}}],"collection":[{"href":"https:\/\/rula.disabilityrightsca.org\/es\/wp-json\/wp\/v2\/pages"}],"about":[{"href":"https:\/\/rula.disabilityrightsca.org\/es\/wp-json\/wp\/v2\/types\/page"}],"author":[{"embeddable":true,"href":"https:\/\/rula.disabilityrightsca.org\/es\/wp-json\/wp\/v2\/users\/1"}],"replies":[{"embeddable":true,"href":"https:\/\/rula.disabilityrightsca.org\/es\/wp-json\/wp\/v2\/comments?post=1669"}],"version-history":[{"count":4,"href":"https:\/\/rula.disabilityrightsca.org\/es\/wp-json\/wp\/v2\/pages\/1669\/revisions"}],"predecessor-version":[{"id":3830,"href":"https:\/\/rula.disabilityrightsca.org\/es\/wp-json\/wp\/v2\/pages\/1669\/revisions\/3830"}],"up":[{"embeddable":true,"href":"https:\/\/rula.disabilityrightsca.org\/es\/wp-json\/wp\/v2\/pages\/1650"}],"wp:attachment":[{"href":"https:\/\/rula.disabilityrightsca.org\/es\/wp-json\/wp\/v2\/media?parent=1669"}],"curies":[{"name":"wp","href":"https:\/\/api.w.org\/{rel}","templated":true}]}}