{"id":1667,"date":"2021-09-02T22:30:41","date_gmt":"2021-09-02T22:30:41","guid":{"rendered":"http:\/\/www.rula.disabilityrightsca.org\/es\/?page_id=1667"},"modified":"2023-12-05T18:14:22","modified_gmt":"2023-12-05T18:14:22","slug":"8-2-puedo-obtener-servicios-que-me-ayuden-a-ser-parte-de-la-comunidad","status":"publish","type":"page","link":"https:\/\/rula.disabilityrightsca.org\/es\/rula-book\/capitulo-8-como-mantenerse-fuera-de-una-institucion\/8-2-puedo-obtener-servicios-que-me-ayuden-a-ser-parte-de-la-comunidad\/","title":{"rendered":"(8.2) \u00bfPuedo obtener servicios que me ayuden a ser parte de la comunidad?"},"content":{"rendered":"\n<p>S\u00ed. Todos tienen derecho a vivir y recibir servicios en el entorno menos restrictivo y m\u00e1s integrado, seg\u00fan sus necesidades y elecciones.<span class=\"footnote_referrer\"><a role=\"button\" tabindex=\"0\" onclick=\"footnote_moveToReference_1667_1('footnote_plugin_reference_1667_1_1');\" onkeypress=\"footnote_moveToReference_1667_1('footnote_plugin_reference_1667_1_1');\" ><sup id=\"footnote_plugin_tooltip_1667_1_1\" class=\"footnote_plugin_tooltip_text\">[1]<\/sup><\/a><span id=\"footnote_plugin_tooltip_text_1667_1_1\" class=\"footnote_tooltip\">Secciones 4688 y 4688.21<\/span><\/span><script type=\"text\/javascript\"> jQuery('#footnote_plugin_tooltip_1667_1_1').tooltip({ tip: '#footnote_plugin_tooltip_text_1667_1_1', tipClass: 'footnote_tooltip', effect: 'fade', predelay: 0, fadeInSpeed: 200, delay: 400, fadeOutSpeed: 200, position: 'top center', relative: true, offset: [-7, 0], });<\/script>\u00a0Los servicios de integraci\u00f3n comunitaria pueden ayudarlo a involucrarse en su comunidad y vivir en otro lugar que no sea una instituci\u00f3n.<span class=\"footnote_referrer\"><a role=\"button\" tabindex=\"0\" onclick=\"footnote_moveToReference_1667_1('footnote_plugin_reference_1667_1_2');\" onkeypress=\"footnote_moveToReference_1667_1('footnote_plugin_reference_1667_1_2');\" ><sup id=\"footnote_plugin_tooltip_1667_1_2\" class=\"footnote_plugin_tooltip_text\">[2]<\/sup><\/a><span id=\"footnote_plugin_tooltip_text_1667_1_2\" class=\"footnote_tooltip\">Secci\u00f3n 4688.05<\/span><\/span><script type=\"text\/javascript\"> jQuery('#footnote_plugin_tooltip_1667_1_2').tooltip({ tip: '#footnote_plugin_tooltip_text_1667_1_2', tipClass: 'footnote_tooltip', effect: 'fade', predelay: 0, fadeInSpeed: 200, delay: 400, fadeOutSpeed: 200, position: 'top center', relative: true, offset: [-7, 0], });<\/script><\/p>\n\n\n\n<p>Puede obtener servicios de integraci\u00f3n comunitaria sin importar d\u00f3nde viva. Por ejemplo, si vive en un hogar grupal con otras personas, los servicios de integraci\u00f3n comunitaria pueden ayudarlo a mudarse a un entorno m\u00e1s integrado. Esto podr\u00eda ser vida con apoyo<span class=\"footnote_referrer\"><a role=\"button\" tabindex=\"0\" onclick=\"footnote_moveToReference_1667_1('footnote_plugin_reference_1667_1_3');\" onkeypress=\"footnote_moveToReference_1667_1('footnote_plugin_reference_1667_1_3');\" ><sup id=\"footnote_plugin_tooltip_1667_1_3\" class=\"footnote_plugin_tooltip_text\">[3]<\/sup><\/a><span id=\"footnote_plugin_tooltip_text_1667_1_3\" class=\"footnote_tooltip\">Secci\u00f3n 4689<\/span><\/span><script type=\"text\/javascript\"> jQuery('#footnote_plugin_tooltip_1667_1_3').tooltip({ tip: '#footnote_plugin_tooltip_text_1667_1_3', tipClass: 'footnote_tooltip', effect: 'fade', predelay: 0, fadeInSpeed: 200, delay: 400, fadeOutSpeed: 200, position: 'top center', relative: true, offset: [-7, 0], });<\/script>, un hogar de ense\u00f1anza familiar<span class=\"footnote_referrer\"><a role=\"button\" tabindex=\"0\" onclick=\"footnote_moveToReference_1667_1('footnote_plugin_reference_1667_1_4');\" onkeypress=\"footnote_moveToReference_1667_1('footnote_plugin_reference_1667_1_4');\" ><sup id=\"footnote_plugin_tooltip_1667_1_4\" class=\"footnote_plugin_tooltip_text\">[4]<\/sup><\/a><span id=\"footnote_plugin_tooltip_text_1667_1_4\" class=\"footnote_tooltip\">Secci\u00f3n 4689.1<\/span><\/span><script type=\"text\/javascript\"> jQuery('#footnote_plugin_tooltip_1667_1_4').tooltip({ tip: '#footnote_plugin_tooltip_text_1667_1_4', tipClass: 'footnote_tooltip', effect: 'fade', predelay: 0, fadeInSpeed: 200, delay: 400, fadeOutSpeed: 200, position: 'top center', relative: true, offset: [-7, 0], });<\/script>, o vivir su familia.<\/p>\n\n\n\n<p>&#8220;Los servicios conductuales pueden ayudarlo a vivir en la comunidad. Algunas personas llaman a los servicios conductuales &#8220;ABA&#8221;. ABA significa an\u00e1lisis conductual aplicado. Estos servicios pueden ayudarlo a aprender formas de vivir mejor en su ubicaci\u00f3n actual. Pueden ayudarlo a llevarse mejor con los dem\u00e1s. Pueden ayudarlo a aprender nuevos comportamientos para vivir en un lugar diferente. Si est\u00e1 interesado en los servicios de comportamiento, hable con el coordinador de servicios de su centro regional. Adem\u00e1s, consulte la publicaci\u00f3n de Disability Rights California llamada &#8220;Acceso a la terapia ABA&#8221; que se encuentra aqu\u00ed:\u00a0<a href=\"https:\/\/www.disabilityrightsca.org\/es\/publications\/acceso-a-la-terapia-aba\" target=\"_blank\" rel=\"noreferrer noopener\">https:\/\/www.disabilityrightsca.org\/es\/publications\/acceso-a-la-terapia-aba<\/a><\/p>\n<div class=\"speaker-mute footnotes_reference_container\"> <div class=\"footnote_container_prepare\"><p><span role=\"button\" tabindex=\"0\" class=\"footnote_reference_container_label pointer\" onclick=\"footnote_expand_collapse_reference_container_1667_1();\">&#x202F;<\/span><span role=\"button\" tabindex=\"0\" class=\"footnote_reference_container_collapse_button\" style=\"display: none;\" onclick=\"footnote_expand_collapse_reference_container_1667_1();\">[<a id=\"footnote_reference_container_collapse_button_1667_1\">+<\/a>]<\/span><\/p><\/div> <div id=\"footnote_references_container_1667_1\" style=\"\"><table class=\"footnotes_table footnote-reference-container\"><caption class=\"accessibility\">References<\/caption> <tbody> \r\n\r\n<tr class=\"footnotes_plugin_reference_row\"> <th scope=\"row\" class=\"footnote_plugin_index_combi pointer\"  onclick=\"footnote_moveToAnchor_1667_1('footnote_plugin_tooltip_1667_1_1');\"><a id=\"footnote_plugin_reference_1667_1_1\" class=\"footnote_backlink\"><span class=\"footnote_index_arrow\">&#8593;<\/span>1<\/a><\/th> <td class=\"footnote_plugin_text\">Secciones 4688 y 4688.21<\/td><\/tr>\r\n\r\n<tr class=\"footnotes_plugin_reference_row\"> <th scope=\"row\" class=\"footnote_plugin_index_combi pointer\"  onclick=\"footnote_moveToAnchor_1667_1('footnote_plugin_tooltip_1667_1_2');\"><a id=\"footnote_plugin_reference_1667_1_2\" class=\"footnote_backlink\"><span class=\"footnote_index_arrow\">&#8593;<\/span>2<\/a><\/th> <td class=\"footnote_plugin_text\">Secci\u00f3n 4688.05<\/td><\/tr>\r\n\r\n<tr class=\"footnotes_plugin_reference_row\"> <th scope=\"row\" class=\"footnote_plugin_index_combi pointer\"  onclick=\"footnote_moveToAnchor_1667_1('footnote_plugin_tooltip_1667_1_3');\"><a id=\"footnote_plugin_reference_1667_1_3\" class=\"footnote_backlink\"><span class=\"footnote_index_arrow\">&#8593;<\/span>3<\/a><\/th> <td class=\"footnote_plugin_text\">Secci\u00f3n 4689<\/td><\/tr>\r\n\r\n<tr class=\"footnotes_plugin_reference_row\"> <th scope=\"row\" class=\"footnote_plugin_index_combi pointer\"  onclick=\"footnote_moveToAnchor_1667_1('footnote_plugin_tooltip_1667_1_4');\"><a id=\"footnote_plugin_reference_1667_1_4\" class=\"footnote_backlink\"><span class=\"footnote_index_arrow\">&#8593;<\/span>4<\/a><\/th> <td class=\"footnote_plugin_text\">Secci\u00f3n 4689.1<\/td><\/tr>\r\n\r\n <\/tbody> <\/table> <\/div><\/div><script type=\"text\/javascript\"> function footnote_expand_reference_container_1667_1() { jQuery('#footnote_references_container_1667_1').show(); jQuery('#footnote_reference_container_collapse_button_1667_1').text('\u2212'); } function footnote_collapse_reference_container_1667_1() { jQuery('#footnote_references_container_1667_1').hide(); jQuery('#footnote_reference_container_collapse_button_1667_1').text('+'); } function footnote_expand_collapse_reference_container_1667_1() { if (jQuery('#footnote_references_container_1667_1').is(':hidden')) { footnote_expand_reference_container_1667_1(); } else { footnote_collapse_reference_container_1667_1(); } } function footnote_moveToReference_1667_1(p_str_TargetID) { footnote_expand_reference_container_1667_1(); var l_obj_Target = jQuery('#' + p_str_TargetID); if (l_obj_Target.length) { jQuery( 'html, body' ).delay( 0 ); jQuery('html, body').animate({ scrollTop: l_obj_Target.offset().top - window.innerHeight * 0.2 }, 380); } } function footnote_moveToAnchor_1667_1(p_str_TargetID) { footnote_expand_reference_container_1667_1(); var l_obj_Target = jQuery('#' + p_str_TargetID); if (l_obj_Target.length) { jQuery( 'html, body' ).delay( 0 ); jQuery('html, body').animate({ scrollTop: l_obj_Target.offset().top - window.innerHeight * 0.2 }, 380); } }<\/script>","protected":false},"excerpt":{"rendered":"<p>S\u00ed. Todos tienen derecho a vivir y recibir servicios en el entorno menos restrictivo y m\u00e1s integrado, seg\u00fan sus necesidades y elecciones.[1]Secciones 4688 y 4688.21\u00a0Los&hellip;<\/p>\n","protected":false},"author":1,"featured_media":0,"parent":1650,"menu_order":2,"comment_status":"closed","ping_status":"closed","template":"","meta":{"footnotes":""},"class_list":["post-1667","page","type-page","status-publish","hentry"],"_links":{"self":[{"href":"https:\/\/rula.disabilityrightsca.org\/es\/wp-json\/wp\/v2\/pages\/1667","targetHints":{"allow":["GET"]}}],"collection":[{"href":"https:\/\/rula.disabilityrightsca.org\/es\/wp-json\/wp\/v2\/pages"}],"about":[{"href":"https:\/\/rula.disabilityrightsca.org\/es\/wp-json\/wp\/v2\/types\/page"}],"author":[{"embeddable":true,"href":"https:\/\/rula.disabilityrightsca.org\/es\/wp-json\/wp\/v2\/users\/1"}],"replies":[{"embeddable":true,"href":"https:\/\/rula.disabilityrightsca.org\/es\/wp-json\/wp\/v2\/comments?post=1667"}],"version-history":[{"count":4,"href":"https:\/\/rula.disabilityrightsca.org\/es\/wp-json\/wp\/v2\/pages\/1667\/revisions"}],"predecessor-version":[{"id":3829,"href":"https:\/\/rula.disabilityrightsca.org\/es\/wp-json\/wp\/v2\/pages\/1667\/revisions\/3829"}],"up":[{"embeddable":true,"href":"https:\/\/rula.disabilityrightsca.org\/es\/wp-json\/wp\/v2\/pages\/1650"}],"wp:attachment":[{"href":"https:\/\/rula.disabilityrightsca.org\/es\/wp-json\/wp\/v2\/media?parent=1667"}],"curies":[{"name":"wp","href":"https:\/\/api.w.org\/{rel}","templated":true}]}}