{"id":1650,"date":"2021-09-02T21:05:50","date_gmt":"2021-09-02T21:05:50","guid":{"rendered":"http:\/\/www.rula.disabilityrightsca.org\/es\/?page_id=1650"},"modified":"2022-03-01T22:16:29","modified_gmt":"2022-03-01T22:16:29","slug":"capitulo-8-como-mantenerse-fuera-de-una-institucion","status":"publish","type":"page","link":"https:\/\/rula.disabilityrightsca.org\/es\/rula-book\/capitulo-8-como-mantenerse-fuera-de-una-institucion\/","title":{"rendered":"Cap\u00edtulo 8: C\u00f3mo mantenerse fuera de una Instituci\u00f3n"},"content":{"rendered":"\n<p><div class=\"print-fullchapter-wrap\"><div class=\"print-fullchapter\"><a href=\"https:\/\/rula.disabilityrightsca.org\/es\/chapter-8-print\/\">Imprimir todo el cap\u00edtulo<\/a><\/div><\/div><\/p>\n\n\n\n<p>Este cap\u00edtulo explica:<\/p>\n\n\n\n<ul class=\"wp-block-list\"><li>su derecho a vivir en su comunidad,<\/li><li>c\u00f3mo permanecer fuera de una instituci\u00f3n y<\/li><li>c\u00f3mo salir de una instituci\u00f3n.<\/li><\/ul>\n\n\n\n<p>Esta informaci\u00f3n proviene principalmente de una ley estatal llamada Ley Lanterman, que comienza en la secci\u00f3n 4500 del C\u00f3digo de Instituciones y Bienestar Social de California. Le proporcionamos la secci\u00f3n de esta ley estatal donde puede encontrar la informaci\u00f3n que escribimos. Es posible que deba consultar la ley para obtener los servicios que necesita. Cuando vea la palabra &#8220;Secci\u00f3n(es)&#8221;, seguida de un n\u00famero y ninguna otra informaci\u00f3n, significa secci\u00f3n(es) de la Ley Lanterman. Para leer la Ley Lanterman, <a href=\"https:\/\/www.dds.ca.gov\/transparency\/laws-regulations\/lanterman-act-and-related-laws\/\">haga clic aqu\u00ed<\/a>.<\/p>\n\n\n<div class=\"menu-chapter-8-container\"><ul id=\"menu-chapter-8\" class=\"menu\"><li id=\"menu-item-1666\" class=\"menu-item menu-item-type-post_type menu-item-object-page menu-item-1666\"><a href=\"https:\/\/rula.disabilityrightsca.org\/es\/rula-book\/capitulo-8-como-mantenerse-fuera-de-una-institucion\/8-1-tengo-que-vivir-en-una-institucion\/\">(8.1) \u00bfTengo que vivir en una instituci\u00f3n?<\/a><\/li>\n<li id=\"menu-item-1690\" class=\"menu-item menu-item-type-post_type menu-item-object-page menu-item-1690\"><a href=\"https:\/\/rula.disabilityrightsca.org\/es\/rula-book\/capitulo-8-como-mantenerse-fuera-de-una-institucion\/8-2-puedo-obtener-servicios-que-me-ayuden-a-ser-parte-de-la-comunidad\/\">(8.2) \u00bfPuedo obtener servicios que me ayuden a ser parte de la comunidad?<\/a><\/li>\n<li id=\"menu-item-1689\" class=\"menu-item menu-item-type-post_type menu-item-object-page menu-item-1689\"><a href=\"https:\/\/rula.disabilityrightsca.org\/es\/rula-book\/capitulo-8-como-mantenerse-fuera-de-una-institucion\/8-3-como-puedo-salir-de-una-institucion-y-entrar-en-la-comunidad\/\">(8.3) \u00bfC\u00f3mo puedo salir de una instituci\u00f3n y entrar en la comunidad?<\/a><\/li>\n<li id=\"menu-item-1688\" class=\"menu-item menu-item-type-post_type menu-item-object-page menu-item-1688\"><a href=\"https:\/\/rula.disabilityrightsca.org\/es\/rula-book\/capitulo-8-como-mantenerse-fuera-de-una-institucion\/8-4-que-es-una-discapacidad-del-desarrollo\/\">(8.4) \u00bfQu\u00e9 es una discapacidad del desarrollo?<\/a><\/li>\n<li id=\"menu-item-1687\" class=\"menu-item menu-item-type-post_type menu-item-object-page menu-item-1687\"><a href=\"https:\/\/rula.disabilityrightsca.org\/es\/rula-book\/capitulo-8-como-mantenerse-fuera-de-una-institucion\/8-5-que-son-las-unidades-de-crisis-agudas\/\">(8.5) \u00bfQu\u00e9 son las Unidades de Crisis Agudas?<\/a><\/li>\n<li id=\"menu-item-1686\" class=\"menu-item menu-item-type-post_type menu-item-object-page menu-item-1686\"><a href=\"https:\/\/rula.disabilityrightsca.org\/es\/rula-book\/capitulo-8-como-mantenerse-fuera-de-una-institucion\/8-6-puede-mi-centro-regional-colocarme-en-una-unidad-de-crisis-aguda\/\">(8.6) \u00bfPuede mi centro regional colocarme en una Unidad de Crisis Aguda?<\/a><\/li>\n<li id=\"menu-item-1685\" class=\"menu-item menu-item-type-post_type menu-item-object-page menu-item-1685\"><a href=\"https:\/\/rula.disabilityrightsca.org\/es\/rula-book\/capitulo-8-como-mantenerse-fuera-de-una-institucion\/8-7-que-son-las-instituciones-para-enfermedades-mentales-imd\/\">(8.7) \u00bfQu\u00e9 son las instituciones para enfermedades mentales (IMD)?<\/a><\/li>\n<li id=\"menu-item-1684\" class=\"menu-item menu-item-type-post_type menu-item-object-page menu-item-1684\"><a href=\"https:\/\/rula.disabilityrightsca.org\/es\/rula-book\/capitulo-8-como-mantenerse-fuera-de-una-institucion\/8-8-puede-mi-centro-regional-colocarme-en-un-imd\/\">(8.8) \u00bfPuede mi centro regional colocarme en un IMD?<\/a><\/li>\n<li id=\"menu-item-1683\" class=\"menu-item menu-item-type-post_type menu-item-object-page menu-item-1683\"><a href=\"https:\/\/rula.disabilityrightsca.org\/es\/rula-book\/capitulo-8-como-mantenerse-fuera-de-una-institucion\/8-9-cuales-son-las-restricciones-y-limitaciones-de-tiempo-para-un-imd\/\">(8.9) \u00bfCu\u00e1les son las restricciones y limitaciones de tiempo para un IMD?<\/a><\/li>\n<li id=\"menu-item-1733\" class=\"menu-item menu-item-type-post_type menu-item-object-page menu-item-1733\"><a href=\"https:\/\/rula.disabilityrightsca.org\/es\/rula-book\/capitulo-8-como-mantenerse-fuera-de-una-institucion\/8-10-existen-otros-requisitos-si-el-centro-regional-me-coloca-en-un-imd\/\">(8.10) \u00bfExisten otros requisitos si el centro regional me coloca en un IMD?<\/a><\/li>\n<li id=\"menu-item-1732\" class=\"menu-item menu-item-type-post_type menu-item-object-page menu-item-1732\"><a href=\"https:\/\/rula.disabilityrightsca.org\/es\/rula-book\/capitulo-8-como-mantenerse-fuera-de-una-institucion\/8-11-que-es-la-deflexion\/\">(8.11) \u00bfQu\u00e9 es la deflexi\u00f3n?<\/a><\/li>\n<li id=\"menu-item-1731\" class=\"menu-item menu-item-type-post_type menu-item-object-page menu-item-1731\"><a href=\"https:\/\/rula.disabilityrightsca.org\/es\/rula-book\/capitulo-8-como-mantenerse-fuera-de-una-institucion\/8-12-como-se-que-servicios-de-deflexion-estan-disponibles\/\">(8.12) \u00bfC\u00f3mo s\u00e9 qu\u00e9 servicios de deflexi\u00f3n est\u00e1n disponibles?<\/a><\/li>\n<li id=\"menu-item-1730\" class=\"menu-item menu-item-type-post_type menu-item-object-page menu-item-1730\"><a href=\"https:\/\/rula.disabilityrightsca.org\/es\/rula-book\/capitulo-8-como-mantenerse-fuera-de-una-institucion\/8-13-que-sucede-si-tengo-problemas-para-vivir-en-la-comunidad\/\">(8.13) \u00bfQu\u00e9 sucede si tengo problemas para vivir en la comunidad?<\/a><\/li>\n<li id=\"menu-item-1729\" class=\"menu-item menu-item-type-post_type menu-item-object-page menu-item-1729\"><a href=\"https:\/\/rula.disabilityrightsca.org\/es\/rula-book\/capitulo-8-como-mantenerse-fuera-de-una-institucion\/8-14-que-es-el-plan-de-ubicacion-comunitaria-cpp\/\">(8.14) \u00bfQu\u00e9 es el Plan de Ubicaci\u00f3n Comunitaria (CPP)?<\/a><\/li>\n<li id=\"menu-item-1728\" class=\"menu-item menu-item-type-post_type menu-item-object-page menu-item-1728\"><a href=\"https:\/\/rula.disabilityrightsca.org\/es\/rula-book\/capitulo-8-como-mantenerse-fuera-de-una-institucion\/8-15-puedo-mudarme-de-un-centro-de-desarrollo-si-no-estoy-en-el-cpp\/\">(8.15) \u00bfPuedo mudarme de un centro de desarrollo si no estoy en el CPP?<\/a><\/li>\n<li id=\"menu-item-1727\" class=\"menu-item menu-item-type-post_type menu-item-object-page menu-item-1727\"><a href=\"https:\/\/rula.disabilityrightsca.org\/es\/rula-book\/capitulo-8-como-mantenerse-fuera-de-una-institucion\/8-16-estoy-listo-para-abandonar-el-centro-de-desarrollo\/\">(8.16) \u00bfEstoy listo para abandonar el centro de desarrollo?<\/a><\/li>\n<li id=\"menu-item-1726\" class=\"menu-item menu-item-type-post_type menu-item-object-page menu-item-1726\"><a href=\"https:\/\/rula.disabilityrightsca.org\/es\/rula-book\/capitulo-8-como-mantenerse-fuera-de-una-institucion\/8-17-what-if-i-cannot-express-what-i-want\/\">(8.17) \u00bfQu\u00e9 pasa si no puedo expresar lo que quiero?<\/a><\/li>\n<li id=\"menu-item-1725\" class=\"menu-item menu-item-type-post_type menu-item-object-page menu-item-1725\"><a href=\"https:\/\/rula.disabilityrightsca.org\/es\/rula-book\/capitulo-8-como-mantenerse-fuera-de-una-institucion\/8-18-what-are-the-different-commitment-orders\/\">(8.18) \u00bfCu\u00e1les son las diferentes \u00f3rdenes de internaci\u00f3n?<\/a><\/li>\n<li id=\"menu-item-1724\" class=\"menu-item menu-item-type-post_type menu-item-object-page menu-item-1724\"><a href=\"https:\/\/rula.disabilityrightsca.org\/es\/rula-book\/capitulo-8-como-mantenerse-fuera-de-una-institucion\/8-19-what-is-diversion\/\">(8.19) \u00bfQu\u00e9 es la desviaci\u00f3n?<\/a><\/li>\n<li id=\"menu-item-1723\" class=\"menu-item menu-item-type-post_type menu-item-object-page menu-item-1723\"><a href=\"https:\/\/rula.disabilityrightsca.org\/es\/rula-book\/capitulo-8-como-mantenerse-fuera-de-una-institucion\/8-20-what-diversion-services-can-i-get\/\">(8.20)  \u00bfQu\u00e9 servicios de desviaci\u00f3n puedo obtener?<\/a><\/li>\n<li id=\"menu-item-1722\" class=\"menu-item menu-item-type-post_type menu-item-object-page menu-item-1722\"><a href=\"https:\/\/rula.disabilityrightsca.org\/es\/rula-book\/capitulo-8-como-mantenerse-fuera-de-una-institucion\/8-21-can-i-ask-the-court-to-review-my-placement-if-i-live-in-a-dc\/\">(8.21) \u00bfPuedo pedirle a la corte que revise mi ubicaci\u00f3n si vivo en un DC?<\/a><\/li>\n<li id=\"menu-item-1721\" class=\"menu-item menu-item-type-post_type menu-item-object-page menu-item-1721\"><a href=\"https:\/\/rula.disabilityrightsca.org\/es\/rula-book\/capitulo-8-como-mantenerse-fuera-de-una-institucion\/8-22-what-can-my-ipp-team-do-if-the-court-sends-me-to-a-dc\/\">(8.22) \u00bfQu\u00e9 puede hacer mi equipo de IPP si la corte me env\u00eda a un DC?<\/a><\/li>\n<li id=\"menu-item-1720\" class=\"menu-item menu-item-type-post_type menu-item-object-page menu-item-1720\"><a href=\"https:\/\/rula.disabilityrightsca.org\/es\/rula-book\/capitulo-8-como-mantenerse-fuera-de-una-institucion\/8-23-can-someone-in-the-dc-help-me\/\">(8.23) \u00bfAlguien en el DC puede ayudarme?<\/a><\/li>\n<li id=\"menu-item-2049\" class=\"menu-item menu-item-type-post_type menu-item-object-page menu-item-2049\"><a href=\"https:\/\/rula.disabilityrightsca.org\/es\/rula-book\/capitulo-8-como-mantenerse-fuera-de-una-institucion\/8-24-can-i-join-the-self-determination-program-if-i-live-in-an-institution\/\">(8.24) \u00bfPuedo unirme al Programa de Autodeterminaci\u00f3n si vivo en una instituci\u00f3n?<\/a><\/li>\n<\/ul><\/div>\n","protected":false},"excerpt":{"rendered":"<p>Imprimir todo el cap\u00edtulo Este cap\u00edtulo explica: su derecho a vivir en su comunidad, c\u00f3mo permanecer fuera de una instituci\u00f3n y c\u00f3mo salir de una&hellip;<\/p>\n","protected":false},"author":1,"featured_media":0,"parent":33,"menu_order":8,"comment_status":"closed","ping_status":"closed","template":"","meta":{"footnotes":""},"class_list":["post-1650","page","type-page","status-publish","hentry"],"_links":{"self":[{"href":"https:\/\/rula.disabilityrightsca.org\/es\/wp-json\/wp\/v2\/pages\/1650","targetHints":{"allow":["GET"]}}],"collection":[{"href":"https:\/\/rula.disabilityrightsca.org\/es\/wp-json\/wp\/v2\/pages"}],"about":[{"href":"https:\/\/rula.disabilityrightsca.org\/es\/wp-json\/wp\/v2\/types\/page"}],"author":[{"embeddable":true,"href":"https:\/\/rula.disabilityrightsca.org\/es\/wp-json\/wp\/v2\/users\/1"}],"replies":[{"embeddable":true,"href":"https:\/\/rula.disabilityrightsca.org\/es\/wp-json\/wp\/v2\/comments?post=1650"}],"version-history":[{"count":10,"href":"https:\/\/rula.disabilityrightsca.org\/es\/wp-json\/wp\/v2\/pages\/1650\/revisions"}],"predecessor-version":[{"id":3208,"href":"https:\/\/rula.disabilityrightsca.org\/es\/wp-json\/wp\/v2\/pages\/1650\/revisions\/3208"}],"up":[{"embeddable":true,"href":"https:\/\/rula.disabilityrightsca.org\/es\/wp-json\/wp\/v2\/pages\/33"}],"wp:attachment":[{"href":"https:\/\/rula.disabilityrightsca.org\/es\/wp-json\/wp\/v2\/media?parent=1650"}],"curies":[{"name":"wp","href":"https:\/\/api.w.org\/{rel}","templated":true}]}}