{"id":1631,"date":"2021-07-07T17:25:00","date_gmt":"2021-07-07T17:25:00","guid":{"rendered":"http:\/\/www.rula.disabilityrightsca.org\/es\/?page_id=1631"},"modified":"2023-12-06T00:30:30","modified_gmt":"2023-12-06T00:30:30","slug":"suplemento-h-como-obtener-servicios-del-centro-regional-mediante-su-ipp","status":"publish","type":"page","link":"https:\/\/rula.disabilityrightsca.org\/es\/suplementos\/suplemento-h-como-obtener-servicios-del-centro-regional-mediante-su-ipp\/","title":{"rendered":"Suplemento H: C\u00f3mo obtener servicios del centro regional mediante su IPP"},"content":{"rendered":"\n<p>Las decisiones sobre <em>qu\u00e9<\/em> servicios necesita y quiere, <em>qui\u00e9n <\/em>se los brindar\u00e1 y <em>cu\u00e1ndo<\/em> lo har\u00e1 se toman durante la reuni\u00f3n de su Plan de Programa Individual (IPP). Este suplemento explica:<\/p>\n\n\n\n<ul class=\"wp-block-list\">\n<li>Cada cu\u00e1nto se realizan las reuniones del IPP.<\/li>\n\n\n\n<li>C\u00f3mo acceder a una reuni\u00f3n del IPP.<\/li>\n\n\n\n<li>C\u00f3mo prepararse para la reuni\u00f3n del IPP.<\/li>\n\n\n\n<li>Qu\u00e9 hacer si no puede obtener los servicios que necesita.<\/li>\n<\/ul>\n\n\n\n<h3 class=\"wp-block-heading\"><strong>\u00bfCu\u00e1ndo es mi reuni\u00f3n de IPP?<\/strong><\/h3>\n\n\n\n<p>Si usted es un <em>cliente nuevo del centro regional<\/em>, el centro tiene <strong>un plazo de 60&nbsp;d\u00edas<\/strong> para elaborar su IPP. Si no recibe novedades del centro regional por dos&nbsp;semanas, comun\u00edquese con el centro.<\/p>\n\n\n\n<p>Si ya tiene un IPP, pero se va a mudar a un \u00e1rea de <em>un centro regional nuevo<\/em> pida una reuni\u00f3n de transici\u00f3n con ambos centros regionales. El centro regional nuevo deber\u00e1 seguir su IPP actual hasta la pr\u00f3xima reuni\u00f3n de IPP. Si su IPP actual enumera servicios que no est\u00e1n disponibles en el \u00e1rea nueva, el centro regional nuevo debe realizar una reuni\u00f3n de IPP en no m\u00e1s de <strong>30&nbsp;d\u00edas<\/strong> y brindarle servicios alternativos hasta entonces.<\/p>\n\n\n\n<p>Tendr\u00e1 una reuni\u00f3n del IPP <strong>todos los a\u00f1os<\/strong> en los siguientes casos:<\/p>\n\n\n\n<ul class=\"wp-block-list\">\n<li>Si recibe servicios en virtud de la exenci\u00f3n de servicios en el hogar y la comunidad (Home and Community Based Services, HCBS) de Medi-Cal; o bien<\/li>\n\n\n\n<li>Si vive en un establecimiento matriculado como &#8220;Establecimiento de cuidados intermedios&#8221; (ICF-DD, ICF-DD\/H, ICF-DD\/N, ICF-DD\/CN).<\/li>\n<\/ul>\n\n\n\n<p>Para todos los dem\u00e1s clientes, la reuni\u00f3n de IPP se realizar\u00e1 una vez <strong>cada tres&nbsp;a\u00f1os<\/strong>, a menos que sus necesidades cambien o usted pida una reuni\u00f3n.<\/p>\n\n\n\n<h3 class=\"wp-block-heading\"><strong>\u00bfCu\u00e1ndo puedo solicitar una reuni\u00f3n de IPP?<\/strong><\/h3>\n\n\n\n<p>Pida una reuni\u00f3n de IPP en las siguientes situaciones:<\/p>\n\n\n\n<ul class=\"wp-block-list\">\n<li>Si sus necesidades cambian.<\/li>\n\n\n\n<li>Si sus logros le permiten prepararse para algo nuevo.<\/li>\n\n\n\n<li>Si necesita un servicio nuevo o diferente.<\/li>\n\n\n\n<li>Si necesita ayuda del centro regional para recibir dinero o servicios de otro organismo.<\/li>\n<\/ul>\n\n\n\n<p>Cuando le pide un servicio o ayuda al centro regional, en realidad est\u00e1 pidiendo que cambien su IPP para que incluya el servicio o la ayuda solicitada. Si solicita una reuni\u00f3n de IPP, debe realizarse dentro de los 30&nbsp;d\u00edas.<\/p>\n\n\n\n<h3 class=\"wp-block-heading\"><strong>\u00bfC\u00f3mo solicito una reuni\u00f3n de IPP?<\/strong><\/h3>\n\n\n\n<p>Usted puede:<\/p>\n\n\n\n<ul class=\"wp-block-list\">\n<li>Llamar o escribirle al coordinador de servicios y pedirle una reuni\u00f3n o un cambio a su IPP. Si quiere un servicio, diga qu\u00e9 servicio quiere, cuando llame o escriba. En ocasiones, los centros regionales aceptan brindar o pagar un servicio sin realizar una reuni\u00f3n de IPP. En ese caso, p\u00eddale al centro regional que lo agregue a su IPP y que le env\u00ede una copia.<\/li>\n\n\n\n<li>Pedirles a familiares o amigos que lo ayuden a escribir una carta para solicitar una reuni\u00f3n de IPP.<\/li>\n\n\n\n<li>Enviar la carta al centro regional o a su coordinador de servicios.<\/li>\n<\/ul>\n\n\n\n<p>A continuaci\u00f3n, se encuentran algunos ejemplos de cartas:<\/p>\n\n\n\n<p>Estimado equipo del centro regional:<\/p>\n\n\n\n<p>Quisiera empezar a trabajar y ganar dinero. Deseo solicitar una reuni\u00f3n del IPP para hablar sobre la ayuda que necesito para trabajar.<\/p>\n\n\n\n<p>O bien:<\/p>\n\n\n\n<p>Estimado equipo del centro regional:<\/p>\n\n\n\n<p>Quisiera aprender a usar el autob\u00fas para viajar desde mi casa hasta la pista de bolos. Deseo que lo agreguen a mi IPP.<\/p>\n\n\n\n<p>O bien:<\/p>\n\n\n\n<p>Estimado equipo del centro regional:<\/p>\n\n\n\n<p>Necesito ayuda porque el Seguro Social est\u00e1 revisando mi Ingreso del Seguro Suplementario (Supplemental Security Income, SSI). Quiero que mi IPP diga que me ayudar\u00e1n a mantenerlo.<\/p>\n\n\n\n<h3 class=\"wp-block-heading\"><strong>\u00bfQu\u00e9 debo hacer antes de ir a la reuni\u00f3n de IPP?<\/strong><\/h3>\n\n\n\n<ol class=\"wp-block-list\">\n<li><strong>Sepa sus objetivos<\/strong>. Utilice los planificadores del IPP de los Suplementos J y K o las publicaciones del Cap\u00edtulo&nbsp;4 como ayuda para pensar sobre sus objetivos. Los objetivos pueden ser d\u00f3nde quiere vivir y qu\u00e9 quiere hacer a diario. Los planificadores del IPP lo ayudar\u00e1n a averiguar qu\u00e9 servicios y apoyos necesita para lograr sus objetivos.<\/li>\n\n\n\n<li><strong>Revise su IPP actual<\/strong>. Piense en los servicios y apoyos que recibe actualmente. Hable con su familia, amigos y defensores para que lo ayuden a completar el planificador o haga su propia lista. Preg\u00fantese lo siguiente:<\/li>\n\n\n\n<li>\u00bfQuiere mantener algunos de los servicios que recibe actualmente o todos ellos?<\/li>\n\n\n\n<li>\u00bfHay servicios que recibe actualmente que ya no necesita?<\/li>\n\n\n\n<li>\u00bfNecesita servicios diferentes?<\/li>\n\n\n\n<li>\u00bfQuiere cambiar de proveedor de servicios?<\/li>\n\n\n\n<li>\u00bfQuiere vivir en un lugar diferente que el actual?<\/li>\n\n\n\n<li>\u00bfDesea recibir o mantener servicios de otros organismos, para lo cual necesita ayuda del centro regional?<\/li>\n\n\n\n<li><strong>D\u00edgale al centro regional los servicios que quiere ahora.<\/strong><\/li>\n<\/ol>\n\n\n\n<p>D\u00edgale al centro regional lo que pedir\u00e1 antes de la reuni\u00f3n. De esa forma, el centro puede prepararse para tomar decisiones durante la reuni\u00f3n. P\u00eddale al centro regional que un responsable de la toma de decisiones asista a la reuni\u00f3n. Un responsable de la toma de decisiones es alguien del centro regional que puede hablar por el centro y decir &#8220;s\u00ed&#8221; o &#8220;no&#8221; a las decisiones sobre sus servicios y apoyos. La ley dice que la persona responsable de la toma de decisiones del centro regional debe asistir a la reuni\u00f3n del IPP donde se toman las decisiones finales sobre los servicios y apoyos.<\/p>\n\n\n\n<p>Puede utilizar la carta de ejemplo del Suplemento&nbsp;N para escribirle al centro regional. Su carta debe incluir lo siguiente:<\/p>\n\n\n\n<ul class=\"wp-block-list\">\n<li>Su planificador del IPP completo.<\/li>\n\n\n\n<li>Una lista de los servicios que recibe actualmente.<\/li>\n\n\n\n<li>Su \u00faltimo IPP con los cambios que quiere.<\/li>\n\n\n\n<li>Su solicitud para que asista una persona responsable de la toma de decisiones.<\/li>\n<\/ul>\n\n\n\n<p>A continuaci\u00f3n, presentamos una carta de ejemplo:<\/p>\n\n\n\n<p>Estimado equipo del centro regional:<\/p>\n\n\n\n<p>Aqu\u00ed est\u00e1 mi planificador de la reuni\u00f3n de IPP completado. Realmente quiero aprender a usar la computadora. Por favor, solicito que Becky, del programa diurno, asista a mi reuni\u00f3n de IPP.<br>Tambi\u00e9n necesito que una persona responsable de la toma de decisiones est\u00e9 presente en la reuni\u00f3n de IPP.<\/p>\n\n\n\n<h3 class=\"wp-block-heading\"><strong>\u00bfA qui\u00e9n debo pedirle que forme parte de mi equipo de planificaci\u00f3n del IPP?<\/strong><\/h3>\n\n\n\n<p>Puede invitar a cualquier persona que usted desee que forme parte de su equipo de planificaci\u00f3n del IPP. P\u00eddaselo a personas que conozcan sus necesidades y que puedan ayudarlo a ser parte de su equipo en la reuni\u00f3n. Puede invitar a familiares, a alguien del lugar donde vive, de su programa diurno, de la escuela de sus hijos o a cualquier otra persona a formar parte de este equipo. P\u00eddale al centro regional que los invite. Las personas que invite y las del centro regional conformar\u00e1n su equipo del IPP.<\/p>\n\n\n\n<p><strong><em>\u00a1Consejo!<\/em><\/strong> Algunas personas inician programas de &#8220;amigos&#8221;, en los que cada uno asiste a la reuni\u00f3n del IPP del otro en busca de apoyo e ideas.<\/p>\n\n\n\n<h3 class=\"wp-block-heading\"><strong>\u00bfPuedo pedir que un int\u00e9rprete asista a mi reuni\u00f3n de IPP?<\/strong><\/h3>\n\n\n\n<p>S\u00ed. La comunicaci\u00f3n en su reuni\u00f3n de IPP es muy importante. Si no habla o no entiende bien el ingl\u00e9s, o si le resulta m\u00e1s f\u00e1cil hablar en un idioma diferente, pida un int\u00e9rprete. El centro regional debe proporcionar un int\u00e9rprete en su reuni\u00f3n de IPP. Tambi\u00e9n deben traducir su IPP y otros documentos. El Suplemento&nbsp;T le indica c\u00f3mo pedirle un int\u00e9rprete al centro regional.<\/p>\n\n\n\n<h3 class=\"wp-block-heading\"><strong>\u00bfQu\u00e9 significa &#8220;hacer una planificaci\u00f3n centrada en la persona&#8221; en una reuni\u00f3n de IPP?<\/strong><\/h3>\n\n\n\n<p>Su IPP se trata de usted y de sus elecciones. &#8220;Centrado en la persona&#8221; significa que usted es la persona m\u00e1s importante de la reuni\u00f3n. La reuni\u00f3n se trata de sus esperanzas, sus gustos y disgustos, con qu\u00e9 necesita ayuda, qu\u00e9 servicios quiere y cu\u00e1les cree que son los servicios y apoyos m\u00e1s importantes a incluir en su IPP. No se trata de qu\u00e9 servicios est\u00e1n disponibles o cu\u00e1les se suelen brindar a personas como usted.<\/p>\n\n\n\n<p>Las personas que asisten a la reuni\u00f3n deben trabajar como equipo para idear formas de cumplir sus objetivos y sue\u00f1os. Necesitan tomarse el tiempo necesario para asegurarse de que usted entienda todo correctamente. El equipo debe escuchar las ideas de todos los presentes. No tema pedirle a alguien que repita algo o hacer preguntas. Sus preguntas ayudar\u00e1n a que todos los asistentes entiendan sus elecciones y necesidades.<\/p>\n\n\n\n<h3 class=\"wp-block-heading\"><strong>\u00bfC\u00f3mo puedo hacer que la reuni\u00f3n de IPP sea m\u00e1s valiosa?<\/strong><\/h3>\n\n\n\n<p>Aseg\u00farese de que una <em>persona responsable de la toma de decisiones<\/em> est\u00e9 presente en la reuni\u00f3n. A veces, un equipo de planificaci\u00f3n se limita a&nbsp;&#8220;recomendar la financiaci\u00f3n&#8221; de los servicios y decirle que alguien m\u00e1s tomar\u00e1 la decisi\u00f3n real con respecto a agregar o no esos servicios a su IPP. El centro regional podr\u00eda decirle que el comit\u00e9 de adquisici\u00f3n de servicios (Purchase of Service, POS) u otro comit\u00e9 deben aprobar su solicitud. Usted tiene derecho areunirse con la persona que ser\u00e1 la que diga &#8220;s\u00ed&#8221; o &#8220;no&#8221; a su solicitud.<\/p>\n\n\n\n<p>Nadie en la reuni\u00f3n puede decir &#8220;s\u00ed&#8221; o &#8220;no&#8221; sobre lo que se incluye en su IPP, a menos que una persona responsable de la toma de decisiones est\u00e9 presente. Cuando comience la reuni\u00f3n, aseg\u00farese de que una persona del centro regional sea \u201cel responsable de la toma de decisiones\u201d, es decir, alguien que pueda decir &#8220;s\u00ed&#8221; o &#8220;no&#8221; a un servicio durante la reuni\u00f3n. Si no hay ning\u00fan responsable de la toma de decisiones presente, el centro regional debe realizar una segunda reuni\u00f3n en no m\u00e1s de 15&nbsp;d\u00edas (a menos que usted acuerde un plazo mayor), a la que deber\u00e1 asistir una persona responsable de la toma de decisiones. A\u00fan puede hablar acerca de los servicios que quiere o necesita. Sin embargo, no se podr\u00e1n tomar decisiones.<\/p>\n\n\n\n<p>P\u00eddale a alguien que tome notas en grandes hojas de papel y los coloque en la pared, para que todos los vean. P\u00eddale que anote las cosas con las que usted estuvo de acuerdo y con cu\u00e1les no lo estuvo. Luego de la reuni\u00f3n, la persona que tom\u00f3 notas puede leer la lista al equipo y asegurarse de que todos est\u00e9n de acuerdo con lo que se escribi\u00f3.<\/p>\n\n\n\n<h3 class=\"wp-block-heading\"><strong>\u00bfC\u00f3mo es un documento completo de IPP?<\/strong><\/h3>\n\n\n\n<p>El documento del IPP debe incluir lo siguiente:<\/p>\n\n\n\n<ul class=\"wp-block-list\">\n<li>Sus metas y objetivos.<\/li>\n\n\n\n<li>Los servicios y apoyos que necesita y quiere (el tipo y la cantidad).<\/li>\n\n\n\n<li>Qui\u00e9n brindar\u00e1 los servicios (otro organismo &#8220;gen\u00e9rico&#8221; o bien un proveedor o un tipo de proveedor en particular).<\/li>\n\n\n\n<li>Cuando comenzar\u00e1n los servicios.<\/li>\n<\/ul>\n\n\n\n<p>Si los servicios no pueden comenzar de inmediato porque no hay ning\u00fan proveedor disponible o si primero debe pedirlos a Medi-Cal o a un plan m\u00e9dico, su IPP debe indicar:<\/p>\n\n\n\n<ul class=\"wp-block-list\">\n<li>Qu\u00e9 pasos se dar\u00e1n para lograr que los servicios comiencen a brindarse.<\/li>\n\n\n\n<li>Qui\u00e9n es responsable de cada paso.<\/li>\n\n\n\n<li>Los plazos para completar cada paso.<\/li>\n\n\n\n<li>Qu\u00e9 servicios se brindar\u00e1n, mientras tanto.<\/li>\n<\/ul>\n\n\n\n<h3 class=\"wp-block-heading\"><strong>\u00bfRecibir\u00e9 una copia del IPP despu\u00e9s de la reuni\u00f3n?<\/strong><\/h3>\n\n\n\n<p>No, pero el centro regional debe darle una lista de los servicios y apoyos acordados, despu\u00e9s de la reuni\u00f3n. La lista puede ser electr\u00f3nica o por escrito. Si se conocen, la lista tambi\u00e9n debe incluir la fecha de inicio, la frecuencia y duraci\u00f3n y el proveedor de los servicios y apoyos.<\/p>\n\n\n\n<h3 class=\"wp-block-heading\"><strong>\u00bfCu\u00e1ndo debo firmar el IPP (o una lista de los acuerdos alcanzados) en la reuni\u00f3n?<\/strong><\/h3>\n\n\n\n<p>El IPP que firme debe enumerar su metas y objetivos, los servicios que le ayudar\u00e1n a alcanzarlas, qui\u00e9n los brindar\u00e1 y cu\u00e1ndo comenzar\u00e1n. Si el centro regional no va a redactar todo el IPP durante la reuni\u00f3n, haga una lista de los acuerdos alcanzados, para que todos puedan firmarla. Ll\u00e9vese una copia de la lista firmada. El centro regional podr\u00e1 entonces escribir la lista en el formulario que utiliza para los IPP y envi\u00e1rsela.<\/p>\n\n\n\n<p><strong><em>Importante:<\/em><\/strong>&nbsp;No firme un papel que diga que est\u00e1 de acuerdo con un plan propuesto.<\/p>\n\n\n\n<p>Usted podr\u00eda estar de acuerdo con unas partes del IPP y no estarlo con otras. Solo se pueden implementar las partes del IPP con las que est\u00e1 de acuerdo. Si se le niega un servicio nuevo que quer\u00eda y se escribi\u00f3 un servicio sustituto en su IPP, usted puede estar en desacuerdo o aceptarlo temporalmente. A continuaci\u00f3n, se presentan ejemplos de lo que podr\u00eda escribir, en ese caso:<\/p>\n\n\n\n<p>No estoy de acuerdo con la denegaci\u00f3n de [<em>servicio solicitado<\/em>]. Acepto [<em>servicio sustituto<\/em>] mientras sigo intentando recibir [<em>servicio solicitado<\/em>]. Les pido que me notifiquen la denegaci\u00f3n de [<em>servicio solicitado<\/em>] para poder apelar.<\/p>\n\n\n\n<p>O bien:<\/p>\n\n\n\n<p>No estoy de acuerdo con la denegaci\u00f3n de [<em>servicio solicitado<\/em>]. Acepto [<em>servicio sustituto<\/em>] bajo protesta. Creo que [<em>servicio solicitado<\/em>] cumplir\u00eda mejor con mis necesidades, y me gustar\u00eda realizar otra reuni\u00f3n de IPP dentro de 15&nbsp;d\u00edas para seguir hablando acerca de a\u00f1adir [servicio solicitado] a mi IPP.<\/p>\n\n\n\n<p>Puede esperar a que el centro regional le notifique la denegaci\u00f3n y presentar una apelaci\u00f3n, o bien puede solicitar otra reuni\u00f3n de IPP en un plazo de 15&nbsp;d\u00edas para continuar su conversaci\u00f3n con el centro regional.<\/p>\n\n\n\n<h3 class=\"wp-block-heading\"><strong>\u00bfEl centro regional debe notificarme por escrito cualquier denegaci\u00f3n, reducci\u00f3n o finalizaci\u00f3n de los servicios?<\/strong><\/h3>\n\n\n\n<p>Si el centro regional dice &#8220;no&#8221; a un servicio nuevo que pide, deben enviarle una notificaci\u00f3n de denegaci\u00f3n por escrito dentro de los cinco&nbsp;d\u00edas. Si le dicen que quieren cambiar o finalizar un servicio que ya recibe, el centro regional se lo debe avisar por escrito 30&nbsp;d\u00edas antes de que se produzca el cambio o la interrupci\u00f3n. En la notificaci\u00f3n, deber\u00e1n comunicarle en qu\u00e9 informaci\u00f3n y en qu\u00e9 ley el centro regional basa su decisi\u00f3n, los motivos de dicha decisi\u00f3n y c\u00f3mo puede apelar. Si el centro regional quiere reducir o finalizar cualquiera de los servicios que ya recibe, la notificaci\u00f3n deber\u00e1 comunicarle cu\u00e1ndo ocurrir\u00e1 el cambio.<\/p>\n\n\n\n<h3 class=\"wp-block-heading\"><strong>\u00bfHay algo que pueda hacer para mantener los servicios que tengo mientras apelo la decisi\u00f3n de reducci\u00f3n o finalizaci\u00f3n del centro regional?<\/strong><\/h3>\n\n\n\n<p>Si quiere oponerse a la denegaci\u00f3n y mantener sus servicios actuales, presente su apelaci\u00f3n en un plazo de 10&nbsp;d\u00edas, a partir de la fecha de la notificaci\u00f3n por escrito del centro regional, y podr\u00e1 mantener los servicios actuales durante el proceso de apelaci\u00f3n. Esto se denomina &#8220;asistencia pagada pendiente&#8221;. Si no presenta su apelaci\u00f3n en un plazo de 10&nbsp;d\u00edas, esto no significa que sea demasiado tarde para apelar. Tiene hasta 30&nbsp;d\u00edas para presentar una apelaci\u00f3n. Pero, si presenta la solicitud despu\u00e9s de los 10&nbsp;d\u00edas siguientes a la recepci\u00f3n de la notificaci\u00f3n del centro regional, no podr\u00e1 mantener los servicios actuales durante el proceso de apelaci\u00f3n.<\/p>\n\n\n\n<h3 class=\"wp-block-heading\"><strong>\u00bfQu\u00e9 pasa si el centro regional no me env\u00eda una notificaci\u00f3n?<\/strong><\/h3>\n\n\n\n<p>Puede apelar incluso si no recibe ninguna notificaci\u00f3n. Pida una notificaci\u00f3n, ya que le brinda informaci\u00f3n importante sobre los motivos por los que el centro regional ha decidido denegar, reducir o finalizar sus servicios y la ley en la que se basa para hacerlo. Esto es muy importante y necesario para la apelaci\u00f3n, as\u00ed que trate de obtenerlo antes de pasar por el proceso de apelaci\u00f3n. Si no recibe ninguna notificaci\u00f3n, comun\u00edquese con su coordinador de servicios. Si sigue sin obtenerla, puede presentar un reclamo administrativo (llamado reclamo de la secci\u00f3n 4731) para obligar al centro regional a notificarle adecuadamente su decisi\u00f3n.&nbsp;<\/p>\n","protected":false},"excerpt":{"rendered":"<p>Las decisiones sobre qu\u00e9 servicios necesita y quiere, qui\u00e9n se los brindar\u00e1 y cu\u00e1ndo lo har\u00e1 se toman durante la reuni\u00f3n de su Plan de&hellip;<\/p>\n","protected":false},"author":1,"featured_media":0,"parent":1638,"menu_order":9,"comment_status":"closed","ping_status":"closed","template":"","meta":{"footnotes":""},"class_list":["post-1631","page","type-page","status-publish","hentry"],"_links":{"self":[{"href":"https:\/\/rula.disabilityrightsca.org\/es\/wp-json\/wp\/v2\/pages\/1631","targetHints":{"allow":["GET"]}}],"collection":[{"href":"https:\/\/rula.disabilityrightsca.org\/es\/wp-json\/wp\/v2\/pages"}],"about":[{"href":"https:\/\/rula.disabilityrightsca.org\/es\/wp-json\/wp\/v2\/types\/page"}],"author":[{"embeddable":true,"href":"https:\/\/rula.disabilityrightsca.org\/es\/wp-json\/wp\/v2\/users\/1"}],"replies":[{"embeddable":true,"href":"https:\/\/rula.disabilityrightsca.org\/es\/wp-json\/wp\/v2\/comments?post=1631"}],"version-history":[{"count":10,"href":"https:\/\/rula.disabilityrightsca.org\/es\/wp-json\/wp\/v2\/pages\/1631\/revisions"}],"predecessor-version":[{"id":3969,"href":"https:\/\/rula.disabilityrightsca.org\/es\/wp-json\/wp\/v2\/pages\/1631\/revisions\/3969"}],"up":[{"embeddable":true,"href":"https:\/\/rula.disabilityrightsca.org\/es\/wp-json\/wp\/v2\/pages\/1638"}],"wp:attachment":[{"href":"https:\/\/rula.disabilityrightsca.org\/es\/wp-json\/wp\/v2\/media?parent=1631"}],"curies":[{"name":"wp","href":"https:\/\/api.w.org\/{rel}","templated":true}]}}