{"id":1589,"date":"2021-07-01T22:14:37","date_gmt":"2021-07-01T22:14:37","guid":{"rendered":"http:\/\/www.rula.disabilityrightsca.org\/es\/?page_id=1589"},"modified":"2023-12-05T20:35:38","modified_gmt":"2023-12-05T20:35:38","slug":"9-37-que-pasa-si-tengo-entre-18-y-22-anos-pero-ya-no-voy-a-la-escuela","status":"publish","type":"page","link":"https:\/\/rula.disabilityrightsca.org\/es\/rula-book\/capitulo-9-participacion-comunitaria-trabajo-actividades-diurnas-y-de-ocio\/9-37-que-pasa-si-tengo-entre-18-y-22-anos-pero-ya-no-voy-a-la-escuela\/","title":{"rendered":"(9.37) \u00bfQu\u00e9 pasa si tengo entre 18 y 22 a\u00f1os, pero ya no voy a la escuela?"},"content":{"rendered":"\n<p>Si usted tiene entre 18 y 22 a\u00f1os y no asiste a la escuela, llame a una reuni\u00f3n de IPP para analizar qu\u00e9 servicios necesita. Es posible que desee servicios para adultos del centro regional, como un programa diurno, capacitaci\u00f3n vocacional o capacitaci\u00f3n en habilidades para la vida independiente. Si el equipo de IPP decide que la escuela puede brindar estos servicios, el centro regional primero debe intentar obtenerlos de la escuela. El equipo de IPP tambi\u00e9n debe analizar si cumple con una exenci\u00f3n por trabajo competitivo, pasant\u00eda remunerada o circunstancias extraordinarias.<\/p>\n\n\n\n<p>Supongamos que obtuvo un diploma de escuela secundaria a los 20 a\u00f1os. Esto significa que no puede obtener m\u00e1s servicios de educaci\u00f3n especial, incluidos los servicios de transici\u00f3n, de su escuela.<span class=\"footnote_referrer\"><a role=\"button\" tabindex=\"0\" onclick=\"footnote_moveToReference_1589_1('footnote_plugin_reference_1589_1_1');\" onkeypress=\"footnote_moveToReference_1589_1('footnote_plugin_reference_1589_1_1');\" ><sup id=\"footnote_plugin_tooltip_1589_1_1\" class=\"footnote_plugin_tooltip_text\">[1]<\/sup><\/a><span id=\"footnote_plugin_tooltip_text_1589_1_1\" class=\"footnote_tooltip\">C\u00f3digo de Educaci\u00f3n de California, secciones 56026(c)(4) y 56026.1<\/span><\/span><script type=\"text\/javascript\"> jQuery('#footnote_plugin_tooltip_1589_1_1').tooltip({ tip: '#footnote_plugin_tooltip_text_1589_1_1', tipClass: 'footnote_tooltip', effect: 'fade', predelay: 0, fadeInSpeed: 200, delay: 400, fadeOutSpeed: 200, position: 'top center', relative: true, offset: [-7, 0], });<\/script> El centro regional, ya no el distrito escolar, es ahora responsable de brindar o financiar los servicios relacionados con la discapacidad que usted necesita.<\/p>\n\n\n\n<p>Si obtiene un certificado de finalizaci\u00f3n, a\u00fan puede recibir educaci\u00f3n especial y servicios de transici\u00f3n de su distrito escolar porque no ha recibido un diploma regular. A\u00fan debe poder obtener servicios (programas diurnos, educaci\u00f3n vocacional, servicios laborales, servicios de vida independiente y capacitaci\u00f3n en movilidad y servicios de transporte relacionados), porque recibi\u00f3 un certificado de finalizaci\u00f3n.<span class=\"footnote_referrer\"><a role=\"button\" tabindex=\"0\" onclick=\"footnote_moveToReference_1589_1('footnote_plugin_reference_1589_1_2');\" onkeypress=\"footnote_moveToReference_1589_1('footnote_plugin_reference_1589_1_2');\" ><sup id=\"footnote_plugin_tooltip_1589_1_2\" class=\"footnote_plugin_tooltip_text\">[2]<\/sup><\/a><span id=\"footnote_plugin_tooltip_text_1589_1_2\" class=\"footnote_tooltip\">C\u00f3digo de Educaci\u00f3n de California secciones 56026(c)(4) y 56026.1, y la Ley Lanterman, secci\u00f3n 4648.55(a)<\/span><\/span><script type=\"text\/javascript\"> jQuery('#footnote_plugin_tooltip_1589_1_2').tooltip({ tip: '#footnote_plugin_tooltip_text_1589_1_2', tipClass: 'footnote_tooltip', effect: 'fade', predelay: 0, fadeInSpeed: 200, delay: 400, fadeOutSpeed: 200, position: 'top center', relative: true, offset: [-7, 0], });<\/script><\/p>\n\n\n\n<p>Si deja la escuela a los 18 a\u00f1os, pero a\u00fan no tiene 22, tiene algunas opciones. Podr\u00eda volver a la escuela para recibir m\u00e1s servicios de transici\u00f3n, siempre y cuando fuera un estudiante de educaci\u00f3n especial matriculado antes de cumplir 19 a\u00f1os)<span class=\"footnote_referrer\"><a role=\"button\" tabindex=\"0\" onclick=\"footnote_moveToReference_1589_1('footnote_plugin_reference_1589_1_3');\" onkeypress=\"footnote_moveToReference_1589_1('footnote_plugin_reference_1589_1_3');\" ><sup id=\"footnote_plugin_tooltip_1589_1_3\" class=\"footnote_plugin_tooltip_text\">[3]<\/sup><\/a><span id=\"footnote_plugin_tooltip_text_1589_1_3\" class=\"footnote_tooltip\">C\u00f3digo de Educaci\u00f3n de California, secci\u00f3n 56026(c)(4)<\/span><\/span><script type=\"text\/javascript\"> jQuery('#footnote_plugin_tooltip_1589_1_3').tooltip({ tip: '#footnote_plugin_tooltip_text_1589_1_3', tipClass: 'footnote_tooltip', effect: 'fade', predelay: 0, fadeInSpeed: 200, delay: 400, fadeOutSpeed: 200, position: 'top center', relative: true, offset: [-7, 0], });<\/script> Puede averiguar si re\u00fane los requisitos para obtener un Certificado de finalizaci\u00f3n de su distrito escolar e intentar obtener uno. Esto deber\u00eda eliminar los obst\u00e1culos para obtener programas diurnos, vocacionales y otros servicios del centro regional.<span class=\"footnote_referrer\"><a role=\"button\" tabindex=\"0\" onclick=\"footnote_moveToReference_1589_1('footnote_plugin_reference_1589_1_4');\" onkeypress=\"footnote_moveToReference_1589_1('footnote_plugin_reference_1589_1_4');\" ><sup id=\"footnote_plugin_tooltip_1589_1_4\" class=\"footnote_plugin_tooltip_text\">[4]<\/sup><\/a><span id=\"footnote_plugin_tooltip_text_1589_1_4\" class=\"footnote_tooltip\">Secci\u00f3n 4648.55(a)<\/span><\/span><script type=\"text\/javascript\"> jQuery('#footnote_plugin_tooltip_1589_1_4').tooltip({ tip: '#footnote_plugin_tooltip_text_1589_1_4', tipClass: 'footnote_tooltip', effect: 'fade', predelay: 0, fadeInSpeed: 200, delay: 400, fadeOutSpeed: 200, position: 'top center', relative: true, offset: [-7, 0], });<\/script> O puede pedirle a su centro regional que le brinde los servicios para adultos que necesita. Disability Rights California ha descubierto que algunos centros regionales prestan servicios a adultos de entre 18 y 22 a\u00f1os que dejaron la escuela sin un diploma o certificado de finalizaci\u00f3n y no quieren regresar. Otros centros regionales pueden insistir en que regrese a su distrito escolar para recibir servicios.<\/p>\n<div class=\"speaker-mute footnotes_reference_container\"> <div class=\"footnote_container_prepare\"><p><span role=\"button\" tabindex=\"0\" class=\"footnote_reference_container_label pointer\" onclick=\"footnote_expand_collapse_reference_container_1589_1();\">&#x202F;<\/span><span role=\"button\" tabindex=\"0\" class=\"footnote_reference_container_collapse_button\" style=\"display: none;\" onclick=\"footnote_expand_collapse_reference_container_1589_1();\">[<a id=\"footnote_reference_container_collapse_button_1589_1\">+<\/a>]<\/span><\/p><\/div> <div id=\"footnote_references_container_1589_1\" style=\"\"><table class=\"footnotes_table footnote-reference-container\"><caption class=\"accessibility\">References<\/caption> <tbody> \r\n\r\n<tr class=\"footnotes_plugin_reference_row\"> <th scope=\"row\" class=\"footnote_plugin_index_combi pointer\"  onclick=\"footnote_moveToAnchor_1589_1('footnote_plugin_tooltip_1589_1_1');\"><a id=\"footnote_plugin_reference_1589_1_1\" class=\"footnote_backlink\"><span class=\"footnote_index_arrow\">&#8593;<\/span>1<\/a><\/th> <td class=\"footnote_plugin_text\">C\u00f3digo de Educaci\u00f3n de California, secciones 56026(c)(4) y 56026.1<\/td><\/tr>\r\n\r\n<tr class=\"footnotes_plugin_reference_row\"> <th scope=\"row\" class=\"footnote_plugin_index_combi pointer\"  onclick=\"footnote_moveToAnchor_1589_1('footnote_plugin_tooltip_1589_1_2');\"><a id=\"footnote_plugin_reference_1589_1_2\" class=\"footnote_backlink\"><span class=\"footnote_index_arrow\">&#8593;<\/span>2<\/a><\/th> <td class=\"footnote_plugin_text\">C\u00f3digo de Educaci\u00f3n de California secciones 56026(c)(4) y 56026.1, y la Ley Lanterman, secci\u00f3n 4648.55(a)<\/td><\/tr>\r\n\r\n<tr class=\"footnotes_plugin_reference_row\"> <th scope=\"row\" class=\"footnote_plugin_index_combi pointer\"  onclick=\"footnote_moveToAnchor_1589_1('footnote_plugin_tooltip_1589_1_3');\"><a id=\"footnote_plugin_reference_1589_1_3\" class=\"footnote_backlink\"><span class=\"footnote_index_arrow\">&#8593;<\/span>3<\/a><\/th> <td class=\"footnote_plugin_text\">C\u00f3digo de Educaci\u00f3n de California, secci\u00f3n 56026(c)(4)<\/td><\/tr>\r\n\r\n<tr class=\"footnotes_plugin_reference_row\"> <th scope=\"row\" class=\"footnote_plugin_index_combi pointer\"  onclick=\"footnote_moveToAnchor_1589_1('footnote_plugin_tooltip_1589_1_4');\"><a id=\"footnote_plugin_reference_1589_1_4\" class=\"footnote_backlink\"><span class=\"footnote_index_arrow\">&#8593;<\/span>4<\/a><\/th> <td class=\"footnote_plugin_text\">Secci\u00f3n 4648.55(a)<\/td><\/tr>\r\n\r\n <\/tbody> <\/table> <\/div><\/div><script type=\"text\/javascript\"> function footnote_expand_reference_container_1589_1() { jQuery('#footnote_references_container_1589_1').show(); jQuery('#footnote_reference_container_collapse_button_1589_1').text('\u2212'); } function footnote_collapse_reference_container_1589_1() { jQuery('#footnote_references_container_1589_1').hide(); jQuery('#footnote_reference_container_collapse_button_1589_1').text('+'); } function footnote_expand_collapse_reference_container_1589_1() { if (jQuery('#footnote_references_container_1589_1').is(':hidden')) { footnote_expand_reference_container_1589_1(); } else { footnote_collapse_reference_container_1589_1(); } } function footnote_moveToReference_1589_1(p_str_TargetID) { footnote_expand_reference_container_1589_1(); var l_obj_Target = jQuery('#' + p_str_TargetID); if (l_obj_Target.length) { jQuery( 'html, body' ).delay( 0 ); jQuery('html, body').animate({ scrollTop: l_obj_Target.offset().top - window.innerHeight * 0.2 }, 380); } } function footnote_moveToAnchor_1589_1(p_str_TargetID) { footnote_expand_reference_container_1589_1(); var l_obj_Target = jQuery('#' + p_str_TargetID); if (l_obj_Target.length) { jQuery( 'html, body' ).delay( 0 ); jQuery('html, body').animate({ scrollTop: l_obj_Target.offset().top - window.innerHeight * 0.2 }, 380); } }<\/script>","protected":false},"excerpt":{"rendered":"<p>Si usted tiene entre 18 y 22 a\u00f1os y no asiste a la escuela, llame a una reuni\u00f3n de IPP para analizar qu\u00e9 servicios necesita.&hellip;<\/p>\n","protected":false},"author":1,"featured_media":0,"parent":1447,"menu_order":37,"comment_status":"closed","ping_status":"closed","template":"","meta":{"footnotes":""},"class_list":["post-1589","page","type-page","status-publish","hentry"],"_links":{"self":[{"href":"https:\/\/rula.disabilityrightsca.org\/es\/wp-json\/wp\/v2\/pages\/1589","targetHints":{"allow":["GET"]}}],"collection":[{"href":"https:\/\/rula.disabilityrightsca.org\/es\/wp-json\/wp\/v2\/pages"}],"about":[{"href":"https:\/\/rula.disabilityrightsca.org\/es\/wp-json\/wp\/v2\/types\/page"}],"author":[{"embeddable":true,"href":"https:\/\/rula.disabilityrightsca.org\/es\/wp-json\/wp\/v2\/users\/1"}],"replies":[{"embeddable":true,"href":"https:\/\/rula.disabilityrightsca.org\/es\/wp-json\/wp\/v2\/comments?post=1589"}],"version-history":[{"count":3,"href":"https:\/\/rula.disabilityrightsca.org\/es\/wp-json\/wp\/v2\/pages\/1589\/revisions"}],"predecessor-version":[{"id":3883,"href":"https:\/\/rula.disabilityrightsca.org\/es\/wp-json\/wp\/v2\/pages\/1589\/revisions\/3883"}],"up":[{"embeddable":true,"href":"https:\/\/rula.disabilityrightsca.org\/es\/wp-json\/wp\/v2\/pages\/1447"}],"wp:attachment":[{"href":"https:\/\/rula.disabilityrightsca.org\/es\/wp-json\/wp\/v2\/media?parent=1589"}],"curies":[{"name":"wp","href":"https:\/\/api.w.org\/{rel}","templated":true}]}}