{"id":1587,"date":"2021-07-01T22:12:19","date_gmt":"2021-07-01T22:12:19","guid":{"rendered":"http:\/\/www.rula.disabilityrightsca.org\/es\/?page_id=1587"},"modified":"2023-12-05T20:34:45","modified_gmt":"2023-12-05T20:34:45","slug":"9-36-pueden-los-centros-regionales-brindar-servicios-para-adultos-antes-de-que-yo-haya-dejado-la-escuela","status":"publish","type":"page","link":"https:\/\/rula.disabilityrightsca.org\/es\/rula-book\/capitulo-9-participacion-comunitaria-trabajo-actividades-diurnas-y-de-ocio\/9-36-pueden-los-centros-regionales-brindar-servicios-para-adultos-antes-de-que-yo-haya-dejado-la-escuela\/","title":{"rendered":"(9.36) \u00bfPueden los centros regionales brindar servicios para adultos antes de que yo haya dejado la escuela?"},"content":{"rendered":"\n<p>Si usted es estudiante de educaci\u00f3n especial, el centro regional esperar\u00e1 que utilice los servicios ofrecidos por su distrito escolar local hasta que tenga 22 a\u00f1os, a menos que haya recibido un diploma o certificado de finalizaci\u00f3n. Los centros regionales no pueden contratar estos servicios si tiene entre 18 y 22 a\u00f1os, est\u00e1 en educaci\u00f3n especial y no ha recibido un diploma o certificado de finalizaci\u00f3n:<\/p>\n\n\n\n<ul class=\"wp-block-list\">\n<li>programas de d\u00eda<\/li>\n\n\n\n<li>educaci\u00f3n vocacional<\/li>\n\n\n\n<li>servicios de trabajo<\/li>\n\n\n\n<li>programas de vida independiente, y<\/li>\n\n\n\n<li>capacitaci\u00f3n en movilidad y servicios de transporte relacionados.<span class=\"footnote_referrer\"><a role=\"button\" tabindex=\"0\" onclick=\"footnote_moveToReference_1587_1('footnote_plugin_reference_1587_1_1');\" onkeypress=\"footnote_moveToReference_1587_1('footnote_plugin_reference_1587_1_1');\" ><sup id=\"footnote_plugin_tooltip_1587_1_1\" class=\"footnote_plugin_tooltip_text\">[1]<\/sup><\/a><span id=\"footnote_plugin_tooltip_text_1587_1_1\" class=\"footnote_tooltip\">Secci\u00f3n 4648.55(a)<\/span><\/span><script type=\"text\/javascript\"> jQuery('#footnote_plugin_tooltip_1587_1_1').tooltip({ tip: '#footnote_plugin_tooltip_text_1587_1_1', tipClass: 'footnote_tooltip', effect: 'fade', predelay: 0, fadeInSpeed: 200, delay: 400, fadeOutSpeed: 200, position: 'top center', relative: true, offset: [-7, 0], });<\/script><\/li>\n<\/ul>\n\n\n\n<p>Sin embargo, el centro regional puede contratar estos servicios si cumple con alguna de las excepciones o exenciones a continuaci\u00f3n. Usted puede obtener estos servicios si:<\/p>\n\n\n\n<ul class=\"wp-block-list\">\n<li>El equipo de IPP determina que el sistema educativo no puede satisfacer sus necesidades;<\/li>\n\n\n\n<li>Su equipo de IPP decide que los recursos gen\u00e9ricos disponibles para usted a trav\u00e9s de su distrito escolar no son apropiados para satisfacer sus necesidades (la excepci\u00f3n de &#8220;circunstancias extraordinarias&#8221;); o<\/li>\n\n\n\n<li>Est\u00e1 en un programa de pasant\u00edas remunerado o est\u00e1 en un trabajo competitivo e integrado que es el resultado de una pasant\u00eda remunerada.<span class=\"footnote_referrer\"><a role=\"button\" tabindex=\"0\" onclick=\"footnote_moveToReference_1587_1('footnote_plugin_reference_1587_1_2');\" onkeypress=\"footnote_moveToReference_1587_1('footnote_plugin_reference_1587_1_2');\" ><sup id=\"footnote_plugin_tooltip_1587_1_2\" class=\"footnote_plugin_tooltip_text\">[2]<\/sup><\/a><span id=\"footnote_plugin_tooltip_text_1587_1_2\" class=\"footnote_tooltip\">Secci\u00f3n 4648.55(a) y (d)<\/span><\/span><script type=\"text\/javascript\"> jQuery('#footnote_plugin_tooltip_1587_1_2').tooltip({ tip: '#footnote_plugin_tooltip_text_1587_1_2', tipClass: 'footnote_tooltip', effect: 'fade', predelay: 0, fadeInSpeed: 200, delay: 400, fadeOutSpeed: 200, position: 'top center', relative: true, offset: [-7, 0], });<\/script><\/li>\n<\/ul>\n\n\n\n<p>Si est\u00e1 en una pasant\u00eda remunerada o en un empleo integrado competitivo, tambi\u00e9n puede continuar recibiendo servicios escolares (si los servicios contin\u00faan satisfaciendo sus necesidades).<span class=\"footnote_referrer\"><a role=\"button\" tabindex=\"0\" onclick=\"footnote_moveToReference_1587_1('footnote_plugin_reference_1587_1_3');\" onkeypress=\"footnote_moveToReference_1587_1('footnote_plugin_reference_1587_1_3');\" ><sup id=\"footnote_plugin_tooltip_1587_1_3\" class=\"footnote_plugin_tooltip_text\">[3]<\/sup><\/a><span id=\"footnote_plugin_tooltip_text_1587_1_3\" class=\"footnote_tooltip\">Secci\u00f3n 4648.55(d)(1)<\/span><\/span><script type=\"text\/javascript\"> jQuery('#footnote_plugin_tooltip_1587_1_3').tooltip({ tip: '#footnote_plugin_tooltip_text_1587_1_3', tipClass: 'footnote_tooltip', effect: 'fade', predelay: 0, fadeInSpeed: 200, delay: 400, fadeOutSpeed: 200, position: 'top center', relative: true, offset: [-7, 0], });<\/script> Los programas de pasant\u00edas pagados proporcionados por los centros regionales deben cumplir con estos criterios:<\/p>\n\n\n\n<ol class=\"wp-block-list\">\n<li>El pago a una persona que participa en una pasant\u00eda remunerada no debe exceder los $10,400 por a\u00f1o.<\/li>\n\n\n\n<li>Las pasant\u00edas remuneradas deben realizarse en un entorno de trabajo competitivo e integrado.<\/li>\n\n\n\n<li>Las pasant\u00edas deben ayudar a la persona a desarrollar habilidades para obtener un empleo remunerado.<\/li>\n\n\n\n<li>Los centros regionales deben aumentar la conciencia sobre la oportunidad que tienen las personas de participar en programas de pasant\u00edas remuneradas a trav\u00e9s de actividades de divulgaci\u00f3n espec\u00edficas y reuniones de IPP.<span class=\"footnote_referrer\"><a role=\"button\" tabindex=\"0\" onclick=\"footnote_moveToReference_1587_1('footnote_plugin_reference_1587_1_4');\" onkeypress=\"footnote_moveToReference_1587_1('footnote_plugin_reference_1587_1_4');\" ><sup id=\"footnote_plugin_tooltip_1587_1_4\" class=\"footnote_plugin_tooltip_text\">[4]<\/sup><\/a><span id=\"footnote_plugin_tooltip_text_1587_1_4\" class=\"footnote_tooltip\">Secci\u00f3n 4870<\/span><\/span><script type=\"text\/javascript\"> jQuery('#footnote_plugin_tooltip_1587_1_4').tooltip({ tip: '#footnote_plugin_tooltip_text_1587_1_4', tipClass: 'footnote_tooltip', effect: 'fade', predelay: 0, fadeInSpeed: 200, delay: 400, fadeOutSpeed: 200, position: 'top center', relative: true, offset: [-7, 0], });<\/script><\/li>\n<\/ol>\n<div class=\"speaker-mute footnotes_reference_container\"> <div class=\"footnote_container_prepare\"><p><span role=\"button\" tabindex=\"0\" class=\"footnote_reference_container_label pointer\" onclick=\"footnote_expand_collapse_reference_container_1587_1();\">&#x202F;<\/span><span role=\"button\" tabindex=\"0\" class=\"footnote_reference_container_collapse_button\" style=\"display: none;\" onclick=\"footnote_expand_collapse_reference_container_1587_1();\">[<a id=\"footnote_reference_container_collapse_button_1587_1\">+<\/a>]<\/span><\/p><\/div> <div id=\"footnote_references_container_1587_1\" style=\"\"><table class=\"footnotes_table footnote-reference-container\"><caption class=\"accessibility\">References<\/caption> <tbody> \r\n\r\n<tr class=\"footnotes_plugin_reference_row\"> <th scope=\"row\" class=\"footnote_plugin_index_combi pointer\"  onclick=\"footnote_moveToAnchor_1587_1('footnote_plugin_tooltip_1587_1_1');\"><a id=\"footnote_plugin_reference_1587_1_1\" class=\"footnote_backlink\"><span class=\"footnote_index_arrow\">&#8593;<\/span>1<\/a><\/th> <td class=\"footnote_plugin_text\">Secci\u00f3n 4648.55(a)<\/td><\/tr>\r\n\r\n<tr class=\"footnotes_plugin_reference_row\"> <th scope=\"row\" class=\"footnote_plugin_index_combi pointer\"  onclick=\"footnote_moveToAnchor_1587_1('footnote_plugin_tooltip_1587_1_2');\"><a id=\"footnote_plugin_reference_1587_1_2\" class=\"footnote_backlink\"><span class=\"footnote_index_arrow\">&#8593;<\/span>2<\/a><\/th> <td class=\"footnote_plugin_text\">Secci\u00f3n 4648.55(a) y (d)<\/td><\/tr>\r\n\r\n<tr class=\"footnotes_plugin_reference_row\"> <th scope=\"row\" class=\"footnote_plugin_index_combi pointer\"  onclick=\"footnote_moveToAnchor_1587_1('footnote_plugin_tooltip_1587_1_3');\"><a id=\"footnote_plugin_reference_1587_1_3\" class=\"footnote_backlink\"><span class=\"footnote_index_arrow\">&#8593;<\/span>3<\/a><\/th> <td class=\"footnote_plugin_text\">Secci\u00f3n 4648.55(d)(1)<\/td><\/tr>\r\n\r\n<tr class=\"footnotes_plugin_reference_row\"> <th scope=\"row\" class=\"footnote_plugin_index_combi pointer\"  onclick=\"footnote_moveToAnchor_1587_1('footnote_plugin_tooltip_1587_1_4');\"><a id=\"footnote_plugin_reference_1587_1_4\" class=\"footnote_backlink\"><span class=\"footnote_index_arrow\">&#8593;<\/span>4<\/a><\/th> <td class=\"footnote_plugin_text\">Secci\u00f3n 4870<\/td><\/tr>\r\n\r\n <\/tbody> <\/table> <\/div><\/div><script type=\"text\/javascript\"> function footnote_expand_reference_container_1587_1() { jQuery('#footnote_references_container_1587_1').show(); jQuery('#footnote_reference_container_collapse_button_1587_1').text('\u2212'); } function footnote_collapse_reference_container_1587_1() { jQuery('#footnote_references_container_1587_1').hide(); jQuery('#footnote_reference_container_collapse_button_1587_1').text('+'); } function footnote_expand_collapse_reference_container_1587_1() { if (jQuery('#footnote_references_container_1587_1').is(':hidden')) { footnote_expand_reference_container_1587_1(); } else { footnote_collapse_reference_container_1587_1(); } } function footnote_moveToReference_1587_1(p_str_TargetID) { footnote_expand_reference_container_1587_1(); var l_obj_Target = jQuery('#' + p_str_TargetID); if (l_obj_Target.length) { jQuery( 'html, body' ).delay( 0 ); jQuery('html, body').animate({ scrollTop: l_obj_Target.offset().top - window.innerHeight * 0.2 }, 380); } } function footnote_moveToAnchor_1587_1(p_str_TargetID) { footnote_expand_reference_container_1587_1(); var l_obj_Target = jQuery('#' + p_str_TargetID); if (l_obj_Target.length) { jQuery( 'html, body' ).delay( 0 ); jQuery('html, body').animate({ scrollTop: l_obj_Target.offset().top - window.innerHeight * 0.2 }, 380); } }<\/script>","protected":false},"excerpt":{"rendered":"<p>Si usted es estudiante de educaci\u00f3n especial, el centro regional esperar\u00e1 que utilice los servicios ofrecidos por su distrito escolar local hasta que tenga 22&hellip;<\/p>\n","protected":false},"author":1,"featured_media":0,"parent":1447,"menu_order":36,"comment_status":"closed","ping_status":"closed","template":"","meta":{"footnotes":""},"class_list":["post-1587","page","type-page","status-publish","hentry"],"_links":{"self":[{"href":"https:\/\/rula.disabilityrightsca.org\/es\/wp-json\/wp\/v2\/pages\/1587","targetHints":{"allow":["GET"]}}],"collection":[{"href":"https:\/\/rula.disabilityrightsca.org\/es\/wp-json\/wp\/v2\/pages"}],"about":[{"href":"https:\/\/rula.disabilityrightsca.org\/es\/wp-json\/wp\/v2\/types\/page"}],"author":[{"embeddable":true,"href":"https:\/\/rula.disabilityrightsca.org\/es\/wp-json\/wp\/v2\/users\/1"}],"replies":[{"embeddable":true,"href":"https:\/\/rula.disabilityrightsca.org\/es\/wp-json\/wp\/v2\/comments?post=1587"}],"version-history":[{"count":3,"href":"https:\/\/rula.disabilityrightsca.org\/es\/wp-json\/wp\/v2\/pages\/1587\/revisions"}],"predecessor-version":[{"id":3882,"href":"https:\/\/rula.disabilityrightsca.org\/es\/wp-json\/wp\/v2\/pages\/1587\/revisions\/3882"}],"up":[{"embeddable":true,"href":"https:\/\/rula.disabilityrightsca.org\/es\/wp-json\/wp\/v2\/pages\/1447"}],"wp:attachment":[{"href":"https:\/\/rula.disabilityrightsca.org\/es\/wp-json\/wp\/v2\/media?parent=1587"}],"curies":[{"name":"wp","href":"https:\/\/api.w.org\/{rel}","templated":true}]}}