{"id":1583,"date":"2021-07-01T22:07:48","date_gmt":"2021-07-01T22:07:48","guid":{"rendered":"http:\/\/www.rula.disabilityrightsca.org\/es\/?page_id=1583"},"modified":"2023-12-05T20:33:07","modified_gmt":"2023-12-05T20:33:07","slug":"9-34-que-restricciones-existen-sobre-los-servicios-de-transporte-desde-los-centros-regionales","status":"publish","type":"page","link":"https:\/\/rula.disabilityrightsca.org\/es\/rula-book\/capitulo-9-participacion-comunitaria-trabajo-actividades-diurnas-y-de-ocio\/9-34-que-restricciones-existen-sobre-los-servicios-de-transporte-desde-los-centros-regionales\/","title":{"rendered":"(9.34) \u00bfQu\u00e9 restricciones existen sobre los servicios de transporte desde los centros regionales?"},"content":{"rendered":"\n<p>Los centros regionales no pueden pagar el transporte privado y especializado para adultos que pueden usar de manera segura el transporte p\u00fablico disponible.<span class=\"footnote_referrer\"><a role=\"button\" tabindex=\"0\" onclick=\"footnote_moveToReference_1583_1('footnote_plugin_reference_1583_1_1');\" onkeypress=\"footnote_moveToReference_1583_1('footnote_plugin_reference_1583_1_1');\" ><sup id=\"footnote_plugin_tooltip_1583_1_1\" class=\"footnote_plugin_tooltip_text\">[1]<\/sup><\/a><span id=\"footnote_plugin_tooltip_text_1583_1_1\" class=\"footnote_tooltip\">Secci\u00f3n 4648.35(a)<\/span><\/span><script type=\"text\/javascript\"> jQuery('#footnote_plugin_tooltip_1583_1_1').tooltip({ tip: '#footnote_plugin_tooltip_text_1583_1_1', tipClass: 'footnote_tooltip', effect: 'fade', predelay: 0, fadeInSpeed: 200, delay: 400, fadeOutSpeed: 200, position: 'top center', relative: true, offset: [-7, 0], });<\/script> Si un centro regional ha estado pagando transporte privado y especializado para que usted vaya y regrese de un programa diurno o del trabajo, debe desarrollar un plan de acceso al transporte si puede usar el transporte p\u00fablico de manera segura y est\u00e1 disponible.<span class=\"footnote_referrer\"><a role=\"button\" tabindex=\"0\" onclick=\"footnote_moveToReference_1583_1('footnote_plugin_reference_1583_1_2');\" onkeypress=\"footnote_moveToReference_1583_1('footnote_plugin_reference_1583_1_2');\" ><sup id=\"footnote_plugin_tooltip_1583_1_2\" class=\"footnote_plugin_tooltip_text\">[2]<\/sup><\/a><span id=\"footnote_plugin_tooltip_text_1583_1_2\" class=\"footnote_tooltip\">Secci\u00f3n 4646.5(a)(7)(A)<\/span><\/span><script type=\"text\/javascript\"> jQuery('#footnote_plugin_tooltip_1583_1_2').tooltip({ tip: '#footnote_plugin_tooltip_text_1583_1_2', tipClass: 'footnote_tooltip', effect: 'fade', predelay: 0, fadeInSpeed: 200, delay: 400, fadeOutSpeed: 200, position: 'top center', relative: true, offset: [-7, 0], });<\/script>. Pero el plan debe incluir los servicios y apoyos que necesita para ayudarlo a usar el transporte p\u00fablico.<span class=\"footnote_referrer\"><a role=\"button\" tabindex=\"0\" onclick=\"footnote_moveToReference_1583_1('footnote_plugin_reference_1583_1_3');\" onkeypress=\"footnote_moveToReference_1583_1('footnote_plugin_reference_1583_1_3');\" ><sup id=\"footnote_plugin_tooltip_1583_1_3\" class=\"footnote_plugin_tooltip_text\">[3]<\/sup><\/a><span id=\"footnote_plugin_tooltip_text_1583_1_3\" class=\"footnote_tooltip\">Secci\u00f3n 4646.5(a)(7)(B)<\/span><\/span><script type=\"text\/javascript\"> jQuery('#footnote_plugin_tooltip_1583_1_3').tooltip({ tip: '#footnote_plugin_tooltip_text_1583_1_3', tipClass: 'footnote_tooltip', effect: 'fade', predelay: 0, fadeInSpeed: 200, delay: 400, fadeOutSpeed: 200, position: 'top center', relative: true, offset: [-7, 0], });<\/script><\/p>\n\n\n\n<p>Ya sea que el centro regional pague el transporte privado o los apoyos que necesita para acceder al transporte p\u00fablico, solo puede pagar el servicio menos costoso que satisfaga sus necesidades.<span class=\"footnote_referrer\"><a role=\"button\" tabindex=\"0\" onclick=\"footnote_moveToReference_1583_1('footnote_plugin_reference_1583_1_4');\" onkeypress=\"footnote_moveToReference_1583_1('footnote_plugin_reference_1583_1_4');\" ><sup id=\"footnote_plugin_tooltip_1583_1_4\" class=\"footnote_plugin_tooltip_text\">[4]<\/sup><\/a><span id=\"footnote_plugin_tooltip_text_1583_1_4\" class=\"footnote_tooltip\">Secciones 4646.5(a)(7)(B) y 4648.35(b) y (c)<\/span><\/span><script type=\"text\/javascript\"> jQuery('#footnote_plugin_tooltip_1583_1_4').tooltip({ tip: '#footnote_plugin_tooltip_text_1583_1_4', tipClass: 'footnote_tooltip', effect: 'fade', predelay: 0, fadeInSpeed: 200, delay: 400, fadeOutSpeed: 200, position: 'top center', relative: true, offset: [-7, 0], });<\/script><\/p>\n\n\n\n<p>Adem\u00e1s, la ley dice que los centros regionales no pueden comprar capacitaci\u00f3n en movilidad y servicios de transporte relacionados, si puede obtener estos servicios por parte de su distrito escolar. Puede obtenerlos de la escuela si tiene entre 18 y 22 a\u00f1os, es elegible para educaci\u00f3n especial y servicios relacionados y a\u00fan no ha recibido un diploma o certificado de finalizaci\u00f3n.<span class=\"footnote_referrer\"><a role=\"button\" tabindex=\"0\" onclick=\"footnote_moveToReference_1583_1('footnote_plugin_reference_1583_1_5');\" onkeypress=\"footnote_moveToReference_1583_1('footnote_plugin_reference_1583_1_5');\" ><sup id=\"footnote_plugin_tooltip_1583_1_5\" class=\"footnote_plugin_tooltip_text\">[5]<\/sup><\/a><span id=\"footnote_plugin_tooltip_text_1583_1_5\" class=\"footnote_tooltip\">Secci\u00f3n 4648.55<\/span><\/span><script type=\"text\/javascript\"> jQuery('#footnote_plugin_tooltip_1583_1_5').tooltip({ tip: '#footnote_plugin_tooltip_text_1583_1_5', tipClass: 'footnote_tooltip', effect: 'fade', predelay: 0, fadeInSpeed: 200, delay: 400, fadeOutSpeed: 200, position: 'top center', relative: true, offset: [-7, 0], });<\/script><\/p>\n<div class=\"speaker-mute footnotes_reference_container\"> <div class=\"footnote_container_prepare\"><p><span role=\"button\" tabindex=\"0\" class=\"footnote_reference_container_label pointer\" onclick=\"footnote_expand_collapse_reference_container_1583_1();\">&#x202F;<\/span><span role=\"button\" tabindex=\"0\" class=\"footnote_reference_container_collapse_button\" style=\"display: none;\" onclick=\"footnote_expand_collapse_reference_container_1583_1();\">[<a id=\"footnote_reference_container_collapse_button_1583_1\">+<\/a>]<\/span><\/p><\/div> <div id=\"footnote_references_container_1583_1\" style=\"\"><table class=\"footnotes_table footnote-reference-container\"><caption class=\"accessibility\">References<\/caption> <tbody> \r\n\r\n<tr class=\"footnotes_plugin_reference_row\"> <th scope=\"row\" class=\"footnote_plugin_index_combi pointer\"  onclick=\"footnote_moveToAnchor_1583_1('footnote_plugin_tooltip_1583_1_1');\"><a id=\"footnote_plugin_reference_1583_1_1\" class=\"footnote_backlink\"><span class=\"footnote_index_arrow\">&#8593;<\/span>1<\/a><\/th> <td class=\"footnote_plugin_text\">Secci\u00f3n 4648.35(a)<\/td><\/tr>\r\n\r\n<tr class=\"footnotes_plugin_reference_row\"> <th scope=\"row\" class=\"footnote_plugin_index_combi pointer\"  onclick=\"footnote_moveToAnchor_1583_1('footnote_plugin_tooltip_1583_1_2');\"><a id=\"footnote_plugin_reference_1583_1_2\" class=\"footnote_backlink\"><span class=\"footnote_index_arrow\">&#8593;<\/span>2<\/a><\/th> <td class=\"footnote_plugin_text\">Secci\u00f3n 4646.5(a)(7)(A)<\/td><\/tr>\r\n\r\n<tr class=\"footnotes_plugin_reference_row\"> <th scope=\"row\" class=\"footnote_plugin_index_combi pointer\"  onclick=\"footnote_moveToAnchor_1583_1('footnote_plugin_tooltip_1583_1_3');\"><a id=\"footnote_plugin_reference_1583_1_3\" class=\"footnote_backlink\"><span class=\"footnote_index_arrow\">&#8593;<\/span>3<\/a><\/th> <td class=\"footnote_plugin_text\">Secci\u00f3n 4646.5(a)(7)(B)<\/td><\/tr>\r\n\r\n<tr class=\"footnotes_plugin_reference_row\"> <th scope=\"row\" class=\"footnote_plugin_index_combi pointer\"  onclick=\"footnote_moveToAnchor_1583_1('footnote_plugin_tooltip_1583_1_4');\"><a id=\"footnote_plugin_reference_1583_1_4\" class=\"footnote_backlink\"><span class=\"footnote_index_arrow\">&#8593;<\/span>4<\/a><\/th> <td class=\"footnote_plugin_text\">Secciones 4646.5(a)(7)(B) y 4648.35(b) y (c)<\/td><\/tr>\r\n\r\n<tr class=\"footnotes_plugin_reference_row\"> <th scope=\"row\" class=\"footnote_plugin_index_combi pointer\"  onclick=\"footnote_moveToAnchor_1583_1('footnote_plugin_tooltip_1583_1_5');\"><a id=\"footnote_plugin_reference_1583_1_5\" class=\"footnote_backlink\"><span class=\"footnote_index_arrow\">&#8593;<\/span>5<\/a><\/th> <td class=\"footnote_plugin_text\">Secci\u00f3n 4648.55<\/td><\/tr>\r\n\r\n <\/tbody> <\/table> <\/div><\/div><script type=\"text\/javascript\"> function footnote_expand_reference_container_1583_1() { jQuery('#footnote_references_container_1583_1').show(); jQuery('#footnote_reference_container_collapse_button_1583_1').text('\u2212'); } function footnote_collapse_reference_container_1583_1() { jQuery('#footnote_references_container_1583_1').hide(); jQuery('#footnote_reference_container_collapse_button_1583_1').text('+'); } function footnote_expand_collapse_reference_container_1583_1() { if (jQuery('#footnote_references_container_1583_1').is(':hidden')) { footnote_expand_reference_container_1583_1(); } else { footnote_collapse_reference_container_1583_1(); } } function footnote_moveToReference_1583_1(p_str_TargetID) { footnote_expand_reference_container_1583_1(); var l_obj_Target = jQuery('#' + p_str_TargetID); if (l_obj_Target.length) { jQuery( 'html, body' ).delay( 0 ); jQuery('html, body').animate({ scrollTop: l_obj_Target.offset().top - window.innerHeight * 0.2 }, 380); } } function footnote_moveToAnchor_1583_1(p_str_TargetID) { footnote_expand_reference_container_1583_1(); var l_obj_Target = jQuery('#' + p_str_TargetID); if (l_obj_Target.length) { jQuery( 'html, body' ).delay( 0 ); jQuery('html, body').animate({ scrollTop: l_obj_Target.offset().top - window.innerHeight * 0.2 }, 380); } }<\/script>","protected":false},"excerpt":{"rendered":"<p>Los centros regionales no pueden pagar el transporte privado y especializado para adultos que pueden usar de manera segura el transporte p\u00fablico disponible.[1]Secci\u00f3n 4648.35(a) Si&hellip;<\/p>\n","protected":false},"author":1,"featured_media":0,"parent":1447,"menu_order":34,"comment_status":"closed","ping_status":"closed","template":"","meta":{"footnotes":""},"class_list":["post-1583","page","type-page","status-publish","hentry"],"_links":{"self":[{"href":"https:\/\/rula.disabilityrightsca.org\/es\/wp-json\/wp\/v2\/pages\/1583","targetHints":{"allow":["GET"]}}],"collection":[{"href":"https:\/\/rula.disabilityrightsca.org\/es\/wp-json\/wp\/v2\/pages"}],"about":[{"href":"https:\/\/rula.disabilityrightsca.org\/es\/wp-json\/wp\/v2\/types\/page"}],"author":[{"embeddable":true,"href":"https:\/\/rula.disabilityrightsca.org\/es\/wp-json\/wp\/v2\/users\/1"}],"replies":[{"embeddable":true,"href":"https:\/\/rula.disabilityrightsca.org\/es\/wp-json\/wp\/v2\/comments?post=1583"}],"version-history":[{"count":3,"href":"https:\/\/rula.disabilityrightsca.org\/es\/wp-json\/wp\/v2\/pages\/1583\/revisions"}],"predecessor-version":[{"id":3880,"href":"https:\/\/rula.disabilityrightsca.org\/es\/wp-json\/wp\/v2\/pages\/1583\/revisions\/3880"}],"up":[{"embeddable":true,"href":"https:\/\/rula.disabilityrightsca.org\/es\/wp-json\/wp\/v2\/pages\/1447"}],"wp:attachment":[{"href":"https:\/\/rula.disabilityrightsca.org\/es\/wp-json\/wp\/v2\/media?parent=1583"}],"curies":[{"name":"wp","href":"https:\/\/api.w.org\/{rel}","templated":true}]}}