{"id":1576,"date":"2021-07-01T22:02:22","date_gmt":"2021-07-01T22:02:22","guid":{"rendered":"http:\/\/www.rula.disabilityrightsca.org\/es\/?page_id=1576"},"modified":"2022-04-22T23:02:52","modified_gmt":"2022-04-22T23:02:52","slug":"9-31-pueden-los-programas-o-actividades-negarse-a-incluirme-debido-a-como-me-afecta-mi-discapacidad","status":"publish","type":"page","link":"https:\/\/rula.disabilityrightsca.org\/es\/rula-book\/capitulo-9-participacion-comunitaria-trabajo-actividades-diurnas-y-de-ocio\/9-31-pueden-los-programas-o-actividades-negarse-a-incluirme-debido-a-como-me-afecta-mi-discapacidad\/","title":{"rendered":"(9.31) \u00bfPueden los programas o actividades negarse a incluirme debido a c\u00f3mo me afecta mi discapacidad?"},"content":{"rendered":"\n<p>Un programa o actividad no puede rechazarlo por ser un riesgo de responsabilidad. El programa debe evaluar para decidir si usted es un riesgo, considerando su capacidad y experiencia. La evaluaci\u00f3n debe ver si las adaptaciones razonables, como cambios en las pol\u00edticas y equipo de adaptaci\u00f3n, reducir\u00edan su riesgo lo suficiente como para que usted participe.<\/p>\n\n\n\n<p>Incluso si su discapacidad afecta su comportamiento, un programa solo puede excluirlo de una actividad si su comportamiento es una amenaza directa para los dem\u00e1s. El comportamiento perturbador o molesto no amenaza a los dem\u00e1s f\u00edsicamente. Usted debe tener una evaluaci\u00f3n antes de que un programa pueda excluirlo por esto. La evaluaci\u00f3n debe considerar si las adaptaciones razonables pueden reducir la amenaza. Las adaptaciones razonables pueden ser cambiar procedimientos o reglas, capacitar al personal, agregar m\u00e1s personal o desarrollar un plan de comportamiento para manejar los problemas de comportamiento. El programa debe brindarle las adaptaciones que necesita, a menos que sea demasiado costoso, demasiado dif\u00edcil o cambie en gran medida la actividad o el programa.<\/p>\n","protected":false},"excerpt":{"rendered":"<p>Un programa o actividad no puede rechazarlo por ser un riesgo de responsabilidad. El programa debe evaluar para decidir si usted es un riesgo, considerando&hellip;<\/p>\n","protected":false},"author":1,"featured_media":0,"parent":1447,"menu_order":31,"comment_status":"closed","ping_status":"closed","template":"","meta":{"footnotes":""},"class_list":["post-1576","page","type-page","status-publish","hentry"],"_links":{"self":[{"href":"https:\/\/rula.disabilityrightsca.org\/es\/wp-json\/wp\/v2\/pages\/1576","targetHints":{"allow":["GET"]}}],"collection":[{"href":"https:\/\/rula.disabilityrightsca.org\/es\/wp-json\/wp\/v2\/pages"}],"about":[{"href":"https:\/\/rula.disabilityrightsca.org\/es\/wp-json\/wp\/v2\/types\/page"}],"author":[{"embeddable":true,"href":"https:\/\/rula.disabilityrightsca.org\/es\/wp-json\/wp\/v2\/users\/1"}],"replies":[{"embeddable":true,"href":"https:\/\/rula.disabilityrightsca.org\/es\/wp-json\/wp\/v2\/comments?post=1576"}],"version-history":[{"count":2,"href":"https:\/\/rula.disabilityrightsca.org\/es\/wp-json\/wp\/v2\/pages\/1576\/revisions"}],"predecessor-version":[{"id":2986,"href":"https:\/\/rula.disabilityrightsca.org\/es\/wp-json\/wp\/v2\/pages\/1576\/revisions\/2986"}],"up":[{"embeddable":true,"href":"https:\/\/rula.disabilityrightsca.org\/es\/wp-json\/wp\/v2\/pages\/1447"}],"wp:attachment":[{"href":"https:\/\/rula.disabilityrightsca.org\/es\/wp-json\/wp\/v2\/media?parent=1576"}],"curies":[{"name":"wp","href":"https:\/\/api.w.org\/{rel}","templated":true}]}}