{"id":1575,"date":"2021-07-01T22:01:23","date_gmt":"2021-07-01T22:01:23","guid":{"rendered":"http:\/\/www.rula.disabilityrightsca.org\/es\/?page_id=1575"},"modified":"2022-04-22T23:02:40","modified_gmt":"2022-04-22T23:02:40","slug":"9-30-se-requieren-adaptaciones-razonables-para-ayudarme-a-disfrutar-de-actividades-recreativas-y-de-ocio","status":"publish","type":"page","link":"https:\/\/rula.disabilityrightsca.org\/es\/rula-book\/capitulo-9-participacion-comunitaria-trabajo-actividades-diurnas-y-de-ocio\/9-30-se-requieren-adaptaciones-razonables-para-ayudarme-a-disfrutar-de-actividades-recreativas-y-de-ocio\/","title":{"rendered":"(9.30) \u00bfSe requieren adaptaciones razonables para ayudarme a disfrutar de actividades recreativas y de ocio?"},"content":{"rendered":"\n<p>Usted puede obtener adaptaciones razonables para actividades recreativas y de ocio. Pero primero debe cumplir con los requisitos de &#8220;elegibilidad esencial&#8221; de la actividad. Esto significa que, con la adaptaci\u00f3n, usted podr\u00eda participar y beneficiarse de la actividad como lo hacen las personas sin discapacidad. Las adaptaciones razonables para actividades recreativas o de esparcimiento incluyen:<\/p>\n\n\n\n<ul class=\"wp-block-list\"><li>Cambios en las pol\u00edticas<\/li><li>Personal extra<\/li><li>Un int\u00e9rprete de lenguaje de se\u00f1as u otras ayudas si es sordo o tiene problemas de audici\u00f3n<\/li><li>Documentos en braille o en letra grande si es ciego o tiene problemas de visi\u00f3n<\/li><li>Equipo adaptado<\/li><\/ul>\n\n\n\n<p>El organizador o patrocinador de la actividad debe proporcionar las adaptaciones que necesita, a menos que sean demasiado caras, demasiado dif\u00edciles o cambien la &#8220;naturaleza fundamental&#8221; de la actividad. El organizador de la actividad <strong>no puede<\/strong> cobrarle dem\u00e1s por su actividad porque usted necesita una adaptaci\u00f3n.<\/p>\n","protected":false},"excerpt":{"rendered":"<p>Usted puede obtener adaptaciones razonables para actividades recreativas y de ocio. Pero primero debe cumplir con los requisitos de &#8220;elegibilidad esencial&#8221; de la actividad. Esto&hellip;<\/p>\n","protected":false},"author":1,"featured_media":0,"parent":1447,"menu_order":30,"comment_status":"closed","ping_status":"closed","template":"","meta":{"footnotes":""},"class_list":["post-1575","page","type-page","status-publish","hentry"],"_links":{"self":[{"href":"https:\/\/rula.disabilityrightsca.org\/es\/wp-json\/wp\/v2\/pages\/1575","targetHints":{"allow":["GET"]}}],"collection":[{"href":"https:\/\/rula.disabilityrightsca.org\/es\/wp-json\/wp\/v2\/pages"}],"about":[{"href":"https:\/\/rula.disabilityrightsca.org\/es\/wp-json\/wp\/v2\/types\/page"}],"author":[{"embeddable":true,"href":"https:\/\/rula.disabilityrightsca.org\/es\/wp-json\/wp\/v2\/users\/1"}],"replies":[{"embeddable":true,"href":"https:\/\/rula.disabilityrightsca.org\/es\/wp-json\/wp\/v2\/comments?post=1575"}],"version-history":[{"count":2,"href":"https:\/\/rula.disabilityrightsca.org\/es\/wp-json\/wp\/v2\/pages\/1575\/revisions"}],"predecessor-version":[{"id":2985,"href":"https:\/\/rula.disabilityrightsca.org\/es\/wp-json\/wp\/v2\/pages\/1575\/revisions\/2985"}],"up":[{"embeddable":true,"href":"https:\/\/rula.disabilityrightsca.org\/es\/wp-json\/wp\/v2\/pages\/1447"}],"wp:attachment":[{"href":"https:\/\/rula.disabilityrightsca.org\/es\/wp-json\/wp\/v2\/media?parent=1575"}],"curies":[{"name":"wp","href":"https:\/\/api.w.org\/{rel}","templated":true}]}}